{"id":1083,"date":"2021-08-12T07:03:06","date_gmt":"2021-08-12T07:03:06","guid":{"rendered":"https:\/\/vibra-polymers.pl\/?post_type=product&#038;p=1083"},"modified":"2023-01-25T15:18:18","modified_gmt":"2023-01-25T15:18:18","slug":"mata-circle-nr-sbr","status":"publish","type":"product","link":"https:\/\/vibra-polymers.pl\/en\/product\/mata-circle-nr-sbr\/","title":{"rendered":"Maty Przerostowa CIRCLE"},"content":{"rendered":"<h2><strong>Szczeg\u00f3\u0142y:<\/strong><\/h2>\n<div>Mata bezpiecze\u0144stwa Premium z doskona\u0142ym drena\u017cem.<br \/>\nPodwy\u017cszony sp\u00f3d z \u0107wiekami, aby zapobiec \u015blizganiu si\u0119 mat na trawiastych lub nier\u00f3wnych powierzchniach<br \/>\nMniejsza konstrukcja z otwartymi otworami zapewnia doskona\u0142e w\u0142a\u015bciwo\u015bci antypo\u015blizgowe, zwi\u0119ksza komfort pod stopami, pozwala na wi\u0119kszy drena\u017c i wspomaga wzrost trawy<br \/>\nWytrzyma\u0142y kauczuk naturalny pomaga zapobiega\u0107 gromadzeniu si\u0119 zm\u0119czenia<br \/>\nRAPRA przetestowany pod k\u0105tem krytycznych wysoko\u015bci upadku do 3,4 metra<br \/>\nIdealnie nadaje si\u0119 na place zabaw lub jako trwa\u0142e pokrycie traw\u0105 na parkingach przelewowych lub terenowych<\/div>\n<div class=\"std\">\n<h2><strong>Informacje dodatkowe:<\/strong><\/h2>\n<table data-tablestyle=\"MsoTableGrid\" data-tablelook=\"1696\" aria-rowcount=\"11\">\n<tbody>\n<tr aria-rowindex=\"1\">\n<td data-celllook=\"0\"><b><span data-contrast=\"none\">Kolor<\/span><\/b><span data-ccp-props=\"{&quot;201341983&quot;:0,&quot;335559740&quot;:259}\">\u00a0<\/span><\/td>\n<td data-celllook=\"0\"><span data-ccp-props=\"{&quot;201341983&quot;:0,&quot;335559740&quot;:259}\">Czarny\u00a0<\/span><\/td>\n<\/tr>\n<tr aria-rowindex=\"2\">\n<td data-celllook=\"0\"><b><span data-contrast=\"none\">Materia\u0142<\/span><\/b><span data-ccp-props=\"{&quot;201341983&quot;:0,&quot;335559740&quot;:259}\">\u00a0<\/span><\/td>\n<td data-celllook=\"0\"><span data-ccp-props=\"{&quot;201341983&quot;:0,&quot;335559740&quot;:259}\">\u00a0NR\/SBR<\/span><\/td>\n<\/tr>\n<tr aria-rowindex=\"3\">\n<td data-celllook=\"0\"><b><span data-contrast=\"none\">Twardo\u015b\u0107 (Shore A)<\/span><\/b><span data-ccp-props=\"{&quot;201341983&quot;:0,&quot;335559740&quot;:259}\">\u00a0<\/span><\/td>\n<td data-celllook=\"0\"><span data-ccp-props=\"{&quot;201341983&quot;:0,&quot;335559740&quot;:259}\">\u00a065<\/span><\/td>\n<\/tr>\n<tr aria-rowindex=\"4\">\n<td data-celllook=\"0\"><b><span data-contrast=\"none\">Temperatura Maksymalna (\u00b0C)<\/span><\/b><span data-ccp-props=\"{&quot;201341983&quot;:0,&quot;335559740&quot;:259}\">\u00a0<\/span><\/td>\n<td data-celllook=\"0\"><span data-ccp-props=\"{&quot;201341983&quot;:0,&quot;335559740&quot;:259}\">\u00a060<\/span><\/td>\n<\/tr>\n<tr aria-rowindex=\"5\">\n<td data-celllook=\"0\"><b><span data-contrast=\"none\">Temperatura Minimalna (\u00b0C)<\/span><\/b><span data-ccp-props=\"{&quot;201341983&quot;:0,&quot;335559740&quot;:259}\">\u00a0<\/span><\/td>\n<td data-celllook=\"0\"><span data-ccp-props=\"{&quot;201341983&quot;:0,&quot;335559740&quot;:259}\">\u00a0-10<\/span><\/td>\n<\/tr>\n<tr aria-rowindex=\"6\">\n<td data-celllook=\"0\"><b><span data-contrast=\"none\">Wytrzyma\u0142o\u015b\u0107 Na Rozci\u0105ganie (MPa)<\/span><\/b><span data-ccp-props=\"{&quot;201341983&quot;:0,&quot;335559740&quot;:259}\">\u00a0<\/span><\/td>\n<td data-celllook=\"0\"><span data-ccp-props=\"{&quot;201341983&quot;:0,&quot;335559740&quot;:259}\">\u00a04.00<\/span><\/td>\n<\/tr>\n<tr aria-rowindex=\"7\">\n<td data-celllook=\"0\"><b><span data-contrast=\"none\">Wyd\u0142u\u017cenie Przy Zerwaniu (%)<\/span><\/b><span data-ccp-props=\"{&quot;201341983&quot;:0,&quot;335559740&quot;:259}\">\u00a0<\/span><\/td>\n<td data-celllook=\"0\"><span data-ccp-props=\"{&quot;201341983&quot;:0,&quot;335559740&quot;:259}\">\u00a0250.00<\/span><\/td>\n<\/tr>\n<tr aria-rowindex=\"8\">\n<td data-celllook=\"0\"><b><span data-contrast=\"none\">\u015acieralno\u015b\u0107 (mm\u00b3) (DIN53516)<\/span><\/b><span data-ccp-props=\"{&quot;201341983&quot;:0,&quot;335559740&quot;:259}\">\u00a0<\/span><\/td>\n<td data-celllook=\"0\"><span data-ccp-props=\"{&quot;201341983&quot;:0,&quot;335559740&quot;:259}\">\u00a0400<\/span><\/td>\n<\/tr>\n<tr aria-rowindex=\"9\">\n<td data-celllook=\"0\"><b><span data-contrast=\"none\">G\u0119sto\u015b\u0107 (g\/cm\u00b3)<\/span><\/b><span data-ccp-props=\"{&quot;201341983&quot;:0,&quot;335559740&quot;:259}\">\u00a0<\/span><\/td>\n<td data-celllook=\"0\"><span data-ccp-props=\"{&quot;201341983&quot;:0,&quot;335559740&quot;:259}\">\u00a0N\/A<\/span><\/td>\n<\/tr>\n<tr aria-rowindex=\"10\">\n<td data-celllook=\"0\"><b><span data-contrast=\"none\">Absorpcja Wody (%)<\/span><\/b><span data-ccp-props=\"{&quot;201341983&quot;:0,&quot;335559740&quot;:259}\">\u00a0<\/span><\/td>\n<td data-celllook=\"0\"><span data-ccp-props=\"{&quot;201341983&quot;:0,&quot;335559740&quot;:259}\">\u00a0N\/A<\/span><\/td>\n<\/tr>\n<tr aria-rowindex=\"11\">\n<td data-celllook=\"0\"><b><span data-contrast=\"none\">Odporno\u015b\u0107 Na Rozerwanie (kN\/m)<\/span><\/b><span data-ccp-props=\"{&quot;201341983&quot;:0,&quot;335559740&quot;:259}\">\u00a0<\/span><\/td>\n<td data-celllook=\"0\"><span data-ccp-props=\"{&quot;201341983&quot;:0,&quot;335559740&quot;:259}\">\u00a0N\/A<\/span><\/td>\n<\/tr>\n<\/tbody>\n<\/table>\n<p><span data-ccp-props=\"{&quot;201341983&quot;:0,&quot;335559739&quot;:160,&quot;335559740&quot;:259}\">\u00a0<\/span><\/p>\n<p><span data-ccp-props=\"{&quot;201341983&quot;:0,&quot;335559739&quot;:160,&quot;335559740&quot;:259}\">\u00a0<\/span><\/p>\n<\/div>","protected":false},"excerpt":{"rendered":"<h4>Kr\u00f3tki opis<\/h4>\n<ul>\n<li>wykonana z kauczuku naturalnego (NR) oraz kauczuku butadienowo- styrenowego (SBR)<\/li>\n<li>posiada w\u0142a\u015bciwo\u015bci antypo\u015blizgowe<\/li>\n<li>bardzo wytrzyma\u0142a<\/li>\n<li>przyk\u0142adowe zastosowania: w zak\u0142adach produkcyjnych, na basenach, maty wej\u015bciowe do dom\u00f3w i biur, wycieraczki, stoki narciarskie, pokrycie obszar\u00f3w trawiastych, boiska, bezpieczne nawierzchnie na placach zabaw<\/li>\n<\/ul>","protected":false},"featured_media":8368,"template":"","meta":{"ocean_post_layout":"","ocean_both_sidebars_style":"","ocean_both_sidebars_content_width":0,"ocean_both_sidebars_sidebars_width":0,"ocean_sidebar":"0","ocean_second_sidebar":"0","ocean_disable_margins":"enable","ocean_add_body_class":"","ocean_shortcode_before_top_bar":"","ocean_shortcode_after_top_bar":"","ocean_shortcode_before_header":"","ocean_shortcode_after_header":"","ocean_has_shortcode":"","ocean_shortcode_after_title":"","ocean_shortcode_before_footer_widgets":"","ocean_shortcode_after_footer_widgets":"","ocean_shortcode_before_footer_bottom":"","ocean_shortcode_after_footer_bottom":"","ocean_display_top_bar":"default","ocean_display_header":"default","ocean_header_style":"","ocean_center_header_left_menu":"0","ocean_custom_header_template":"0","ocean_custom_logo":0,"ocean_custom_retina_logo":0,"ocean_custom_logo_max_width":0,"ocean_custom_logo_tablet_max_width":0,"ocean_custom_logo_mobile_max_width":0,"ocean_custom_logo_max_height":0,"ocean_custom_logo_tablet_max_height":0,"ocean_custom_logo_mobile_max_height":0,"ocean_header_custom_menu":"0","ocean_menu_typo_font_family":"0","ocean_menu_typo_font_subset":"","ocean_menu_typo_font_size":0,"ocean_menu_typo_font_size_tablet":0,"ocean_menu_typo_font_size_mobile":0,"ocean_menu_typo_font_size_unit":"px","ocean_menu_typo_font_weight":"","ocean_menu_typo_font_weight_tablet":"","ocean_menu_typo_font_weight_mobile":"","ocean_menu_typo_transform":"","ocean_menu_typo_transform_tablet":"","ocean_menu_typo_transform_mobile":"","ocean_menu_typo_line_height":0,"ocean_menu_typo_line_height_tablet":0,"ocean_menu_typo_line_height_mobile":0,"ocean_menu_typo_line_height_unit":"","ocean_menu_typo_spacing":0,"ocean_menu_typo_spacing_tablet":0,"ocean_menu_typo_spacing_mobile":0,"ocean_menu_typo_spacing_unit":"","ocean_menu_link_color":"","ocean_menu_link_color_hover":"","ocean_menu_link_color_active":"","ocean_menu_link_background":"","ocean_menu_link_hover_background":"","ocean_menu_link_active_background":"","ocean_menu_social_links_bg":"","ocean_menu_social_hover_links_bg":"","ocean_menu_social_links_color":"","ocean_menu_social_hover_links_color":"","ocean_disable_title":"default","ocean_disable_heading":"default","ocean_post_title":"","ocean_post_subheading":"","ocean_post_title_style":"","ocean_post_title_background_color":"","ocean_post_title_background":0,"ocean_post_title_bg_image_position":"","ocean_post_title_bg_image_attachment":"","ocean_post_title_bg_image_repeat":"","ocean_post_title_bg_image_size":"","ocean_post_title_height":0,"ocean_post_title_bg_overlay":0.5,"ocean_post_title_bg_overlay_color":"","ocean_disable_breadcrumbs":"default","ocean_breadcrumbs_color":"","ocean_breadcrumbs_separator_color":"","ocean_breadcrumbs_links_color":"","ocean_breadcrumbs_links_hover_color":"","ocean_display_footer_widgets":"default","ocean_display_footer_bottom":"default","ocean_custom_footer_template":"0"},"product_brand":[],"product_cat":[202,29],"product_tag":[],"class_list":{"0":"post-1083","1":"product","2":"type-product","3":"status-publish","4":"has-post-thumbnail","6":"product_cat-maty-na-place-zabaw","7":"product_cat-wykladziny-i-maty","8":"pa_kod-produktu-m10121","10":"entry","11":"has-media","13":"first","14":"instock","15":"shipping-taxable","16":"purchasable","17":"product-type-variable","18":"has-default-attributes","19":"has-product-nav","20":"col","21":"span_1_of_3","22":"owp-content-center","23":"owp-thumbs-layout-horizontal","24":"owp-btn-normal","25":"owp-tabs-layout-horizontal"},"jetpack-related-posts":[{"id":6166,"url":"https:\/\/vibra-polymers.pl\/en\/product\/wykladzina-z-szerokim-ryflem\/","url_meta":{"origin":1083,"position":0},"title":"Wyk\u0142adzina z Szerokim Ryflem","author":"admin","date":"24\/02\/2022","format":false,"excerpt":"Kr\u00f3tki Opis:\u00a0 wykonana z wytrzyma\u0142ego kauczuku naturalnego (NR) oraz kauczuku butadienowo- styrenowego (SBR) w\u0142a\u015bciwo\u015bci antypo\u015blizgowe po\u0142\u0105czone z estetycznym wygl\u0105dem idealna do stosowania przy intensywnym u\u017cytkowaniu (zw\u0142aszcza grubsza wersja) szeroki ryfl sprawia ze wyk\u0142adzina jest \u0142atwiejsza do czyszczenia od innych mat poprawia ergonomie pracy \u00a0 Sprzedawane w metrach bie\u017c\u0105cych.","rel":"","context":"Similar post","block_context":{"text":"Similar post","link":""},"img":{"alt_text":"","src":"https:\/\/vibra-polymers.pl\/wp-content\/uploads\/2022\/02\/clipboard_1647523822271_edytowano.png","width":350,"height":200},"classes":[]},{"id":6186,"url":"https:\/\/vibra-polymers.pl\/en\/product\/wykladzina-z-szerokim-ryflem-premium\/","url_meta":{"origin":1083,"position":1},"title":"Wyk\u0142adzina z Szerokim Ryflem &#8211; Premium","author":"admin","date":"24\/02\/2022","format":false,"excerpt":"Kr\u00f3tki Opis:\u00a0 wykonana z wytrzyma\u0142ego kauczuku naturalnego (NR) oraz kauczuku butadienowo- styrenowego (SBR) w\u0142a\u015bciwo\u015bci antypo\u015blizgowe po\u0142\u0105czone z estetycznym wygl\u0105dem idealna do stosowania przy intensywnym u\u017cytkowaniu poprawia ergonomie pracy \u00a0 Sprzedawane w metrach bie\u017c\u0105cych. .","rel":"","context":"Similar post","block_context":{"text":"Similar post","link":""},"img":{"alt_text":"","src":"https:\/\/vibra-polymers.pl\/wp-content\/uploads\/2022\/02\/274152565_653642935721991_6018301551238643867_n_edytowano.jpg","width":350,"height":200},"classes":[]},{"id":756,"url":"https:\/\/vibra-polymers.pl\/en\/product\/mata-vibra-polymers-przerostowa-trawnikowa-nr-sbr\/","url_meta":{"origin":1083,"position":2},"title":"Mata gumowa przerostowa \/ trawnikowa","author":"admin","date":"11\/05\/2021","format":false,"excerpt":"\u00a0 Kr\u00f3tki Opis: wykonana z wytrzyma\u0142ego kauczuku naturalnego (NR) oraz kauczuku butadienowo- styrenowego (SBR) posiada w\u0142a\u015bciwo\u015bci antypo\u015blizgowe bardzo wytrzyma\u0142a przyk\u0142adowe zastosowania: w zak\u0142adach produkcyjnych, na basenach, maty wej\u015bciowe do dom\u00f3w i biur, wycieraczki, stoki narciarskie, pokrycie obszar\u00f3w trawiastych, boiska, bezpieczne nawierzchnie na placach zabaw dost\u0119pne r\u00f3wnie\u017c w wersji odpornej na\u2026","rel":"","context":"Similar post","block_context":{"text":"Similar post","link":""},"img":{"alt_text":"","src":"https:\/\/vibra-polymers.pl\/wp-content\/uploads\/2021\/05\/280742657_701378430907534_3645058894583024665_n-e1655890652720.jpg","width":350,"height":200},"classes":[]},{"id":764,"url":"https:\/\/vibra-polymers.pl\/en\/product\/mata-vibra-polymers-octagon-nr-sbr\/","url_meta":{"origin":1083,"position":3},"title":"Mata Vibra-Polymers OCTAGON- NR\/SBR","author":"admin","date":"11\/05\/2021","format":false,"excerpt":"wykonana z kauczuku naturalnego NR\/SBR posiada w\u0142a\u015bciwo\u015bci antypo\u015blizgowe bardzo wytrzyma\u0142a przyk\u0142adowe zastosowania: w zak\u0142adach produkcyjnych, na basenach, maty wej\u015bciowe do dom\u00f3w i biur, wycieraczki, stoki narciarskie, pokrycie obszar\u00f3w trawiastych, boiska, bezpieczne nawierzchnie na placach zabaw Szczeg\u00f3\u0142y Vibra Pollymers OCTAGON - powszechnie znana jako Plaster miodu ma dobre w\u0142a\u015bciwo\u015bci antypo\u015blizgowe, jest\u2026","rel":"","context":"Similar post","block_context":{"text":"Similar post","link":""},"img":{"alt_text":"","src":"https:\/\/vibra-polymers.pl\/wp-content\/uploads\/2021\/05\/280742657_701378430907534_3645058894583024665_n-e1655890652720.jpg","width":350,"height":200},"classes":[]},{"id":6187,"url":"https:\/\/vibra-polymers.pl\/en\/product\/mata-gumowa-eco-2\/","url_meta":{"origin":1083,"position":4},"title":"Mata Gumowa ECO","author":"admin","date":"24\/02\/2022","format":false,"excerpt":"Kr\u00f3tki Opis:\u00a0 wykonana z wytrzyma\u0142ego kauczuku naturalnego (NR) oraz kauczuku butadienowo- styrenowego (SBR) w\u0142a\u015bciwo\u015bci antypo\u015blizgowe po\u0142\u0105czone z estetycznym wygl\u0105dem idealna do stosowania przy intensywnym u\u017cytkowaniu (zw\u0142aszcza grubsza wersja) szeroki ryfl sprawia ze wyk\u0142adzina jest \u0142atwiejsza do czyszczenia od innych mat poprawia ergonomie pracy \u00a0 Sprzedawane w metrach bie\u017c\u0105cych. .","rel":"","context":"Similar post","block_context":{"text":"Similar post","link":""},"img":{"alt_text":"","src":"https:\/\/vibra-polymers.pl\/wp-content\/uploads\/2022\/02\/Mata-Gumowa-ECO.jpg","width":350,"height":200},"classes":[]},{"id":6177,"url":"https:\/\/vibra-polymers.pl\/en\/product\/mata-gumowa-ryflowana-premium\/","url_meta":{"origin":1083,"position":5},"title":"Mata Gumowa Ryflowana- Premium","author":"admin","date":"24\/02\/2022","format":false,"excerpt":"Kr\u00f3tki Opis:\u00a0 wykonana z kauczuku naturalnego (NR) oraz kauczuku butadienowo- styrenowego (SBR) wysoka przyczepno\u015b\u0107 antypo\u015blizgowa faktura bardzo wytrzyma\u0142a dost\u0119pna w szerokich rolkach jest dost\u0119pna w odcinkach o d\u0142ugo\u015bci do najbli\u017cszego metra. \u00a0 Sprzedawane w metrach bie\u017c\u0105cych.","rel":"","context":"Similar post","block_context":{"text":"Similar post","link":""},"img":{"alt_text":"","src":"https:\/\/vibra-polymers.pl\/wp-content\/uploads\/2022\/02\/Wykladzina-z-Szerokim-Ryflem-Premium-2_edytowano-1.jpg","width":350,"height":200,"srcset":"https:\/\/vibra-polymers.pl\/wp-content\/uploads\/2022\/02\/Wykladzina-z-Szerokim-Ryflem-Premium-2_edytowano-1.jpg 1x, https:\/\/vibra-polymers.pl\/wp-content\/uploads\/2022\/02\/Wykladzina-z-Szerokim-Ryflem-Premium-2_edytowano-1.jpg 1.5x, https:\/\/vibra-polymers.pl\/wp-content\/uploads\/2022\/02\/Wykladzina-z-Szerokim-Ryflem-Premium-2_edytowano-1.jpg 2x"},"classes":[]}],"jetpack_sharing_enabled":true,"_links":{"self":[{"href":"https:\/\/vibra-polymers.pl\/en\/wp-json\/wp\/v2\/product\/1083","targetHints":{"allow":["GET"]}}],"collection":[{"href":"https:\/\/vibra-polymers.pl\/en\/wp-json\/wp\/v2\/product"}],"about":[{"href":"https:\/\/vibra-polymers.pl\/en\/wp-json\/wp\/v2\/types\/product"}],"version-history":[{"count":2,"href":"https:\/\/vibra-polymers.pl\/en\/wp-json\/wp\/v2\/product\/1083\/revisions"}],"predecessor-version":[{"id":8655,"href":"https:\/\/vibra-polymers.pl\/en\/wp-json\/wp\/v2\/product\/1083\/revisions\/8655"}],"wp:featuredmedia":[{"embeddable":true,"href":"https:\/\/vibra-polymers.pl\/en\/wp-json\/wp\/v2\/media\/8368"}],"wp:attachment":[{"href":"https:\/\/vibra-polymers.pl\/en\/wp-json\/wp\/v2\/media?parent=1083"}],"wp:term":[{"taxonomy":"product_brand","embeddable":true,"href":"https:\/\/vibra-polymers.pl\/en\/wp-json\/wp\/v2\/product_brand?post=1083"},{"taxonomy":"product_cat","embeddable":true,"href":"https:\/\/vibra-polymers.pl\/en\/wp-json\/wp\/v2\/product_cat?post=1083"},{"taxonomy":"product_tag","embeddable":true,"href":"https:\/\/vibra-polymers.pl\/en\/wp-json\/wp\/v2\/product_tag?post=1083"}],"curies":[{"name":"wp","href":"https:\/\/api.w.org\/{rel}","templated":true}]}}