{"id":3649,"date":"2021-10-19T14:32:17","date_gmt":"2021-10-19T14:32:17","guid":{"rendered":"https:\/\/vibra-polymers.pl\/?post_type=product&#038;p=3649"},"modified":"2022-05-24T13:55:59","modified_gmt":"2022-05-24T13:55:59","slug":"wibroizolatory-profilowane-typu-fb-sruba-gwint-wewnetrzny","status":"publish","type":"product","link":"https:\/\/vibra-polymers.pl\/en\/product\/wibroizolatory-profilowane-typu-fb-sruba-gwint-wewnetrzny\/","title":{"rendered":"Wibroizolatory Profilowane Typu FB (\u015aruba\/ Gwint Wewn\u0119trzny)"},"content":{"rendered":"<h5><\/h5>\n<p><img fetchpriority=\"high\" decoding=\"async\" class=\"aligncenter\" src=\"https:\/\/www.propolimer.pl\/files\/1131774438\/lib\/Wibroizolator_profilowany_PB.png\" alt=\"Wibroizolator Profilowany PAB\" width=\"329\" height=\"245\" \/><\/p>\n<h4>Szczeg\u00f3\u0142y:<\/h4>\n<p>Wibroizolatory tego typu idealnie sprawdzaj\u0105 si\u0119 w\u00a0miejscach\u00a0gdzie\u00a0wyst\u0119puj\u0105 du\u017ce si\u0142y dynamiczne, szczeg\u00f3lnie si\u0142y \u015bcinaj\u0105ce, ale r\u00f3wnie\u017c w\u00a0po\u0142\u0105czeniu z\u00a0si\u0142ami \u015bciskaj\u0105cymi.<\/p>\n<p>Unikalny kszta\u0142t\u00a0pozwala na zwi\u0119kszenie trwa\u0142o\u015bci zm\u0119czeniowej amortyzatora.<\/p>\n<p>\u200b<\/p>\n<h4>Dost\u0119pne r\u00f3wnie\u017c w wersji:<\/h4>\n<ul>\n<li>Materia\u0142<strong>:\u00a0<\/strong>CR, NBR, EPDM, VMQ<\/li>\n<li>Stal:\u00a0A2, A4<\/li>\n<li>Twardo\u015b\u0107 ShA<strong>:\u00a0<\/strong>35, 40, 45, 50,\u00a055, 60, 65, 70, 75, 80, 85, 90<\/li>\n<li>Spe\u0142niaj\u0105ce\u00a0wymagania\u00a0Normy\u00a0dotycz\u0105cej\u00a0ochrony przeciwpo\u017carowej:\u00a0EN45545-2<\/li>\n<\/ul>\n<p>&nbsp;<\/p>\n<h4>Zastosowanie:<\/h4>\n<ul>\n<li>Zag\u0119szczarki<\/li>\n<li>Klimatyzatory<\/li>\n<li>Urz\u0105dzenia sortuj\u0105ce<\/li>\n<li>Silniki spalinowe<\/li>\n<li>Urz\u0105dzenia przemys\u0142owe itp.<\/li>\n<\/ul>\n<p>&nbsp;<\/p>\n<p>&nbsp;<\/p>\n<table data-tablestyle=\"MsoTableGrid\" data-tablelook=\"1696\" aria-rowcount=\"11\">\n<tbody>\n<tr aria-rowindex=\"1\">\n<td data-celllook=\"0\"><b><span data-contrast=\"none\">Kolor<\/span><\/b><\/td>\n<td data-celllook=\"0\"><span data-ccp-props=\"{&quot;201341983&quot;:0,&quot;335559740&quot;:259}\">Czarny<\/span><\/td>\n<\/tr>\n<tr aria-rowindex=\"2\">\n<td data-celllook=\"0\"><b><span data-contrast=\"none\">Materia\u0142<\/span><\/b><\/td>\n<td data-celllook=\"0\"><span data-ccp-props=\"{&quot;201341983&quot;:0,&quot;335559740&quot;:259}\">\u00a0Kauczuk Naturalny NR<\/span><\/td>\n<\/tr>\n<tr aria-rowindex=\"3\">\n<td data-celllook=\"0\"><b><span data-contrast=\"none\">Twardo\u015b\u0107 (Shore A)<\/span><\/b><\/td>\n<td data-celllook=\"0\"><span data-ccp-props=\"{&quot;201341983&quot;:0,&quot;335559740&quot;:259}\">\u00a045 \/ 60<\/span><\/td>\n<\/tr>\n<tr aria-rowindex=\"4\">\n<td data-celllook=\"0\"><b><span data-contrast=\"none\">Temperatura Maksymalna (\u00b0C)<\/span><\/b><\/td>\n<td data-celllook=\"0\"><span data-ccp-props=\"{&quot;201341983&quot;:0,&quot;335559740&quot;:259}\">\u00a080<\/span><\/td>\n<\/tr>\n<tr aria-rowindex=\"5\">\n<td data-celllook=\"0\"><b><span data-contrast=\"none\">Temperatura Minimalna (\u00b0C)<\/span><\/b><\/td>\n<td data-celllook=\"0\"><span data-ccp-props=\"{&quot;201341983&quot;:0,&quot;335559740&quot;:259}\">\u00a0-40<\/span><\/td>\n<\/tr>\n<tr aria-rowindex=\"6\">\n<td data-celllook=\"0\"><b><span data-contrast=\"none\">Wytrzyma\u0142o\u015b\u0107 Na Rozci\u0105ganie (MPa)<\/span><\/b><\/td>\n<td data-celllook=\"0\"><span data-ccp-props=\"{&quot;201341983&quot;:0,&quot;335559740&quot;:259}\">\u00a0N\/A<\/span><\/td>\n<\/tr>\n<tr aria-rowindex=\"7\">\n<td data-celllook=\"0\"><b><span data-contrast=\"none\">Wyd\u0142u\u017cenie Przy Zerwaniu (%)<\/span><\/b><\/td>\n<td data-celllook=\"0\"><span data-ccp-props=\"{&quot;201341983&quot;:0,&quot;335559740&quot;:259}\">\u00a0N\/A<\/span><\/td>\n<\/tr>\n<tr aria-rowindex=\"8\">\n<td data-celllook=\"0\"><b><span data-contrast=\"none\">\u015acieralno\u015b\u0107 (mm\u00b3) (DIN53516)<\/span><\/b><\/td>\n<td data-celllook=\"0\"><span data-ccp-props=\"{&quot;201341983&quot;:0,&quot;335559740&quot;:259}\">\u00a0N\/A<\/span><\/td>\n<\/tr>\n<tr aria-rowindex=\"9\">\n<td data-celllook=\"0\"><b><span data-contrast=\"none\">G\u0119sto\u015b\u0107 (g\/cm\u00b3)<\/span><\/b><\/td>\n<td data-celllook=\"0\"><span data-ccp-props=\"{&quot;201341983&quot;:0,&quot;335559740&quot;:259}\">\u00a0N\/A<\/span><\/td>\n<\/tr>\n<tr aria-rowindex=\"10\">\n<td data-celllook=\"0\"><b><span data-contrast=\"none\">Absorpcja Wody (%)<\/span><\/b><\/td>\n<td data-celllook=\"0\"><span data-ccp-props=\"{&quot;201341983&quot;:0,&quot;335559740&quot;:259}\">\u00a0N\/A<\/span><\/td>\n<\/tr>\n<tr aria-rowindex=\"11\">\n<td data-celllook=\"0\"><b><span data-contrast=\"none\">Odporno\u015b\u0107 Na Rozerwanie (kN\/m)<\/span><\/b><\/td>\n<td data-celllook=\"0\"><span data-ccp-props=\"{&quot;201341983&quot;:0,&quot;335559740&quot;:259}\">\u00a0N\/A<\/span><\/td>\n<\/tr>\n<\/tbody>\n<\/table>\n<p>&nbsp;<\/p>","protected":false},"excerpt":{"rendered":"<p>&nbsp;<\/p>\n<h4>Kr\u00f3tki opis:<\/h4>\n<p>Wibroizolatory Typu FB pozwalaj\u0105 uzyska\u0107 maksymaln\u0105 izolacj\u0119 drga\u0144 od urz\u0105dze\u0144 emituj\u0105cych wibracje.<\/p>","protected":false},"featured_media":3650,"template":"","meta":{"ocean_post_layout":"","ocean_both_sidebars_style":"","ocean_both_sidebars_content_width":0,"ocean_both_sidebars_sidebars_width":0,"ocean_sidebar":"0","ocean_second_sidebar":"0","ocean_disable_margins":"enable","ocean_add_body_class":"","ocean_shortcode_before_top_bar":"","ocean_shortcode_after_top_bar":"","ocean_shortcode_before_header":"","ocean_shortcode_after_header":"","ocean_has_shortcode":"","ocean_shortcode_after_title":"","ocean_shortcode_before_footer_widgets":"","ocean_shortcode_after_footer_widgets":"","ocean_shortcode_before_footer_bottom":"","ocean_shortcode_after_footer_bottom":"","ocean_display_top_bar":"default","ocean_display_header":"default","ocean_header_style":"","ocean_center_header_left_menu":"0","ocean_custom_header_template":"0","ocean_custom_logo":0,"ocean_custom_retina_logo":0,"ocean_custom_logo_max_width":0,"ocean_custom_logo_tablet_max_width":0,"ocean_custom_logo_mobile_max_width":0,"ocean_custom_logo_max_height":0,"ocean_custom_logo_tablet_max_height":0,"ocean_custom_logo_mobile_max_height":0,"ocean_header_custom_menu":"0","ocean_menu_typo_font_family":"0","ocean_menu_typo_font_subset":"","ocean_menu_typo_font_size":0,"ocean_menu_typo_font_size_tablet":0,"ocean_menu_typo_font_size_mobile":0,"ocean_menu_typo_font_size_unit":"px","ocean_menu_typo_font_weight":"","ocean_menu_typo_font_weight_tablet":"","ocean_menu_typo_font_weight_mobile":"","ocean_menu_typo_transform":"","ocean_menu_typo_transform_tablet":"","ocean_menu_typo_transform_mobile":"","ocean_menu_typo_line_height":0,"ocean_menu_typo_line_height_tablet":0,"ocean_menu_typo_line_height_mobile":0,"ocean_menu_typo_line_height_unit":"","ocean_menu_typo_spacing":0,"ocean_menu_typo_spacing_tablet":0,"ocean_menu_typo_spacing_mobile":0,"ocean_menu_typo_spacing_unit":"","ocean_menu_link_color":"","ocean_menu_link_color_hover":"","ocean_menu_link_color_active":"","ocean_menu_link_background":"","ocean_menu_link_hover_background":"","ocean_menu_link_active_background":"","ocean_menu_social_links_bg":"","ocean_menu_social_hover_links_bg":"","ocean_menu_social_links_color":"","ocean_menu_social_hover_links_color":"","ocean_disable_title":"default","ocean_disable_heading":"default","ocean_post_title":"","ocean_post_subheading":"","ocean_post_title_style":"","ocean_post_title_background_color":"","ocean_post_title_background":0,"ocean_post_title_bg_image_position":"","ocean_post_title_bg_image_attachment":"","ocean_post_title_bg_image_repeat":"","ocean_post_title_bg_image_size":"","ocean_post_title_height":0,"ocean_post_title_bg_overlay":0.5,"ocean_post_title_bg_overlay_color":"","ocean_disable_breadcrumbs":"default","ocean_breadcrumbs_color":"","ocean_breadcrumbs_separator_color":"","ocean_breadcrumbs_links_color":"","ocean_breadcrumbs_links_hover_color":"","ocean_display_footer_widgets":"default","ocean_display_footer_bottom":"default","ocean_custom_footer_template":"0"},"product_brand":[],"product_cat":[100],"product_tag":[],"class_list":{"0":"post-3649","1":"product","2":"type-product","3":"status-publish","4":"has-post-thumbnail","6":"product_cat-wibroizolatory-profilowane","7":"pa_kod-produktu-fb1007516x41-95226","8":"pa_kod-produktu-fb1007516x41-95447","9":"pa_kod-produktu-fb20306x18-15102","10":"pa_kod-produktu-fb20306x18-1552","11":"pa_kod-produktu-fb25226x18-2214","12":"pa_kod-produktu-fb25226x18-2227","13":"pa_kod-produktu-fb40288x23-3527","14":"pa_kod-produktu-fb40288x23-3552","15":"pa_kod-produktu-fb40308x23-37","16":"pa_kod-produktu-fb462510x28-40140","17":"pa_kod-produktu-fb462510x28-4071","18":"pa_kod-produktu-fb503010x28-40119","19":"pa_kod-produktu-fb503010x28-4060","20":"pa_kod-produktu-fb754012x37-70141","21":"pa_kod-produktu-fb754012x37-70279","23":"entry","24":"has-media","26":"first","27":"instock","28":"shipping-taxable","29":"purchasable","30":"product-type-variable","31":"has-product-nav","32":"col","33":"span_1_of_3","34":"owp-content-center","35":"owp-thumbs-layout-horizontal","36":"owp-btn-normal","37":"owp-tabs-layout-horizontal","38":"has-no-thumbnails"},"jetpack-related-posts":[{"id":3631,"url":"https:\/\/vibra-polymers.pl\/en\/product\/wibroizolatory-profilowane-typu-fa-sruba-sruba\/","url_meta":{"origin":3649,"position":0},"title":"Wibroizolatory Profilowane Typu FA (\u015aruba\/ \u015aruba)","author":"admin","date":"19\/10\/2021","format":false,"excerpt":"\u00a0 Kr\u00f3tki opis: Wibroizolatory Typu FA pozwalaj\u0105 uzyska\u0107 maksymaln\u0105 izolacj\u0119 drga\u0144 od urz\u0105dze\u0144 emituj\u0105cych wibracje.","rel":"","context":"Similar post","block_context":{"text":"Similar post","link":""},"img":{"alt_text":"Wibroizolator Profilowany PA","src":"https:\/\/www.propolimer.pl\/files\/917363596\/lib\/Wibroizolator_profilowany_PA.png","width":350,"height":200},"classes":[]},{"id":3667,"url":"https:\/\/vibra-polymers.pl\/en\/product\/wibroizolatory-profilowane-typu-fc-gwint-wewnetrzny-gwint-wewnetrzny\/","url_meta":{"origin":3649,"position":1},"title":"Wibroizolatory Profilowane Typu FC (Gwint wewn\u0119trzny \/ Gwint wewn\u0119trzny)","author":"admin","date":"19\/10\/2021","format":false,"excerpt":"\u00a0 Kr\u00f3tki opis: Wibroizolatory Typu FC pozwalaj\u0105 uzyska\u0107 maksymaln\u0105 izolacj\u0119 drga\u0144 od urz\u0105dze\u0144 emituj\u0105cych wibracje.","rel":"","context":"Similar post","block_context":{"text":"Similar post","link":""},"img":{"alt_text":"","src":"https:\/\/vibra-polymers.pl\/wp-content\/uploads\/2021\/10\/beztytulu1-1.jpg","width":350,"height":200},"classes":[]},{"id":3719,"url":"https:\/\/vibra-polymers.pl\/en\/product\/wibroizolatory-walcowe\/","url_meta":{"origin":3649,"position":2},"title":"Wibroizolatory Walcowe","author":"admin","date":"20\/10\/2021","format":false,"excerpt":"Kr\u00f3tki opis: Wibroizolatory Typu WA s\u0105 przeznaczone dla urz\u0105dze\u0144 w kt\u00f3rych Wibroizolatory s\u0105 nara\u017cone na wysokie napr\u0119\u017cenia \u015bcinaj\u0105ce oraz na skr\u0119canie podczas pracy. Wibroizolatory Typu WA mog\u0105 by\u0107 mocowane za pomoc\u0105 naci\u0119\u0107 na cz\u0119\u015bci metalowej, aby uniemo\u017cliwi\u0107 obracanie si\u0119 wibroizolatora w czasie pracy. \u00a0 Skontaktuj si\u0119 z nami po wi\u0119cej\u2026","rel":"","context":"Similar post","block_context":{"text":"Similar post","link":""},"img":{"alt_text":"","src":"","width":0,"height":0},"classes":[]},{"id":8843,"url":"https:\/\/vibra-polymers.pl\/en\/product\/wibroizolatory-okretowe-typu-srs\/","url_meta":{"origin":3649,"position":3},"title":"Wibroizolatory okr\u0119towe typu SRS","author":"admin","date":"27\/02\/2025","format":false,"excerpt":"Szczeg\u00f3\u0142y: Wibroizolatory Typu SRS oryginalnie zosta\u0142y zaprojektowane do monta\u017cu silnik\u00f3w okr\u0119towych bior\u0105c pod uwag\u0119 nap\u00f3r \u015bruby nap\u0119dowej. Teraz s\u0105 szeroko stosowane przy ruchomych i statycznych maszynach do zmniejszania emitowanych wibracji. Cechy: metalowy daszek zapewnia ochron\u0119 elastomeru przed zanieczyszczeniem\u00a0 olejem czy\u00a0 paliwem specjalna wyd\u0142u\u017cona konstrukcja zabezpieczaj\u0105ca przed nag\u0142ym uderzeniem lub wybiciem,\u2026","rel":"","context":"Similar post","block_context":{"text":"Similar post","link":""},"img":{"alt_text":"","src":"https:\/\/vibra-polymers.pl\/wp-content\/uploads\/2025\/02\/SRS01-1024x324.png","width":350,"height":200,"srcset":"https:\/\/vibra-polymers.pl\/wp-content\/uploads\/2025\/02\/SRS01-1024x324.png 1x, https:\/\/vibra-polymers.pl\/wp-content\/uploads\/2025\/02\/SRS01-1024x324.png 1.5x, https:\/\/vibra-polymers.pl\/wp-content\/uploads\/2025\/02\/SRS01-1024x324.png 2x"},"classes":[]},{"id":786,"url":"https:\/\/vibra-polymers.pl\/en\/product\/cylindryczne-typu-e-srednica-6mm\/","url_meta":{"origin":3649,"position":4},"title":"Cylindryczne Typu E \u015arednica 6mm","author":"admin","date":"11\/05\/2021","format":false,"excerpt":"Wibroizolatory Cylindryczne Typu E\u00a0s\u0105 najbardziej\u00a0ekonomicznym sposobem redukcji wibracji oraz\u00a0ha\u0142asu. Mog\u0105 by\u0107 stosowane przy\u00a0obci\u0105\u017ceniach \u015bciskaj\u0105cych, \u015bcinaj\u0105cych lub w\u00a0kombinacji obci\u0105\u017ce\u0144. Amortyzatory te posiadaj\u0105 szerokie spektrum zastosowania w\u00a0r\u00f3\u017cnych bran\u017cach. Przyk\u0142adowe zastosowanie: Silniki wysokopr\u0119\u017cne, Zespo\u0142y pr\u0105dotw\u00f3rcze oraz\u00a0wszelkiego rodzaju Maszyny i\u00a0Urz\u0105dzenia. Amortyzatory Typu E\u00a0mog\u0105 by\u0107 stosowane\u00a0jako Odbojniki lub te\u017c Stopy\u00a0do maszyn.\u00a0Zakres wagowy od 1 kg\u2026","rel":"","context":"Similar post","block_context":{"text":"Similar post","link":""},"img":{"alt_text":"","src":"","width":0,"height":0},"classes":[]},{"id":957,"url":"https:\/\/vibra-polymers.pl\/en\/product\/wibroizolatory-cylindryczne-typu-a\/","url_meta":{"origin":3649,"position":5},"title":"Wibroizolatory Cylindryczne Typu A","author":"admin","date":"10\/08\/2021","format":false,"excerpt":"\u00a0 Kr\u00f3tki opis: Wibroizolatory Cylindryczne\u00a0Typu A\u00a0s\u0105 najbardziej ekonomicznym sposobem redukcji wibracji oraz ha\u0142asu.","rel":"","context":"Similar post","block_context":{"text":"Similar post","link":""},"img":{"alt_text":"","src":"https:\/\/vibra-polymers.pl\/wp-content\/uploads\/2021\/08\/Projekt-bez-nazwy-e1731677822403.jpg","width":350,"height":200,"srcset":"https:\/\/vibra-polymers.pl\/wp-content\/uploads\/2021\/08\/Projekt-bez-nazwy-e1731677822403.jpg 1x, https:\/\/vibra-polymers.pl\/wp-content\/uploads\/2021\/08\/Projekt-bez-nazwy-e1731677822403.jpg 1.5x"},"classes":[]}],"jetpack_sharing_enabled":true,"_links":{"self":[{"href":"https:\/\/vibra-polymers.pl\/en\/wp-json\/wp\/v2\/product\/3649","targetHints":{"allow":["GET"]}}],"collection":[{"href":"https:\/\/vibra-polymers.pl\/en\/wp-json\/wp\/v2\/product"}],"about":[{"href":"https:\/\/vibra-polymers.pl\/en\/wp-json\/wp\/v2\/types\/product"}],"version-history":[{"count":1,"href":"https:\/\/vibra-polymers.pl\/en\/wp-json\/wp\/v2\/product\/3649\/revisions"}],"predecessor-version":[{"id":7158,"href":"https:\/\/vibra-polymers.pl\/en\/wp-json\/wp\/v2\/product\/3649\/revisions\/7158"}],"wp:featuredmedia":[{"embeddable":true,"href":"https:\/\/vibra-polymers.pl\/en\/wp-json\/wp\/v2\/media\/3650"}],"wp:attachment":[{"href":"https:\/\/vibra-polymers.pl\/en\/wp-json\/wp\/v2\/media?parent=3649"}],"wp:term":[{"taxonomy":"product_brand","embeddable":true,"href":"https:\/\/vibra-polymers.pl\/en\/wp-json\/wp\/v2\/product_brand?post=3649"},{"taxonomy":"product_cat","embeddable":true,"href":"https:\/\/vibra-polymers.pl\/en\/wp-json\/wp\/v2\/product_cat?post=3649"},{"taxonomy":"product_tag","embeddable":true,"href":"https:\/\/vibra-polymers.pl\/en\/wp-json\/wp\/v2\/product_tag?post=3649"}],"curies":[{"name":"wp","href":"https:\/\/api.w.org\/{rel}","templated":true}]}}