{"id":3719,"date":"2021-10-20T11:17:17","date_gmt":"2021-10-20T11:17:17","guid":{"rendered":"https:\/\/vibra-polymers.pl\/?post_type=product&#038;p=3719"},"modified":"2022-05-24T14:35:32","modified_gmt":"2022-05-24T14:35:32","slug":"wibroizolatory-walcowe","status":"publish","type":"product","link":"https:\/\/vibra-polymers.pl\/en\/product\/wibroizolatory-walcowe\/","title":{"rendered":"Wibroizolatory Walcowe"},"content":{"rendered":"<h4>Posiadamy w\u00a0ofercie trzy typy Wibroizolator\u00f3w Walcowych<\/h4>\n<p><img decoding=\"async\" class=\"aligncenter\" src=\"https:\/\/www.propolimer.pl\/files\/353095147\/lib\/Wibroizolatory_Walcowe_WA_ProPolimer_Rysunek.png\" alt=\"Wibroizolatory Walcowe Typu WA ProPolimer\" \/><\/p>\n<h4>Szczeg\u00f3\u0142y:<\/h4>\n<p>Wibroizolatory Typu WA s\u0105 przeznaczone dla urz\u0105dze\u0144 w kt\u00f3rych Wibroizolatory s\u0105 nara\u017cone na wysokie napr\u0119\u017cenia \u015bcinaj\u0105ce oraz na skr\u0119canie podczas pracy. Wibroizolatory Typu WA mog\u0105 by\u0107 mocowane za pomoc\u0105 naci\u0119\u0107 na cz\u0119\u015bci metalowej, aby uniemo\u017cliwi\u0107 obracanie si\u0119 wibroizolatora w czasie pracy.<\/p>\n<h4>Zastosowanie:<\/h4>\n<ul>\n<li>Walce<\/li>\n<li>Ci\u0119\u017cki sprz\u0119t budowlany<\/li>\n<li>Urz\u0105dzenia sortuj\u0105ce<\/li>\n<\/ul>\n<ul>\n<li>urz\u0105dzenia w kt\u00f3rych wyst\u0119puj\u0105 wysokie napr\u0119\u017cenia \u015bcinaj\u0105ce.<\/li>\n<\/ul>\n<p>Wibroizolatory Walcowe wykonane s\u0105 z<strong>\u00a0Kauczuku Naturalnego (NR)<\/strong><\/p>\n<p>&nbsp;<\/p>\n<p><strong>Dost\u0119pne r\u00f3wnie\u017c w\u00a0wersji :<\/strong><\/p>\n<ul>\n<li>Materia\u0142<strong>:\u00a0<\/strong>CR, NBR, EPDM, VMQ<\/li>\n<li>Stal:\u00a0A2, A4<\/li>\n<li>Twardo\u015b\u0107 ShA: 45, 50, 60<\/li>\n<li>Spe\u0142niaj\u0105ce\u00a0wymagania\u00a0Normy\u00a0dotycz\u0105cej\u00a0ochrony przeciwpo\u017carowej:\u00a0EN45545-2<\/li>\n<\/ul>\n<p>&nbsp;<\/p>\n<div class=\"product-body\">\n<h4>\u00a0Informacje dodatkowe:<\/h4>\n<table data-tablestyle=\"MsoTableGrid\" data-tablelook=\"1696\" aria-rowcount=\"11\">\n<tbody>\n<tr aria-rowindex=\"1\">\n<td data-celllook=\"0\"><b><span data-contrast=\"none\">Kolor<\/span><\/b><\/td>\n<td data-celllook=\"0\"><span data-ccp-props=\"{&quot;201341983&quot;:0,&quot;335559740&quot;:259}\">Czarny<\/span><\/td>\n<\/tr>\n<tr aria-rowindex=\"2\">\n<td data-celllook=\"0\"><b><span data-contrast=\"none\">Materia\u0142<\/span><\/b><\/td>\n<td data-celllook=\"0\"><span data-ccp-props=\"{&quot;201341983&quot;:0,&quot;335559740&quot;:259}\">\u00a0Kauczuk Neutralny NR<\/span><\/td>\n<\/tr>\n<tr aria-rowindex=\"3\">\n<td data-celllook=\"0\"><b><span data-contrast=\"none\">Twardo\u015b\u0107 (Shore A)<\/span><\/b><\/td>\n<td data-celllook=\"0\"><span data-ccp-props=\"{&quot;201341983&quot;:0,&quot;335559740&quot;:259}\">\u00a045 \/ 60<\/span><\/td>\n<\/tr>\n<tr aria-rowindex=\"4\">\n<td data-celllook=\"0\"><b><span data-contrast=\"none\">Temperatura Maksymalna (\u00b0C)<\/span><\/b><\/td>\n<td data-celllook=\"0\"><span data-ccp-props=\"{&quot;201341983&quot;:0,&quot;335559740&quot;:259}\">\u00a080<\/span><\/td>\n<\/tr>\n<tr aria-rowindex=\"5\">\n<td data-celllook=\"0\"><b><span data-contrast=\"none\">Temperatura Minimalna (\u00b0C)<\/span><\/b><\/td>\n<td data-celllook=\"0\"><span data-ccp-props=\"{&quot;201341983&quot;:0,&quot;335559740&quot;:259}\">\u00a0-40<\/span><\/td>\n<\/tr>\n<tr aria-rowindex=\"6\">\n<td data-celllook=\"0\"><\/td>\n<td data-celllook=\"0\"><\/td>\n<\/tr>\n<tr aria-rowindex=\"7\">\n<td data-celllook=\"0\"><\/td>\n<td data-celllook=\"0\"><\/td>\n<\/tr>\n<tr aria-rowindex=\"8\">\n<td data-celllook=\"0\"><\/td>\n<td data-celllook=\"0\"><\/td>\n<\/tr>\n<tr aria-rowindex=\"9\">\n<td data-celllook=\"0\"><\/td>\n<td data-celllook=\"0\"><\/td>\n<\/tr>\n<tr aria-rowindex=\"10\">\n<td data-celllook=\"0\"><\/td>\n<td data-celllook=\"0\"><\/td>\n<\/tr>\n<tr aria-rowindex=\"11\">\n<td data-celllook=\"0\"><\/td>\n<td data-celllook=\"0\"><\/td>\n<\/tr>\n<\/tbody>\n<\/table>\n<\/div>\n<div class=\"std\">\n<p>&nbsp;<\/p>\n<\/div>","protected":false},"excerpt":{"rendered":"<h4>Kr\u00f3tki opis:<\/h4>\n<p>Wibroizolatory Typu WA s\u0105 przeznaczone dla urz\u0105dze\u0144 w kt\u00f3rych Wibroizolatory s\u0105 nara\u017cone na wysokie napr\u0119\u017cenia \u015bcinaj\u0105ce oraz na skr\u0119canie podczas pracy. Wibroizolatory Typu WA mog\u0105 by\u0107 mocowane za pomoc\u0105 naci\u0119\u0107 na cz\u0119\u015bci metalowej, aby uniemo\u017cliwi\u0107 obracanie si\u0119 wibroizolatora w czasie pracy.<\/p>\n<p>&nbsp;<\/p>\n<p><strong>Skontaktuj si\u0119 z nami po wi\u0119cej szczeg\u00f3\u0142\u00f3w.<\/strong><\/p>","protected":false},"featured_media":0,"template":"","meta":{"ocean_post_layout":"","ocean_both_sidebars_style":"","ocean_both_sidebars_content_width":0,"ocean_both_sidebars_sidebars_width":0,"ocean_sidebar":"0","ocean_second_sidebar":"0","ocean_disable_margins":"enable","ocean_add_body_class":"","ocean_shortcode_before_top_bar":"","ocean_shortcode_after_top_bar":"","ocean_shortcode_before_header":"","ocean_shortcode_after_header":"","ocean_has_shortcode":"","ocean_shortcode_after_title":"","ocean_shortcode_before_footer_widgets":"","ocean_shortcode_after_footer_widgets":"","ocean_shortcode_before_footer_bottom":"","ocean_shortcode_after_footer_bottom":"","ocean_display_top_bar":"default","ocean_display_header":"default","ocean_header_style":"","ocean_center_header_left_menu":"0","ocean_custom_header_template":"0","ocean_custom_logo":0,"ocean_custom_retina_logo":0,"ocean_custom_logo_max_width":0,"ocean_custom_logo_tablet_max_width":0,"ocean_custom_logo_mobile_max_width":0,"ocean_custom_logo_max_height":0,"ocean_custom_logo_tablet_max_height":0,"ocean_custom_logo_mobile_max_height":0,"ocean_header_custom_menu":"0","ocean_menu_typo_font_family":"0","ocean_menu_typo_font_subset":"","ocean_menu_typo_font_size":0,"ocean_menu_typo_font_size_tablet":0,"ocean_menu_typo_font_size_mobile":0,"ocean_menu_typo_font_size_unit":"px","ocean_menu_typo_font_weight":"","ocean_menu_typo_font_weight_tablet":"","ocean_menu_typo_font_weight_mobile":"","ocean_menu_typo_transform":"","ocean_menu_typo_transform_tablet":"","ocean_menu_typo_transform_mobile":"","ocean_menu_typo_line_height":0,"ocean_menu_typo_line_height_tablet":0,"ocean_menu_typo_line_height_mobile":0,"ocean_menu_typo_line_height_unit":"","ocean_menu_typo_spacing":0,"ocean_menu_typo_spacing_tablet":0,"ocean_menu_typo_spacing_mobile":0,"ocean_menu_typo_spacing_unit":"","ocean_menu_link_color":"","ocean_menu_link_color_hover":"","ocean_menu_link_color_active":"","ocean_menu_link_background":"","ocean_menu_link_hover_background":"","ocean_menu_link_active_background":"","ocean_menu_social_links_bg":"","ocean_menu_social_hover_links_bg":"","ocean_menu_social_links_color":"","ocean_menu_social_hover_links_color":"","ocean_disable_title":"default","ocean_disable_heading":"default","ocean_post_title":"","ocean_post_subheading":"","ocean_post_title_style":"","ocean_post_title_background_color":"","ocean_post_title_background":0,"ocean_post_title_bg_image_position":"","ocean_post_title_bg_image_attachment":"","ocean_post_title_bg_image_repeat":"","ocean_post_title_bg_image_size":"","ocean_post_title_height":0,"ocean_post_title_bg_overlay":0.5,"ocean_post_title_bg_overlay_color":"","ocean_disable_breadcrumbs":"default","ocean_breadcrumbs_color":"","ocean_breadcrumbs_separator_color":"","ocean_breadcrumbs_links_color":"","ocean_breadcrumbs_links_hover_color":"","ocean_display_footer_widgets":"default","ocean_display_footer_bottom":"default","ocean_custom_footer_template":"0"},"product_brand":[],"product_cat":[5147],"product_tag":[],"class_list":{"0":"post-3719","1":"product","2":"type-product","3":"status-publish","5":"product_cat-wibroizolatory-walcowe","6":"pa_kod-produktu-wa-a10540m16x41","7":"pa_kod-produktu-wa-a10555m16x41","8":"pa_kod-produktu-wa-b10540m16x41-16","9":"pa_kod-produktu-wa-b10555m16x41-16","10":"pa_kod-produktu-wa-c10540m16-16","11":"pa_kod-produktu-wa-c10555m16-16","13":"entry","15":"first","16":"onbackorder","17":"shipping-taxable","18":"purchasable","19":"product-type-variable","20":"has-product-nav","21":"col","22":"span_1_of_3","23":"owp-content-center","24":"owp-thumbs-layout-horizontal","25":"owp-btn-normal","26":"owp-tabs-layout-horizontal","27":"has-no-thumbnails"},"jetpack-related-posts":[{"id":6222,"url":"https:\/\/vibra-polymers.pl\/en\/product\/wibroizolatory-przyssawkowe-typu-pr-2\/","url_meta":{"origin":3719,"position":0},"title":"Wibroizolatory Cylindryczne wkl\u0119s\u0142e","author":"admin","date":"25\/02\/2022","format":false,"excerpt":"Kr\u00f3tki opis: Przeznaczony dla urz\u0105dze\u0144 kt\u00f3re maj\u0105 tendencj\u0119 do przemieszczania si\u0119 podczas pracy. Posiadamy w ofercie dwa typy Wibroizolator\u00f3w Przyssawkowych: Typ PR-A - \u015aruba \/ Stopa Gumowa Typ PR-B - Gwint Wewn\u0119trzny \/ Stopa Gumowa","rel":"","context":"Similar post","block_context":{"text":"Similar post","link":""},"img":{"alt_text":"","src":"","width":0,"height":0},"classes":[]},{"id":3728,"url":"https:\/\/vibra-polymers.pl\/en\/product\/wibroizolatory-przyssawkowe-typu-pr\/","url_meta":{"origin":3719,"position":1},"title":"Wibroizolatory Przyssawkowe Typu PR","author":"admin","date":"20\/10\/2021","format":false,"excerpt":"Rabat ilo\u015bciowy: 21+ \u2013 5%\u00a0| 50+ \u2013 10%\u00a0 Rabat zostanie naliczony automatycznie w koszyku Kr\u00f3tki opis: Przeznaczony dla urz\u0105dze\u0144 kt\u00f3re maj\u0105 tendencj\u0119 do przemieszczania si\u0119 podczas pracy. Posiadamy w ofercie dwa typy Wibroizolator\u00f3w Przyssawkowych: Typ PR-A - \u015aruba \/ Stopa Gumowa Typ PR-B - Gwint Wewn\u0119trzny \/ Stopa Gumowa","rel":"","context":"Similar post","block_context":{"text":"Similar post","link":""},"img":{"alt_text":"","src":"","width":0,"height":0},"classes":[]},{"id":8870,"url":"https:\/\/vibra-polymers.pl\/en\/product\/wibroizolatory-daszkowe-typu-sro-2\/","url_meta":{"origin":3719,"position":2},"title":"Wibroizolatory Daszkowe Typu- SRO","author":"admin","date":"03\/03\/2025","format":false,"excerpt":"Kr\u00f3tki opis: Wibroizolatory Daszkowe Typu SRO zosta\u0142y stworzone z my\u015bl\u0105 o pionowych obci\u0105\u017ceniach, dzi\u0119ki czemu mog\u0105 by\u0107 stosowane zar\u00f3wno przy \u015bciskaniu, jak i \u015bcinaniu. Te wibroizolatory zapewniaj\u0105 optymaln\u0105 izolacj\u0119 wibracyjn\u0105 dla urz\u0105dze\u0144.","rel":"","context":"Similar post","block_context":{"text":"Similar post","link":""},"img":{"alt_text":"","src":"https:\/\/vibra-polymers.pl\/wp-content\/uploads\/2025\/02\/SRO1-1024x351.png","width":350,"height":200,"srcset":"https:\/\/vibra-polymers.pl\/wp-content\/uploads\/2025\/02\/SRO1-1024x351.png 1x, https:\/\/vibra-polymers.pl\/wp-content\/uploads\/2025\/02\/SRO1-1024x351.png 1.5x, https:\/\/vibra-polymers.pl\/wp-content\/uploads\/2025\/02\/SRO1-1024x351.png 2x"},"classes":[]},{"id":3548,"url":"https:\/\/vibra-polymers.pl\/en\/product\/wibroizolatory-taliowane-typu-tb-sruba-gwint-wewnetrzny\/","url_meta":{"origin":3719,"position":3},"title":"Wibroizolatory Taliowane Typu TB ( \u015aruba \/ Gwint Wewn\u0119trzny )","author":"admin","date":"18\/10\/2021","format":false,"excerpt":"\u00a0 Kr\u00f3tki opis: Wibroizolatory tego typu przeznaczone s\u0105 g\u0142\u00f3wnie dla\u00a0obci\u0105\u017ce\u0144 \u015bcinaj\u0105cych\u00a0ale mog\u0105 by\u0107 tak\u017ce stosowane przy obci\u0105\u017ceniach \u015bciskaj\u0105cych.","rel":"","context":"Similar post","block_context":{"text":"Similar post","link":""},"img":{"alt_text":"Wibroizolator Taliowany TB Rysunek","src":"https:\/\/www.propolimer.pl\/files\/1180792368\/lib\/TB.rys.jpg","width":350,"height":200},"classes":[]},{"id":3960,"url":"https:\/\/vibra-polymers.pl\/en\/product\/wibroizolatory-kuliste\/","url_meta":{"origin":3719,"position":4},"title":"Wibroizolatory Kuliste","author":"admin","date":"25\/10\/2021","format":false,"excerpt":"Opis: Posiadamy w ofercie dwa Typy Wibroizolator\u00f3w Kulistych: Typ K-A (\u015aruba \/ Guma) Typ K-B (Gwint Wewn\u0119trzny \/ Guma)","rel":"","context":"Similar post","block_context":{"text":"Similar post","link":""},"img":{"alt_text":"","src":"","width":0,"height":0},"classes":[]},{"id":3490,"url":"https:\/\/vibra-polymers.pl\/en\/product\/wibroizolatory-taliowane-typu-ta-sruba-sruba\/","url_meta":{"origin":3719,"position":5},"title":"Wibroizolatory Taliowane Typu TA ( \u015aruba\/\u015aruba )","author":"admin","date":"18\/10\/2021","format":false,"excerpt":"\u00a0 Kr\u00f3tki opis: Wibroizolatory tego typu przeznaczone s\u0105 g\u0142\u00f3wnie dla\u00a0obci\u0105\u017ce\u0144 \u015bcinaj\u0105cych\u00a0ale mog\u0105 by\u0107 tak\u017ce stosowane przy obci\u0105\u017ceniach \u015bciskaj\u0105cych.","rel":"","context":"Similar post","block_context":{"text":"Similar post","link":""},"img":{"alt_text":"Wibroizolator TA Rysunek","src":"https:\/\/www.propolimer.pl\/files\/880332733\/lib\/TA.rys.png","width":350,"height":200},"classes":[]}],"jetpack_sharing_enabled":true,"_links":{"self":[{"href":"https:\/\/vibra-polymers.pl\/en\/wp-json\/wp\/v2\/product\/3719","targetHints":{"allow":["GET"]}}],"collection":[{"href":"https:\/\/vibra-polymers.pl\/en\/wp-json\/wp\/v2\/product"}],"about":[{"href":"https:\/\/vibra-polymers.pl\/en\/wp-json\/wp\/v2\/types\/product"}],"version-history":[{"count":1,"href":"https:\/\/vibra-polymers.pl\/en\/wp-json\/wp\/v2\/product\/3719\/revisions"}],"predecessor-version":[{"id":3721,"href":"https:\/\/vibra-polymers.pl\/en\/wp-json\/wp\/v2\/product\/3719\/revisions\/3721"}],"wp:attachment":[{"href":"https:\/\/vibra-polymers.pl\/en\/wp-json\/wp\/v2\/media?parent=3719"}],"wp:term":[{"taxonomy":"product_brand","embeddable":true,"href":"https:\/\/vibra-polymers.pl\/en\/wp-json\/wp\/v2\/product_brand?post=3719"},{"taxonomy":"product_cat","embeddable":true,"href":"https:\/\/vibra-polymers.pl\/en\/wp-json\/wp\/v2\/product_cat?post=3719"},{"taxonomy":"product_tag","embeddable":true,"href":"https:\/\/vibra-polymers.pl\/en\/wp-json\/wp\/v2\/product_tag?post=3719"}],"curies":[{"name":"wp","href":"https:\/\/api.w.org\/{rel}","templated":true}]}}