{"id":3751,"date":"2021-10-21T06:17:00","date_gmt":"2021-10-21T06:17:00","guid":{"rendered":"https:\/\/vibra-polymers.pl\/?post_type=product&#038;p=3751"},"modified":"2025-02-21T13:51:18","modified_gmt":"2025-02-21T13:51:18","slug":"wibroizolatory-paraboliczne-odbojniki-gumowe-typu-dp","status":"publish","type":"product","link":"https:\/\/vibra-polymers.pl\/en\/product\/wibroizolatory-paraboliczne-odbojniki-gumowe-typu-dp\/","title":{"rendered":"Wibroizolatory Paraboliczne (Odbojniki Gumowe) Typu DP"},"content":{"rendered":"<h2>Szczeg\u00f3\u0142y<\/h2>\n<div class=\"std\">\n<p>Paraboliczne Zderzaki przeznaczone s\u0105 do stopniowego wch\u0142aniania energii. S\u0105 bardzo odkszta\u0142calne, co pozwala na absorbowanie du\u017cych obci\u0105\u017ce\u0144 uderzeniowych.<\/p>\n<p><strong>Cechy<\/strong>:<br \/>\n\u2022 \u0142atwy w instalacji<br \/>\n\u2022 wykonane z gumy naturalnej w standardzie, istnieje mo\u017cliwo\u015b\u0107 wykonania z innego rodzaju gumy na zam\u00f3wienie<br \/>\n\u2022 ekonomiczny<\/p>\n<\/div>","protected":false},"excerpt":{"rendered":"<p><strong>\u00a0<\/strong><\/p>\n<p><b>Posiadamy w ofercie dwa typy Wibroizolator\u00f3w Parabolicznych:<\/b><\/p>\n<ul>\n<li>Typ DP-A (Sruba \/ Guma)<\/li>\n<li>Typ DP-B Gwint Wewnetrzny \/ Guma)<\/li>\n<\/ul>\n<h2>Kr\u00f3tki opis<\/h2>\n<p>Paraboliczne Zderzaki przeznaczone s\u0105 do stopniowego wch\u0142aniania energii. S\u0105 bardzo odkszta\u0142calne, co pozwala na absorbowanie du\u017cych obci\u0105\u017ce\u0144 uderzeniowych.<\/p>","protected":false},"featured_media":3924,"template":"","meta":{"ocean_post_layout":"","ocean_both_sidebars_style":"","ocean_both_sidebars_content_width":0,"ocean_both_sidebars_sidebars_width":0,"ocean_sidebar":"0","ocean_second_sidebar":"0","ocean_disable_margins":"on","ocean_add_body_class":"","ocean_shortcode_before_top_bar":"","ocean_shortcode_after_top_bar":"","ocean_shortcode_before_header":"","ocean_shortcode_after_header":"","ocean_has_shortcode":"","ocean_shortcode_after_title":"","ocean_shortcode_before_footer_widgets":"","ocean_shortcode_after_footer_widgets":"","ocean_shortcode_before_footer_bottom":"","ocean_shortcode_after_footer_bottom":"","ocean_display_top_bar":"default","ocean_display_header":"default","ocean_header_style":"","ocean_center_header_left_menu":"0","ocean_custom_header_template":"0","ocean_custom_logo":0,"ocean_custom_retina_logo":0,"ocean_custom_logo_max_width":0,"ocean_custom_logo_tablet_max_width":0,"ocean_custom_logo_mobile_max_width":0,"ocean_custom_logo_max_height":0,"ocean_custom_logo_tablet_max_height":0,"ocean_custom_logo_mobile_max_height":0,"ocean_header_custom_menu":"0","ocean_menu_typo_font_family":"0","ocean_menu_typo_font_subset":"","ocean_menu_typo_font_size":0,"ocean_menu_typo_font_size_tablet":0,"ocean_menu_typo_font_size_mobile":0,"ocean_menu_typo_font_size_unit":"px","ocean_menu_typo_font_weight":"","ocean_menu_typo_font_weight_tablet":"","ocean_menu_typo_font_weight_mobile":"","ocean_menu_typo_transform":"","ocean_menu_typo_transform_tablet":"","ocean_menu_typo_transform_mobile":"","ocean_menu_typo_line_height":0,"ocean_menu_typo_line_height_tablet":0,"ocean_menu_typo_line_height_mobile":0,"ocean_menu_typo_line_height_unit":"","ocean_menu_typo_spacing":0,"ocean_menu_typo_spacing_tablet":0,"ocean_menu_typo_spacing_mobile":0,"ocean_menu_typo_spacing_unit":"","ocean_menu_link_color":"","ocean_menu_link_color_hover":"","ocean_menu_link_color_active":"","ocean_menu_link_background":"","ocean_menu_link_hover_background":"","ocean_menu_link_active_background":"","ocean_menu_social_links_bg":"","ocean_menu_social_hover_links_bg":"","ocean_menu_social_links_color":"","ocean_menu_social_hover_links_color":"","ocean_disable_title":"default","ocean_disable_heading":"default","ocean_post_title":"","ocean_post_subheading":"","ocean_post_title_style":"","ocean_post_title_background_color":"","ocean_post_title_background":0,"ocean_post_title_bg_image_position":"","ocean_post_title_bg_image_attachment":"","ocean_post_title_bg_image_repeat":"","ocean_post_title_bg_image_size":"","ocean_post_title_height":0,"ocean_post_title_bg_overlay":0.5,"ocean_post_title_bg_overlay_color":"","ocean_disable_breadcrumbs":"default","ocean_breadcrumbs_color":"","ocean_breadcrumbs_separator_color":"","ocean_breadcrumbs_links_color":"","ocean_breadcrumbs_links_hover_color":"","ocean_display_footer_widgets":"default","ocean_display_footer_bottom":"default","ocean_custom_footer_template":"0"},"product_brand":[],"product_cat":[16],"product_tag":[],"class_list":{"0":"post-3751","1":"product","2":"type-product","3":"status-publish","4":"has-post-thumbnail","6":"product_cat-wibroizolatory","7":"pa_kod-produktu-dp-a1010m5x12","8":"pa_kod-produktu-dp-a2015m6x18","9":"pa_kod-produktu-dp-a2024m6x18","10":"pa_kod-produktu-dp-a2520m6x18","11":"pa_kod-produktu-dp-a3030m8x20","12":"pa_kod-produktu-dp-a3036m10x25","13":"pa_kod-produktu-dp-a3036m8x20","14":"pa_kod-produktu-dp-a3036m8x23","15":"pa_kod-produktu-dp-a3540m8x23","16":"pa_kod-produktu-dp-a5050m10x28","17":"pa_kod-produktu-dp-a5058m10x28","18":"pa_kod-produktu-dp-a5061m10x28","19":"pa_kod-produktu-dp-a6040m10x28","20":"pa_kod-produktu-dp-a7058m12x37","21":"pa_kod-produktu-dp-a7060m12x37","22":"pa_kod-produktu-dp-a7589m12x37","23":"pa_kod-produktu-dp-a9580m16x41","24":"pa_kod-produktu-dp-b1010m5-5","25":"pa_kod-produktu-dp-b115136m16-16","26":"pa_kod-produktu-dp-b11877m16-16","27":"pa_kod-produktu-dp-b2015m6-6","28":"pa_kod-produktu-dp-b2024m6-6","29":"pa_kod-produktu-dp-b2520m6-6","30":"pa_kod-produktu-dp-b3030m8-8","31":"pa_kod-produktu-dp-b3036m6-6","32":"pa_kod-produktu-dp-b3036m8-8","33":"pa_kod-produktu-dp-b3224m8-8","34":"pa_kod-produktu-dp-b3540m8-8","35":"pa_kod-produktu-dp-b5050m10-10","36":"pa_kod-produktu-dp-b5058m10-10","37":"pa_kod-produktu-dp-b5058m12-12","38":"pa_kod-produktu-dp-b5058m8-8","39":"pa_kod-produktu-dp-b5061m10-10","40":"pa_kod-produktu-dp-b5068m10-10","41":"pa_kod-produktu-dp-b6040m10-10","42":"pa_kod-produktu-dp-b7058m12-12","43":"pa_kod-produktu-dp-b7060m12-12","44":"pa_kod-produktu-dp-b7589m12-12","45":"pa_kod-produktu-dp-b9580m16-16","47":"entry","48":"has-media","50":"first","51":"instock","52":"shipping-taxable","53":"purchasable","54":"product-type-variable","55":"has-product-nav","56":"col","57":"span_1_of_3","58":"owp-content-center","59":"owp-thumbs-layout-horizontal","60":"owp-btn-normal","61":"owp-tabs-layout-horizontal"},"jetpack-related-posts":[{"id":8779,"url":"https:\/\/vibra-polymers.pl\/en\/product\/wibroizolator-paraboliczny-typu-s\/","url_meta":{"origin":3751,"position":0},"title":"Wibroizolator paraboliczny typu KP","author":"admin","date":"24\/02\/2025","format":false,"excerpt":"Paraboliczne gumowe amortyzatory drga\u0144 zosta\u0142y zaprojektowane tak, aby mia\u0142y progresywn\u0105 charakterystyk\u0119 spr\u0119\u017cysto\u015bci, dzi\u0119ki czemu dla wi\u0119kszych ruch\u00f3w maj\u0105 szybszy czas reakcji. Zalety to: \u0142atwy monta\u017c, wysoka wydajno\u015b\u0107, p\u0142ynne t\u0142umienie ko\u0144cowe, przyst\u0119pna cena. Ocynkowane Stal nierdzewna -40 \u2013 +80\u00b0C RoHS","rel":"","context":"Similar post","block_context":{"text":"Similar post","link":""},"img":{"alt_text":"","src":"https:\/\/vibra-polymers.pl\/wp-content\/uploads\/2025\/02\/481663112_517328864423554_3677646878989410979_n.jpg","width":350,"height":200,"srcset":"https:\/\/vibra-polymers.pl\/wp-content\/uploads\/2025\/02\/481663112_517328864423554_3677646878989410979_n.jpg 1x, https:\/\/vibra-polymers.pl\/wp-content\/uploads\/2025\/02\/481663112_517328864423554_3677646878989410979_n.jpg 1.5x"},"classes":[]},{"id":3982,"url":"https:\/\/vibra-polymers.pl\/en\/product\/tuleje-mg\/","url_meta":{"origin":3751,"position":1},"title":"Tuleje MG","author":"admin","date":"25\/10\/2021","format":false,"excerpt":"Kr\u00f3tki opis: Tuleje MG (Metalowo - Gumowe) zbudowane s\u0105 z dw\u00f3ch metalowych tulei z warstw\u0105 gumy wype\u0142niaj\u0105c\u0105 przestrze\u0144 pomi\u0119dzy nimi.","rel":"","context":"Similar post","block_context":{"text":"Similar post","link":""},"img":{"alt_text":"","src":"","width":0,"height":0},"classes":[]},{"id":3960,"url":"https:\/\/vibra-polymers.pl\/en\/product\/wibroizolatory-kuliste\/","url_meta":{"origin":3751,"position":2},"title":"Wibroizolatory Kuliste","author":"admin","date":"25\/10\/2021","format":false,"excerpt":"Opis: Posiadamy w ofercie dwa Typy Wibroizolator\u00f3w Kulistych: Typ K-A (\u015aruba \/ Guma) Typ K-B (Gwint Wewn\u0119trzny \/ Guma)","rel":"","context":"Similar post","block_context":{"text":"Similar post","link":""},"img":{"alt_text":"","src":"","width":0,"height":0},"classes":[]},{"id":3906,"url":"https:\/\/vibra-polymers.pl\/en\/product\/wibroizolatory-paraboliczne-sciete\/","url_meta":{"origin":3751,"position":3},"title":"Wibroizolatory Paraboliczne \u015aci\u0119te","author":"admin","date":"22\/10\/2021","format":false,"excerpt":"Rabat ilo\u015bciowy: 21+ \u2013 5%\u00a0| 50+ \u2013 10%\u00a0 Rabat zostanie naliczony automatycznie w koszyku Kr\u00f3tki opis: Posiadamy w ofercie dwa typy Wibroizolator\u00f3w\u00a0 Parabolicznych \u015aci\u0119tych: Typ PS-A (\u015aruba\/ Guma) Typ PS-B (Gwint Wewn\u0119trzny\/ Guma)","rel":"","context":"Similar post","block_context":{"text":"Similar post","link":""},"img":{"alt_text":"","src":"https:\/\/vibra-polymers.pl\/wp-content\/uploads\/2021\/10\/OIP-21.jpg","width":350,"height":200},"classes":[]},{"id":5813,"url":"https:\/\/vibra-polymers.pl\/en\/product\/odbojniki-gumowe-owalne\/","url_meta":{"origin":3751,"position":4},"title":"Odbojniki Gumowe Owalne","author":"admin","date":"19\/02\/2022","format":false,"excerpt":"Kr\u00f3tki opis Do stosowania w pojazdach ci\u0119\u017carowych, dostawczych, rampach oraz jako stopery do drzwi","rel":"","context":"Similar post","block_context":{"text":"Similar post","link":""},"img":{"alt_text":"","src":"","width":0,"height":0},"classes":[]},{"id":3824,"url":"https:\/\/vibra-polymers.pl\/en\/product\/wibroizolatory-stozkowe-sciete-typu-ss\/","url_meta":{"origin":3751,"position":5},"title":"Wibroizolatory Sto\u017ckowe \u015aci\u0119te Typu SS","author":"admin","date":"21\/10\/2021","format":false,"excerpt":"Rabat ilo\u015bciowy: 21+ \u2013 5%\u00a0| 50+ \u2013 10%\u00a0 Rabat zostanie naliczony automatycznie w koszyku Kr\u00f3tki opis: Posiadamy w ofercie dwa rodzaje Wibroizolator\u00f3w Typu SS: SS-A (\u015aruba\/ Guma) SS-B (Gwint Wewn\u0119trzny\/ Guma)","rel":"","context":"Similar post","block_context":{"text":"Similar post","link":""},"img":{"alt_text":"","src":"","width":0,"height":0},"classes":[]}],"jetpack_sharing_enabled":true,"_links":{"self":[{"href":"https:\/\/vibra-polymers.pl\/en\/wp-json\/wp\/v2\/product\/3751","targetHints":{"allow":["GET"]}}],"collection":[{"href":"https:\/\/vibra-polymers.pl\/en\/wp-json\/wp\/v2\/product"}],"about":[{"href":"https:\/\/vibra-polymers.pl\/en\/wp-json\/wp\/v2\/types\/product"}],"version-history":[{"count":3,"href":"https:\/\/vibra-polymers.pl\/en\/wp-json\/wp\/v2\/product\/3751\/revisions"}],"predecessor-version":[{"id":8793,"href":"https:\/\/vibra-polymers.pl\/en\/wp-json\/wp\/v2\/product\/3751\/revisions\/8793"}],"wp:featuredmedia":[{"embeddable":true,"href":"https:\/\/vibra-polymers.pl\/en\/wp-json\/wp\/v2\/media\/3924"}],"wp:attachment":[{"href":"https:\/\/vibra-polymers.pl\/en\/wp-json\/wp\/v2\/media?parent=3751"}],"wp:term":[{"taxonomy":"product_brand","embeddable":true,"href":"https:\/\/vibra-polymers.pl\/en\/wp-json\/wp\/v2\/product_brand?post=3751"},{"taxonomy":"product_cat","embeddable":true,"href":"https:\/\/vibra-polymers.pl\/en\/wp-json\/wp\/v2\/product_cat?post=3751"},{"taxonomy":"product_tag","embeddable":true,"href":"https:\/\/vibra-polymers.pl\/en\/wp-json\/wp\/v2\/product_tag?post=3751"}],"curies":[{"name":"wp","href":"https:\/\/api.w.org\/{rel}","templated":true}]}}