{"id":3906,"date":"2021-10-22T08:35:20","date_gmt":"2021-10-22T08:35:20","guid":{"rendered":"https:\/\/vibra-polymers.pl\/?post_type=product&#038;p=3906"},"modified":"2022-03-09T16:12:14","modified_gmt":"2022-03-09T16:12:14","slug":"wibroizolatory-paraboliczne-sciete","status":"publish","type":"product","link":"https:\/\/vibra-polymers.pl\/en\/product\/wibroizolatory-paraboliczne-sciete\/","title":{"rendered":"Wibroizolatory Paraboliczne \u015aci\u0119te"},"content":{"rendered":"<h4>Szczeg\u00f3\u0142y:<\/h4>\n<p>Wibroizolatory Paraboliczne \u015aci\u0119te PS s\u0142u\u017c\u0105 jako odbojnik ale r\u00f3wnie\u017c stopa do maszyn.<\/p>\n<h4>Posiadamy w ofercie dwa typy Wibroizolator\u00f3w\u00a0 Parabolicznych \u015aci\u0119tych:<\/h4>\n<ul>\n<li><strong>Typ PS-A<\/strong> (\u015aruba\/ Guma)<\/li>\n<li>T<strong>yp PS-B<\/strong> (Gwint Wewn\u0119trzny\/ Guma)<\/li>\n<\/ul>\n<p>&nbsp;<\/p>\n<p>&nbsp;<\/p>\n<p><strong>Dost\u0119pne r\u00f3wnie\u017c w\u00a0wersji :<\/strong><\/p>\n<ul>\n<li>Materia\u0142: CR, NBR, EPDM, VMQ<\/li>\n<li>Stal:\u00a0A2, A4<\/li>\n<li>Twardo\u015b\u0107 ShA:45,\u00a060, 70<\/li>\n<li>Kolor: Szary<\/li>\n<li>Spe\u0142niaj\u0105ce\u00a0wymagania\u00a0Normy\u00a0dotycz\u0105cej\u00a0ochrony przeciwpo\u017carowej:\u00a0EN45545-2<\/li>\n<\/ul>\n<div class=\"product-body\">\n<h4><\/h4>\n<h4><\/h4>\n<h4>\u00a0Informacje dodatkowe:<\/h4>\n<table data-tablestyle=\"MsoTableGrid\" data-tablelook=\"1696\" aria-rowcount=\"11\">\n<tbody>\n<tr aria-rowindex=\"1\">\n<td data-celllook=\"0\"><b><span data-contrast=\"none\">Kolor<\/span><\/b><\/td>\n<td data-celllook=\"0\"><span data-ccp-props=\"{&quot;201341983&quot;:0,&quot;335559740&quot;:259}\">Czarny<\/span><\/td>\n<\/tr>\n<tr aria-rowindex=\"2\">\n<td data-celllook=\"0\"><b><span data-contrast=\"none\">Materia\u0142<\/span><\/b><\/td>\n<td data-celllook=\"0\"><span data-ccp-props=\"{&quot;201341983&quot;:0,&quot;335559740&quot;:259}\">\u00a0Kauczuk Neutralny NR<\/span><\/td>\n<\/tr>\n<tr aria-rowindex=\"3\">\n<td data-celllook=\"0\"><b><span data-contrast=\"none\">Twardo\u015b\u0107 (Shore A)<\/span><\/b><\/td>\n<td data-celllook=\"0\"><span data-ccp-props=\"{&quot;201341983&quot;:0,&quot;335559740&quot;:259}\">\u00a045 \/ 50 \/ 60<\/span><\/td>\n<\/tr>\n<tr aria-rowindex=\"4\">\n<td data-celllook=\"0\"><b><span data-contrast=\"none\">Temperatura Maksymalna (\u00b0C)<\/span><\/b><\/td>\n<td data-celllook=\"0\"><span data-ccp-props=\"{&quot;201341983&quot;:0,&quot;335559740&quot;:259}\">\u00a080<\/span><\/td>\n<\/tr>\n<tr aria-rowindex=\"5\">\n<td data-celllook=\"0\"><b><span data-contrast=\"none\">Temperatura Minimalna (\u00b0C)<\/span><\/b><\/td>\n<td data-celllook=\"0\"><span data-ccp-props=\"{&quot;201341983&quot;:0,&quot;335559740&quot;:259}\">\u00a0-40<\/span><\/td>\n<\/tr>\n<tr aria-rowindex=\"6\">\n<td data-celllook=\"0\"><b><span data-contrast=\"none\">Wytrzyma\u0142o\u015b\u0107 Na Rozci\u0105ganie (MPa)<\/span><\/b><\/td>\n<td data-celllook=\"0\"><span data-ccp-props=\"{&quot;201341983&quot;:0,&quot;335559740&quot;:259}\">\u00a0N\/A<\/span><\/td>\n<\/tr>\n<tr aria-rowindex=\"7\">\n<td data-celllook=\"0\"><b><span data-contrast=\"none\">Wyd\u0142u\u017cenie Przy Zerwaniu (%)<\/span><\/b><\/td>\n<td data-celllook=\"0\"><span data-ccp-props=\"{&quot;201341983&quot;:0,&quot;335559740&quot;:259}\">\u00a0N\/A<\/span><\/td>\n<\/tr>\n<tr aria-rowindex=\"8\">\n<td data-celllook=\"0\"><b><span data-contrast=\"none\">\u015acieralno\u015b\u0107 (mm\u00b3) (DIN53516)<\/span><\/b><\/td>\n<td data-celllook=\"0\"><span data-ccp-props=\"{&quot;201341983&quot;:0,&quot;335559740&quot;:259}\">\u00a0N\/A<\/span><\/td>\n<\/tr>\n<tr aria-rowindex=\"9\">\n<td data-celllook=\"0\"><b><span data-contrast=\"none\">G\u0119sto\u015b\u0107 (g\/cm\u00b3)<\/span><\/b><\/td>\n<td data-celllook=\"0\"><span data-ccp-props=\"{&quot;201341983&quot;:0,&quot;335559740&quot;:259}\">\u00a0N\/A<\/span><\/td>\n<\/tr>\n<tr aria-rowindex=\"10\">\n<td data-celllook=\"0\"><b><span data-contrast=\"none\">Absorpcja Wody (%)<\/span><\/b><\/td>\n<td data-celllook=\"0\"><span data-ccp-props=\"{&quot;201341983&quot;:0,&quot;335559740&quot;:259}\">\u00a0N\/A<\/span><\/td>\n<\/tr>\n<tr aria-rowindex=\"11\">\n<td data-celllook=\"0\"><b><span data-contrast=\"none\">Odporno\u015b\u0107 Na Rozerwanie (kN\/m)<\/span><\/b><\/td>\n<td data-celllook=\"0\"><span data-ccp-props=\"{&quot;201341983&quot;:0,&quot;335559740&quot;:259}\">\u00a0N\/A<\/span><\/td>\n<\/tr>\n<\/tbody>\n<\/table>\n<\/div>\n<div class=\"std\">\n<p>&nbsp;<\/p>\n<\/div>","protected":false},"excerpt":{"rendered":"<h4><strong>Rabat ilo\u015bciowy:<\/strong> 21+ \u2013 <strong>5%\u00a0| <\/strong>50+ \u2013 <strong>10%\u00a0<\/strong><strong><br \/>\n<\/strong><span style=\"color: red;\">Rabat zostanie naliczony automatycznie w koszyku<\/span><\/h4>\n<h4><\/h4>\n<h4>Kr\u00f3tki opis:<\/h4>\n<h4>Posiadamy w ofercie dwa typy Wibroizolator\u00f3w\u00a0 Parabolicznych \u015aci\u0119tych:<\/h4>\n<ul>\n<li><strong>Typ PS-A<\/strong> (\u015aruba\/ Guma)<\/li>\n<li>T<strong>yp PS-B<\/strong> (Gwint Wewn\u0119trzny\/ Guma)<\/li>\n<\/ul>","protected":false},"featured_media":3907,"template":"","meta":{"ocean_post_layout":"","ocean_both_sidebars_style":"","ocean_both_sidebars_content_width":0,"ocean_both_sidebars_sidebars_width":0,"ocean_sidebar":"0","ocean_second_sidebar":"0","ocean_disable_margins":"enable","ocean_add_body_class":"","ocean_shortcode_before_top_bar":"","ocean_shortcode_after_top_bar":"","ocean_shortcode_before_header":"","ocean_shortcode_after_header":"","ocean_has_shortcode":"","ocean_shortcode_after_title":"","ocean_shortcode_before_footer_widgets":"","ocean_shortcode_after_footer_widgets":"","ocean_shortcode_before_footer_bottom":"","ocean_shortcode_after_footer_bottom":"","ocean_display_top_bar":"default","ocean_display_header":"default","ocean_header_style":"","ocean_center_header_left_menu":"0","ocean_custom_header_template":"0","ocean_custom_logo":0,"ocean_custom_retina_logo":0,"ocean_custom_logo_max_width":0,"ocean_custom_logo_tablet_max_width":0,"ocean_custom_logo_mobile_max_width":0,"ocean_custom_logo_max_height":0,"ocean_custom_logo_tablet_max_height":0,"ocean_custom_logo_mobile_max_height":0,"ocean_header_custom_menu":"0","ocean_menu_typo_font_family":"0","ocean_menu_typo_font_subset":"","ocean_menu_typo_font_size":0,"ocean_menu_typo_font_size_tablet":0,"ocean_menu_typo_font_size_mobile":0,"ocean_menu_typo_font_size_unit":"px","ocean_menu_typo_font_weight":"","ocean_menu_typo_font_weight_tablet":"","ocean_menu_typo_font_weight_mobile":"","ocean_menu_typo_transform":"","ocean_menu_typo_transform_tablet":"","ocean_menu_typo_transform_mobile":"","ocean_menu_typo_line_height":0,"ocean_menu_typo_line_height_tablet":0,"ocean_menu_typo_line_height_mobile":0,"ocean_menu_typo_line_height_unit":"","ocean_menu_typo_spacing":0,"ocean_menu_typo_spacing_tablet":0,"ocean_menu_typo_spacing_mobile":0,"ocean_menu_typo_spacing_unit":"","ocean_menu_link_color":"","ocean_menu_link_color_hover":"","ocean_menu_link_color_active":"","ocean_menu_link_background":"","ocean_menu_link_hover_background":"","ocean_menu_link_active_background":"","ocean_menu_social_links_bg":"","ocean_menu_social_hover_links_bg":"","ocean_menu_social_links_color":"","ocean_menu_social_hover_links_color":"","ocean_disable_title":"default","ocean_disable_heading":"default","ocean_post_title":"","ocean_post_subheading":"","ocean_post_title_style":"","ocean_post_title_background_color":"","ocean_post_title_background":0,"ocean_post_title_bg_image_position":"","ocean_post_title_bg_image_attachment":"","ocean_post_title_bg_image_repeat":"","ocean_post_title_bg_image_size":"","ocean_post_title_height":0,"ocean_post_title_bg_overlay":0.5,"ocean_post_title_bg_overlay_color":"","ocean_disable_breadcrumbs":"default","ocean_breadcrumbs_color":"","ocean_breadcrumbs_separator_color":"","ocean_breadcrumbs_links_color":"","ocean_breadcrumbs_links_hover_color":"","ocean_display_footer_widgets":"default","ocean_display_footer_bottom":"default","ocean_custom_footer_template":"0"},"product_brand":[],"product_cat":[9147],"product_tag":[],"class_list":{"0":"post-3906","1":"product","2":"type-product","3":"status-publish","4":"has-post-thumbnail","6":"product_cat-wibroizolatory-kuliste-paraboliczne-i-stozkowe","7":"pa_kod-produktu-ps-a1259016x41-45","8":"pa_kod-produktu-ps-a1259016x41-60","9":"pa_kod-produktu-ps-a503510x28-45","10":"pa_kod-produktu-ps-a503510x28-60","11":"pa_kod-produktu-ps-a806012x37-45","12":"pa_kod-produktu-ps-a806012x37-60","13":"pa_kod-produktu-ps-a806012x47-50","14":"pa_kod-produktu-ps-b1259016x41-45","15":"pa_kod-produktu-ps-b1259016x41-60","16":"pa_kod-produktu-ps-b503510x28-45","17":"pa_kod-produktu-ps-b503510x28-60","18":"pa_kod-produktu-ps-b806012x37-45","19":"pa_kod-produktu-ps-b806012x37-60","21":"entry","22":"has-media","24":"first","25":"instock","26":"shipping-taxable","27":"purchasable","28":"product-type-variable","29":"has-product-nav","30":"col","31":"span_1_of_3","32":"owp-content-center","33":"owp-thumbs-layout-horizontal","34":"owp-btn-normal","35":"owp-tabs-layout-horizontal"},"jetpack-related-posts":[{"id":3824,"url":"https:\/\/vibra-polymers.pl\/en\/product\/wibroizolatory-stozkowe-sciete-typu-ss\/","url_meta":{"origin":3906,"position":0},"title":"Wibroizolatory Sto\u017ckowe \u015aci\u0119te Typu SS","author":"admin","date":"21\/10\/2021","format":false,"excerpt":"Rabat ilo\u015bciowy: 21+ \u2013 5%\u00a0| 50+ \u2013 10%\u00a0 Rabat zostanie naliczony automatycznie w koszyku Kr\u00f3tki opis: Posiadamy w ofercie dwa rodzaje Wibroizolator\u00f3w Typu SS: SS-A (\u015aruba\/ Guma) SS-B (Gwint Wewn\u0119trzny\/ Guma)","rel":"","context":"Similar post","block_context":{"text":"Similar post","link":""},"img":{"alt_text":"","src":"","width":0,"height":0},"classes":[]},{"id":3751,"url":"https:\/\/vibra-polymers.pl\/en\/product\/wibroizolatory-paraboliczne-odbojniki-gumowe-typu-dp\/","url_meta":{"origin":3906,"position":1},"title":"Wibroizolatory Paraboliczne (Odbojniki Gumowe) Typu DP","author":"admin","date":"21\/10\/2021","format":false,"excerpt":"\u00a0 Posiadamy w ofercie dwa typy Wibroizolator\u00f3w Parabolicznych: Typ DP-A (Sruba \/ Guma) Typ DP-B Gwint Wewnetrzny \/ Guma) Kr\u00f3tki opis Paraboliczne Zderzaki przeznaczone s\u0105 do stopniowego wch\u0142aniania energii. S\u0105 bardzo odkszta\u0142calne, co pozwala na absorbowanie du\u017cych obci\u0105\u017ce\u0144 uderzeniowych.","rel":"","context":"Similar post","block_context":{"text":"Similar post","link":""},"img":{"alt_text":"","src":"https:\/\/vibra-polymers.pl\/wp-content\/uploads\/2021\/10\/221006481318.jpg","width":350,"height":200},"classes":[]},{"id":3960,"url":"https:\/\/vibra-polymers.pl\/en\/product\/wibroizolatory-kuliste\/","url_meta":{"origin":3906,"position":2},"title":"Wibroizolatory Kuliste","author":"admin","date":"25\/10\/2021","format":false,"excerpt":"Opis: Posiadamy w ofercie dwa Typy Wibroizolator\u00f3w Kulistych: Typ K-A (\u015aruba \/ Guma) Typ K-B (Gwint Wewn\u0119trzny \/ Guma)","rel":"","context":"Similar post","block_context":{"text":"Similar post","link":""},"img":{"alt_text":"","src":"","width":0,"height":0},"classes":[]},{"id":8779,"url":"https:\/\/vibra-polymers.pl\/en\/product\/wibroizolator-paraboliczny-typu-s\/","url_meta":{"origin":3906,"position":3},"title":"Wibroizolator paraboliczny typu KP","author":"admin","date":"24\/02\/2025","format":false,"excerpt":"Paraboliczne gumowe amortyzatory drga\u0144 zosta\u0142y zaprojektowane tak, aby mia\u0142y progresywn\u0105 charakterystyk\u0119 spr\u0119\u017cysto\u015bci, dzi\u0119ki czemu dla wi\u0119kszych ruch\u00f3w maj\u0105 szybszy czas reakcji. Zalety to: \u0142atwy monta\u017c, wysoka wydajno\u015b\u0107, p\u0142ynne t\u0142umienie ko\u0144cowe, przyst\u0119pna cena. Ocynkowane Stal nierdzewna -40 \u2013 +80\u00b0C RoHS","rel":"","context":"Similar post","block_context":{"text":"Similar post","link":""},"img":{"alt_text":"","src":"https:\/\/vibra-polymers.pl\/wp-content\/uploads\/2025\/02\/481663112_517328864423554_3677646878989410979_n.jpg","width":350,"height":200,"srcset":"https:\/\/vibra-polymers.pl\/wp-content\/uploads\/2025\/02\/481663112_517328864423554_3677646878989410979_n.jpg 1x, https:\/\/vibra-polymers.pl\/wp-content\/uploads\/2025\/02\/481663112_517328864423554_3677646878989410979_n.jpg 1.5x"},"classes":[]},{"id":6222,"url":"https:\/\/vibra-polymers.pl\/en\/product\/wibroizolatory-przyssawkowe-typu-pr-2\/","url_meta":{"origin":3906,"position":4},"title":"Wibroizolatory Cylindryczne wkl\u0119s\u0142e","author":"admin","date":"25\/02\/2022","format":false,"excerpt":"Kr\u00f3tki opis: Przeznaczony dla urz\u0105dze\u0144 kt\u00f3re maj\u0105 tendencj\u0119 do przemieszczania si\u0119 podczas pracy. Posiadamy w ofercie dwa typy Wibroizolator\u00f3w Przyssawkowych: Typ PR-A - \u015aruba \/ Stopa Gumowa Typ PR-B - Gwint Wewn\u0119trzny \/ Stopa Gumowa","rel":"","context":"Similar post","block_context":{"text":"Similar post","link":""},"img":{"alt_text":"","src":"","width":0,"height":0},"classes":[]},{"id":3728,"url":"https:\/\/vibra-polymers.pl\/en\/product\/wibroizolatory-przyssawkowe-typu-pr\/","url_meta":{"origin":3906,"position":5},"title":"Wibroizolatory Przyssawkowe Typu PR","author":"admin","date":"20\/10\/2021","format":false,"excerpt":"Rabat ilo\u015bciowy: 21+ \u2013 5%\u00a0| 50+ \u2013 10%\u00a0 Rabat zostanie naliczony automatycznie w koszyku Kr\u00f3tki opis: Przeznaczony dla urz\u0105dze\u0144 kt\u00f3re maj\u0105 tendencj\u0119 do przemieszczania si\u0119 podczas pracy. Posiadamy w ofercie dwa typy Wibroizolator\u00f3w Przyssawkowych: Typ PR-A - \u015aruba \/ Stopa Gumowa Typ PR-B - Gwint Wewn\u0119trzny \/ Stopa Gumowa","rel":"","context":"Similar post","block_context":{"text":"Similar post","link":""},"img":{"alt_text":"","src":"","width":0,"height":0},"classes":[]}],"jetpack_sharing_enabled":true,"_links":{"self":[{"href":"https:\/\/vibra-polymers.pl\/en\/wp-json\/wp\/v2\/product\/3906","targetHints":{"allow":["GET"]}}],"collection":[{"href":"https:\/\/vibra-polymers.pl\/en\/wp-json\/wp\/v2\/product"}],"about":[{"href":"https:\/\/vibra-polymers.pl\/en\/wp-json\/wp\/v2\/types\/product"}],"version-history":[{"count":1,"href":"https:\/\/vibra-polymers.pl\/en\/wp-json\/wp\/v2\/product\/3906\/revisions"}],"predecessor-version":[{"id":7183,"href":"https:\/\/vibra-polymers.pl\/en\/wp-json\/wp\/v2\/product\/3906\/revisions\/7183"}],"wp:featuredmedia":[{"embeddable":true,"href":"https:\/\/vibra-polymers.pl\/en\/wp-json\/wp\/v2\/media\/3907"}],"wp:attachment":[{"href":"https:\/\/vibra-polymers.pl\/en\/wp-json\/wp\/v2\/media?parent=3906"}],"wp:term":[{"taxonomy":"product_brand","embeddable":true,"href":"https:\/\/vibra-polymers.pl\/en\/wp-json\/wp\/v2\/product_brand?post=3906"},{"taxonomy":"product_cat","embeddable":true,"href":"https:\/\/vibra-polymers.pl\/en\/wp-json\/wp\/v2\/product_cat?post=3906"},{"taxonomy":"product_tag","embeddable":true,"href":"https:\/\/vibra-polymers.pl\/en\/wp-json\/wp\/v2\/product_tag?post=3906"}],"curies":[{"name":"wp","href":"https:\/\/api.w.org\/{rel}","templated":true}]}}