{"id":3960,"date":"2021-10-25T10:04:30","date_gmt":"2021-10-25T10:04:30","guid":{"rendered":"https:\/\/vibra-polymers.pl\/?post_type=product&#038;p=3960"},"modified":"2025-02-19T12:42:14","modified_gmt":"2025-02-19T12:42:14","slug":"wibroizolatory-kuliste","status":"publish","type":"product","link":"https:\/\/vibra-polymers.pl\/en\/product\/wibroizolatory-kuliste\/","title":{"rendered":"Wibroizolatory Kuliste"},"content":{"rendered":"<div data-elementor-type=\"product-post\" data-elementor-id=\"3960\" class=\"elementor elementor-3960\" data-elementor-post-type=\"product\">\n\t\t\t\t\t\t<section class=\"elementor-section elementor-top-section elementor-element elementor-element-1174be1b elementor-section-boxed elementor-section-height-default elementor-section-height-default\" data-id=\"1174be1b\" data-element_type=\"section\" data-e-type=\"section\">\n\t\t\t\t\t\t<div class=\"elementor-container elementor-column-gap-default\">\n\t\t\t\t\t<div class=\"elementor-column elementor-col-100 elementor-top-column elementor-element elementor-element-1e98e3bb\" data-id=\"1e98e3bb\" data-element_type=\"column\" data-e-type=\"column\">\n\t\t\t<div class=\"elementor-widget-wrap elementor-element-populated\">\n\t\t\t\t\t\t<div class=\"elementor-element elementor-element-60d66f42 elementor-widget elementor-widget-text-editor\" data-id=\"60d66f42\" data-element_type=\"widget\" data-e-type=\"widget\" data-widget_type=\"text-editor.default\">\n\t\t\t\t<div class=\"elementor-widget-container\">\n\t\t\t\t\t\t\t\t\t<h4>Szczeg\u00f3\u0142y:<\/h4><h3>Typy Wibroizolator\u00f3w Kulistych<\/h3><p><strong>W naszej ofercie znajduj\u0105 si\u0119 dwa typy wibroizolator\u00f3w kulistych:<\/strong><\/p><p><strong>\u00a0 \u00a0Typ K-A<\/strong> (\u015aruba \/ Guma)<\/p><p><strong>\u00a0 \u00a0Typ K-B<\/strong> (Gwint Wewn\u0119trzny \/ Guma)<\/p><p>\u00a0<\/p><h4>Zastosowanie:<\/h4><p>Odbojniki<\/p><p>Stopy do maszyn<\/p><p>\u00a0<\/p><p><strong>Dost\u0119pne r\u00f3wnie\u017c w\u00a0wersji :<\/strong><\/p><ul><li>Materia\u0142:\u00a0CR, NBR, EPDM, VMQ<\/li><li>Stal:\u00a0A2, A4<\/li><li>Twardo\u015b\u0107 ShA:\u00a035, 40, 45, 50,\u00a055, 60, 65, 70, 75, 80, 85, 90<\/li><li>Kolor:\u00a0Szary<\/li><li>Spe\u0142niaj\u0105ce\u00a0wymagania\u00a0Normy\u00a0dotycz\u0105cej\u00a0ochrony przeciwpo\u017carowej:\u00a0EN45545-2<\/li><\/ul><p>\u00a0<\/p><div class=\"product-body\"><h4>\u00a0Informacje dodatkowe:<\/h4><table data-tablestyle=\"MsoTableGrid\" data-tablelook=\"1696\" aria-rowcount=\"11\"><tbody><tr aria-rowindex=\"1\"><td data-celllook=\"0\"><b><span data-contrast=\"none\">Kolor<\/span><\/b><\/td><td data-celllook=\"0\"><span data-ccp-props=\"{&quot;201341983&quot;:0,&quot;335559740&quot;:259}\">Czarny<\/span><\/td><\/tr><tr aria-rowindex=\"2\"><td data-celllook=\"0\"><b><span data-contrast=\"none\">Materia\u0142<\/span><\/b><\/td><td data-celllook=\"0\"><span data-ccp-props=\"{&quot;201341983&quot;:0,&quot;335559740&quot;:259}\">\u00a0Kauczuk Neutralny NR<\/span><\/td><\/tr><tr aria-rowindex=\"3\"><td data-celllook=\"0\"><b><span data-contrast=\"none\">Twardo\u015b\u0107 (Shore A)<\/span><\/b><\/td><td data-celllook=\"0\"><span data-ccp-props=\"{&quot;201341983&quot;:0,&quot;335559740&quot;:259}\">\u00a045 \/ 60\u00a0<\/span><\/td><\/tr><tr aria-rowindex=\"4\"><td data-celllook=\"0\"><b><span data-contrast=\"none\">Temperatura Maksymalna (\u00b0C)<\/span><\/b><\/td><td data-celllook=\"0\"><span data-ccp-props=\"{&quot;201341983&quot;:0,&quot;335559740&quot;:259}\">\u00a080<\/span><\/td><\/tr><tr aria-rowindex=\"5\"><td data-celllook=\"0\"><b><span data-contrast=\"none\">Temperatura Minimalna (\u00b0C)<\/span><\/b><\/td><td data-celllook=\"0\"><span data-ccp-props=\"{&quot;201341983&quot;:0,&quot;335559740&quot;:259}\">\u00a0-40<\/span><\/td><\/tr><tr aria-rowindex=\"6\"><td data-celllook=\"0\"><b><span data-contrast=\"none\">Wytrzyma\u0142o\u015b\u0107 Na Rozci\u0105ganie (MPa)<\/span><\/b><\/td><td data-celllook=\"0\"><span data-ccp-props=\"{&quot;201341983&quot;:0,&quot;335559740&quot;:259}\">\u00a0N\/A<\/span><\/td><\/tr><tr aria-rowindex=\"7\"><td data-celllook=\"0\"><b><span data-contrast=\"none\">Wyd\u0142u\u017cenie Przy Zerwaniu (%)<\/span><\/b><\/td><td data-celllook=\"0\"><span data-ccp-props=\"{&quot;201341983&quot;:0,&quot;335559740&quot;:259}\">\u00a0N\/A<\/span><\/td><\/tr><tr aria-rowindex=\"8\"><td data-celllook=\"0\"><b><span data-contrast=\"none\">\u015acieralno\u015b\u0107 (mm\u00b3) (DIN53516)<\/span><\/b><\/td><td data-celllook=\"0\"><span data-ccp-props=\"{&quot;201341983&quot;:0,&quot;335559740&quot;:259}\">\u00a0N\/A<\/span><\/td><\/tr><tr aria-rowindex=\"9\"><td data-celllook=\"0\"><b><span data-contrast=\"none\">G\u0119sto\u015b\u0107 (g\/cm\u00b3)<\/span><\/b><\/td><td data-celllook=\"0\"><span data-ccp-props=\"{&quot;201341983&quot;:0,&quot;335559740&quot;:259}\">\u00a0N\/A<\/span><\/td><\/tr><tr aria-rowindex=\"10\"><td data-celllook=\"0\"><b><span data-contrast=\"none\">Absorpcja Wody (%)<\/span><\/b><\/td><td data-celllook=\"0\"><span data-ccp-props=\"{&quot;201341983&quot;:0,&quot;335559740&quot;:259}\">\u00a0N\/A<\/span><\/td><\/tr><tr aria-rowindex=\"11\"><td data-celllook=\"0\"><b><span data-contrast=\"none\">Odporno\u015b\u0107 Na Rozerwanie (kN\/m)<\/span><\/b><\/td><td data-celllook=\"0\"><span data-ccp-props=\"{&quot;201341983&quot;:0,&quot;335559740&quot;:259}\">\u00a0N\/A<\/span><\/td><\/tr><\/tbody><\/table><\/div><div class=\"std\"><p>\u00a0<\/p><\/div>\t\t\t\t\t\t\t\t<\/div>\n\t\t\t\t<\/div>\n\t\t\t\t\t<\/div>\n\t\t<\/div>\n\t\t\t\t\t<\/div>\n\t\t<\/section>\n\t\t\t\t<\/div>","protected":false},"excerpt":{"rendered":"<h4>Opis:<\/h4>\n<p>Posiadamy w ofercie dwa Typy Wibroizolator\u00f3w Kulistych:<\/p>\n<ul>\n<li><strong>Typ K-A<\/strong> (\u015aruba \/ Guma)<\/li>\n<li><strong>Typ K-B<\/strong> (Gwint Wewn\u0119trzny \/ Guma)<\/li>\n<\/ul>","protected":false},"featured_media":3961,"template":"","meta":{"ocean_post_layout":"","ocean_both_sidebars_style":"","ocean_both_sidebars_content_width":0,"ocean_both_sidebars_sidebars_width":0,"ocean_sidebar":"0","ocean_second_sidebar":"0","ocean_disable_margins":"enable","ocean_add_body_class":"","ocean_shortcode_before_top_bar":"","ocean_shortcode_after_top_bar":"","ocean_shortcode_before_header":"","ocean_shortcode_after_header":"","ocean_has_shortcode":"","ocean_shortcode_after_title":"","ocean_shortcode_before_footer_widgets":"","ocean_shortcode_after_footer_widgets":"","ocean_shortcode_before_footer_bottom":"","ocean_shortcode_after_footer_bottom":"","ocean_display_top_bar":"default","ocean_display_header":"default","ocean_header_style":"","ocean_center_header_left_menu":"0","ocean_custom_header_template":"0","ocean_custom_logo":0,"ocean_custom_retina_logo":0,"ocean_custom_logo_max_width":0,"ocean_custom_logo_tablet_max_width":0,"ocean_custom_logo_mobile_max_width":0,"ocean_custom_logo_max_height":0,"ocean_custom_logo_tablet_max_height":0,"ocean_custom_logo_mobile_max_height":0,"ocean_header_custom_menu":"0","ocean_menu_typo_font_family":"0","ocean_menu_typo_font_subset":"","ocean_menu_typo_font_size":0,"ocean_menu_typo_font_size_tablet":0,"ocean_menu_typo_font_size_mobile":0,"ocean_menu_typo_font_size_unit":"px","ocean_menu_typo_font_weight":"","ocean_menu_typo_font_weight_tablet":"","ocean_menu_typo_font_weight_mobile":"","ocean_menu_typo_transform":"","ocean_menu_typo_transform_tablet":"","ocean_menu_typo_transform_mobile":"","ocean_menu_typo_line_height":0,"ocean_menu_typo_line_height_tablet":0,"ocean_menu_typo_line_height_mobile":0,"ocean_menu_typo_line_height_unit":"","ocean_menu_typo_spacing":0,"ocean_menu_typo_spacing_tablet":0,"ocean_menu_typo_spacing_mobile":0,"ocean_menu_typo_spacing_unit":"","ocean_menu_link_color":"","ocean_menu_link_color_hover":"","ocean_menu_link_color_active":"","ocean_menu_link_background":"","ocean_menu_link_hover_background":"","ocean_menu_link_active_background":"","ocean_menu_social_links_bg":"","ocean_menu_social_hover_links_bg":"","ocean_menu_social_links_color":"","ocean_menu_social_hover_links_color":"","ocean_disable_title":"default","ocean_disable_heading":"default","ocean_post_title":"","ocean_post_subheading":"","ocean_post_title_style":"","ocean_post_title_background_color":"","ocean_post_title_background":0,"ocean_post_title_bg_image_position":"","ocean_post_title_bg_image_attachment":"","ocean_post_title_bg_image_repeat":"","ocean_post_title_bg_image_size":"","ocean_post_title_height":0,"ocean_post_title_bg_overlay":0.5,"ocean_post_title_bg_overlay_color":"","ocean_disable_breadcrumbs":"default","ocean_breadcrumbs_color":"","ocean_breadcrumbs_separator_color":"","ocean_breadcrumbs_links_color":"","ocean_breadcrumbs_links_hover_color":"","ocean_display_footer_widgets":"default","ocean_display_footer_bottom":"default","ocean_custom_footer_template":"0"},"product_brand":[],"product_cat":[9147],"product_tag":[],"class_list":{"0":"post-3960","1":"product","2":"type-product","3":"status-publish","4":"has-post-thumbnail","6":"product_cat-wibroizolatory-kuliste-paraboliczne-i-stozkowe","7":"pa_kod-produktu-k-a25136x18-45","8":"pa_kod-produktu-k-a25136x18-60","9":"pa_kod-produktu-k-a25136x33-50","10":"pa_kod-produktu-k-a25156x18-45","11":"pa_kod-produktu-k-a25156x18-60","12":"pa_kod-produktu-k-a30268x20-45","13":"pa_kod-produktu-k-a30268x20-60","14":"pa_kod-produktu-k-a50308x28-45","15":"pa_kod-produktu-k-a50308x28-60","16":"pa_kod-produktu-k-b25136x6-45","17":"pa_kod-produktu-k-b25136x6-60","18":"pa_kod-produktu-k-b25156x6-45","19":"pa_kod-produktu-k-b25156x6-60","20":"pa_kod-produktu-k-b30268x8-45","21":"pa_kod-produktu-k-b30268x8-60","22":"pa_kod-produktu-k-b50308x8-45","23":"pa_kod-produktu-k-b50308x8-60","25":"entry","26":"has-media","28":"first","29":"instock","30":"shipping-taxable","31":"purchasable","32":"product-type-variable","33":"has-product-nav","34":"col","35":"span_1_of_3","36":"owp-content-center","37":"owp-thumbs-layout-horizontal","38":"owp-btn-normal","39":"owp-tabs-layout-horizontal"},"jetpack-related-posts":[{"id":3906,"url":"https:\/\/vibra-polymers.pl\/en\/product\/wibroizolatory-paraboliczne-sciete\/","url_meta":{"origin":3960,"position":0},"title":"Wibroizolatory Paraboliczne \u015aci\u0119te","author":"admin","date":"22\/10\/2021","format":false,"excerpt":"Rabat ilo\u015bciowy: 21+ \u2013 5%\u00a0| 50+ \u2013 10%\u00a0 Rabat zostanie naliczony automatycznie w koszyku Kr\u00f3tki opis: Posiadamy w ofercie dwa typy Wibroizolator\u00f3w\u00a0 Parabolicznych \u015aci\u0119tych: Typ PS-A (\u015aruba\/ Guma) Typ PS-B (Gwint Wewn\u0119trzny\/ Guma)","rel":"","context":"Similar post","block_context":{"text":"Similar post","link":""},"img":{"alt_text":"","src":"https:\/\/vibra-polymers.pl\/wp-content\/uploads\/2021\/10\/OIP-21.jpg","width":350,"height":200},"classes":[]},{"id":3824,"url":"https:\/\/vibra-polymers.pl\/en\/product\/wibroizolatory-stozkowe-sciete-typu-ss\/","url_meta":{"origin":3960,"position":1},"title":"Wibroizolatory Sto\u017ckowe \u015aci\u0119te Typu SS","author":"admin","date":"21\/10\/2021","format":false,"excerpt":"Rabat ilo\u015bciowy: 21+ \u2013 5%\u00a0| 50+ \u2013 10%\u00a0 Rabat zostanie naliczony automatycznie w koszyku Kr\u00f3tki opis: Posiadamy w ofercie dwa rodzaje Wibroizolator\u00f3w Typu SS: SS-A (\u015aruba\/ Guma) SS-B (Gwint Wewn\u0119trzny\/ Guma)","rel":"","context":"Similar post","block_context":{"text":"Similar post","link":""},"img":{"alt_text":"","src":"","width":0,"height":0},"classes":[]},{"id":8883,"url":"https:\/\/vibra-polymers.pl\/en\/product\/wibroizolatory-kolnierzowe-typu-fl\/","url_meta":{"origin":3960,"position":2},"title":"Wibroizolatory ko\u0142nierzowe typu FL","author":"admin","date":"14\/03\/2025","format":false,"excerpt":"Wibroizolatory ko\u0142nierzowy typu FL, \u015aruba M6, M8, M10, M12, M16, M24 Twardo\u015b\u0107 : 40, 60 (Sha) \u00a0Materia\u0142: Guma naturalna NR, Cz\u0119\u015b\u0107 metalowa galwanizowana\/ocynkowana, DIN EN 12329 \u2013 Fe\/\/Zn12\/\/A \u2013 A2 (nierdzewny, AISI 304) \u2013 A4 (nierdzewny, AISI 316)","rel":"","context":"Similar post","block_context":{"text":"Similar post","link":""},"img":{"alt_text":"","src":"https:\/\/vibra-polymers.pl\/wp-content\/uploads\/2025\/03\/LF-wibro-2-1024x197.png","width":350,"height":200,"srcset":"https:\/\/vibra-polymers.pl\/wp-content\/uploads\/2025\/03\/LF-wibro-2-1024x197.png 1x, https:\/\/vibra-polymers.pl\/wp-content\/uploads\/2025\/03\/LF-wibro-2-1024x197.png 1.5x, https:\/\/vibra-polymers.pl\/wp-content\/uploads\/2025\/03\/LF-wibro-2-1024x197.png 2x"},"classes":[]},{"id":3631,"url":"https:\/\/vibra-polymers.pl\/en\/product\/wibroizolatory-profilowane-typu-fa-sruba-sruba\/","url_meta":{"origin":3960,"position":3},"title":"Wibroizolatory Profilowane Typu FA (\u015aruba\/ \u015aruba)","author":"admin","date":"19\/10\/2021","format":false,"excerpt":"\u00a0 Kr\u00f3tki opis: Wibroizolatory Typu FA pozwalaj\u0105 uzyska\u0107 maksymaln\u0105 izolacj\u0119 drga\u0144 od urz\u0105dze\u0144 emituj\u0105cych wibracje.","rel":"","context":"Similar post","block_context":{"text":"Similar post","link":""},"img":{"alt_text":"Wibroizolator Profilowany PA","src":"https:\/\/www.propolimer.pl\/files\/917363596\/lib\/Wibroizolator_profilowany_PA.png","width":350,"height":200},"classes":[]},{"id":3649,"url":"https:\/\/vibra-polymers.pl\/en\/product\/wibroizolatory-profilowane-typu-fb-sruba-gwint-wewnetrzny\/","url_meta":{"origin":3960,"position":4},"title":"Wibroizolatory Profilowane Typu FB (\u015aruba\/ Gwint Wewn\u0119trzny)","author":"admin","date":"19\/10\/2021","format":false,"excerpt":"\u00a0 Kr\u00f3tki opis: Wibroizolatory Typu FB pozwalaj\u0105 uzyska\u0107 maksymaln\u0105 izolacj\u0119 drga\u0144 od urz\u0105dze\u0144 emituj\u0105cych wibracje.","rel":"","context":"Similar post","block_context":{"text":"Similar post","link":""},"img":{"alt_text":"","src":"https:\/\/vibra-polymers.pl\/wp-content\/uploads\/2021\/10\/beztytulu1.jpg","width":350,"height":200},"classes":[]},{"id":3667,"url":"https:\/\/vibra-polymers.pl\/en\/product\/wibroizolatory-profilowane-typu-fc-gwint-wewnetrzny-gwint-wewnetrzny\/","url_meta":{"origin":3960,"position":5},"title":"Wibroizolatory Profilowane Typu FC (Gwint wewn\u0119trzny \/ Gwint wewn\u0119trzny)","author":"admin","date":"19\/10\/2021","format":false,"excerpt":"\u00a0 Kr\u00f3tki opis: Wibroizolatory Typu FC pozwalaj\u0105 uzyska\u0107 maksymaln\u0105 izolacj\u0119 drga\u0144 od urz\u0105dze\u0144 emituj\u0105cych wibracje.","rel":"","context":"Similar post","block_context":{"text":"Similar post","link":""},"img":{"alt_text":"","src":"https:\/\/vibra-polymers.pl\/wp-content\/uploads\/2021\/10\/beztytulu1-1.jpg","width":350,"height":200},"classes":[]}],"jetpack_sharing_enabled":true,"_links":{"self":[{"href":"https:\/\/vibra-polymers.pl\/en\/wp-json\/wp\/v2\/product\/3960","targetHints":{"allow":["GET"]}}],"collection":[{"href":"https:\/\/vibra-polymers.pl\/en\/wp-json\/wp\/v2\/product"}],"about":[{"href":"https:\/\/vibra-polymers.pl\/en\/wp-json\/wp\/v2\/types\/product"}],"version-history":[{"count":5,"href":"https:\/\/vibra-polymers.pl\/en\/wp-json\/wp\/v2\/product\/3960\/revisions"}],"predecessor-version":[{"id":8775,"href":"https:\/\/vibra-polymers.pl\/en\/wp-json\/wp\/v2\/product\/3960\/revisions\/8775"}],"wp:featuredmedia":[{"embeddable":true,"href":"https:\/\/vibra-polymers.pl\/en\/wp-json\/wp\/v2\/media\/3961"}],"wp:attachment":[{"href":"https:\/\/vibra-polymers.pl\/en\/wp-json\/wp\/v2\/media?parent=3960"}],"wp:term":[{"taxonomy":"product_brand","embeddable":true,"href":"https:\/\/vibra-polymers.pl\/en\/wp-json\/wp\/v2\/product_brand?post=3960"},{"taxonomy":"product_cat","embeddable":true,"href":"https:\/\/vibra-polymers.pl\/en\/wp-json\/wp\/v2\/product_cat?post=3960"},{"taxonomy":"product_tag","embeddable":true,"href":"https:\/\/vibra-polymers.pl\/en\/wp-json\/wp\/v2\/product_tag?post=3960"}],"curies":[{"name":"wp","href":"https:\/\/api.w.org\/{rel}","templated":true}]}}