{"id":4078,"date":"2021-10-26T07:52:52","date_gmt":"2021-10-26T07:52:52","guid":{"rendered":"https:\/\/vibra-polymers.pl\/?post_type=product&#038;p=4078"},"modified":"2022-03-02T09:14:29","modified_gmt":"2022-03-02T09:14:29","slug":"odbojniki-gumowo-metalowe-typu-gm-b","status":"publish","type":"product","link":"https:\/\/vibra-polymers.pl\/en\/product\/odbojniki-gumowo-metalowe-typu-gm-b\/","title":{"rendered":"Odbojniki Gumowo Metalowe Typu GM-B"},"content":{"rendered":"<div class=\"product-body\">\n<h4>Szczeg\u00f3\u0142y:<\/h4>\n<p>Wibroizolatory Typu GM-B zosta\u0142 zaprojektowany do stosowania jako twardy zderzak gumowy lub amortyzator do statycznego sprz\u0119tu.<\/p>\n<h3><\/h3>\n<h4>Zastosowanie:<\/h4>\n<ul>\n<li>Odbojniki<\/li>\n<li>G\u00f3rnictwo i\u00a0kopalnictwo<\/li>\n<li>Maszyny budowlane<\/li>\n<li>Maszyny rolnicze<\/li>\n<li>\u00a0Samochody i\u00a0ci\u0119\u017car\u00f3wki<\/li>\n<\/ul>\n<p>&nbsp;<\/p>\n<p>&nbsp;<\/p>\n<h4>\u00a0Informacje dodatkowe:<\/h4>\n<table data-tablestyle=\"MsoTableGrid\" data-tablelook=\"1696\" aria-rowcount=\"11\">\n<tbody>\n<tr aria-rowindex=\"1\">\n<td data-celllook=\"0\"><b><span data-contrast=\"none\">Kolor<\/span><\/b><\/td>\n<td data-celllook=\"0\"><span data-ccp-props=\"{&quot;201341983&quot;:0,&quot;335559740&quot;:259}\">Czarny<\/span><\/td>\n<\/tr>\n<tr aria-rowindex=\"2\">\n<td data-celllook=\"0\"><b><span data-contrast=\"none\">Materia\u0142<\/span><\/b><\/td>\n<td data-celllook=\"0\"><span data-ccp-props=\"{&quot;201341983&quot;:0,&quot;335559740&quot;:259}\">\u00a0NR<\/span><\/td>\n<\/tr>\n<tr aria-rowindex=\"3\">\n<td data-celllook=\"0\"><b><span data-contrast=\"none\">Twardo\u015b\u0107 (Shore A)<\/span><\/b><\/td>\n<td data-celllook=\"0\"><span data-ccp-props=\"{&quot;201341983&quot;:0,&quot;335559740&quot;:259}\">\u00a045\/60<\/span><\/td>\n<\/tr>\n<tr aria-rowindex=\"4\">\n<td data-celllook=\"0\"><b><span data-contrast=\"none\">Temperatura Maksymalna (\u00b0C)<\/span><\/b><\/td>\n<td data-celllook=\"0\"><span data-ccp-props=\"{&quot;201341983&quot;:0,&quot;335559740&quot;:259}\">\u00a080<\/span><\/td>\n<\/tr>\n<tr aria-rowindex=\"5\">\n<td data-celllook=\"0\"><b><span data-contrast=\"none\">Temperatura Minimalna (\u00b0C)<\/span><\/b><\/td>\n<td data-celllook=\"0\"><span data-ccp-props=\"{&quot;201341983&quot;:0,&quot;335559740&quot;:259}\">\u00a0-40<\/span><\/td>\n<\/tr>\n<tr aria-rowindex=\"6\">\n<td data-celllook=\"0\"><b><span data-contrast=\"none\">Wytrzyma\u0142o\u015b\u0107 Na Rozci\u0105ganie (MPa)<\/span><\/b><\/td>\n<td data-celllook=\"0\"><span data-ccp-props=\"{&quot;201341983&quot;:0,&quot;335559740&quot;:259}\">\u00a0N\/A<\/span><\/td>\n<\/tr>\n<tr aria-rowindex=\"7\">\n<td data-celllook=\"0\"><b><span data-contrast=\"none\">Wyd\u0142u\u017cenie Przy Zerwaniu (%)<\/span><\/b><\/td>\n<td data-celllook=\"0\"><span data-ccp-props=\"{&quot;201341983&quot;:0,&quot;335559740&quot;:259}\">\u00a0N\/A<\/span><\/td>\n<\/tr>\n<tr aria-rowindex=\"8\">\n<td data-celllook=\"0\"><b><span data-contrast=\"none\">\u015acieralno\u015b\u0107 (mm\u00b3) (DIN53516)<\/span><\/b><\/td>\n<td data-celllook=\"0\"><span data-ccp-props=\"{&quot;201341983&quot;:0,&quot;335559740&quot;:259}\">\u00a0N\/A<\/span><\/td>\n<\/tr>\n<tr aria-rowindex=\"9\">\n<td data-celllook=\"0\"><b><span data-contrast=\"none\">G\u0119sto\u015b\u0107 (g\/cm\u00b3)<\/span><\/b><\/td>\n<td data-celllook=\"0\"><span data-ccp-props=\"{&quot;201341983&quot;:0,&quot;335559740&quot;:259}\">\u00a0N\/A<\/span><\/td>\n<\/tr>\n<tr aria-rowindex=\"10\">\n<td data-celllook=\"0\"><b><span data-contrast=\"none\">Absorpcja Wody (%)<\/span><\/b><\/td>\n<td data-celllook=\"0\"><span data-ccp-props=\"{&quot;201341983&quot;:0,&quot;335559740&quot;:259}\">\u00a0N\/A<\/span><\/td>\n<\/tr>\n<tr aria-rowindex=\"11\">\n<td data-celllook=\"0\"><b><span data-contrast=\"none\">Odporno\u015b\u0107 Na Rozerwanie (kN\/m)<\/span><\/b><\/td>\n<td data-celllook=\"0\"><span data-ccp-props=\"{&quot;201341983&quot;:0,&quot;335559740&quot;:259}\">\u00a0N\/A<\/span><\/td>\n<\/tr>\n<\/tbody>\n<\/table>\n<\/div>\n<p>&nbsp;<\/p>\n<h4><strong>Dost\u0119pne r\u00f3wnie\u017c w\u00a0wersji :<\/strong><\/h4>\n<ul>\n<li>Materia\u0142:\u00a0CR, NBR, EPDM, VMQ<\/li>\n<li>Stal:\u00a0A2, A4<\/li>\n<li>Twardo\u015b\u0107 ShA:35, 40, 45, 50,\u00a055, 60, 65, 70, 75, 80, 85, 90<\/li>\n<li>Kolor:\u00a0Szary (nie brudz\u0105cy)<\/li>\n<li>Spe\u0142niaj\u0105ce wymagania Normy dotycz\u0105cej ochrony przeciwpo\u017carowej: EN45545-2<\/li>\n<\/ul>","protected":false},"excerpt":{"rendered":"<p><strong>Rabat ilo\u015bciowy: 21+ \u2013 5%\u00a0| 50+ \u2013 10%\u00a0<\/strong><br \/>\n<strong><span style=\"color: red;\">Rabat zostanie naliczony automatycznie w koszyku<\/span><\/strong><\/p>\n<p>&nbsp;<\/p>\n<div class=\"product-body\">\n<h4>Kr\u00f3tki opis:<\/h4>\n<p><strong>Wibroizolatory Typu GM-B zosta\u0142 zaprojektowany do stosowania jako twardy zderzak gumowy lub amortyzator do statycznego sprz\u0119tu.<\/strong><\/p>\n<\/div>","protected":false},"featured_media":4079,"template":"","meta":{"ocean_post_layout":"","ocean_both_sidebars_style":"","ocean_both_sidebars_content_width":0,"ocean_both_sidebars_sidebars_width":0,"ocean_sidebar":"0","ocean_second_sidebar":"0","ocean_disable_margins":"enable","ocean_add_body_class":"","ocean_shortcode_before_top_bar":"","ocean_shortcode_after_top_bar":"","ocean_shortcode_before_header":"","ocean_shortcode_after_header":"","ocean_has_shortcode":"","ocean_shortcode_after_title":"","ocean_shortcode_before_footer_widgets":"","ocean_shortcode_after_footer_widgets":"","ocean_shortcode_before_footer_bottom":"","ocean_shortcode_after_footer_bottom":"","ocean_display_top_bar":"default","ocean_display_header":"default","ocean_header_style":"","ocean_center_header_left_menu":"0","ocean_custom_header_template":"0","ocean_custom_logo":0,"ocean_custom_retina_logo":0,"ocean_custom_logo_max_width":0,"ocean_custom_logo_tablet_max_width":0,"ocean_custom_logo_mobile_max_width":0,"ocean_custom_logo_max_height":0,"ocean_custom_logo_tablet_max_height":0,"ocean_custom_logo_mobile_max_height":0,"ocean_header_custom_menu":"0","ocean_menu_typo_font_family":"0","ocean_menu_typo_font_subset":"","ocean_menu_typo_font_size":0,"ocean_menu_typo_font_size_tablet":0,"ocean_menu_typo_font_size_mobile":0,"ocean_menu_typo_font_size_unit":"px","ocean_menu_typo_font_weight":"","ocean_menu_typo_font_weight_tablet":"","ocean_menu_typo_font_weight_mobile":"","ocean_menu_typo_transform":"","ocean_menu_typo_transform_tablet":"","ocean_menu_typo_transform_mobile":"","ocean_menu_typo_line_height":0,"ocean_menu_typo_line_height_tablet":0,"ocean_menu_typo_line_height_mobile":0,"ocean_menu_typo_line_height_unit":"","ocean_menu_typo_spacing":0,"ocean_menu_typo_spacing_tablet":0,"ocean_menu_typo_spacing_mobile":0,"ocean_menu_typo_spacing_unit":"","ocean_menu_link_color":"","ocean_menu_link_color_hover":"","ocean_menu_link_color_active":"","ocean_menu_link_background":"","ocean_menu_link_hover_background":"","ocean_menu_link_active_background":"","ocean_menu_social_links_bg":"","ocean_menu_social_hover_links_bg":"","ocean_menu_social_links_color":"","ocean_menu_social_hover_links_color":"","ocean_disable_title":"default","ocean_disable_heading":"default","ocean_post_title":"","ocean_post_subheading":"","ocean_post_title_style":"","ocean_post_title_background_color":"","ocean_post_title_background":0,"ocean_post_title_bg_image_position":"","ocean_post_title_bg_image_attachment":"","ocean_post_title_bg_image_repeat":"","ocean_post_title_bg_image_size":"","ocean_post_title_height":0,"ocean_post_title_bg_overlay":0.5,"ocean_post_title_bg_overlay_color":"","ocean_disable_breadcrumbs":"default","ocean_breadcrumbs_color":"","ocean_breadcrumbs_separator_color":"","ocean_breadcrumbs_links_color":"","ocean_breadcrumbs_links_hover_color":"","ocean_display_footer_widgets":"default","ocean_display_footer_bottom":"default","ocean_custom_footer_template":"0"},"product_brand":[],"product_cat":[5716],"product_tag":[],"class_list":{"0":"post-4078","1":"product","2":"type-product","3":"status-publish","4":"has-post-thumbnail","6":"product_cat-odbojniki-gumowo-metalowe","7":"pa_kod-produktu-gm-b1008012x37-45","8":"pa_kod-produktu-gm-b1008012x37-60","9":"pa_kod-produktu-gm-b12510016x36-45","10":"pa_kod-produktu-gm-b12510016x36-60","11":"pa_kod-produktu-gm-b16012516x44-45","12":"pa_kod-produktu-gm-b16012516x44-60","13":"pa_kod-produktu-gm-b20016020x44-45","14":"pa_kod-produktu-gm-b20016020x44-60","15":"pa_kod-produktu-gm-b40328x23-45","16":"pa_kod-produktu-gm-b40328x23-60","17":"pa_kod-produktu-gm-b504010x28-45","18":"pa_kod-produktu-gm-b504010x28-60","19":"pa_kod-produktu-gm-b635010x27-45","20":"pa_kod-produktu-gm-b635010x27-60","21":"pa_kod-produktu-gm-b806312x37-45","22":"pa_kod-produktu-gm-b806312x37-60","24":"entry","25":"has-media","27":"first","28":"instock","29":"shipping-taxable","30":"purchasable","31":"product-type-variable","32":"has-product-nav","33":"col","34":"span_1_of_3","35":"owp-content-center","36":"owp-thumbs-layout-horizontal","37":"owp-btn-normal","38":"owp-tabs-layout-horizontal"},"jetpack-related-posts":[{"id":4059,"url":"https:\/\/vibra-polymers.pl\/en\/product\/odbojniki-gumowo-metalowe-typu-gm-a\/","url_meta":{"origin":4078,"position":0},"title":"Odbojniki Gumowo Metalowe Typu GM-A","author":"admin","date":"26\/10\/2021","format":false,"excerpt":"Rabat ilo\u015bciowy: 21+ \u2013 5%\u00a0| 50+ \u2013 10%\u00a0 Rabat zostanie naliczony automatycznie w koszyku Kr\u00f3tki opis: Wibroizolatory Typu GM-A zosta\u0142 zaprojektowany do stosowania jako twardy zderzak gumowy lub amortyzator do statycznego sprz\u0119tu.","rel":"","context":"Similar post","block_context":{"text":"Similar post","link":""},"img":{"alt_text":"","src":"","width":0,"height":0},"classes":[]},{"id":4108,"url":"https:\/\/vibra-polymers.pl\/en\/product\/odbojniki-metalowo-gumowe-typu-gm-c\/","url_meta":{"origin":4078,"position":1},"title":"Odbojniki Metalowo Gumowe Typu GM-C","author":"admin","date":"26\/10\/2021","format":false,"excerpt":"Rabat ilo\u015bciowy: 21+ \u2013 5%\u00a0| 50+ \u2013 10%\u00a0 Rabat zostanie naliczony automatycznie w koszyku \u00a0 Kr\u00f3tki opis: Wibroizolatory Typu GM-A zosta\u0142 zaprojektowany do stosowania jako twardy zderzak gumowy lub amortyzator do statycznego sprz\u0119tu.","rel":"","context":"Similar post","block_context":{"text":"Similar post","link":""},"img":{"alt_text":"","src":"","width":0,"height":0},"classes":[]},{"id":4097,"url":"https:\/\/vibra-polymers.pl\/en\/product\/odbojniki-metalowo-gumowe-typu-gm-bb\/","url_meta":{"origin":4078,"position":2},"title":"Odbojniki Metalowo Gumowe Typu GM-BB","author":"admin","date":"26\/10\/2021","format":false,"excerpt":"Wibroizolatory Typu GM-BB zosta\u0142y zaprojektowane z my\u015bl\u0105 o zastosowaniu jako trwa\u0142e zderzaki gumowe lub amortyzatory dedykowane statycznym urz\u0105dzeniom. Ich solidna konstrukcja gwarantuje niezawodne dzia\u0142anie i d\u0142ug\u0105 \u017cywotno\u015b\u0107","rel":"","context":"Similar post","block_context":{"text":"Similar post","link":""},"img":{"alt_text":"","src":"https:\/\/vibra-polymers.pl\/wp-content\/uploads\/2021\/10\/5453a2d1377c1.jpg","width":350,"height":200,"srcset":"https:\/\/vibra-polymers.pl\/wp-content\/uploads\/2021\/10\/5453a2d1377c1.jpg 1x, https:\/\/vibra-polymers.pl\/wp-content\/uploads\/2021\/10\/5453a2d1377c1.jpg 1.5x, https:\/\/vibra-polymers.pl\/wp-content\/uploads\/2021\/10\/5453a2d1377c1.jpg 2x"},"classes":[]},{"id":4220,"url":"https:\/\/vibra-polymers.pl\/en\/product\/wibroizolatory-typu-uu\/","url_meta":{"origin":4078,"position":3},"title":"Wibroizolatory Typu UU","author":"admin","date":"02\/11\/2021","format":false,"excerpt":"Kr\u00f3tki opis: Wibroizolatory Typu UU zosta\u0142 zaprojektowany w celu odizolowania sprz\u0119tu w tranzycie od wstrz\u0105s\u00f3w i wibracji. \u00a0","rel":"","context":"Similar post","block_context":{"text":"Similar post","link":""},"img":{"alt_text":"","src":"https:\/\/vibra-polymers.pl\/wp-content\/uploads\/2021\/11\/u_shear_mount.png","width":350,"height":200},"classes":[]},{"id":786,"url":"https:\/\/vibra-polymers.pl\/en\/product\/cylindryczne-typu-e-srednica-6mm\/","url_meta":{"origin":4078,"position":4},"title":"Cylindryczne Typu E \u015arednica 6mm","author":"admin","date":"11\/05\/2021","format":false,"excerpt":"Wibroizolatory Cylindryczne Typu E\u00a0s\u0105 najbardziej\u00a0ekonomicznym sposobem redukcji wibracji oraz\u00a0ha\u0142asu. Mog\u0105 by\u0107 stosowane przy\u00a0obci\u0105\u017ceniach \u015bciskaj\u0105cych, \u015bcinaj\u0105cych lub w\u00a0kombinacji obci\u0105\u017ce\u0144. Amortyzatory te posiadaj\u0105 szerokie spektrum zastosowania w\u00a0r\u00f3\u017cnych bran\u017cach. Przyk\u0142adowe zastosowanie: Silniki wysokopr\u0119\u017cne, Zespo\u0142y pr\u0105dotw\u00f3rcze oraz\u00a0wszelkiego rodzaju Maszyny i\u00a0Urz\u0105dzenia. Amortyzatory Typu E\u00a0mog\u0105 by\u0107 stosowane\u00a0jako Odbojniki lub te\u017c Stopy\u00a0do maszyn.\u00a0Zakres wagowy od 1 kg\u2026","rel":"","context":"Similar post","block_context":{"text":"Similar post","link":""},"img":{"alt_text":"","src":"","width":0,"height":0},"classes":[]},{"id":6683,"url":"https:\/\/vibra-polymers.pl\/en\/product\/wibroizolatory-cylindryczne-odbojniki-typu-e-kopia\/","url_meta":{"origin":4078,"position":5},"title":"Wibroizolatory Cylindryczne (Odbojniki) Typu E","author":"admin","date":"02\/03\/2022","format":false,"excerpt":"Kr\u00f3tki opis: Wibroizolatory Cylindryczne\u00a0Typu E\u00a0s\u0105 najbardziej ekonomicznym sposobem redukcji wibracji oraz ha\u0142asu.","rel":"","context":"Similar post","block_context":{"text":"Similar post","link":""},"img":{"alt_text":"","src":"https:\/\/vibra-polymers.pl\/wp-content\/uploads\/2022\/03\/187641356_148333947271334_5755532385869822936_n-removebg-preview_edytowano.png","width":350,"height":200},"classes":[]}],"jetpack_sharing_enabled":true,"_links":{"self":[{"href":"https:\/\/vibra-polymers.pl\/en\/wp-json\/wp\/v2\/product\/4078","targetHints":{"allow":["GET"]}}],"collection":[{"href":"https:\/\/vibra-polymers.pl\/en\/wp-json\/wp\/v2\/product"}],"about":[{"href":"https:\/\/vibra-polymers.pl\/en\/wp-json\/wp\/v2\/types\/product"}],"version-history":[{"count":1,"href":"https:\/\/vibra-polymers.pl\/en\/wp-json\/wp\/v2\/product\/4078\/revisions"}],"predecessor-version":[{"id":6219,"href":"https:\/\/vibra-polymers.pl\/en\/wp-json\/wp\/v2\/product\/4078\/revisions\/6219"}],"wp:featuredmedia":[{"embeddable":true,"href":"https:\/\/vibra-polymers.pl\/en\/wp-json\/wp\/v2\/media\/4079"}],"wp:attachment":[{"href":"https:\/\/vibra-polymers.pl\/en\/wp-json\/wp\/v2\/media?parent=4078"}],"wp:term":[{"taxonomy":"product_brand","embeddable":true,"href":"https:\/\/vibra-polymers.pl\/en\/wp-json\/wp\/v2\/product_brand?post=4078"},{"taxonomy":"product_cat","embeddable":true,"href":"https:\/\/vibra-polymers.pl\/en\/wp-json\/wp\/v2\/product_cat?post=4078"},{"taxonomy":"product_tag","embeddable":true,"href":"https:\/\/vibra-polymers.pl\/en\/wp-json\/wp\/v2\/product_tag?post=4078"}],"curies":[{"name":"wp","href":"https:\/\/api.w.org\/{rel}","templated":true}]}}