{"id":4097,"date":"2021-10-26T08:00:08","date_gmt":"2021-10-26T08:00:08","guid":{"rendered":"https:\/\/vibra-polymers.pl\/?post_type=product&#038;p=4097"},"modified":"2025-01-21T14:37:07","modified_gmt":"2025-01-21T14:37:07","slug":"odbojniki-metalowo-gumowe-typu-gm-bb","status":"publish","type":"product","link":"https:\/\/vibra-polymers.pl\/en\/product\/odbojniki-metalowo-gumowe-typu-gm-bb\/","title":{"rendered":"Odbojniki Metalowo Gumowe Typu GM-BB"},"content":{"rendered":"<div data-elementor-type=\"product-post\" data-elementor-id=\"4097\" class=\"elementor elementor-4097\" data-elementor-post-type=\"product\">\n\t\t\t\t\t\t<section class=\"elementor-section elementor-top-section elementor-element elementor-element-48981e5d elementor-section-boxed elementor-section-height-default elementor-section-height-default\" data-id=\"48981e5d\" data-element_type=\"section\" data-e-type=\"section\">\n\t\t\t\t\t\t<div class=\"elementor-container elementor-column-gap-default\">\n\t\t\t\t\t<div class=\"elementor-column elementor-col-100 elementor-top-column elementor-element elementor-element-6d8ac56b\" data-id=\"6d8ac56b\" data-element_type=\"column\" data-e-type=\"column\">\n\t\t\t<div class=\"elementor-widget-wrap elementor-element-populated\">\n\t\t\t\t\t\t<div class=\"elementor-element elementor-element-2f77d5ae elementor-widget elementor-widget-text-editor\" data-id=\"2f77d5ae\" data-element_type=\"widget\" data-e-type=\"widget\" data-widget_type=\"text-editor.default\">\n\t\t\t\t<div class=\"elementor-widget-container\">\n\t\t\t\t\t\t\t\t\t<div class=\"product-body\">\r\n<h4>Szczeg\u00f3\u0142y:<\/h4>\r\nWibroizolatory Typu GM-BB zosta\u0142 zaprojektowany do stosowania jako twardy zderzak gumowy lub amortyzator do statycznego sprz\u0119tu.\r\n<h3><\/h3>\r\n<h4>Zastosowanie:<\/h4>\r\n<ul>\r\n \t<li>Odbojniki<\/li>\r\n \t<li>G\u00f3rnictwo i\u00a0kopalnictwo<\/li>\r\n \t<li>Maszyny budowlane<\/li>\r\n \t<li>Maszyny rolnicze<\/li>\r\n \t<li>\u00a0Samochody i\u00a0ci\u0119\u017car\u00f3wki<\/li>\r\n<\/ul>\r\n&nbsp;\r\n\r\n&nbsp;\r\n<h4>\u00a0Informacje dodatkowe:<\/h4>\r\n<table data-tablestyle=\"MsoTableGrid\" data-tablelook=\"1696\" aria-rowcount=\"11\">\r\n<tbody>\r\n<tr aria-rowindex=\"1\">\r\n<td data-celllook=\"0\"><b><span data-contrast=\"none\">Kolor<\/span><\/b><\/td>\r\n<td data-celllook=\"0\"><span data-ccp-props=\"{&quot;201341983&quot;:0,&quot;335559740&quot;:259}\">Czarny<\/span><\/td>\r\n<\/tr>\r\n<tr aria-rowindex=\"2\">\r\n<td data-celllook=\"0\"><b><span data-contrast=\"none\">Materia\u0142<\/span><\/b><\/td>\r\n<td data-celllook=\"0\"><span data-ccp-props=\"{&quot;201341983&quot;:0,&quot;335559740&quot;:259}\">\u00a0NR<\/span><\/td>\r\n<\/tr>\r\n<tr aria-rowindex=\"3\">\r\n<td data-celllook=\"0\"><b><span data-contrast=\"none\">Twardo\u015b\u0107 (Shore A)<\/span><\/b><\/td>\r\n<td data-celllook=\"0\"><span data-ccp-props=\"{&quot;201341983&quot;:0,&quot;335559740&quot;:259}\">\u00a045\/60<\/span><\/td>\r\n<\/tr>\r\n<tr aria-rowindex=\"4\">\r\n<td data-celllook=\"0\"><b><span data-contrast=\"none\">Temperatura Maksymalna (\u00b0C)<\/span><\/b><\/td>\r\n<td data-celllook=\"0\"><span data-ccp-props=\"{&quot;201341983&quot;:0,&quot;335559740&quot;:259}\">\u00a080<\/span><\/td>\r\n<\/tr>\r\n<tr aria-rowindex=\"5\">\r\n<td data-celllook=\"0\"><b><span data-contrast=\"none\">Temperatura Minimalna (\u00b0C)<\/span><\/b><\/td>\r\n<td data-celllook=\"0\"><span data-ccp-props=\"{&quot;201341983&quot;:0,&quot;335559740&quot;:259}\">\u00a0-40<\/span><\/td>\r\n<\/tr>\r\n<tr aria-rowindex=\"6\">\r\n<td data-celllook=\"0\"><b><span data-contrast=\"none\">Wytrzyma\u0142o\u015b\u0107 Na Rozci\u0105ganie (MPa)<\/span><\/b><\/td>\r\n<td data-celllook=\"0\"><span data-ccp-props=\"{&quot;201341983&quot;:0,&quot;335559740&quot;:259}\">\u00a0N\/A<\/span><\/td>\r\n<\/tr>\r\n<tr aria-rowindex=\"7\">\r\n<td data-celllook=\"0\"><b><span data-contrast=\"none\">Wyd\u0142u\u017cenie Przy Zerwaniu (%)<\/span><\/b><\/td>\r\n<td data-celllook=\"0\"><span data-ccp-props=\"{&quot;201341983&quot;:0,&quot;335559740&quot;:259}\">\u00a0N\/A<\/span><\/td>\r\n<\/tr>\r\n<tr aria-rowindex=\"8\">\r\n<td data-celllook=\"0\"><b><span data-contrast=\"none\">\u015acieralno\u015b\u0107 (mm\u00b3) (DIN53516)<\/span><\/b><\/td>\r\n<td data-celllook=\"0\"><span data-ccp-props=\"{&quot;201341983&quot;:0,&quot;335559740&quot;:259}\">\u00a0N\/A<\/span><\/td>\r\n<\/tr>\r\n<tr aria-rowindex=\"9\">\r\n<td data-celllook=\"0\"><b><span data-contrast=\"none\">G\u0119sto\u015b\u0107 (g\/cm\u00b3)<\/span><\/b><\/td>\r\n<td data-celllook=\"0\"><span data-ccp-props=\"{&quot;201341983&quot;:0,&quot;335559740&quot;:259}\">\u00a0N\/A<\/span><\/td>\r\n<\/tr>\r\n<tr aria-rowindex=\"10\">\r\n<td data-celllook=\"0\"><b><span data-contrast=\"none\">Absorpcja Wody (%)<\/span><\/b><\/td>\r\n<td data-celllook=\"0\"><span data-ccp-props=\"{&quot;201341983&quot;:0,&quot;335559740&quot;:259}\">\u00a0N\/A<\/span><\/td>\r\n<\/tr>\r\n<tr aria-rowindex=\"11\">\r\n<td data-celllook=\"0\"><b><span data-contrast=\"none\">Odporno\u015b\u0107 Na Rozerwanie (kN\/m)<\/span><\/b><\/td>\r\n<td data-celllook=\"0\"><span data-ccp-props=\"{&quot;201341983&quot;:0,&quot;335559740&quot;:259}\">\u00a0N\/A<\/span><\/td>\r\n<\/tr>\r\n<\/tbody>\r\n<\/table>\r\n<\/div>\r\n&nbsp;\r\n<h4><strong>Dost\u0119pne r\u00f3wnie\u017c w\u00a0wersji :<\/strong><\/h4>\r\n<ul>\r\n \t<li>Materia\u0142:\u00a0CR, NBR, EPDM, VMQ<\/li>\r\n \t<li>Stal:\u00a0A2, A4<\/li>\r\n \t<li>Twardo\u015b\u0107 ShA:35, 40, 45, 50,\u00a055, 60, 65, 70, 75, 80, 85, 90<\/li>\r\n \t<li>Kolor:\u00a0Szary (nie brudz\u0105cy)<\/li>\r\n \t<li>Spe\u0142niaj\u0105ce wymagania Normy dotycz\u0105cej ochrony przeciwpo\u017carowej: EN45545-2<\/li>\r\n<\/ul>\t\t\t\t\t\t\t\t<\/div>\n\t\t\t\t<\/div>\n\t\t\t\t\t<\/div>\n\t\t<\/div>\n\t\t\t\t\t<\/div>\n\t\t<\/section>\n\t\t\t\t<section class=\"elementor-section elementor-top-section elementor-element elementor-element-d6ecfed elementor-section-boxed elementor-section-height-default elementor-section-height-default\" data-id=\"d6ecfed\" data-element_type=\"section\" data-e-type=\"section\">\n\t\t\t\t\t\t<div class=\"elementor-container elementor-column-gap-default\">\n\t\t\t\t\t<div class=\"elementor-column elementor-col-100 elementor-top-column elementor-element elementor-element-6899b3a\" data-id=\"6899b3a\" data-element_type=\"column\" data-e-type=\"column\">\n\t\t\t<div class=\"elementor-widget-wrap elementor-element-populated\">\n\t\t\t\t\t\t<section class=\"elementor-section elementor-inner-section elementor-element elementor-element-e6fe35f elementor-section-boxed elementor-section-height-default elementor-section-height-default\" data-id=\"e6fe35f\" data-element_type=\"section\" data-e-type=\"section\">\n\t\t\t\t\t\t<div class=\"elementor-container elementor-column-gap-default\">\n\t\t\t\t\t<div class=\"elementor-column elementor-col-50 elementor-inner-column elementor-element elementor-element-29909d7\" data-id=\"29909d7\" data-element_type=\"column\" data-e-type=\"column\">\n\t\t\t<div class=\"elementor-widget-wrap\">\n\t\t\t\t\t\t\t<\/div>\n\t\t<\/div>\n\t\t\t\t<div class=\"elementor-column elementor-col-50 elementor-inner-column elementor-element elementor-element-b113103\" data-id=\"b113103\" data-element_type=\"column\" data-e-type=\"column\">\n\t\t\t<div class=\"elementor-widget-wrap\">\n\t\t\t\t\t\t\t<\/div>\n\t\t<\/div>\n\t\t\t\t\t<\/div>\n\t\t<\/section>\n\t\t\t\t\t<\/div>\n\t\t<\/div>\n\t\t\t\t\t<\/div>\n\t\t<\/section>\n\t\t\t\t<\/div>","protected":false},"excerpt":{"rendered":"<p>Wibroizolatory Typu GM-BB zosta\u0142y zaprojektowane z my\u015bl\u0105 o zastosowaniu jako trwa\u0142e zderzaki gumowe lub amortyzatory dedykowane statycznym urz\u0105dzeniom. Ich solidna konstrukcja gwarantuje niezawodne dzia\u0142anie i d\u0142ug\u0105 \u017cywotno\u015b\u0107<\/p>","protected":false},"featured_media":4106,"template":"elementor_canvas","meta":{"ocean_post_layout":"","ocean_both_sidebars_style":"","ocean_both_sidebars_content_width":0,"ocean_both_sidebars_sidebars_width":0,"ocean_sidebar":"0","ocean_second_sidebar":"0","ocean_disable_margins":"enable","ocean_add_body_class":"","ocean_shortcode_before_top_bar":"","ocean_shortcode_after_top_bar":"","ocean_shortcode_before_header":"","ocean_shortcode_after_header":"","ocean_has_shortcode":"","ocean_shortcode_after_title":"","ocean_shortcode_before_footer_widgets":"","ocean_shortcode_after_footer_widgets":"","ocean_shortcode_before_footer_bottom":"","ocean_shortcode_after_footer_bottom":"","ocean_display_top_bar":"default","ocean_display_header":"default","ocean_header_style":"","ocean_center_header_left_menu":"0","ocean_custom_header_template":"0","ocean_custom_logo":0,"ocean_custom_retina_logo":0,"ocean_custom_logo_max_width":0,"ocean_custom_logo_tablet_max_width":0,"ocean_custom_logo_mobile_max_width":0,"ocean_custom_logo_max_height":0,"ocean_custom_logo_tablet_max_height":0,"ocean_custom_logo_mobile_max_height":0,"ocean_header_custom_menu":"0","ocean_menu_typo_font_family":"0","ocean_menu_typo_font_subset":"","ocean_menu_typo_font_size":0,"ocean_menu_typo_font_size_tablet":0,"ocean_menu_typo_font_size_mobile":0,"ocean_menu_typo_font_size_unit":"px","ocean_menu_typo_font_weight":"","ocean_menu_typo_font_weight_tablet":"","ocean_menu_typo_font_weight_mobile":"","ocean_menu_typo_transform":"","ocean_menu_typo_transform_tablet":"","ocean_menu_typo_transform_mobile":"","ocean_menu_typo_line_height":0,"ocean_menu_typo_line_height_tablet":0,"ocean_menu_typo_line_height_mobile":0,"ocean_menu_typo_line_height_unit":"","ocean_menu_typo_spacing":0,"ocean_menu_typo_spacing_tablet":0,"ocean_menu_typo_spacing_mobile":0,"ocean_menu_typo_spacing_unit":"","ocean_menu_link_color":"","ocean_menu_link_color_hover":"","ocean_menu_link_color_active":"","ocean_menu_link_background":"","ocean_menu_link_hover_background":"","ocean_menu_link_active_background":"","ocean_menu_social_links_bg":"","ocean_menu_social_hover_links_bg":"","ocean_menu_social_links_color":"","ocean_menu_social_hover_links_color":"","ocean_disable_title":"default","ocean_disable_heading":"default","ocean_post_title":"","ocean_post_subheading":"","ocean_post_title_style":"","ocean_post_title_background_color":"","ocean_post_title_background":0,"ocean_post_title_bg_image_position":"","ocean_post_title_bg_image_attachment":"","ocean_post_title_bg_image_repeat":"","ocean_post_title_bg_image_size":"","ocean_post_title_height":0,"ocean_post_title_bg_overlay":0.5,"ocean_post_title_bg_overlay_color":"","ocean_disable_breadcrumbs":"default","ocean_breadcrumbs_color":"","ocean_breadcrumbs_separator_color":"","ocean_breadcrumbs_links_color":"","ocean_breadcrumbs_links_hover_color":"","ocean_display_footer_widgets":"default","ocean_display_footer_bottom":"default","ocean_custom_footer_template":"0"},"product_brand":[],"product_cat":[5716],"product_tag":[],"class_list":{"0":"post-4097","1":"product","2":"type-product","3":"status-publish","4":"has-post-thumbnail","6":"product_cat-odbojniki-gumowo-metalowe","7":"pa_kod-produktu-gm-bb1008012x37-45","8":"pa_kod-produktu-gm-bb1008012x37-60","9":"pa_kod-produktu-gm-bb12510016x36-45","10":"pa_kod-produktu-gm-bb12510016x36-60","11":"pa_kod-produktu-gm-bb16012516x44-45","12":"pa_kod-produktu-gm-bb16012516x44-60","13":"pa_kod-produktu-gm-bb20016020x44-45","14":"pa_kod-produktu-gm-bb20016020x44-60","16":"entry","17":"has-media","19":"first","20":"onbackorder","21":"shipping-taxable","22":"purchasable","23":"product-type-variable","24":"has-product-nav","25":"col","26":"span_1_of_3","27":"owp-content-center","28":"owp-thumbs-layout-horizontal","29":"owp-btn-normal","30":"owp-tabs-layout-horizontal"},"jetpack-related-posts":[{"id":4108,"url":"https:\/\/vibra-polymers.pl\/en\/product\/odbojniki-metalowo-gumowe-typu-gm-c\/","url_meta":{"origin":4097,"position":0},"title":"Odbojniki Metalowo Gumowe Typu GM-C","author":"admin","date":"26\/10\/2021","format":false,"excerpt":"Rabat ilo\u015bciowy: 21+ \u2013 5%\u00a0| 50+ \u2013 10%\u00a0 Rabat zostanie naliczony automatycznie w koszyku \u00a0 Kr\u00f3tki opis: Wibroizolatory Typu GM-A zosta\u0142 zaprojektowany do stosowania jako twardy zderzak gumowy lub amortyzator do statycznego sprz\u0119tu.","rel":"","context":"Similar post","block_context":{"text":"Similar post","link":""},"img":{"alt_text":"","src":"","width":0,"height":0},"classes":[]},{"id":4059,"url":"https:\/\/vibra-polymers.pl\/en\/product\/odbojniki-gumowo-metalowe-typu-gm-a\/","url_meta":{"origin":4097,"position":1},"title":"Odbojniki Gumowo Metalowe Typu GM-A","author":"admin","date":"26\/10\/2021","format":false,"excerpt":"Rabat ilo\u015bciowy: 21+ \u2013 5%\u00a0| 50+ \u2013 10%\u00a0 Rabat zostanie naliczony automatycznie w koszyku Kr\u00f3tki opis: Wibroizolatory Typu GM-A zosta\u0142 zaprojektowany do stosowania jako twardy zderzak gumowy lub amortyzator do statycznego sprz\u0119tu.","rel":"","context":"Similar post","block_context":{"text":"Similar post","link":""},"img":{"alt_text":"","src":"","width":0,"height":0},"classes":[]},{"id":4078,"url":"https:\/\/vibra-polymers.pl\/en\/product\/odbojniki-gumowo-metalowe-typu-gm-b\/","url_meta":{"origin":4097,"position":2},"title":"Odbojniki Gumowo Metalowe Typu GM-B","author":"admin","date":"26\/10\/2021","format":false,"excerpt":"Rabat ilo\u015bciowy: 21+ \u2013 5%\u00a0| 50+ \u2013 10%\u00a0 Rabat zostanie naliczony automatycznie w koszyku \u00a0 Kr\u00f3tki opis: Wibroizolatory Typu GM-B zosta\u0142 zaprojektowany do stosowania jako twardy zderzak gumowy lub amortyzator do statycznego sprz\u0119tu.","rel":"","context":"Similar post","block_context":{"text":"Similar post","link":""},"img":{"alt_text":"","src":"https:\/\/vibra-polymers.pl\/wp-content\/uploads\/2021\/10\/5453a289ad07a.jpg","width":350,"height":200,"srcset":"https:\/\/vibra-polymers.pl\/wp-content\/uploads\/2021\/10\/5453a289ad07a.jpg 1x, https:\/\/vibra-polymers.pl\/wp-content\/uploads\/2021\/10\/5453a289ad07a.jpg 1.5x, https:\/\/vibra-polymers.pl\/wp-content\/uploads\/2021\/10\/5453a289ad07a.jpg 2x"},"classes":[]},{"id":6683,"url":"https:\/\/vibra-polymers.pl\/en\/product\/wibroizolatory-cylindryczne-odbojniki-typu-e-kopia\/","url_meta":{"origin":4097,"position":3},"title":"Wibroizolatory Cylindryczne (Odbojniki) Typu E","author":"admin","date":"02\/03\/2022","format":false,"excerpt":"Kr\u00f3tki opis: Wibroizolatory Cylindryczne\u00a0Typu E\u00a0s\u0105 najbardziej ekonomicznym sposobem redukcji wibracji oraz ha\u0142asu.","rel":"","context":"Similar post","block_context":{"text":"Similar post","link":""},"img":{"alt_text":"","src":"https:\/\/vibra-polymers.pl\/wp-content\/uploads\/2022\/03\/187641356_148333947271334_5755532385869822936_n-removebg-preview_edytowano.png","width":350,"height":200},"classes":[]},{"id":786,"url":"https:\/\/vibra-polymers.pl\/en\/product\/cylindryczne-typu-e-srednica-6mm\/","url_meta":{"origin":4097,"position":4},"title":"Cylindryczne Typu E \u015arednica 6mm","author":"admin","date":"11\/05\/2021","format":false,"excerpt":"Wibroizolatory Cylindryczne Typu E\u00a0s\u0105 najbardziej\u00a0ekonomicznym sposobem redukcji wibracji oraz\u00a0ha\u0142asu. Mog\u0105 by\u0107 stosowane przy\u00a0obci\u0105\u017ceniach \u015bciskaj\u0105cych, \u015bcinaj\u0105cych lub w\u00a0kombinacji obci\u0105\u017ce\u0144. Amortyzatory te posiadaj\u0105 szerokie spektrum zastosowania w\u00a0r\u00f3\u017cnych bran\u017cach. Przyk\u0142adowe zastosowanie: Silniki wysokopr\u0119\u017cne, Zespo\u0142y pr\u0105dotw\u00f3rcze oraz\u00a0wszelkiego rodzaju Maszyny i\u00a0Urz\u0105dzenia. Amortyzatory Typu E\u00a0mog\u0105 by\u0107 stosowane\u00a0jako Odbojniki lub te\u017c Stopy\u00a0do maszyn.\u00a0Zakres wagowy od 1 kg\u2026","rel":"","context":"Similar post","block_context":{"text":"Similar post","link":""},"img":{"alt_text":"","src":"","width":0,"height":0},"classes":[]},{"id":2427,"url":"https:\/\/vibra-polymers.pl\/en\/product\/wibroizolatoty-cylindryczne-typu-d\/","url_meta":{"origin":4097,"position":5},"title":"Wibroizolatoty Cylindryczne Typu D","author":"admin","date":"09\/09\/2021","format":false,"excerpt":"\u00a0 Kr\u00f3tki opis: Wibroizolatory Cylindryczne\u00a0Typu D\u00a0s\u0105 najbardziej ekonomicznym sposobem redukcji wibracji oraz ha\u0142asu.","rel":"","context":"Similar post","block_context":{"text":"Similar post","link":""},"img":{"alt_text":"","src":"https:\/\/vibra-polymers.pl\/wp-content\/uploads\/2021\/09\/OIP-3.jpg","width":350,"height":200},"classes":[]}],"jetpack_sharing_enabled":true,"_links":{"self":[{"href":"https:\/\/vibra-polymers.pl\/en\/wp-json\/wp\/v2\/product\/4097","targetHints":{"allow":["GET"]}}],"collection":[{"href":"https:\/\/vibra-polymers.pl\/en\/wp-json\/wp\/v2\/product"}],"about":[{"href":"https:\/\/vibra-polymers.pl\/en\/wp-json\/wp\/v2\/types\/product"}],"version-history":[{"count":3,"href":"https:\/\/vibra-polymers.pl\/en\/wp-json\/wp\/v2\/product\/4097\/revisions"}],"predecessor-version":[{"id":8735,"href":"https:\/\/vibra-polymers.pl\/en\/wp-json\/wp\/v2\/product\/4097\/revisions\/8735"}],"wp:featuredmedia":[{"embeddable":true,"href":"https:\/\/vibra-polymers.pl\/en\/wp-json\/wp\/v2\/media\/4106"}],"wp:attachment":[{"href":"https:\/\/vibra-polymers.pl\/en\/wp-json\/wp\/v2\/media?parent=4097"}],"wp:term":[{"taxonomy":"product_brand","embeddable":true,"href":"https:\/\/vibra-polymers.pl\/en\/wp-json\/wp\/v2\/product_brand?post=4097"},{"taxonomy":"product_cat","embeddable":true,"href":"https:\/\/vibra-polymers.pl\/en\/wp-json\/wp\/v2\/product_cat?post=4097"},{"taxonomy":"product_tag","embeddable":true,"href":"https:\/\/vibra-polymers.pl\/en\/wp-json\/wp\/v2\/product_tag?post=4097"}],"curies":[{"name":"wp","href":"https:\/\/api.w.org\/{rel}","templated":true}]}}