{"id":4127,"date":"2021-10-26T08:48:46","date_gmt":"2021-10-26T08:48:46","guid":{"rendered":"https:\/\/vibra-polymers.pl\/?post_type=product&#038;p=4127"},"modified":"2022-04-02T08:57:25","modified_gmt":"2022-04-02T08:57:25","slug":"wibroizolatory-kolpakowe-typu-wk","status":"publish","type":"product","link":"https:\/\/vibra-polymers.pl\/en\/product\/wibroizolatory-kolpakowe-typu-wk\/","title":{"rendered":"Wibroizolatory Ko\u0142pakowe Typu WK"},"content":{"rendered":"","protected":false},"excerpt":{"rendered":"<h4>Kr\u00f3tki opis:<\/h4>\n<p>Wibroizolatory Talerzowe s\u0105 stosowane do izolowania drga\u0144 od ci\u0119\u017ckiego sprz\u0119tu.<\/p>\n<p>&nbsp;<\/p>\n<h4>Cechy produktu:<\/h4>\n<div class=\"product-body\">\n<ul>\n<li>Materia\u0142:\u00a0Kauczuk Naturalny NR<\/li>\n<li>Twardo\u015b\u0107 (Shore A):\u00a040\u00a0ShA, 60\u00a0ShA, 70 ShA,<\/li>\n<li>Temperatura maksymalna (\u00b0C):\u00a080<\/li>\n<li>Temperatura minimalna (\u00b0C):\u00a0-40<\/li>\n<\/ul>\n<\/div>","protected":false},"featured_media":5440,"template":"","meta":{"ocean_post_layout":"","ocean_both_sidebars_style":"","ocean_both_sidebars_content_width":0,"ocean_both_sidebars_sidebars_width":0,"ocean_sidebar":"0","ocean_second_sidebar":"0","ocean_disable_margins":"enable","ocean_add_body_class":"","ocean_shortcode_before_top_bar":"","ocean_shortcode_after_top_bar":"","ocean_shortcode_before_header":"","ocean_shortcode_after_header":"","ocean_has_shortcode":"","ocean_shortcode_after_title":"","ocean_shortcode_before_footer_widgets":"","ocean_shortcode_after_footer_widgets":"","ocean_shortcode_before_footer_bottom":"","ocean_shortcode_after_footer_bottom":"","ocean_display_top_bar":"default","ocean_display_header":"default","ocean_header_style":"","ocean_center_header_left_menu":"0","ocean_custom_header_template":"0","ocean_custom_logo":0,"ocean_custom_retina_logo":0,"ocean_custom_logo_max_width":0,"ocean_custom_logo_tablet_max_width":0,"ocean_custom_logo_mobile_max_width":0,"ocean_custom_logo_max_height":0,"ocean_custom_logo_tablet_max_height":0,"ocean_custom_logo_mobile_max_height":0,"ocean_header_custom_menu":"0","ocean_menu_typo_font_family":"0","ocean_menu_typo_font_subset":"","ocean_menu_typo_font_size":0,"ocean_menu_typo_font_size_tablet":0,"ocean_menu_typo_font_size_mobile":0,"ocean_menu_typo_font_size_unit":"px","ocean_menu_typo_font_weight":"","ocean_menu_typo_font_weight_tablet":"","ocean_menu_typo_font_weight_mobile":"","ocean_menu_typo_transform":"","ocean_menu_typo_transform_tablet":"","ocean_menu_typo_transform_mobile":"","ocean_menu_typo_line_height":0,"ocean_menu_typo_line_height_tablet":0,"ocean_menu_typo_line_height_mobile":0,"ocean_menu_typo_line_height_unit":"","ocean_menu_typo_spacing":0,"ocean_menu_typo_spacing_tablet":0,"ocean_menu_typo_spacing_mobile":0,"ocean_menu_typo_spacing_unit":"","ocean_menu_link_color":"","ocean_menu_link_color_hover":"","ocean_menu_link_color_active":"","ocean_menu_link_background":"","ocean_menu_link_hover_background":"","ocean_menu_link_active_background":"","ocean_menu_social_links_bg":"","ocean_menu_social_hover_links_bg":"","ocean_menu_social_links_color":"","ocean_menu_social_hover_links_color":"","ocean_disable_title":"default","ocean_disable_heading":"default","ocean_post_title":"","ocean_post_subheading":"","ocean_post_title_style":"","ocean_post_title_background_color":"","ocean_post_title_background":0,"ocean_post_title_bg_image_position":"","ocean_post_title_bg_image_attachment":"","ocean_post_title_bg_image_repeat":"","ocean_post_title_bg_image_size":"","ocean_post_title_height":0,"ocean_post_title_bg_overlay":0.5,"ocean_post_title_bg_overlay_color":"","ocean_disable_breadcrumbs":"default","ocean_breadcrumbs_color":"","ocean_breadcrumbs_separator_color":"","ocean_breadcrumbs_links_color":"","ocean_breadcrumbs_links_hover_color":"","ocean_display_footer_widgets":"default","ocean_display_footer_bottom":"default","ocean_custom_footer_template":"0"},"product_brand":[],"product_cat":[9150],"product_tag":[],"class_list":{"0":"post-4127","1":"product","2":"type-product","3":"status-publish","4":"has-post-thumbnail","6":"product_cat-wibroizolatory-kolpakowe","7":"pa_kod-produktu-wk10162m10-40","8":"pa_kod-produktu-wk10162m10-60","9":"pa_kod-produktu-wk10162m10-70","10":"pa_kod-produktu-wk10162m12-40","11":"pa_kod-produktu-wk10162m12-60","12":"pa_kod-produktu-wk10162m12-70","13":"pa_kod-produktu-wk1062m10-70","14":"pa_kod-produktu-wk11064m10-40","15":"pa_kod-produktu-wk11064m10-60","16":"pa_kod-produktu-wk11064m10-70","17":"pa_kod-produktu-wk11064m12-40","18":"pa_kod-produktu-wk11064m12-60","19":"pa_kod-produktu-wk11064m12-70","21":"entry","22":"has-media","24":"first","25":"onbackorder","26":"shipping-taxable","27":"purchasable","28":"product-type-variable","29":"has-product-nav","30":"col","31":"span_1_of_3","32":"owp-content-center","33":"owp-thumbs-layout-horizontal","34":"owp-btn-normal","35":"owp-tabs-layout-horizontal"},"jetpack-related-posts":[{"id":4168,"url":"https:\/\/vibra-polymers.pl\/en\/product\/stopy-do-maszyn-typu-sm-e\/","url_meta":{"origin":4127,"position":0},"title":"Stopy do Maszyn Typu SM-E","author":"admin","date":"02\/11\/2021","format":false,"excerpt":"Kr\u00f3tki opis: Wibroizolatory Talerzowe s\u0105 stosowane do izolowania drga\u0144 od ci\u0119\u017ckiego sprz\u0119tu. \u00a0 Cechy produktu: Materia\u0142:\u00a0Kauczuk Naturalny NR Twardo\u015b\u0107 (Shore A):\u00a045 ShA, 60 ShA oraz\u00a070 ShA Temperatura maksymalna (\u00b0C):\u00a080 Temperatura minimalna (\u00b0C):\u00a0-40","rel":"","context":"Similar post","block_context":{"text":"Similar post","link":""},"img":{"alt_text":"","src":"","width":0,"height":0},"classes":[]},{"id":4220,"url":"https:\/\/vibra-polymers.pl\/en\/product\/wibroizolatory-typu-uu\/","url_meta":{"origin":4127,"position":1},"title":"Wibroizolatory Typu UU","author":"admin","date":"02\/11\/2021","format":false,"excerpt":"Kr\u00f3tki opis: Wibroizolatory Typu UU zosta\u0142 zaprojektowany w celu odizolowania sprz\u0119tu w tranzycie od wstrz\u0105s\u00f3w i wibracji. \u00a0","rel":"","context":"Similar post","block_context":{"text":"Similar post","link":""},"img":{"alt_text":"","src":"https:\/\/vibra-polymers.pl\/wp-content\/uploads\/2021\/11\/u_shear_mount.png","width":350,"height":200},"classes":[]},{"id":4181,"url":"https:\/\/vibra-polymers.pl\/en\/product\/wibroizolator-typu-sm-f-poziomujacy\/","url_meta":{"origin":4127,"position":2},"title":"Wibroizolator Typu SM- F (poziomuj\u0105cy)","author":"admin","date":"02\/11\/2021","format":false,"excerpt":"Kr\u00f3tki opis: Wibroizolatory Talerzowe s\u0105 stosowane do izolowania drga\u0144 od ci\u0119\u017ckiego sprz\u0119tu. \u00a0 Cechy produktu: Materia\u0142:\u00a0Kauczuk Naturalny NR Twardo\u015b\u0107 (Shore A):60 ShA Temperatura maksymalna (\u00b0C):\u00a080 Temperatura minimalna (\u00b0C):\u00a0-40","rel":"","context":"Similar post","block_context":{"text":"Similar post","link":""},"img":{"alt_text":"","src":"","width":0,"height":0},"classes":[]},{"id":3490,"url":"https:\/\/vibra-polymers.pl\/en\/product\/wibroizolatory-taliowane-typu-ta-sruba-sruba\/","url_meta":{"origin":4127,"position":3},"title":"Wibroizolatory Taliowane Typu TA ( \u015aruba\/\u015aruba )","author":"admin","date":"18\/10\/2021","format":false,"excerpt":"\u00a0 Kr\u00f3tki opis: Wibroizolatory tego typu przeznaczone s\u0105 g\u0142\u00f3wnie dla\u00a0obci\u0105\u017ce\u0144 \u015bcinaj\u0105cych\u00a0ale mog\u0105 by\u0107 tak\u017ce stosowane przy obci\u0105\u017ceniach \u015bciskaj\u0105cych.","rel":"","context":"Similar post","block_context":{"text":"Similar post","link":""},"img":{"alt_text":"Wibroizolator TA Rysunek","src":"https:\/\/www.propolimer.pl\/files\/880332733\/lib\/TA.rys.png","width":350,"height":200},"classes":[]},{"id":3906,"url":"https:\/\/vibra-polymers.pl\/en\/product\/wibroizolatory-paraboliczne-sciete\/","url_meta":{"origin":4127,"position":4},"title":"Wibroizolatory Paraboliczne \u015aci\u0119te","author":"admin","date":"22\/10\/2021","format":false,"excerpt":"Rabat ilo\u015bciowy: 21+ \u2013 5%\u00a0| 50+ \u2013 10%\u00a0 Rabat zostanie naliczony automatycznie w koszyku Kr\u00f3tki opis: Posiadamy w ofercie dwa typy Wibroizolator\u00f3w\u00a0 Parabolicznych \u015aci\u0119tych: Typ PS-A (\u015aruba\/ Guma) Typ PS-B (Gwint Wewn\u0119trzny\/ Guma)","rel":"","context":"Similar post","block_context":{"text":"Similar post","link":""},"img":{"alt_text":"","src":"https:\/\/vibra-polymers.pl\/wp-content\/uploads\/2021\/10\/OIP-21.jpg","width":350,"height":200},"classes":[]},{"id":3719,"url":"https:\/\/vibra-polymers.pl\/en\/product\/wibroizolatory-walcowe\/","url_meta":{"origin":4127,"position":5},"title":"Wibroizolatory Walcowe","author":"admin","date":"20\/10\/2021","format":false,"excerpt":"Kr\u00f3tki opis: Wibroizolatory Typu WA s\u0105 przeznaczone dla urz\u0105dze\u0144 w kt\u00f3rych Wibroizolatory s\u0105 nara\u017cone na wysokie napr\u0119\u017cenia \u015bcinaj\u0105ce oraz na skr\u0119canie podczas pracy. Wibroizolatory Typu WA mog\u0105 by\u0107 mocowane za pomoc\u0105 naci\u0119\u0107 na cz\u0119\u015bci metalowej, aby uniemo\u017cliwi\u0107 obracanie si\u0119 wibroizolatora w czasie pracy. \u00a0 Skontaktuj si\u0119 z nami po wi\u0119cej\u2026","rel":"","context":"Similar post","block_context":{"text":"Similar post","link":""},"img":{"alt_text":"","src":"","width":0,"height":0},"classes":[]}],"jetpack_sharing_enabled":true,"_links":{"self":[{"href":"https:\/\/vibra-polymers.pl\/en\/wp-json\/wp\/v2\/product\/4127","targetHints":{"allow":["GET"]}}],"collection":[{"href":"https:\/\/vibra-polymers.pl\/en\/wp-json\/wp\/v2\/product"}],"about":[{"href":"https:\/\/vibra-polymers.pl\/en\/wp-json\/wp\/v2\/types\/product"}],"version-history":[{"count":1,"href":"https:\/\/vibra-polymers.pl\/en\/wp-json\/wp\/v2\/product\/4127\/revisions"}],"predecessor-version":[{"id":4133,"href":"https:\/\/vibra-polymers.pl\/en\/wp-json\/wp\/v2\/product\/4127\/revisions\/4133"}],"wp:featuredmedia":[{"embeddable":true,"href":"https:\/\/vibra-polymers.pl\/en\/wp-json\/wp\/v2\/media\/5440"}],"wp:attachment":[{"href":"https:\/\/vibra-polymers.pl\/en\/wp-json\/wp\/v2\/media?parent=4127"}],"wp:term":[{"taxonomy":"product_brand","embeddable":true,"href":"https:\/\/vibra-polymers.pl\/en\/wp-json\/wp\/v2\/product_brand?post=4127"},{"taxonomy":"product_cat","embeddable":true,"href":"https:\/\/vibra-polymers.pl\/en\/wp-json\/wp\/v2\/product_cat?post=4127"},{"taxonomy":"product_tag","embeddable":true,"href":"https:\/\/vibra-polymers.pl\/en\/wp-json\/wp\/v2\/product_tag?post=4127"}],"curies":[{"name":"wp","href":"https:\/\/api.w.org\/{rel}","templated":true}]}}