{"id":4151,"date":"2021-11-02T07:51:43","date_gmt":"2021-11-02T07:51:43","guid":{"rendered":"https:\/\/vibra-polymers.pl\/?post_type=product&#038;p=4151"},"modified":"2022-03-02T09:28:03","modified_gmt":"2022-03-02T09:28:03","slug":"stopy-do-maszyn-typu-sm-b","status":"publish","type":"product","link":"https:\/\/vibra-polymers.pl\/en\/product\/stopy-do-maszyn-typu-sm-b\/","title":{"rendered":"Stopy do Maszyn Typu SM-B"},"content":{"rendered":"","protected":false},"excerpt":{"rendered":"<h4>Kr\u00f3tki opis:<\/h4>\n<p>Wibroizolatory Talerzowe s\u0105 stosowane do izolowania drga\u0144 od ci\u0119\u017ckiego sprz\u0119tu.<\/p>\n<h4>Cechy produktu:<\/h4>\n<div class=\"product-body\">\n<ul>\n<li>Materia\u0142: Guma Olejoodporna NBR<\/li>\n<li>Temperatura maksymalna (\u00b0C):\u00a080<\/li>\n<li>Temperatura minimalna (\u00b0C):\u00a0-40<\/li>\n<li>Obci\u0105\u017cenie Statyczne (kg)\u00a0 500-2500<\/li>\n<\/ul>\n<\/div>","protected":false},"featured_media":4152,"template":"","meta":{"ocean_post_layout":"","ocean_both_sidebars_style":"","ocean_both_sidebars_content_width":0,"ocean_both_sidebars_sidebars_width":0,"ocean_sidebar":"0","ocean_second_sidebar":"0","ocean_disable_margins":"enable","ocean_add_body_class":"","ocean_shortcode_before_top_bar":"","ocean_shortcode_after_top_bar":"","ocean_shortcode_before_header":"","ocean_shortcode_after_header":"","ocean_has_shortcode":"","ocean_shortcode_after_title":"","ocean_shortcode_before_footer_widgets":"","ocean_shortcode_after_footer_widgets":"","ocean_shortcode_before_footer_bottom":"","ocean_shortcode_after_footer_bottom":"","ocean_display_top_bar":"default","ocean_display_header":"default","ocean_header_style":"","ocean_center_header_left_menu":"0","ocean_custom_header_template":"0","ocean_custom_logo":0,"ocean_custom_retina_logo":0,"ocean_custom_logo_max_width":0,"ocean_custom_logo_tablet_max_width":0,"ocean_custom_logo_mobile_max_width":0,"ocean_custom_logo_max_height":0,"ocean_custom_logo_tablet_max_height":0,"ocean_custom_logo_mobile_max_height":0,"ocean_header_custom_menu":"0","ocean_menu_typo_font_family":"0","ocean_menu_typo_font_subset":"","ocean_menu_typo_font_size":0,"ocean_menu_typo_font_size_tablet":0,"ocean_menu_typo_font_size_mobile":0,"ocean_menu_typo_font_size_unit":"px","ocean_menu_typo_font_weight":"","ocean_menu_typo_font_weight_tablet":"","ocean_menu_typo_font_weight_mobile":"","ocean_menu_typo_transform":"","ocean_menu_typo_transform_tablet":"","ocean_menu_typo_transform_mobile":"","ocean_menu_typo_line_height":0,"ocean_menu_typo_line_height_tablet":0,"ocean_menu_typo_line_height_mobile":0,"ocean_menu_typo_line_height_unit":"","ocean_menu_typo_spacing":0,"ocean_menu_typo_spacing_tablet":0,"ocean_menu_typo_spacing_mobile":0,"ocean_menu_typo_spacing_unit":"","ocean_menu_link_color":"","ocean_menu_link_color_hover":"","ocean_menu_link_color_active":"","ocean_menu_link_background":"","ocean_menu_link_hover_background":"","ocean_menu_link_active_background":"","ocean_menu_social_links_bg":"","ocean_menu_social_hover_links_bg":"","ocean_menu_social_links_color":"","ocean_menu_social_hover_links_color":"","ocean_disable_title":"default","ocean_disable_heading":"default","ocean_post_title":"","ocean_post_subheading":"","ocean_post_title_style":"","ocean_post_title_background_color":"","ocean_post_title_background":0,"ocean_post_title_bg_image_position":"","ocean_post_title_bg_image_attachment":"","ocean_post_title_bg_image_repeat":"","ocean_post_title_bg_image_size":"","ocean_post_title_height":0,"ocean_post_title_bg_overlay":0.5,"ocean_post_title_bg_overlay_color":"","ocean_disable_breadcrumbs":"default","ocean_breadcrumbs_color":"","ocean_breadcrumbs_separator_color":"","ocean_breadcrumbs_links_color":"","ocean_breadcrumbs_links_hover_color":"","ocean_display_footer_widgets":"default","ocean_display_footer_bottom":"default","ocean_custom_footer_template":"0"},"product_brand":[],"product_cat":[5851],"product_tag":[],"class_list":{"0":"post-4151","1":"product","2":"type-product","3":"status-publish","4":"has-post-thumbnail","6":"product_cat-stopy-do-maszyn-typu-sm","7":"pa_kod-produktu-sm-b130m16","8":"pa_kod-produktu-sm-b170m20","9":"pa_kod-produktu-sm-b210m24","10":"pa_kod-produktu-sm-b90m12","12":"entry","13":"has-media","15":"first","16":"instock","17":"shipping-taxable","18":"purchasable","19":"product-type-variable","20":"has-product-nav","21":"col","22":"span_1_of_3","23":"owp-content-center","24":"owp-thumbs-layout-horizontal","25":"owp-btn-normal","26":"owp-tabs-layout-horizontal"},"jetpack-related-posts":[{"id":5001,"url":"https:\/\/vibra-polymers.pl\/en\/product\/oringi-epdm\/","url_meta":{"origin":4151,"position":0},"title":"O-ringi EPDM","author":"admin","date":"05\/11\/2021","format":false,"excerpt":"\u00a0 Kr\u00f3tki opis: O-ringi EPDM zyska\u0142y szerok\u0105 akceptacj\u0119 przemys\u0142u uszczelnie\u0144 dzi\u0119ki doskona\u0142ej odporno\u015bci na ozon i odporno\u015bci chemicznej. O-ringi EPDM\u00a0 s\u0105 cz\u0119sto stosowane do uszczelnienia uk\u0142ad\u00f3w hamulcowych. \u00a0 \u00a0","rel":"","context":"Similar post","block_context":{"text":"Similar post","link":""},"img":{"alt_text":"","src":"https:\/\/vibra-polymers.pl\/wp-content\/uploads\/2022\/03\/186530691_1171870679927347_7040501725056935753_n-removebg-preview.jpg","width":350,"height":200,"srcset":"https:\/\/vibra-polymers.pl\/wp-content\/uploads\/2022\/03\/186530691_1171870679927347_7040501725056935753_n-removebg-preview.jpg 1x, https:\/\/vibra-polymers.pl\/wp-content\/uploads\/2022\/03\/186530691_1171870679927347_7040501725056935753_n-removebg-preview.jpg 1.5x"},"classes":[]},{"id":4160,"url":"https:\/\/vibra-polymers.pl\/en\/product\/stopy-do-maszyn-ze-stali-nierdzewnej-typu-sm-c\/","url_meta":{"origin":4151,"position":1},"title":"Stopy do Maszyn ze Stali Nierdzewnej Typu SM-C","author":"admin","date":"02\/11\/2021","format":false,"excerpt":"Kr\u00f3tki opis: Wibroizolatory Talerzowe s\u0105 stosowane do izolowania drga\u0144 od ci\u0119\u017ckiego sprz\u0119tu. \u00a0 Cechy produktu: Materia\u0142:\u00a0Kauczuk Naturalny NR Temperatura maksymalna (\u00b0C):\u00a080 Temperatura minimalna (\u00b0C):\u00a0-40 Wykonane ze stali nierdzewnej\u00a0A2 Dopuszczalne obci\u0105\u017cenie Statyczne (kg)\u00a0 500-2500","rel":"","context":"Similar post","block_context":{"text":"Similar post","link":""},"img":{"alt_text":"","src":"https:\/\/vibra-polymers.pl\/wp-content\/uploads\/2021\/11\/R.jpg","width":350,"height":200},"classes":[]},{"id":4127,"url":"https:\/\/vibra-polymers.pl\/en\/product\/wibroizolatory-kolpakowe-typu-wk\/","url_meta":{"origin":4151,"position":2},"title":"Wibroizolatory Ko\u0142pakowe Typu WK","author":"admin","date":"26\/10\/2021","format":false,"excerpt":"Kr\u00f3tki opis: Wibroizolatory Talerzowe s\u0105 stosowane do izolowania drga\u0144 od ci\u0119\u017ckiego sprz\u0119tu. \u00a0 Cechy produktu: Materia\u0142:\u00a0Kauczuk Naturalny NR Twardo\u015b\u0107 (Shore A):\u00a040\u00a0ShA, 60\u00a0ShA, 70 ShA, Temperatura maksymalna (\u00b0C):\u00a080 Temperatura minimalna (\u00b0C):\u00a0-40","rel":"","context":"Similar post","block_context":{"text":"Similar post","link":""},"img":{"alt_text":"","src":"https:\/\/vibra-polymers.pl\/wp-content\/uploads\/2021\/10\/antivibration-support.png","width":350,"height":200},"classes":[]},{"id":4181,"url":"https:\/\/vibra-polymers.pl\/en\/product\/wibroizolator-typu-sm-f-poziomujacy\/","url_meta":{"origin":4151,"position":3},"title":"Wibroizolator Typu SM- F (poziomuj\u0105cy)","author":"admin","date":"02\/11\/2021","format":false,"excerpt":"Kr\u00f3tki opis: Wibroizolatory Talerzowe s\u0105 stosowane do izolowania drga\u0144 od ci\u0119\u017ckiego sprz\u0119tu. \u00a0 Cechy produktu: Materia\u0142:\u00a0Kauczuk Naturalny NR Twardo\u015b\u0107 (Shore A):60 ShA Temperatura maksymalna (\u00b0C):\u00a080 Temperatura minimalna (\u00b0C):\u00a0-40","rel":"","context":"Similar post","block_context":{"text":"Similar post","link":""},"img":{"alt_text":"","src":"","width":0,"height":0},"classes":[]},{"id":4162,"url":"https:\/\/vibra-polymers.pl\/en\/product\/stopy-do-maszyn-typu-sm-d\/","url_meta":{"origin":4151,"position":4},"title":"Stopy do Maszyn Typu SM-D","author":"admin","date":"02\/11\/2021","format":false,"excerpt":"Kr\u00f3tki opis: Wibroizolatory Talerzowe s\u0105 stosowane do izolowania drga\u0144 od ci\u0119\u017ckiego sprz\u0119tu. \u00a0 Cechy produktu: Materia\u0142:\u00a0Kauczuk Naturalny NR Temperatura maksymalna (\u00b0C):\u00a080 Temperatura minimalna (\u00b0C):\u00a0-40 Dopuszczalne Obci\u0105\u017cenie Statyczne (kg) 90-1300","rel":"","context":"Similar post","block_context":{"text":"Similar post","link":""},"img":{"alt_text":"","src":"https:\/\/vibra-polymers.pl\/wp-content\/uploads\/2021\/11\/R-1.jpg","width":350,"height":200},"classes":[]},{"id":4192,"url":"https:\/\/vibra-polymers.pl\/en\/product\/wibroizolator-typu-sm-g-poziomujacy\/","url_meta":{"origin":4151,"position":5},"title":"Wibroizolator Typu SM-G (Poziomuj\u0105cy)","author":"admin","date":"02\/11\/2021","format":false,"excerpt":"Kr\u00f3tki opis: Wibroizolatory Talerzowe s\u0105 stosowane do izolowania drga\u0144 od ci\u0119\u017ckiego sprz\u0119tu. \u00a0 Cechy produktu: Materia\u0142:\u00a0Kauczuk Naturalny NR Temperatura maksymalna (\u00b0C):\u00a080 Temperatura minimalna (\u00b0C):\u00a0-40 Maksymalne Obci\u0105\u017cenie: D50- 300kg,\u00a0 \u00a0D80-750kg.","rel":"","context":"Similar post","block_context":{"text":"Similar post","link":""},"img":{"alt_text":"","src":"https:\/\/vibra-polymers.pl\/wp-content\/uploads\/2021\/11\/sm8w_1200_small.jpg","width":350,"height":200,"srcset":"https:\/\/vibra-polymers.pl\/wp-content\/uploads\/2021\/11\/sm8w_1200_small.jpg 1x, https:\/\/vibra-polymers.pl\/wp-content\/uploads\/2021\/11\/sm8w_1200_small.jpg 1.5x, https:\/\/vibra-polymers.pl\/wp-content\/uploads\/2021\/11\/sm8w_1200_small.jpg 2x"},"classes":[]}],"jetpack_sharing_enabled":true,"_links":{"self":[{"href":"https:\/\/vibra-polymers.pl\/en\/wp-json\/wp\/v2\/product\/4151","targetHints":{"allow":["GET"]}}],"collection":[{"href":"https:\/\/vibra-polymers.pl\/en\/wp-json\/wp\/v2\/product"}],"about":[{"href":"https:\/\/vibra-polymers.pl\/en\/wp-json\/wp\/v2\/types\/product"}],"version-history":[{"count":0,"href":"https:\/\/vibra-polymers.pl\/en\/wp-json\/wp\/v2\/product\/4151\/revisions"}],"wp:featuredmedia":[{"embeddable":true,"href":"https:\/\/vibra-polymers.pl\/en\/wp-json\/wp\/v2\/media\/4152"}],"wp:attachment":[{"href":"https:\/\/vibra-polymers.pl\/en\/wp-json\/wp\/v2\/media?parent=4151"}],"wp:term":[{"taxonomy":"product_brand","embeddable":true,"href":"https:\/\/vibra-polymers.pl\/en\/wp-json\/wp\/v2\/product_brand?post=4151"},{"taxonomy":"product_cat","embeddable":true,"href":"https:\/\/vibra-polymers.pl\/en\/wp-json\/wp\/v2\/product_cat?post=4151"},{"taxonomy":"product_tag","embeddable":true,"href":"https:\/\/vibra-polymers.pl\/en\/wp-json\/wp\/v2\/product_tag?post=4151"}],"curies":[{"name":"wp","href":"https:\/\/api.w.org\/{rel}","templated":true}]}}