{"id":4220,"date":"2021-11-02T14:04:49","date_gmt":"2021-11-02T14:04:49","guid":{"rendered":"https:\/\/vibra-polymers.pl\/?post_type=product&#038;p=4220"},"modified":"2022-03-10T09:15:50","modified_gmt":"2022-03-10T09:15:50","slug":"wibroizolatory-typu-uu","status":"publish","type":"product","link":"https:\/\/vibra-polymers.pl\/en\/product\/wibroizolatory-typu-uu\/","title":{"rendered":"Wibroizolatory Typu UU"},"content":{"rendered":"<h4>Szczeg\u00f3\u0142y:<\/h4>\n<p>Wibroizolatory Typu UU\u00a0zosta\u0142 zaprojektowany w celu odizolowania sprz\u0119tu w tranzycie od wstrz\u0105s\u00f3w i wibracji.<\/p>\n<ul>\n<li>Materia\u0142:\u00a0Kauczuk Naturalny NR<\/li>\n<li>Kolor: Czarny<\/li>\n<li>Temperatura maksymalna (\u00b0C):\u00a080<\/li>\n<li>Temperatura minimalna (\u00b0C):\u00a0-40<\/li>\n<\/ul>\n<p>&nbsp;<\/p>\n<p>&nbsp;<\/p>\n<p><strong>Dost\u0119pne r\u00f3wnie\u017c w\u00a0wersji :<\/strong><\/p>\n<ul>\n<li>Twardo\u015b\u0107 ShA:40, 60 oraz\u00a070<\/li>\n<li>Spe\u0142niaj\u0105ce\u00a0wymagania\u00a0Normy\u00a0dotycz\u0105cej\u00a0ochrony przeciwpo\u017carowej:\u00a0EN45545-2<\/li>\n<\/ul>","protected":false},"excerpt":{"rendered":"<h4>Kr\u00f3tki opis:<\/h4>\n<p>Wibroizolatory Typu UU zosta\u0142 zaprojektowany w celu odizolowania sprz\u0119tu w tranzycie od wstrz\u0105s\u00f3w i wibracji.<\/p>\n<div class=\"product-body\">\n<p>&nbsp;<\/p>\n<\/div>","protected":false},"featured_media":4221,"template":"","meta":{"ocean_post_layout":"","ocean_both_sidebars_style":"","ocean_both_sidebars_content_width":0,"ocean_both_sidebars_sidebars_width":0,"ocean_sidebar":"0","ocean_second_sidebar":"0","ocean_disable_margins":"enable","ocean_add_body_class":"","ocean_shortcode_before_top_bar":"","ocean_shortcode_after_top_bar":"","ocean_shortcode_before_header":"","ocean_shortcode_after_header":"","ocean_has_shortcode":"","ocean_shortcode_after_title":"","ocean_shortcode_before_footer_widgets":"","ocean_shortcode_after_footer_widgets":"","ocean_shortcode_before_footer_bottom":"","ocean_shortcode_after_footer_bottom":"","ocean_display_top_bar":"default","ocean_display_header":"default","ocean_header_style":"","ocean_center_header_left_menu":"0","ocean_custom_header_template":"0","ocean_custom_logo":0,"ocean_custom_retina_logo":0,"ocean_custom_logo_max_width":0,"ocean_custom_logo_tablet_max_width":0,"ocean_custom_logo_mobile_max_width":0,"ocean_custom_logo_max_height":0,"ocean_custom_logo_tablet_max_height":0,"ocean_custom_logo_mobile_max_height":0,"ocean_header_custom_menu":"0","ocean_menu_typo_font_family":"0","ocean_menu_typo_font_subset":"","ocean_menu_typo_font_size":0,"ocean_menu_typo_font_size_tablet":0,"ocean_menu_typo_font_size_mobile":0,"ocean_menu_typo_font_size_unit":"px","ocean_menu_typo_font_weight":"","ocean_menu_typo_font_weight_tablet":"","ocean_menu_typo_font_weight_mobile":"","ocean_menu_typo_transform":"","ocean_menu_typo_transform_tablet":"","ocean_menu_typo_transform_mobile":"","ocean_menu_typo_line_height":0,"ocean_menu_typo_line_height_tablet":0,"ocean_menu_typo_line_height_mobile":0,"ocean_menu_typo_line_height_unit":"","ocean_menu_typo_spacing":0,"ocean_menu_typo_spacing_tablet":0,"ocean_menu_typo_spacing_mobile":0,"ocean_menu_typo_spacing_unit":"","ocean_menu_link_color":"","ocean_menu_link_color_hover":"","ocean_menu_link_color_active":"","ocean_menu_link_background":"","ocean_menu_link_hover_background":"","ocean_menu_link_active_background":"","ocean_menu_social_links_bg":"","ocean_menu_social_hover_links_bg":"","ocean_menu_social_links_color":"","ocean_menu_social_hover_links_color":"","ocean_disable_title":"default","ocean_disable_heading":"default","ocean_post_title":"","ocean_post_subheading":"","ocean_post_title_style":"","ocean_post_title_background_color":"","ocean_post_title_background":0,"ocean_post_title_bg_image_position":"","ocean_post_title_bg_image_attachment":"","ocean_post_title_bg_image_repeat":"","ocean_post_title_bg_image_size":"","ocean_post_title_height":0,"ocean_post_title_bg_overlay":0.5,"ocean_post_title_bg_overlay_color":"","ocean_disable_breadcrumbs":"default","ocean_breadcrumbs_color":"","ocean_breadcrumbs_separator_color":"","ocean_breadcrumbs_links_color":"","ocean_breadcrumbs_links_hover_color":"","ocean_display_footer_widgets":"default","ocean_display_footer_bottom":"default","ocean_custom_footer_template":"0"},"product_brand":[],"product_cat":[9149],"product_tag":[],"class_list":{"0":"post-4220","1":"product","2":"type-product","3":"status-publish","4":"has-post-thumbnail","6":"product_cat-wibroizolatory-typu-uu","7":"pa_kod-produktu-uu-m10-2","8":"pa_kod-produktu-uu-m10-3","9":"pa_kod-produktu-uu-m8-1","11":"entry","12":"has-media","14":"first","15":"instock","16":"shipping-taxable","17":"purchasable","18":"product-type-variable","19":"has-product-nav","20":"col","21":"span_1_of_3","22":"owp-content-center","23":"owp-thumbs-layout-horizontal","24":"owp-btn-normal","25":"owp-tabs-layout-horizontal"},"jetpack-related-posts":[{"id":4108,"url":"https:\/\/vibra-polymers.pl\/en\/product\/odbojniki-metalowo-gumowe-typu-gm-c\/","url_meta":{"origin":4220,"position":0},"title":"Odbojniki Metalowo Gumowe Typu GM-C","author":"admin","date":"26\/10\/2021","format":false,"excerpt":"Rabat ilo\u015bciowy: 21+ \u2013 5%\u00a0| 50+ \u2013 10%\u00a0 Rabat zostanie naliczony automatycznie w koszyku \u00a0 Kr\u00f3tki opis: Wibroizolatory Typu GM-A zosta\u0142 zaprojektowany do stosowania jako twardy zderzak gumowy lub amortyzator do statycznego sprz\u0119tu.","rel":"","context":"Similar post","block_context":{"text":"Similar post","link":""},"img":{"alt_text":"","src":"","width":0,"height":0},"classes":[]},{"id":4059,"url":"https:\/\/vibra-polymers.pl\/en\/product\/odbojniki-gumowo-metalowe-typu-gm-a\/","url_meta":{"origin":4220,"position":1},"title":"Odbojniki Gumowo Metalowe Typu GM-A","author":"admin","date":"26\/10\/2021","format":false,"excerpt":"Rabat ilo\u015bciowy: 21+ \u2013 5%\u00a0| 50+ \u2013 10%\u00a0 Rabat zostanie naliczony automatycznie w koszyku Kr\u00f3tki opis: Wibroizolatory Typu GM-A zosta\u0142 zaprojektowany do stosowania jako twardy zderzak gumowy lub amortyzator do statycznego sprz\u0119tu.","rel":"","context":"Similar post","block_context":{"text":"Similar post","link":""},"img":{"alt_text":"","src":"","width":0,"height":0},"classes":[]},{"id":4078,"url":"https:\/\/vibra-polymers.pl\/en\/product\/odbojniki-gumowo-metalowe-typu-gm-b\/","url_meta":{"origin":4220,"position":2},"title":"Odbojniki Gumowo Metalowe Typu GM-B","author":"admin","date":"26\/10\/2021","format":false,"excerpt":"Rabat ilo\u015bciowy: 21+ \u2013 5%\u00a0| 50+ \u2013 10%\u00a0 Rabat zostanie naliczony automatycznie w koszyku \u00a0 Kr\u00f3tki opis: Wibroizolatory Typu GM-B zosta\u0142 zaprojektowany do stosowania jako twardy zderzak gumowy lub amortyzator do statycznego sprz\u0119tu.","rel":"","context":"Similar post","block_context":{"text":"Similar post","link":""},"img":{"alt_text":"","src":"https:\/\/vibra-polymers.pl\/wp-content\/uploads\/2021\/10\/5453a289ad07a.jpg","width":350,"height":200,"srcset":"https:\/\/vibra-polymers.pl\/wp-content\/uploads\/2021\/10\/5453a289ad07a.jpg 1x, https:\/\/vibra-polymers.pl\/wp-content\/uploads\/2021\/10\/5453a289ad07a.jpg 1.5x, https:\/\/vibra-polymers.pl\/wp-content\/uploads\/2021\/10\/5453a289ad07a.jpg 2x"},"classes":[]},{"id":4097,"url":"https:\/\/vibra-polymers.pl\/en\/product\/odbojniki-metalowo-gumowe-typu-gm-bb\/","url_meta":{"origin":4220,"position":3},"title":"Odbojniki Metalowo Gumowe Typu GM-BB","author":"admin","date":"26\/10\/2021","format":false,"excerpt":"Wibroizolatory Typu GM-BB zosta\u0142y zaprojektowane z my\u015bl\u0105 o zastosowaniu jako trwa\u0142e zderzaki gumowe lub amortyzatory dedykowane statycznym urz\u0105dzeniom. Ich solidna konstrukcja gwarantuje niezawodne dzia\u0142anie i d\u0142ug\u0105 \u017cywotno\u015b\u0107","rel":"","context":"Similar post","block_context":{"text":"Similar post","link":""},"img":{"alt_text":"","src":"https:\/\/vibra-polymers.pl\/wp-content\/uploads\/2021\/10\/5453a2d1377c1.jpg","width":350,"height":200,"srcset":"https:\/\/vibra-polymers.pl\/wp-content\/uploads\/2021\/10\/5453a2d1377c1.jpg 1x, https:\/\/vibra-polymers.pl\/wp-content\/uploads\/2021\/10\/5453a2d1377c1.jpg 1.5x, https:\/\/vibra-polymers.pl\/wp-content\/uploads\/2021\/10\/5453a2d1377c1.jpg 2x"},"classes":[]},{"id":2027,"url":"https:\/\/vibra-polymers.pl\/en\/product\/wibroizolatory-cylindryczne-typu-c\/","url_meta":{"origin":4220,"position":4},"title":"Wibroizolatory Cylindryczne Typu C","author":"admin","date":"07\/09\/2021","format":false,"excerpt":"\u00a0 Kr\u00f3tki opis: Wibroizolatory Cylindryczne\u00a0Typu C\u00a0s\u0105 najbardziej ekonomicznym sposobem redukcji wibracji oraz ha\u0142asu.","rel":"","context":"Similar post","block_context":{"text":"Similar post","link":""},"img":{"alt_text":"","src":"https:\/\/vibra-polymers.pl\/wp-content\/uploads\/2021\/09\/OIP.jpg","width":350,"height":200},"classes":[]},{"id":957,"url":"https:\/\/vibra-polymers.pl\/en\/product\/wibroizolatory-cylindryczne-typu-a\/","url_meta":{"origin":4220,"position":5},"title":"Wibroizolatory Cylindryczne Typu A","author":"admin","date":"10\/08\/2021","format":false,"excerpt":"\u00a0 Kr\u00f3tki opis: Wibroizolatory Cylindryczne\u00a0Typu A\u00a0s\u0105 najbardziej ekonomicznym sposobem redukcji wibracji oraz ha\u0142asu.","rel":"","context":"Similar post","block_context":{"text":"Similar post","link":""},"img":{"alt_text":"","src":"https:\/\/vibra-polymers.pl\/wp-content\/uploads\/2021\/08\/Projekt-bez-nazwy-e1731677822403.jpg","width":350,"height":200,"srcset":"https:\/\/vibra-polymers.pl\/wp-content\/uploads\/2021\/08\/Projekt-bez-nazwy-e1731677822403.jpg 1x, https:\/\/vibra-polymers.pl\/wp-content\/uploads\/2021\/08\/Projekt-bez-nazwy-e1731677822403.jpg 1.5x"},"classes":[]}],"jetpack_sharing_enabled":true,"_links":{"self":[{"href":"https:\/\/vibra-polymers.pl\/en\/wp-json\/wp\/v2\/product\/4220","targetHints":{"allow":["GET"]}}],"collection":[{"href":"https:\/\/vibra-polymers.pl\/en\/wp-json\/wp\/v2\/product"}],"about":[{"href":"https:\/\/vibra-polymers.pl\/en\/wp-json\/wp\/v2\/types\/product"}],"version-history":[{"count":1,"href":"https:\/\/vibra-polymers.pl\/en\/wp-json\/wp\/v2\/product\/4220\/revisions"}],"predecessor-version":[{"id":6216,"href":"https:\/\/vibra-polymers.pl\/en\/wp-json\/wp\/v2\/product\/4220\/revisions\/6216"}],"wp:featuredmedia":[{"embeddable":true,"href":"https:\/\/vibra-polymers.pl\/en\/wp-json\/wp\/v2\/media\/4221"}],"wp:attachment":[{"href":"https:\/\/vibra-polymers.pl\/en\/wp-json\/wp\/v2\/media?parent=4220"}],"wp:term":[{"taxonomy":"product_brand","embeddable":true,"href":"https:\/\/vibra-polymers.pl\/en\/wp-json\/wp\/v2\/product_brand?post=4220"},{"taxonomy":"product_cat","embeddable":true,"href":"https:\/\/vibra-polymers.pl\/en\/wp-json\/wp\/v2\/product_cat?post=4220"},{"taxonomy":"product_tag","embeddable":true,"href":"https:\/\/vibra-polymers.pl\/en\/wp-json\/wp\/v2\/product_tag?post=4220"}],"curies":[{"name":"wp","href":"https:\/\/api.w.org\/{rel}","templated":true}]}}