{"id":5388,"date":"2022-02-14T12:38:32","date_gmt":"2022-02-14T12:38:32","guid":{"rendered":"https:\/\/vibra-polymers.pl\/?post_type=product&#038;p=5388"},"modified":"2022-05-24T10:40:46","modified_gmt":"2022-05-24T10:40:46","slug":"sznury-gumowe-nbr","status":"publish","type":"product","link":"https:\/\/vibra-polymers.pl\/en\/product\/sznury-gumowe-nbr\/","title":{"rendered":"Sznury Gumowe NBR"},"content":{"rendered":"<h4>Szczeg\u00f3\u0142y:<\/h4>\n<p>Sznury NBR s\u0105 powszechnie stosowane do kontaktu z olejami ropopochodnymi, mineralnymi oraz ro\u015blinnymi. Nadaj\u0105 si\u0119 tak\u017ce do kontaktu z w\u0119glowodorami aromatycznymi oraz z bardzo nisko st\u0119\u017conymi kwasami i zasadami.<\/p>\n<p>Sznury NBR oferowane przez nasz\u0105 firm\u0119 posiadaj\u0105 te\u017c dobre w\u0142a\u015bciwo\u015bci mechaniczne oraz wykazuj\u0105 niski poziom odkszta\u0142cenia przy nacisku. S\u0105 te\u017c najbardziej ekonomiczne ze wszystkich sznur\u00f3w oferowanych przez nasz\u0105 firm\u0119.<\/p>\n<p>&nbsp;<\/p>\n<h4>Cechy:<\/h4>\n<ul>\n<li>Standardowy materia\u0142 dla\u00a0hydrauliki i\u00a0pneumatyki<\/li>\n<li>Wzgl\u0119dnie niski koszt<\/li>\n<li>Dobre\u00a0w\u0142a\u015bciwo\u015bci mechaniczne (odkszta\u0142cenia trwa\u0142e, \u015bcieralno\u015b\u0107, zerwanie)<\/li>\n<li>Dobra odporno\u015b\u0107 na wiele substancji pochodnych ropy naftowej<\/li>\n<li>Odporno\u015b\u0107 na oleje zwierz\u0119ce i\u00a0ro\u015blinne<\/li>\n<li>Odpowiednie do kontaktu z:\u00a0smary, p\u0142yny\u00a0hydrauliczne, alkohole, smary\u00a0sylikonowe, oleje\u00a0mineralne\u00a0i t\u0142uszcze<\/li>\n<li>Odpowiednie do kontaktu z\u00a0w\u0119glowodorami alifatycznymi: propan, butan, olej nap\u0119dowy, oleje opa\u0142owe<\/li>\n<li>Kompatybilny z\u00a0p\u0142ynami: HFA, HFB, HFC (HSA, HSB, HSC).<\/li>\n<\/ul>\n<p>&nbsp;<\/p>\n<h4>Ograniczenia:<\/h4>\n<ul>\n<li>Nie odporny na:\u00a0bezpo\u015brednie \u015bwiat\u0142o s\u0142oneczne, ozon,\u00a0promieniowanie UV, warunki atmosferyczne<\/li>\n<li>Rozpuszczalniki polarne, niepalne p\u0142yny hydrauliczne (HFD lub HSD), chlorowane w\u0119glowodory aromatyczne<\/li>\n<li>P\u0142yny hamulcowe na bazie glikoli<\/li>\n<li>Silne kwasy, ketony, estry i\u00a0aldehydy<\/li>\n<li>15 lat okres przechowywania.<\/li>\n<\/ul>\n<p>&nbsp;<\/p>\n<h4>Informacje dodatkowe:<\/h4>\n<table data-tablestyle=\"MsoTableGrid\" data-tablelook=\"1696\" aria-rowcount=\"11\">\n<tbody>\n<tr aria-rowindex=\"1\">\n<td data-celllook=\"0\"><b><span data-contrast=\"none\">Kolor<\/span><\/b><\/td>\n<td data-celllook=\"0\"><span data-ccp-props=\"{&quot;201341983&quot;:0,&quot;335559740&quot;:259}\">Czarny<\/span><\/td>\n<\/tr>\n<tr aria-rowindex=\"2\">\n<td data-celllook=\"0\"><b><span data-contrast=\"none\">Materia\u0142<\/span><\/b><\/td>\n<td data-celllook=\"0\"><span data-ccp-props=\"{&quot;201341983&quot;:0,&quot;335559740&quot;:259}\">\u00a0NBR (Nitryl)<br \/>\n<\/span><\/td>\n<\/tr>\n<tr aria-rowindex=\"3\">\n<td data-celllook=\"0\"><b><span data-contrast=\"none\">Twardo\u015b\u0107 (Shore A)<\/span><\/b><\/td>\n<td data-celllook=\"0\"><span data-ccp-props=\"{&quot;201341983&quot;:0,&quot;335559740&quot;:259}\">\u00a070<\/span><\/td>\n<\/tr>\n<tr aria-rowindex=\"4\">\n<td data-celllook=\"0\"><b><span data-contrast=\"none\">Temperatura Maksymalna (\u00b0C)<\/span><\/b><\/td>\n<td data-celllook=\"0\"><span data-ccp-props=\"{&quot;201341983&quot;:0,&quot;335559740&quot;:259}\">\u00a080<\/span><\/td>\n<\/tr>\n<tr aria-rowindex=\"5\">\n<td data-celllook=\"0\"><b><span data-contrast=\"none\">Temperatura Minimalna (\u00b0C)<\/span><\/b><\/td>\n<td data-celllook=\"0\"><span data-ccp-props=\"{&quot;201341983&quot;:0,&quot;335559740&quot;:259}\">\u00a0-20<\/span><\/td>\n<\/tr>\n<tr aria-rowindex=\"6\">\n<td data-celllook=\"0\"><b><span data-contrast=\"none\">Wytrzyma\u0142o\u015b\u0107 Na Rozci\u0105ganie (MPa)<\/span><\/b><\/td>\n<td data-celllook=\"0\"><span data-ccp-props=\"{&quot;201341983&quot;:0,&quot;335559740&quot;:259}\">\u00a012.00<\/span><\/td>\n<\/tr>\n<tr aria-rowindex=\"7\">\n<td data-celllook=\"0\"><b><span data-contrast=\"none\">Wyd\u0142u\u017cenie Przy Zerwaniu (%)<\/span><\/b><\/td>\n<td data-celllook=\"0\"><span data-ccp-props=\"{&quot;201341983&quot;:0,&quot;335559740&quot;:259}\">\u00a0300<\/span><\/td>\n<\/tr>\n<tr aria-rowindex=\"8\">\n<td data-celllook=\"0\"><b><span data-contrast=\"none\">\u015acieralno\u015b\u0107 (mm\u00b3) (DIN53516)<\/span><\/b><\/td>\n<td data-celllook=\"0\"><span data-ccp-props=\"{&quot;201341983&quot;:0,&quot;335559740&quot;:259}\">\u00a0N\/A<\/span><\/td>\n<\/tr>\n<tr aria-rowindex=\"9\">\n<td data-celllook=\"0\"><b><span data-contrast=\"none\">G\u0119sto\u015b\u0107 (g\/cm\u00b3)<\/span><\/b><\/td>\n<td data-celllook=\"0\"><span data-ccp-props=\"{&quot;201341983&quot;:0,&quot;335559740&quot;:259}\">\u00a0N\/A<\/span><\/td>\n<\/tr>\n<tr aria-rowindex=\"10\">\n<td data-celllook=\"0\"><b><span data-contrast=\"none\">Absorpcja Wody (%)<\/span><\/b><\/td>\n<td data-celllook=\"0\"><span data-ccp-props=\"{&quot;201341983&quot;:0,&quot;335559740&quot;:259}\">\u00a0Nie<\/span><\/td>\n<\/tr>\n<tr aria-rowindex=\"11\">\n<td data-celllook=\"0\"><b><span data-contrast=\"none\">Odkszta\u0142cenia Trwa\u0142e Po Ucisku (%)<\/span><\/b><\/td>\n<td data-celllook=\"0\">25<\/td>\n<\/tr>\n<\/tbody>\n<\/table>\n<p>&nbsp;<\/p>","protected":false},"excerpt":{"rendered":"<p>&nbsp;<\/p>\n<h4>Kr\u00f3tki opis:<\/h4>\n<p>Sznury NBR s\u0105 powszechnie stosowane do kontaktu z olejami ropopochodnymi, mineralnymi oraz ro\u015blinnymi. Nadaj\u0105 si\u0119 tak\u017ce do kontaktu z w\u0119glowodorami aromatycznymi oraz z bardzo nisko st\u0119\u017conymi kwasami i zasadami.<\/p>\n<p>&nbsp;<\/p>\n<p><strong>Sprzedawane w metrach bie\u017c\u0105cych.<\/strong><\/p>","protected":false},"featured_media":5389,"template":"","meta":{"ocean_post_layout":"","ocean_both_sidebars_style":"","ocean_both_sidebars_content_width":0,"ocean_both_sidebars_sidebars_width":0,"ocean_sidebar":"0","ocean_second_sidebar":"0","ocean_disable_margins":"enable","ocean_add_body_class":"","ocean_shortcode_before_top_bar":"","ocean_shortcode_after_top_bar":"","ocean_shortcode_before_header":"","ocean_shortcode_after_header":"","ocean_has_shortcode":"","ocean_shortcode_after_title":"","ocean_shortcode_before_footer_widgets":"","ocean_shortcode_after_footer_widgets":"","ocean_shortcode_before_footer_bottom":"","ocean_shortcode_after_footer_bottom":"","ocean_display_top_bar":"default","ocean_display_header":"default","ocean_header_style":"","ocean_center_header_left_menu":"0","ocean_custom_header_template":"0","ocean_custom_logo":0,"ocean_custom_retina_logo":0,"ocean_custom_logo_max_width":0,"ocean_custom_logo_tablet_max_width":0,"ocean_custom_logo_mobile_max_width":0,"ocean_custom_logo_max_height":0,"ocean_custom_logo_tablet_max_height":0,"ocean_custom_logo_mobile_max_height":0,"ocean_header_custom_menu":"0","ocean_menu_typo_font_family":"0","ocean_menu_typo_font_subset":"","ocean_menu_typo_font_size":0,"ocean_menu_typo_font_size_tablet":0,"ocean_menu_typo_font_size_mobile":0,"ocean_menu_typo_font_size_unit":"px","ocean_menu_typo_font_weight":"","ocean_menu_typo_font_weight_tablet":"","ocean_menu_typo_font_weight_mobile":"","ocean_menu_typo_transform":"","ocean_menu_typo_transform_tablet":"","ocean_menu_typo_transform_mobile":"","ocean_menu_typo_line_height":0,"ocean_menu_typo_line_height_tablet":0,"ocean_menu_typo_line_height_mobile":0,"ocean_menu_typo_line_height_unit":"","ocean_menu_typo_spacing":0,"ocean_menu_typo_spacing_tablet":0,"ocean_menu_typo_spacing_mobile":0,"ocean_menu_typo_spacing_unit":"","ocean_menu_link_color":"","ocean_menu_link_color_hover":"","ocean_menu_link_color_active":"","ocean_menu_link_background":"","ocean_menu_link_hover_background":"","ocean_menu_link_active_background":"","ocean_menu_social_links_bg":"","ocean_menu_social_hover_links_bg":"","ocean_menu_social_links_color":"","ocean_menu_social_hover_links_color":"","ocean_disable_title":"default","ocean_disable_heading":"default","ocean_post_title":"","ocean_post_subheading":"","ocean_post_title_style":"","ocean_post_title_background_color":"","ocean_post_title_background":0,"ocean_post_title_bg_image_position":"","ocean_post_title_bg_image_attachment":"","ocean_post_title_bg_image_repeat":"","ocean_post_title_bg_image_size":"","ocean_post_title_height":0,"ocean_post_title_bg_overlay":0.5,"ocean_post_title_bg_overlay_color":"","ocean_disable_breadcrumbs":"default","ocean_breadcrumbs_color":"","ocean_breadcrumbs_separator_color":"","ocean_breadcrumbs_links_color":"","ocean_breadcrumbs_links_hover_color":"","ocean_display_footer_widgets":"default","ocean_display_footer_bottom":"default","ocean_custom_footer_template":"0"},"product_brand":[],"product_cat":[129],"product_tag":[],"class_list":{"0":"post-5388","1":"product","2":"type-product","3":"status-publish","4":"has-post-thumbnail","6":"product_cat-nbr","7":"pa_kod-produktu-sgnbr-1","8":"pa_kod-produktu-sgnbr-15","9":"pa_kod-produktu-sgnbr-16","10":"pa_kod-produktu-sgnbr-178","11":"pa_kod-produktu-sgnbr-10","12":"pa_kod-produktu-sgnbr-11","13":"pa_kod-produktu-sgnbr-12","14":"pa_kod-produktu-sgnbr-13","15":"pa_kod-produktu-sgnbr-14","16":"pa_kod-produktu-sgnbr-15-2","17":"pa_kod-produktu-sgnbr-16-2","18":"pa_kod-produktu-sgnbr-18","19":"pa_kod-produktu-sgnbr-19","20":"pa_kod-produktu-sgnbr-2","21":"pa_kod-produktu-sgnbr-24","22":"pa_kod-produktu-sgnbr-25","23":"pa_kod-produktu-sgnbr-262","24":"pa_kod-produktu-sgnbr-20","25":"pa_kod-produktu-sgnbr-22","26":"pa_kod-produktu-sgnbr-25-2","27":"pa_kod-produktu-sgnbr-3","28":"pa_kod-produktu-sgnbr-32","29":"pa_kod-produktu-sgnbr-35","30":"pa_kod-produktu-sgnbr-353","31":"pa_kod-produktu-sgnbr-4","32":"pa_kod-produktu-sgnbr-45","33":"pa_kod-produktu-sgnbr-5","34":"pa_kod-produktu-sgnbr-533","35":"pa_kod-produktu-sgnbr-55","36":"pa_kod-produktu-sgnbr-57","37":"pa_kod-produktu-sgnbr-6","38":"pa_kod-produktu-sgnbr-635","39":"pa_kod-produktu-sgnbr-65","40":"pa_kod-produktu-sgnbr-7","41":"pa_kod-produktu-sgnbr-75","42":"pa_kod-produktu-sgnbr-8","43":"pa_kod-produktu-sgnbr-84","44":"pa_kod-produktu-sgnbr-85","45":"pa_kod-produktu-sgnbr-9","46":"pa_kod-produktu-sgnbr-95","48":"entry","49":"has-media","51":"first","52":"instock","53":"shipping-taxable","54":"purchasable","55":"product-type-variable","56":"has-product-nav","57":"col","58":"span_1_of_3","59":"owp-content-center","60":"owp-thumbs-layout-horizontal","61":"owp-btn-normal","62":"owp-tabs-layout-horizontal"},"jetpack-related-posts":[{"id":8202,"url":"https:\/\/vibra-polymers.pl\/en\/product\/o-ringi-hnbr\/","url_meta":{"origin":5388,"position":0},"title":"O-ringi HNBR","author":"admin","date":"26\/04\/2022","format":false,"excerpt":"Kr\u00f3tki opis: O-ringi HNBR stosowane s\u0105 w warunkach wysokiej temperatury po\u0142\u0105czonej z wymaganiami wytrzyma\u0142o\u015bciowymi. D (mm) - \u015arednica wewn\u0119trzna d (mm) - Przekr\u00f3j \u00a0 \u00a0 Ten produkt na chwile obecn\u0105 nie jest dost\u0119pny w ofercie On-line.\u00a0 Skontaktuj si\u0119 z nami po wi\u0119cej szczeg\u00f3\u0142\u00f3w. \u00a0","rel":"","context":"Similar post","block_context":{"text":"Similar post","link":""},"img":{"alt_text":"","src":"https:\/\/vibra-polymers.pl\/wp-content\/uploads\/2022\/03\/186530691_1171870679927347_7040501725056935753_n-removebg-preview.jpg","width":350,"height":200,"srcset":"https:\/\/vibra-polymers.pl\/wp-content\/uploads\/2022\/03\/186530691_1171870679927347_7040501725056935753_n-removebg-preview.jpg 1x, https:\/\/vibra-polymers.pl\/wp-content\/uploads\/2022\/03\/186530691_1171870679927347_7040501725056935753_n-removebg-preview.jpg 1.5x"},"classes":[]},{"id":4226,"url":"https:\/\/vibra-polymers.pl\/en\/product\/oringi-nbr\/","url_meta":{"origin":5388,"position":1},"title":"O-ringi Nitrylowe NBR","author":"admin","date":"02\/11\/2021","format":false,"excerpt":"Kr\u00f3tki opis: Nitryl jest najszerzej stosowanym elastomerem w bran\u017cy uszczelnie\u0144 i powszechnie stosowanym w produkcji O-ring\u00f3w. D (mm) - \u015arednica wewn\u0119trzna d (mm) - Przekr\u00f3j \u00a0 Standardowo O-ringi wykonane z NBR posiadaj\u0105 twardo\u015b\u0107 70 Shore ale dost\u0119pne s\u0105 r\u00f3wnie\u017c w twardo\u015bciach: 40, 50, 60, 80 i 90 ShA.","rel":"","context":"Similar post","block_context":{"text":"Similar post","link":""},"img":{"alt_text":"","src":"https:\/\/vibra-polymers.pl\/wp-content\/uploads\/2021\/11\/Oring-O-ring-Oringi-O-ringi-40x4-70-NBR-50-szt.jpg","width":350,"height":200,"srcset":"https:\/\/vibra-polymers.pl\/wp-content\/uploads\/2021\/11\/Oring-O-ring-Oringi-O-ringi-40x4-70-NBR-50-szt.jpg 1x, https:\/\/vibra-polymers.pl\/wp-content\/uploads\/2021\/11\/Oring-O-ring-Oringi-O-ringi-40x4-70-NBR-50-szt.jpg 1.5x, https:\/\/vibra-polymers.pl\/wp-content\/uploads\/2021\/11\/Oring-O-ring-Oringi-O-ringi-40x4-70-NBR-50-szt.jpg 2x"},"classes":[]},{"id":5493,"url":"https:\/\/vibra-polymers.pl\/en\/product\/sznur-gumowy-epdm\/","url_meta":{"origin":5388,"position":2},"title":"Sznur Gumowy EPDM","author":"admin","date":"14\/02\/2022","format":false,"excerpt":"\u00a0 Kr\u00f3tki opis: Odporny na warunki atmosferyczne: ozon, \u015bwiat\u0142o s\u0142oneczne, wilgotno\u015b\u0107, UV, proces starzenia. \u00a0 Sprzedawane w metrach bie\u017c\u0105cych.","rel":"","context":"Similar post","block_context":{"text":"Similar post","link":""},"img":{"alt_text":"","src":"https:\/\/vibra-polymers.pl\/wp-content\/uploads\/2022\/02\/sznur-gumowy-nbr-epdm-1-scaled-1.jpg","width":350,"height":200,"srcset":"https:\/\/vibra-polymers.pl\/wp-content\/uploads\/2022\/02\/sznur-gumowy-nbr-epdm-1-scaled-1.jpg 1x, https:\/\/vibra-polymers.pl\/wp-content\/uploads\/2022\/02\/sznur-gumowy-nbr-epdm-1-scaled-1.jpg 1.5x, https:\/\/vibra-polymers.pl\/wp-content\/uploads\/2022\/02\/sznur-gumowy-nbr-epdm-1-scaled-1.jpg 2x, https:\/\/vibra-polymers.pl\/wp-content\/uploads\/2022\/02\/sznur-gumowy-nbr-epdm-1-scaled-1.jpg 3x, https:\/\/vibra-polymers.pl\/wp-content\/uploads\/2022\/02\/sznur-gumowy-nbr-epdm-1-scaled-1.jpg 4x"},"classes":[]},{"id":5465,"url":"https:\/\/vibra-polymers.pl\/en\/product\/sznur-gumowy-fkm-viton\/","url_meta":{"origin":5388,"position":3},"title":"Sznur Gumowy FKM (Viton\u00ae)","author":"admin","date":"14\/02\/2022","format":false,"excerpt":"Kr\u00f3tki opis: Sznur Gumowy FKM\/Viton -jest elastomerem na bazie kauczuku fluorowego. Sznury te zapewniaj\u0105 doskona\u0142\u0105 odporno\u015b\u0107 na ro\u017cne korozyjne p\u0142yny nawet o podwy\u017cszonej temperaturze bez powa\u017cnej degradacji. \u00a0 Sprzedawane w metrach bie\u017c\u0105cych.","rel":"","context":"Similar post","block_context":{"text":"Similar post","link":""},"img":{"alt_text":"","src":"https:\/\/vibra-polymers.pl\/wp-content\/uploads\/2022\/02\/sznur-gumowy-nbr-epdm-1-scaled-1.jpg","width":350,"height":200,"srcset":"https:\/\/vibra-polymers.pl\/wp-content\/uploads\/2022\/02\/sznur-gumowy-nbr-epdm-1-scaled-1.jpg 1x, https:\/\/vibra-polymers.pl\/wp-content\/uploads\/2022\/02\/sznur-gumowy-nbr-epdm-1-scaled-1.jpg 1.5x, https:\/\/vibra-polymers.pl\/wp-content\/uploads\/2022\/02\/sznur-gumowy-nbr-epdm-1-scaled-1.jpg 2x, https:\/\/vibra-polymers.pl\/wp-content\/uploads\/2022\/02\/sznur-gumowy-nbr-epdm-1-scaled-1.jpg 3x, https:\/\/vibra-polymers.pl\/wp-content\/uploads\/2022\/02\/sznur-gumowy-nbr-epdm-1-scaled-1.jpg 4x"},"classes":[]},{"id":8008,"url":"https:\/\/vibra-polymers.pl\/en\/product\/o-ringi-ffkm-ffpm-kauczuk-perfluorowy\/","url_meta":{"origin":5388,"position":4},"title":"O-ringi FFKM\/FFPM","author":"admin","date":"21\/03\/2022","format":false,"excerpt":"\u00a0 Ten produkt na chwile obecn\u0105 nie jest dost\u0119pny w ofercie On-line.\u00a0 Skontaktuj si\u0119 z nami po wi\u0119cej szczeg\u00f3\u0142\u00f3w.","rel":"","context":"Similar post","block_context":{"text":"Similar post","link":""},"img":{"alt_text":"","src":"","width":0,"height":0},"classes":[]},{"id":5641,"url":"https:\/\/vibra-polymers.pl\/en\/product\/silikonowy-sznur-o-przekroju-kwadratowym-vmq\/","url_meta":{"origin":5388,"position":5},"title":"Silikonowy Sznur o Przekroju Kwadratowym (VMQ)","author":"admin","date":"15\/02\/2022","format":false,"excerpt":"\u00a0 Kr\u00f3tki opis: Zachowuje swoje w\u0142a\u015bciwo\u015bci w temperaturach -40 \u00b0 C do +200 \u00b0 C. Jest doskona\u0142ym izolatorem elektrycznym Posiada oboj\u0119tno\u015b\u0107 fizjologiczna oraz du\u017c\u0105 odporno\u015b\u0107 na warunki pogodowe oraz promieniowanie UV. \u00a0 Sprzedawane w metrach bie\u017c\u0105cych.","rel":"","context":"Similar post","block_context":{"text":"Similar post","link":""},"img":{"alt_text":"","src":"https:\/\/vibra-polymers.pl\/wp-content\/uploads\/2022\/02\/sznur-silikonowy-kwadratowy-propolimer_1.jpg","width":350,"height":200},"classes":[]}],"jetpack_sharing_enabled":true,"_links":{"self":[{"href":"https:\/\/vibra-polymers.pl\/en\/wp-json\/wp\/v2\/product\/5388","targetHints":{"allow":["GET"]}}],"collection":[{"href":"https:\/\/vibra-polymers.pl\/en\/wp-json\/wp\/v2\/product"}],"about":[{"href":"https:\/\/vibra-polymers.pl\/en\/wp-json\/wp\/v2\/types\/product"}],"version-history":[{"count":1,"href":"https:\/\/vibra-polymers.pl\/en\/wp-json\/wp\/v2\/product\/5388\/revisions"}],"predecessor-version":[{"id":5462,"href":"https:\/\/vibra-polymers.pl\/en\/wp-json\/wp\/v2\/product\/5388\/revisions\/5462"}],"wp:featuredmedia":[{"embeddable":true,"href":"https:\/\/vibra-polymers.pl\/en\/wp-json\/wp\/v2\/media\/5389"}],"wp:attachment":[{"href":"https:\/\/vibra-polymers.pl\/en\/wp-json\/wp\/v2\/media?parent=5388"}],"wp:term":[{"taxonomy":"product_brand","embeddable":true,"href":"https:\/\/vibra-polymers.pl\/en\/wp-json\/wp\/v2\/product_brand?post=5388"},{"taxonomy":"product_cat","embeddable":true,"href":"https:\/\/vibra-polymers.pl\/en\/wp-json\/wp\/v2\/product_cat?post=5388"},{"taxonomy":"product_tag","embeddable":true,"href":"https:\/\/vibra-polymers.pl\/en\/wp-json\/wp\/v2\/product_tag?post=5388"}],"curies":[{"name":"wp","href":"https:\/\/api.w.org\/{rel}","templated":true}]}}