{"id":5493,"date":"2022-02-14T18:06:41","date_gmt":"2022-02-14T18:06:41","guid":{"rendered":"https:\/\/vibra-polymers.pl\/?post_type=product&#038;p=5493"},"modified":"2022-05-24T09:40:32","modified_gmt":"2022-05-24T09:40:32","slug":"sznur-gumowy-epdm","status":"publish","type":"product","link":"https:\/\/vibra-polymers.pl\/en\/product\/sznur-gumowy-epdm\/","title":{"rendered":"Sznur Gumowy EPDM"},"content":{"rendered":"<h4>Szczeg\u00f3\u0142y:<\/h4>\n<p>Sznury Gumowe EPDM zyska\u0142 szerok\u0105 akceptacj\u0119 przemys\u0142u uszczelnie\u0144 dzi\u0119ki doskona\u0142ej odporno\u015bci na ozon i odporno\u015bci chemicznej. Materia\u0142 EPDM \u00a0jest cz\u0119sto stosowane do uszczelnienia w uk\u0142adach hamulcowych, ponadto posiada bardzo dobr\u0105 odporno\u015b\u0107 na gor\u0105c\u0105 wod\u0119 i par\u0119 wodn\u0105. Uszczelnienia wykonane z Sznura EPDM charakteryzuj\u0105 si\u0119 dobr\u0105 odporno\u015b\u0107 na: \u0142agodne kwasy, detergenty, zasady, oleje i smary silikonowe, ketony i alkohole. Nie s\u0105 zalecane do kontaktu z olejami pochodnymi ropy naftowej, olejami mineralnymi oraz paliwami.<\/p>\n<p>&nbsp;<\/p>\n<h4>Cechy:<\/h4>\n<ul>\n<li>Dobra odporno\u015b\u0107 termiczna<\/li>\n<li>Doskona\u0142a odporno\u015b\u0107 na ozon i\u00a0warunki atmosferyczne<\/li>\n<li>Dobry wsp\u00f3\u0142czynnik odkszta\u0142ce\u0144 trwa\u0142ych po ucisku<\/li>\n<li>Odporno\u015b\u0107 na wod\u0119 i\u00a0par\u0119 wodn\u0105<\/li>\n<li>Odporny na:\u00a0ketony, \u0142ugi, rozpuszczalniki polarne, alkohole<\/li>\n<li>P\u0142yny hamulcowe na bazie glikolu (DOT 3 i\u00a04) oraz\u00a0silikonu (DOT 5)<\/li>\n<li>Trudnopalne ciecze hydrauliczne (HFD- R)<\/li>\n<li>\u015arodki czyszcz\u0105ce<\/li>\n<li>Glikol, aceton, wiele kwas\u00f3w organicznych i\u00a0nieorganicznych (niskie st\u0119\u017cenia), zasady<\/li>\n<\/ul>\n<p>&nbsp;<\/p>\n<h4>Ograniczenia:<\/h4>\n<ul>\n<li>Produkty\u00a0ropopochodne\u00a0(oleje, smary, paliwa)<\/li>\n<li>W\u0119glowodory\u00a0aromatyczne\u00a0i alifatyczne<\/li>\n<li>Rozpuszczalniki organiczne<\/li>\n<li>St\u0119\u017cone kwasy<\/li>\n<li>Rozpuszczalniki niepolarne<\/li>\n<\/ul>\n<p>&nbsp;<\/p>\n<h4>Informacje dodatkowe:<\/h4>\n<table data-tablestyle=\"MsoTableGrid\" data-tablelook=\"1696\" aria-rowcount=\"11\">\n<tbody>\n<tr aria-rowindex=\"1\">\n<td data-celllook=\"0\"><b><span data-contrast=\"none\">Kolor<\/span><\/b><\/td>\n<td data-celllook=\"0\"><span data-ccp-props=\"{&quot;201341983&quot;:0,&quot;335559740&quot;:259}\">Czarny<\/span><\/td>\n<\/tr>\n<tr aria-rowindex=\"2\">\n<td data-celllook=\"0\"><b><span data-contrast=\"none\">Materia\u0142<\/span><\/b><\/td>\n<td data-celllook=\"0\"><span data-ccp-props=\"{&quot;201341983&quot;:0,&quot;335559740&quot;:259}\">\u00a0EPDM<br \/>\n<\/span><\/td>\n<\/tr>\n<tr aria-rowindex=\"3\">\n<td data-celllook=\"0\"><b><span data-contrast=\"none\">Twardo\u015b\u0107 (Shore A)<\/span><\/b><\/td>\n<td data-celllook=\"0\"><span data-ccp-props=\"{&quot;201341983&quot;:0,&quot;335559740&quot;:259}\">\u00a070<\/span><\/td>\n<\/tr>\n<tr aria-rowindex=\"4\">\n<td data-celllook=\"0\"><b><span data-contrast=\"none\">Temperatura Maksymalna (\u00b0C)<\/span><\/b><\/td>\n<td data-celllook=\"0\"><span data-ccp-props=\"{&quot;201341983&quot;:0,&quot;335559740&quot;:259}\">\u00a0120<\/span><\/td>\n<\/tr>\n<tr aria-rowindex=\"5\">\n<td data-celllook=\"0\"><b><span data-contrast=\"none\">Temperatura Minimalna (\u00b0C)<\/span><\/b><\/td>\n<td data-celllook=\"0\"><span data-ccp-props=\"{&quot;201341983&quot;:0,&quot;335559740&quot;:259}\">\u00a0-40<\/span><\/td>\n<\/tr>\n<tr aria-rowindex=\"6\">\n<td data-celllook=\"0\"><b><span data-contrast=\"none\">Wytrzyma\u0142o\u015b\u0107 Na Rozci\u0105ganie (MPa)<\/span><\/b><\/td>\n<td data-celllook=\"0\"><span data-ccp-props=\"{&quot;201341983&quot;:0,&quot;335559740&quot;:259}\">\u00a014.00<\/span><\/td>\n<\/tr>\n<tr aria-rowindex=\"7\">\n<td data-celllook=\"0\"><b><span data-contrast=\"none\">Wyd\u0142u\u017cenie Przy Zerwaniu (%)<\/span><\/b><\/td>\n<td data-celllook=\"0\"><span data-ccp-props=\"{&quot;201341983&quot;:0,&quot;335559740&quot;:259}\">\u00a0300.00<\/span><\/td>\n<\/tr>\n<tr aria-rowindex=\"8\">\n<td data-celllook=\"0\"><b><span data-contrast=\"none\">\u015acieralno\u015b\u0107 (mm\u00b3) (DIN53516)<\/span><\/b><\/td>\n<td data-celllook=\"0\"><span data-ccp-props=\"{&quot;201341983&quot;:0,&quot;335559740&quot;:259}\">\u00a0N\/A<\/span><\/td>\n<\/tr>\n<tr aria-rowindex=\"9\">\n<td data-celllook=\"0\"><b><span data-contrast=\"none\">G\u0119sto\u015b\u0107 (g\/cm\u00b3)<\/span><\/b><\/td>\n<td data-celllook=\"0\"><span data-ccp-props=\"{&quot;201341983&quot;:0,&quot;335559740&quot;:259}\">\u00a0N\/A<\/span><\/td>\n<\/tr>\n<tr aria-rowindex=\"10\">\n<td data-celllook=\"0\"><b><span data-contrast=\"none\">Absorpcja Wody (%)<\/span><\/b><\/td>\n<td data-celllook=\"0\"><span data-ccp-props=\"{&quot;201341983&quot;:0,&quot;335559740&quot;:259}\">\u00a0N\/A<\/span><\/td>\n<\/tr>\n<tr aria-rowindex=\"11\">\n<td data-celllook=\"0\"><b><span data-contrast=\"none\">Odkszta\u0142cenia Trwa\u0142e Po Ucisku (%)<\/span><\/b><\/td>\n<td data-celllook=\"0\">16<\/td>\n<\/tr>\n<\/tbody>\n<\/table>\n<p>&nbsp;<\/p>","protected":false},"excerpt":{"rendered":"<p>&nbsp;<\/p>\n<h4>Kr\u00f3tki opis:<\/h4>\n<p>Odporny na warunki atmosferyczne: ozon, \u015bwiat\u0142o s\u0142oneczne, wilgotno\u015b\u0107, UV, proces starzenia.<\/p>\n<p>&nbsp;<\/p>\n<p><strong>Sprzedawane w metrach bie\u017c\u0105cych.<\/strong><\/p>","protected":false},"featured_media":5466,"template":"","meta":{"ocean_post_layout":"","ocean_both_sidebars_style":"","ocean_both_sidebars_content_width":0,"ocean_both_sidebars_sidebars_width":0,"ocean_sidebar":"0","ocean_second_sidebar":"0","ocean_disable_margins":"enable","ocean_add_body_class":"","ocean_shortcode_before_top_bar":"","ocean_shortcode_after_top_bar":"","ocean_shortcode_before_header":"","ocean_shortcode_after_header":"","ocean_has_shortcode":"","ocean_shortcode_after_title":"","ocean_shortcode_before_footer_widgets":"","ocean_shortcode_after_footer_widgets":"","ocean_shortcode_before_footer_bottom":"","ocean_shortcode_after_footer_bottom":"","ocean_display_top_bar":"default","ocean_display_header":"default","ocean_header_style":"","ocean_center_header_left_menu":"0","ocean_custom_header_template":"0","ocean_custom_logo":0,"ocean_custom_retina_logo":0,"ocean_custom_logo_max_width":0,"ocean_custom_logo_tablet_max_width":0,"ocean_custom_logo_mobile_max_width":0,"ocean_custom_logo_max_height":0,"ocean_custom_logo_tablet_max_height":0,"ocean_custom_logo_mobile_max_height":0,"ocean_header_custom_menu":"0","ocean_menu_typo_font_family":"0","ocean_menu_typo_font_subset":"","ocean_menu_typo_font_size":0,"ocean_menu_typo_font_size_tablet":0,"ocean_menu_typo_font_size_mobile":0,"ocean_menu_typo_font_size_unit":"px","ocean_menu_typo_font_weight":"","ocean_menu_typo_font_weight_tablet":"","ocean_menu_typo_font_weight_mobile":"","ocean_menu_typo_transform":"","ocean_menu_typo_transform_tablet":"","ocean_menu_typo_transform_mobile":"","ocean_menu_typo_line_height":0,"ocean_menu_typo_line_height_tablet":0,"ocean_menu_typo_line_height_mobile":0,"ocean_menu_typo_line_height_unit":"","ocean_menu_typo_spacing":0,"ocean_menu_typo_spacing_tablet":0,"ocean_menu_typo_spacing_mobile":0,"ocean_menu_typo_spacing_unit":"","ocean_menu_link_color":"","ocean_menu_link_color_hover":"","ocean_menu_link_color_active":"","ocean_menu_link_background":"","ocean_menu_link_hover_background":"","ocean_menu_link_active_background":"","ocean_menu_social_links_bg":"","ocean_menu_social_hover_links_bg":"","ocean_menu_social_links_color":"","ocean_menu_social_hover_links_color":"","ocean_disable_title":"default","ocean_disable_heading":"default","ocean_post_title":"","ocean_post_subheading":"","ocean_post_title_style":"","ocean_post_title_background_color":"","ocean_post_title_background":0,"ocean_post_title_bg_image_position":"","ocean_post_title_bg_image_attachment":"","ocean_post_title_bg_image_repeat":"","ocean_post_title_bg_image_size":"","ocean_post_title_height":0,"ocean_post_title_bg_overlay":0.5,"ocean_post_title_bg_overlay_color":"","ocean_disable_breadcrumbs":"default","ocean_breadcrumbs_color":"","ocean_breadcrumbs_separator_color":"","ocean_breadcrumbs_links_color":"","ocean_breadcrumbs_links_hover_color":"","ocean_display_footer_widgets":"default","ocean_display_footer_bottom":"default","ocean_custom_footer_template":"0"},"product_brand":[],"product_cat":[131],"product_tag":[],"class_list":{"0":"post-5493","1":"product","2":"type-product","3":"status-publish","4":"has-post-thumbnail","6":"product_cat-epdm-sznury-i-profile-gumowe","7":"pa_kod-produktu-sgepdm-1","8":"pa_kod-produktu-sgepdm-16","9":"pa_kod-produktu-sgepdm-10","10":"pa_kod-produktu-sgepdm-11","11":"pa_kod-produktu-sgepdm-12","12":"pa_kod-produktu-sgepdm-15","13":"pa_kod-produktu-sgepdm-16-2","14":"pa_kod-produktu-sgepdm-17","15":"pa_kod-produktu-sgepdm-2","16":"pa_kod-produktu-sgepdm-24","17":"pa_kod-produktu-sgepdm-262","18":"pa_kod-produktu-sgepdm-20","19":"pa_kod-produktu-sgepdm-25","20":"pa_kod-produktu-sgepdm-3","21":"pa_kod-produktu-sgepdm-353","22":"pa_kod-produktu-sgepdm-4","23":"pa_kod-produktu-sgepdm-45","24":"pa_kod-produktu-sgepdm-5","25":"pa_kod-produktu-sgepdm-533","26":"pa_kod-produktu-sgepdm-6","27":"pa_kod-produktu-sgepdm-65","28":"pa_kod-produktu-sgepdm-7","29":"pa_kod-produktu-sgepdm-8","30":"pa_kod-produktu-sgepdm-95","32":"entry","33":"has-media","35":"first","36":"instock","37":"shipping-taxable","38":"purchasable","39":"product-type-variable","40":"has-product-nav","41":"col","42":"span_1_of_3","43":"owp-content-center","44":"owp-thumbs-layout-horizontal","45":"owp-btn-normal","46":"owp-tabs-layout-horizontal","47":"has-no-thumbnails"},"jetpack-related-posts":[{"id":5540,"url":"https:\/\/vibra-polymers.pl\/en\/product\/sznur-gabczasty-epdm\/","url_meta":{"origin":5493,"position":0},"title":"Sznur G\u0105bczasty EPDM","author":"admin","date":"15\/02\/2022","format":false,"excerpt":"Kr\u00f3tki opis: Sznur G\u0105bczasty EPDM posiada budow\u0119 por\u00f3w zamkni\u0119tych, stosuje si\u0119 go wsz\u0119dzie tam gdzie niezb\u0119dna jest odporno\u015b\u0107 na ozon i warunki atmosferyczne. \u00a0 Sprzedawane w metrach bie\u017c\u0105cych.\u00a0","rel":"","context":"Similar post","block_context":{"text":"Similar post","link":""},"img":{"alt_text":"","src":"https:\/\/vibra-polymers.pl\/wp-content\/uploads\/2022\/02\/cr-sponge_cord_1.jpg","width":350,"height":200},"classes":[]},{"id":5001,"url":"https:\/\/vibra-polymers.pl\/en\/product\/oringi-epdm\/","url_meta":{"origin":5493,"position":1},"title":"O-ringi EPDM","author":"admin","date":"05\/11\/2021","format":false,"excerpt":"\u00a0 Kr\u00f3tki opis: O-ringi EPDM zyska\u0142y szerok\u0105 akceptacj\u0119 przemys\u0142u uszczelnie\u0144 dzi\u0119ki doskona\u0142ej odporno\u015bci na ozon i odporno\u015bci chemicznej. O-ringi EPDM\u00a0 s\u0105 cz\u0119sto stosowane do uszczelnienia uk\u0142ad\u00f3w hamulcowych. \u00a0 \u00a0","rel":"","context":"Similar post","block_context":{"text":"Similar post","link":""},"img":{"alt_text":"","src":"https:\/\/vibra-polymers.pl\/wp-content\/uploads\/2022\/03\/186530691_1171870679927347_7040501725056935753_n-removebg-preview.jpg","width":350,"height":200,"srcset":"https:\/\/vibra-polymers.pl\/wp-content\/uploads\/2022\/03\/186530691_1171870679927347_7040501725056935753_n-removebg-preview.jpg 1x, https:\/\/vibra-polymers.pl\/wp-content\/uploads\/2022\/03\/186530691_1171870679927347_7040501725056935753_n-removebg-preview.jpg 1.5x"},"classes":[]},{"id":5388,"url":"https:\/\/vibra-polymers.pl\/en\/product\/sznury-gumowe-nbr\/","url_meta":{"origin":5493,"position":2},"title":"Sznury Gumowe NBR","author":"admin","date":"14\/02\/2022","format":false,"excerpt":"\u00a0 Kr\u00f3tki opis: Sznury NBR s\u0105 powszechnie stosowane do kontaktu z olejami ropopochodnymi, mineralnymi oraz ro\u015blinnymi. Nadaj\u0105 si\u0119 tak\u017ce do kontaktu z w\u0119glowodorami aromatycznymi oraz z bardzo nisko st\u0119\u017conymi kwasami i zasadami. \u00a0 Sprzedawane w metrach bie\u017c\u0105cych.","rel":"","context":"Similar post","block_context":{"text":"Similar post","link":""},"img":{"alt_text":"","src":"","width":0,"height":0},"classes":[]},{"id":4226,"url":"https:\/\/vibra-polymers.pl\/en\/product\/oringi-nbr\/","url_meta":{"origin":5493,"position":3},"title":"O-ringi Nitrylowe NBR","author":"admin","date":"02\/11\/2021","format":false,"excerpt":"Kr\u00f3tki opis: Nitryl jest najszerzej stosowanym elastomerem w bran\u017cy uszczelnie\u0144 i powszechnie stosowanym w produkcji O-ring\u00f3w. D (mm) - \u015arednica wewn\u0119trzna d (mm) - Przekr\u00f3j \u00a0 Standardowo O-ringi wykonane z NBR posiadaj\u0105 twardo\u015b\u0107 70 Shore ale dost\u0119pne s\u0105 r\u00f3wnie\u017c w twardo\u015bciach: 40, 50, 60, 80 i 90 ShA.","rel":"","context":"Similar post","block_context":{"text":"Similar post","link":""},"img":{"alt_text":"","src":"https:\/\/vibra-polymers.pl\/wp-content\/uploads\/2021\/11\/Oring-O-ring-Oringi-O-ringi-40x4-70-NBR-50-szt.jpg","width":350,"height":200,"srcset":"https:\/\/vibra-polymers.pl\/wp-content\/uploads\/2021\/11\/Oring-O-ring-Oringi-O-ringi-40x4-70-NBR-50-szt.jpg 1x, https:\/\/vibra-polymers.pl\/wp-content\/uploads\/2021\/11\/Oring-O-ring-Oringi-O-ringi-40x4-70-NBR-50-szt.jpg 1.5x, https:\/\/vibra-polymers.pl\/wp-content\/uploads\/2021\/11\/Oring-O-ring-Oringi-O-ringi-40x4-70-NBR-50-szt.jpg 2x"},"classes":[]},{"id":4486,"url":"https:\/\/vibra-polymers.pl\/en\/product\/oringi-viton-fkm-2\/","url_meta":{"origin":5493,"position":4},"title":"O-ringi Viton\u00ae FKM\/FPM","author":"admin","date":"03\/11\/2021","format":false,"excerpt":"Kr\u00f3tki opis: O-ringi wykonane z FKM charakteryzuje si\u0119 bardzo dobr\u0105 odporno\u015bci\u0105 chemiczn\u0105 oraz odporno\u015bci\u0105 na wysokie temperatury do 200\u00b0C. \u00a0 Przed Zam\u00f3wieniem Skontaktuj si\u0119 z nami po wi\u0119cej szczeg\u00f3\u0142\u00f3w.","rel":"","context":"Similar post","block_context":{"text":"Similar post","link":""},"img":{"alt_text":"","src":"https:\/\/vibra-polymers.pl\/wp-content\/uploads\/2021\/11\/R-2.png","width":350,"height":200},"classes":[]},{"id":5517,"url":"https:\/\/vibra-polymers.pl\/en\/product\/sznur-chloroprenowy-cr\/","url_meta":{"origin":5493,"position":5},"title":"Sznur Chloroprenowy CR (G\u0105bczasty)","author":"admin","date":"15\/02\/2022","format":false,"excerpt":"\u00a0 Kr\u00f3tki opis: Sznur Chloroprenowy CR ma zr\u00f3wnowa\u017con\u0105 kombinacj\u0119 w\u0142a\u015bciwo\u015bci, kt\u00f3re czyni\u0105 go najbardziej uniwersalnym elastomerem. \u00a0 Sprzedawane w metrach bie\u017c\u0105cych.","rel":"","context":"Similar post","block_context":{"text":"Similar post","link":""},"img":{"alt_text":"","src":"https:\/\/vibra-polymers.pl\/wp-content\/uploads\/2022\/02\/Sznur_NBR_ProPolimer.jpg","width":350,"height":200,"srcset":"https:\/\/vibra-polymers.pl\/wp-content\/uploads\/2022\/02\/Sznur_NBR_ProPolimer.jpg 1x, https:\/\/vibra-polymers.pl\/wp-content\/uploads\/2022\/02\/Sznur_NBR_ProPolimer.jpg 1.5x, https:\/\/vibra-polymers.pl\/wp-content\/uploads\/2022\/02\/Sznur_NBR_ProPolimer.jpg 2x, https:\/\/vibra-polymers.pl\/wp-content\/uploads\/2022\/02\/Sznur_NBR_ProPolimer.jpg 3x"},"classes":[]}],"jetpack_sharing_enabled":true,"_links":{"self":[{"href":"https:\/\/vibra-polymers.pl\/en\/wp-json\/wp\/v2\/product\/5493","targetHints":{"allow":["GET"]}}],"collection":[{"href":"https:\/\/vibra-polymers.pl\/en\/wp-json\/wp\/v2\/product"}],"about":[{"href":"https:\/\/vibra-polymers.pl\/en\/wp-json\/wp\/v2\/types\/product"}],"version-history":[{"count":1,"href":"https:\/\/vibra-polymers.pl\/en\/wp-json\/wp\/v2\/product\/5493\/revisions"}],"predecessor-version":[{"id":7270,"href":"https:\/\/vibra-polymers.pl\/en\/wp-json\/wp\/v2\/product\/5493\/revisions\/7270"}],"wp:featuredmedia":[{"embeddable":true,"href":"https:\/\/vibra-polymers.pl\/en\/wp-json\/wp\/v2\/media\/5466"}],"wp:attachment":[{"href":"https:\/\/vibra-polymers.pl\/en\/wp-json\/wp\/v2\/media?parent=5493"}],"wp:term":[{"taxonomy":"product_brand","embeddable":true,"href":"https:\/\/vibra-polymers.pl\/en\/wp-json\/wp\/v2\/product_brand?post=5493"},{"taxonomy":"product_cat","embeddable":true,"href":"https:\/\/vibra-polymers.pl\/en\/wp-json\/wp\/v2\/product_cat?post=5493"},{"taxonomy":"product_tag","embeddable":true,"href":"https:\/\/vibra-polymers.pl\/en\/wp-json\/wp\/v2\/product_tag?post=5493"}],"curies":[{"name":"wp","href":"https:\/\/api.w.org\/{rel}","templated":true}]}}