{"id":5517,"date":"2022-02-15T09:08:04","date_gmt":"2022-02-15T09:08:04","guid":{"rendered":"https:\/\/vibra-polymers.pl\/?post_type=product&#038;p=5517"},"modified":"2022-05-24T09:35:52","modified_gmt":"2022-05-24T09:35:52","slug":"sznur-chloroprenowy-cr","status":"publish","type":"product","link":"https:\/\/vibra-polymers.pl\/en\/product\/sznur-chloroprenowy-cr\/","title":{"rendered":"Sznur Chloroprenowy CR (G\u0105bczasty)"},"content":{"rendered":"<h4>Szczeg\u00f3\u0142y:<\/h4>\n<p>Sznur Chloroprenowy CR znany r\u00f3wnie\u017c pod nazw\u0105 handlow\u0105 Neoprene\u00ae, ma zr\u00f3wnowa\u017con\u0105 kombinacj\u0119 w\u0142a\u015bciwo\u015bci, kt\u00f3re czyni\u0105 go najbardziej uniwersalnym elastomerem.<\/p>\n<p>&nbsp;<\/p>\n<h4>Cechy:<\/h4>\n<ul>\n<li>dobra wytrzyma\u0142o\u015b\u0107 mechaniczna<\/li>\n<li>wysoka odporno\u015b\u0107 na warunki atmosferyczne i\u00a0ozon<\/li>\n<li>dobra odporno\u015b\u0107 na starzenie<\/li>\n<li>niska palno\u015b\u0107<\/li>\n<li>dobra odporno\u015b\u0107 chemiczna<\/li>\n<li>umiarkowana odporno\u015b\u0107 na oleje oraz\u00a0paliwa<\/li>\n<li>szeroki zakres temperatury stonowania<\/li>\n<\/ul>\n<p>&nbsp;<\/p>\n<h4>Ograniczenia:<\/h4>\n<ul>\n<li>Silne kwasy<\/li>\n<li>estry<\/li>\n<li>ketony<\/li>\n<li>chlorowane w\u0119glowodory aromatyczne<\/li>\n<li>nitro<\/li>\n<\/ul>\n<p>&nbsp;<\/p>\n<h4>Informacje dodatkowe:<\/h4>\n<table data-tablestyle=\"MsoTableGrid\" data-tablelook=\"1696\" aria-rowcount=\"11\">\n<tbody>\n<tr aria-rowindex=\"1\">\n<td data-celllook=\"0\"><b><span data-contrast=\"none\">Kolor<\/span><\/b><\/td>\n<td data-celllook=\"0\"><span data-ccp-props=\"{&quot;201341983&quot;:0,&quot;335559740&quot;:259}\">Czarny<\/span><\/td>\n<\/tr>\n<tr aria-rowindex=\"2\">\n<td data-celllook=\"0\"><b><span data-contrast=\"none\">Materia\u0142<\/span><\/b><\/td>\n<td data-celllook=\"0\"><span data-ccp-props=\"{&quot;201341983&quot;:0,&quot;335559740&quot;:259}\">\u00a0Chlropren<br \/>\n<\/span><\/td>\n<\/tr>\n<tr aria-rowindex=\"3\">\n<td data-celllook=\"0\"><b><span data-contrast=\"none\">Twardo\u015b\u0107 (Shore A)<\/span><\/b><\/td>\n<td data-celllook=\"0\"><span data-ccp-props=\"{&quot;201341983&quot;:0,&quot;335559740&quot;:259}\">\u00a065<\/span><\/td>\n<\/tr>\n<tr aria-rowindex=\"4\">\n<td data-celllook=\"0\"><b><span data-contrast=\"none\">Temperatura Maksymalna (\u00b0C)<\/span><\/b><\/td>\n<td data-celllook=\"0\"><span data-ccp-props=\"{&quot;201341983&quot;:0,&quot;335559740&quot;:259}\">\u00a0110<\/span><\/td>\n<\/tr>\n<tr aria-rowindex=\"5\">\n<td data-celllook=\"0\"><b><span data-contrast=\"none\">Temperatura Minimalna (\u00b0C)<\/span><\/b><\/td>\n<td data-celllook=\"0\"><span data-ccp-props=\"{&quot;201341983&quot;:0,&quot;335559740&quot;:259}\">\u00a0-40<\/span><\/td>\n<\/tr>\n<tr aria-rowindex=\"6\">\n<td data-celllook=\"0\"><b><span data-contrast=\"none\">Wytrzyma\u0142o\u015b\u0107 Na Rozci\u0105ganie (MPa)<\/span><\/b><\/td>\n<td data-celllook=\"0\"><span data-ccp-props=\"{&quot;201341983&quot;:0,&quot;335559740&quot;:259}\">\u00a0N\/A<\/span><\/td>\n<\/tr>\n<tr aria-rowindex=\"7\">\n<td data-celllook=\"0\"><b><span data-contrast=\"none\">Wyd\u0142u\u017cenie Przy Zerwaniu (%)<\/span><\/b><\/td>\n<td data-celllook=\"0\"><span data-ccp-props=\"{&quot;201341983&quot;:0,&quot;335559740&quot;:259}\">\u00a0N\/A<\/span><\/td>\n<\/tr>\n<tr aria-rowindex=\"8\">\n<td data-celllook=\"0\"><b><span data-contrast=\"none\">\u015acieralno\u015b\u0107 (mm\u00b3) (DIN53516)<\/span><\/b><\/td>\n<td data-celllook=\"0\"><span data-ccp-props=\"{&quot;201341983&quot;:0,&quot;335559740&quot;:259}\">\u00a0N\/A<\/span><\/td>\n<\/tr>\n<tr aria-rowindex=\"9\">\n<td data-celllook=\"0\"><b><span data-contrast=\"none\">G\u0119sto\u015b\u0107 (g\/cm\u00b3)<\/span><\/b><\/td>\n<td data-celllook=\"0\"><span data-ccp-props=\"{&quot;201341983&quot;:0,&quot;335559740&quot;:259}\">\u00a0N\/A<\/span><\/td>\n<\/tr>\n<tr aria-rowindex=\"10\">\n<td data-celllook=\"0\"><b><span data-contrast=\"none\">Absorpcja Wody (%)<\/span><\/b><\/td>\n<td data-celllook=\"0\"><span data-ccp-props=\"{&quot;201341983&quot;:0,&quot;335559740&quot;:259}\">\u00a0N\/A<\/span><\/td>\n<\/tr>\n<tr aria-rowindex=\"11\">\n<td data-celllook=\"0\"><\/td>\n<td data-celllook=\"0\"><\/td>\n<\/tr>\n<\/tbody>\n<\/table>","protected":false},"excerpt":{"rendered":"<p>&nbsp;<\/p>\n<h4>Kr\u00f3tki opis:<\/h4>\n<p>Sznur Chloroprenowy CR ma zr\u00f3wnowa\u017con\u0105 kombinacj\u0119 w\u0142a\u015bciwo\u015bci, kt\u00f3re czyni\u0105 go najbardziej uniwersalnym elastomerem.<\/p>\n<p>&nbsp;<\/p>\n<p><strong>Sprzedawane w metrach bie\u017c\u0105cych.<\/strong><\/p>","protected":false},"featured_media":5518,"template":"","meta":{"ocean_post_layout":"","ocean_both_sidebars_style":"","ocean_both_sidebars_content_width":0,"ocean_both_sidebars_sidebars_width":0,"ocean_sidebar":"0","ocean_second_sidebar":"0","ocean_disable_margins":"enable","ocean_add_body_class":"","ocean_shortcode_before_top_bar":"","ocean_shortcode_after_top_bar":"","ocean_shortcode_before_header":"","ocean_shortcode_after_header":"","ocean_has_shortcode":"","ocean_shortcode_after_title":"","ocean_shortcode_before_footer_widgets":"","ocean_shortcode_after_footer_widgets":"","ocean_shortcode_before_footer_bottom":"","ocean_shortcode_after_footer_bottom":"","ocean_display_top_bar":"default","ocean_display_header":"default","ocean_header_style":"","ocean_center_header_left_menu":"0","ocean_custom_header_template":"0","ocean_custom_logo":0,"ocean_custom_retina_logo":0,"ocean_custom_logo_max_width":0,"ocean_custom_logo_tablet_max_width":0,"ocean_custom_logo_mobile_max_width":0,"ocean_custom_logo_max_height":0,"ocean_custom_logo_tablet_max_height":0,"ocean_custom_logo_mobile_max_height":0,"ocean_header_custom_menu":"0","ocean_menu_typo_font_family":"0","ocean_menu_typo_font_subset":"","ocean_menu_typo_font_size":0,"ocean_menu_typo_font_size_tablet":0,"ocean_menu_typo_font_size_mobile":0,"ocean_menu_typo_font_size_unit":"px","ocean_menu_typo_font_weight":"","ocean_menu_typo_font_weight_tablet":"","ocean_menu_typo_font_weight_mobile":"","ocean_menu_typo_transform":"","ocean_menu_typo_transform_tablet":"","ocean_menu_typo_transform_mobile":"","ocean_menu_typo_line_height":0,"ocean_menu_typo_line_height_tablet":0,"ocean_menu_typo_line_height_mobile":0,"ocean_menu_typo_line_height_unit":"","ocean_menu_typo_spacing":0,"ocean_menu_typo_spacing_tablet":0,"ocean_menu_typo_spacing_mobile":0,"ocean_menu_typo_spacing_unit":"","ocean_menu_link_color":"","ocean_menu_link_color_hover":"","ocean_menu_link_color_active":"","ocean_menu_link_background":"","ocean_menu_link_hover_background":"","ocean_menu_link_active_background":"","ocean_menu_social_links_bg":"","ocean_menu_social_hover_links_bg":"","ocean_menu_social_links_color":"","ocean_menu_social_hover_links_color":"","ocean_disable_title":"default","ocean_disable_heading":"default","ocean_post_title":"","ocean_post_subheading":"","ocean_post_title_style":"","ocean_post_title_background_color":"","ocean_post_title_background":0,"ocean_post_title_bg_image_position":"","ocean_post_title_bg_image_attachment":"","ocean_post_title_bg_image_repeat":"","ocean_post_title_bg_image_size":"","ocean_post_title_height":0,"ocean_post_title_bg_overlay":0.5,"ocean_post_title_bg_overlay_color":"","ocean_disable_breadcrumbs":"default","ocean_breadcrumbs_color":"","ocean_breadcrumbs_separator_color":"","ocean_breadcrumbs_links_color":"","ocean_breadcrumbs_links_hover_color":"","ocean_display_footer_widgets":"default","ocean_display_footer_bottom":"default","ocean_custom_footer_template":"0"},"product_brand":[],"product_cat":[8529],"product_tag":[],"class_list":{"0":"post-5517","1":"product","2":"type-product","3":"status-publish","4":"has-post-thumbnail","6":"product_cat-sznur-chloroprenowy-cr","7":"pa_kod-produktu-sccr-1","8":"pa_kod-produktu-sccr-15","9":"pa_kod-produktu-sccr-16","10":"pa_kod-produktu-sccr-178","11":"pa_kod-produktu-sccr-10","12":"pa_kod-produktu-sccr-12","13":"pa_kod-produktu-sccr-16-2","14":"pa_kod-produktu-sccr-18","15":"pa_kod-produktu-sccr-2","16":"pa_kod-produktu-sccr-25","17":"pa_kod-produktu-sccr-262","18":"pa_kod-produktu-sccr-20","19":"pa_kod-produktu-sccr-25-2","20":"pa_kod-produktu-sccr-3","21":"pa_kod-produktu-sccr-4","22":"pa_kod-produktu-sccr-5","23":"pa_kod-produktu-sccr-6","24":"pa_kod-produktu-sccr-7","25":"pa_kod-produktu-sccr-8","26":"pa_kod-produktu-sccr-9","28":"entry","29":"has-media","31":"first","32":"instock","33":"shipping-taxable","34":"purchasable","35":"product-type-variable","36":"has-product-nav","37":"col","38":"span_1_of_3","39":"owp-content-center","40":"owp-thumbs-layout-horizontal","41":"owp-btn-normal","42":"owp-tabs-layout-horizontal","43":"has-no-thumbnails"},"jetpack-related-posts":[{"id":5465,"url":"https:\/\/vibra-polymers.pl\/en\/product\/sznur-gumowy-fkm-viton\/","url_meta":{"origin":5517,"position":0},"title":"Sznur Gumowy FKM (Viton\u00ae)","author":"admin","date":"14\/02\/2022","format":false,"excerpt":"Kr\u00f3tki opis: Sznur Gumowy FKM\/Viton -jest elastomerem na bazie kauczuku fluorowego. Sznury te zapewniaj\u0105 doskona\u0142\u0105 odporno\u015b\u0107 na ro\u017cne korozyjne p\u0142yny nawet o podwy\u017cszonej temperaturze bez powa\u017cnej degradacji. \u00a0 Sprzedawane w metrach bie\u017c\u0105cych.","rel":"","context":"Similar post","block_context":{"text":"Similar post","link":""},"img":{"alt_text":"","src":"https:\/\/vibra-polymers.pl\/wp-content\/uploads\/2022\/02\/sznur-gumowy-nbr-epdm-1-scaled-1.jpg","width":350,"height":200,"srcset":"https:\/\/vibra-polymers.pl\/wp-content\/uploads\/2022\/02\/sznur-gumowy-nbr-epdm-1-scaled-1.jpg 1x, https:\/\/vibra-polymers.pl\/wp-content\/uploads\/2022\/02\/sznur-gumowy-nbr-epdm-1-scaled-1.jpg 1.5x, https:\/\/vibra-polymers.pl\/wp-content\/uploads\/2022\/02\/sznur-gumowy-nbr-epdm-1-scaled-1.jpg 2x, https:\/\/vibra-polymers.pl\/wp-content\/uploads\/2022\/02\/sznur-gumowy-nbr-epdm-1-scaled-1.jpg 3x, https:\/\/vibra-polymers.pl\/wp-content\/uploads\/2022\/02\/sznur-gumowy-nbr-epdm-1-scaled-1.jpg 4x"},"classes":[]},{"id":5540,"url":"https:\/\/vibra-polymers.pl\/en\/product\/sznur-gabczasty-epdm\/","url_meta":{"origin":5517,"position":1},"title":"Sznur G\u0105bczasty EPDM","author":"admin","date":"15\/02\/2022","format":false,"excerpt":"Kr\u00f3tki opis: Sznur G\u0105bczasty EPDM posiada budow\u0119 por\u00f3w zamkni\u0119tych, stosuje si\u0119 go wsz\u0119dzie tam gdzie niezb\u0119dna jest odporno\u015b\u0107 na ozon i warunki atmosferyczne. \u00a0 Sprzedawane w metrach bie\u017c\u0105cych.\u00a0","rel":"","context":"Similar post","block_context":{"text":"Similar post","link":""},"img":{"alt_text":"","src":"https:\/\/vibra-polymers.pl\/wp-content\/uploads\/2022\/02\/cr-sponge_cord_1.jpg","width":350,"height":200},"classes":[]},{"id":5493,"url":"https:\/\/vibra-polymers.pl\/en\/product\/sznur-gumowy-epdm\/","url_meta":{"origin":5517,"position":2},"title":"Sznur Gumowy EPDM","author":"admin","date":"14\/02\/2022","format":false,"excerpt":"\u00a0 Kr\u00f3tki opis: Odporny na warunki atmosferyczne: ozon, \u015bwiat\u0142o s\u0142oneczne, wilgotno\u015b\u0107, UV, proces starzenia. \u00a0 Sprzedawane w metrach bie\u017c\u0105cych.","rel":"","context":"Similar post","block_context":{"text":"Similar post","link":""},"img":{"alt_text":"","src":"https:\/\/vibra-polymers.pl\/wp-content\/uploads\/2022\/02\/sznur-gumowy-nbr-epdm-1-scaled-1.jpg","width":350,"height":200,"srcset":"https:\/\/vibra-polymers.pl\/wp-content\/uploads\/2022\/02\/sznur-gumowy-nbr-epdm-1-scaled-1.jpg 1x, https:\/\/vibra-polymers.pl\/wp-content\/uploads\/2022\/02\/sznur-gumowy-nbr-epdm-1-scaled-1.jpg 1.5x, https:\/\/vibra-polymers.pl\/wp-content\/uploads\/2022\/02\/sznur-gumowy-nbr-epdm-1-scaled-1.jpg 2x, https:\/\/vibra-polymers.pl\/wp-content\/uploads\/2022\/02\/sznur-gumowy-nbr-epdm-1-scaled-1.jpg 3x, https:\/\/vibra-polymers.pl\/wp-content\/uploads\/2022\/02\/sznur-gumowy-nbr-epdm-1-scaled-1.jpg 4x"},"classes":[]},{"id":5388,"url":"https:\/\/vibra-polymers.pl\/en\/product\/sznury-gumowe-nbr\/","url_meta":{"origin":5517,"position":3},"title":"Sznury Gumowe NBR","author":"admin","date":"14\/02\/2022","format":false,"excerpt":"\u00a0 Kr\u00f3tki opis: Sznury NBR s\u0105 powszechnie stosowane do kontaktu z olejami ropopochodnymi, mineralnymi oraz ro\u015blinnymi. Nadaj\u0105 si\u0119 tak\u017ce do kontaktu z w\u0119glowodorami aromatycznymi oraz z bardzo nisko st\u0119\u017conymi kwasami i zasadami. \u00a0 Sprzedawane w metrach bie\u017c\u0105cych.","rel":"","context":"Similar post","block_context":{"text":"Similar post","link":""},"img":{"alt_text":"","src":"","width":0,"height":0},"classes":[]},{"id":5562,"url":"https:\/\/vibra-polymers.pl\/en\/product\/sznur-sylikonowy-czerwony-vmq\/","url_meta":{"origin":5517,"position":4},"title":"Sznur Silikonowy Czerwony (VMQ)","author":"admin","date":"15\/02\/2022","format":false,"excerpt":"\u00a0 Kr\u00f3tki opis: Zachowuje swoje w\u0142a\u015bciwo\u015bci w temperaturach -40 \u00b0 C do +200 \u00b0 C. Jest doskona\u0142ym izolatorem elektrycznym Posiadaj\u0105 oboj\u0119tno\u015b\u0107 fizjologiczn\u0105 oraz du\u017c\u0105 odporno\u015b\u0107 na warunki pogodowe oraz promieniowanie UV. \u00a0 Sprzedawane w metrach bie\u017c\u0105cych.","rel":"","context":"Similar post","block_context":{"text":"Similar post","link":""},"img":{"alt_text":"","src":"https:\/\/vibra-polymers.pl\/wp-content\/uploads\/2022\/02\/273897862_653643785948663_4723186556756228939_n.jpg","width":350,"height":200,"srcset":"https:\/\/vibra-polymers.pl\/wp-content\/uploads\/2022\/02\/273897862_653643785948663_4723186556756228939_n.jpg 1x, https:\/\/vibra-polymers.pl\/wp-content\/uploads\/2022\/02\/273897862_653643785948663_4723186556756228939_n.jpg 1.5x, https:\/\/vibra-polymers.pl\/wp-content\/uploads\/2022\/02\/273897862_653643785948663_4723186556756228939_n.jpg 2x"},"classes":[]},{"id":5588,"url":"https:\/\/vibra-polymers.pl\/en\/product\/sznur-sylikonowy-bialy-vmq\/","url_meta":{"origin":5517,"position":5},"title":"Sznur Silikonowy Bia\u0142y (VMQ)","author":"admin","date":"15\/02\/2022","format":false,"excerpt":"\u00a0 Kr\u00f3tki opis: Zachowuje swoje w\u0142a\u015bciwo\u015bci w temperaturach -40 \u00b0 C do +200 \u00b0 C. Jest doskona\u0142ym izolatorem elektrycznym Posiadaj\u0105 oboj\u0119tno\u015b\u0107 fizjologiczn\u0105 oraz du\u017c\u0105 odporno\u015b\u0107 na warunki pogodowe oraz promieniowanie UV. \u00a0 Sprzedawane w metrach bie\u017c\u0105cych.","rel":"","context":"Similar post","block_context":{"text":"Similar post","link":""},"img":{"alt_text":"","src":"","width":0,"height":0},"classes":[]}],"jetpack_sharing_enabled":true,"_links":{"self":[{"href":"https:\/\/vibra-polymers.pl\/en\/wp-json\/wp\/v2\/product\/5517","targetHints":{"allow":["GET"]}}],"collection":[{"href":"https:\/\/vibra-polymers.pl\/en\/wp-json\/wp\/v2\/product"}],"about":[{"href":"https:\/\/vibra-polymers.pl\/en\/wp-json\/wp\/v2\/types\/product"}],"version-history":[{"count":1,"href":"https:\/\/vibra-polymers.pl\/en\/wp-json\/wp\/v2\/product\/5517\/revisions"}],"predecessor-version":[{"id":5539,"href":"https:\/\/vibra-polymers.pl\/en\/wp-json\/wp\/v2\/product\/5517\/revisions\/5539"}],"wp:featuredmedia":[{"embeddable":true,"href":"https:\/\/vibra-polymers.pl\/en\/wp-json\/wp\/v2\/media\/5518"}],"wp:attachment":[{"href":"https:\/\/vibra-polymers.pl\/en\/wp-json\/wp\/v2\/media?parent=5517"}],"wp:term":[{"taxonomy":"product_brand","embeddable":true,"href":"https:\/\/vibra-polymers.pl\/en\/wp-json\/wp\/v2\/product_brand?post=5517"},{"taxonomy":"product_cat","embeddable":true,"href":"https:\/\/vibra-polymers.pl\/en\/wp-json\/wp\/v2\/product_cat?post=5517"},{"taxonomy":"product_tag","embeddable":true,"href":"https:\/\/vibra-polymers.pl\/en\/wp-json\/wp\/v2\/product_tag?post=5517"}],"curies":[{"name":"wp","href":"https:\/\/api.w.org\/{rel}","templated":true}]}}