{"id":5540,"date":"2022-02-15T09:43:40","date_gmt":"2022-02-15T09:43:40","guid":{"rendered":"https:\/\/vibra-polymers.pl\/?post_type=product&#038;p=5540"},"modified":"2022-05-30T09:18:03","modified_gmt":"2022-05-30T09:18:03","slug":"sznur-gabczasty-epdm","status":"publish","type":"product","link":"https:\/\/vibra-polymers.pl\/en\/product\/sznur-gabczasty-epdm\/","title":{"rendered":"Sznur G\u0105bczasty EPDM"},"content":{"rendered":"<h4>Szczeg\u00f3\u0142y:<\/h4>\n<p>Sznur G\u0105bczasty EPDM posiada bardzo dobr\u0105 odporno\u015b\u0107 na ozon i warunki atmosferyczne a tak\u017ce\u00a0 dobr\u0105 odporno\u015b\u0107 na gor\u0105c\u0105 wod\u0119 i par\u0119 wodn\u0105.<\/p>\n<p>&nbsp;<\/p>\n<h4>Cechy:<\/h4>\n<ul>\n<li>Dobra odporno\u015b\u0107 termiczna<\/li>\n<li>Doskona\u0142a odporno\u015b\u0107 na ozon i\u00a0warunki atmosferyczne<\/li>\n<li>Dobry wsp\u00f3\u0142czynnik odkszta\u0142ce\u0144 trwa\u0142ych po ucisku<\/li>\n<li>Odporno\u015b\u0107 na wod\u0119 i\u00a0par\u0119 wodn\u0105<\/li>\n<li>Odporny na:\u00a0ketony, \u0142ugi, rozpuszczalniki polarne, alkohole<\/li>\n<li>P\u0142yny hamulcowe na bazie glikolu (DOT 3 i\u00a04) oraz\u00a0silikonu (DOT 5)<\/li>\n<li>Trudnopalne ciecze hydrauliczne (HFD- R)<\/li>\n<li>\u015arodki czyszcz\u0105ce<\/li>\n<li>Glikol, aceton, wiele kwas\u00f3w organicznych i\u00a0nieorganicznych (niskie st\u0119\u017cenia), zasady<\/li>\n<\/ul>\n<p>&nbsp;<\/p>\n<h4>Ograniczenia:<\/h4>\n<ul>\n<li>Produkty\u00a0ropopochodne\u00a0(oleje, smary, paliwa)<\/li>\n<li>W\u0119glowodory\u00a0aromatyczne\u00a0i alifatyczne<\/li>\n<li>Rozpuszczalniki organiczne<\/li>\n<li>St\u0119\u017cone kwasy<\/li>\n<li>Rozpuszczalniki niepolarne<\/li>\n<\/ul>\n<p>&nbsp;<\/p>\n<h4>Informacje dodatkowe:<\/h4>\n<table data-tablestyle=\"MsoTableGrid\" data-tablelook=\"1696\" aria-rowcount=\"11\">\n<tbody>\n<tr aria-rowindex=\"1\">\n<td data-celllook=\"0\"><b><span data-contrast=\"none\">Kolor<\/span><\/b><\/td>\n<td data-celllook=\"0\"><span data-ccp-props=\"{&quot;201341983&quot;:0,&quot;335559740&quot;:259}\">Czarny<\/span><\/td>\n<\/tr>\n<tr aria-rowindex=\"2\">\n<td data-celllook=\"0\"><b><span data-contrast=\"none\">Materia\u0142<\/span><\/b><\/td>\n<td data-celllook=\"0\"><span data-ccp-props=\"{&quot;201341983&quot;:0,&quot;335559740&quot;:259}\">\u00a0EPDM<br \/>\n<\/span><\/td>\n<\/tr>\n<tr aria-rowindex=\"3\">\n<td data-celllook=\"0\"><b><span data-contrast=\"none\">Twardo\u015b\u0107 (Shore OO)<\/span><\/b><\/td>\n<td data-celllook=\"0\"><span data-ccp-props=\"{&quot;201341983&quot;:0,&quot;335559740&quot;:259}\">\u00a045<\/span><\/td>\n<\/tr>\n<tr aria-rowindex=\"4\">\n<td data-celllook=\"0\"><b><span data-contrast=\"none\">Temperatura Maksymalna (\u00b0C)<\/span><\/b><\/td>\n<td data-celllook=\"0\"><span data-ccp-props=\"{&quot;201341983&quot;:0,&quot;335559740&quot;:259}\">\u00a0120<\/span><\/td>\n<\/tr>\n<tr aria-rowindex=\"5\">\n<td data-celllook=\"0\"><b><span data-contrast=\"none\">Temperatura Minimalna (\u00b0C)<\/span><\/b><\/td>\n<td data-celllook=\"0\"><span data-ccp-props=\"{&quot;201341983&quot;:0,&quot;335559740&quot;:259}\">\u00a0-30<\/span><\/td>\n<\/tr>\n<tr aria-rowindex=\"6\">\n<td data-celllook=\"0\"><b><span data-contrast=\"none\">Wytrzyma\u0142o\u015b\u0107 Na Rozci\u0105ganie (MPa)<\/span><\/b><\/td>\n<td data-celllook=\"0\"><span data-ccp-props=\"{&quot;201341983&quot;:0,&quot;335559740&quot;:259}\">\u00a014.00<\/span><\/td>\n<\/tr>\n<tr aria-rowindex=\"7\">\n<td data-celllook=\"0\"><b><span data-contrast=\"none\">Wyd\u0142u\u017cenie Przy Zerwaniu (%)<\/span><\/b><\/td>\n<td data-celllook=\"0\"><span data-ccp-props=\"{&quot;201341983&quot;:0,&quot;335559740&quot;:259}\">\u00a0200.00<\/span><\/td>\n<\/tr>\n<tr aria-rowindex=\"8\">\n<td data-celllook=\"0\"><b><span data-contrast=\"none\">\u015acieralno\u015b\u0107 (mm\u00b3) (DIN53516)<\/span><\/b><\/td>\n<td data-celllook=\"0\"><span data-ccp-props=\"{&quot;201341983&quot;:0,&quot;335559740&quot;:259}\">\u00a0N\/A<\/span><\/td>\n<\/tr>\n<tr aria-rowindex=\"9\">\n<td data-celllook=\"0\"><b><span data-contrast=\"none\">G\u0119sto\u015b\u0107 (g\/cm\u00b3)<\/span><\/b><\/td>\n<td data-celllook=\"0\"><span data-ccp-props=\"{&quot;201341983&quot;:0,&quot;335559740&quot;:259}\">\u00a0N\/A<\/span><\/td>\n<\/tr>\n<tr aria-rowindex=\"10\">\n<td data-celllook=\"0\"><b><span data-contrast=\"none\">Absorpcja Wody (%)<\/span><\/b><\/td>\n<td data-celllook=\"0\"><span data-ccp-props=\"{&quot;201341983&quot;:0,&quot;335559740&quot;:259}\">\u00a05.00<\/span><\/td>\n<\/tr>\n<tr aria-rowindex=\"11\">\n<td data-celllook=\"0\"><b><span data-contrast=\"none\">Odkszta\u0142cenia Trwa\u0142e Po Ucisku (%)<\/span><\/b><\/td>\n<td data-celllook=\"0\">25.00<\/td>\n<\/tr>\n<\/tbody>\n<\/table>\n<p>&nbsp;<\/p>","protected":false},"excerpt":{"rendered":"<h2><\/h2>\n<h4>Kr\u00f3tki opis:<\/h4>\n<p>Sznur G\u0105bczasty EPDM posiada budow\u0119 por\u00f3w zamkni\u0119tych, stosuje si\u0119 go wsz\u0119dzie tam gdzie niezb\u0119dna jest odporno\u015b\u0107 na ozon i warunki atmosferyczne.<\/p>\n<p>&nbsp;<\/p>\n<p><strong>Sprzedawane w metrach bie\u017c\u0105cych.\u00a0<\/strong><\/p>","protected":false},"featured_media":5541,"template":"","meta":{"ocean_post_layout":"","ocean_both_sidebars_style":"","ocean_both_sidebars_content_width":0,"ocean_both_sidebars_sidebars_width":0,"ocean_sidebar":"0","ocean_second_sidebar":"0","ocean_disable_margins":"enable","ocean_add_body_class":"","ocean_shortcode_before_top_bar":"","ocean_shortcode_after_top_bar":"","ocean_shortcode_before_header":"","ocean_shortcode_after_header":"","ocean_has_shortcode":"","ocean_shortcode_after_title":"","ocean_shortcode_before_footer_widgets":"","ocean_shortcode_after_footer_widgets":"","ocean_shortcode_before_footer_bottom":"","ocean_shortcode_after_footer_bottom":"","ocean_display_top_bar":"default","ocean_display_header":"default","ocean_header_style":"","ocean_center_header_left_menu":"0","ocean_custom_header_template":"0","ocean_custom_logo":0,"ocean_custom_retina_logo":0,"ocean_custom_logo_max_width":0,"ocean_custom_logo_tablet_max_width":0,"ocean_custom_logo_mobile_max_width":0,"ocean_custom_logo_max_height":0,"ocean_custom_logo_tablet_max_height":0,"ocean_custom_logo_mobile_max_height":0,"ocean_header_custom_menu":"0","ocean_menu_typo_font_family":"0","ocean_menu_typo_font_subset":"","ocean_menu_typo_font_size":0,"ocean_menu_typo_font_size_tablet":0,"ocean_menu_typo_font_size_mobile":0,"ocean_menu_typo_font_size_unit":"px","ocean_menu_typo_font_weight":"","ocean_menu_typo_font_weight_tablet":"","ocean_menu_typo_font_weight_mobile":"","ocean_menu_typo_transform":"","ocean_menu_typo_transform_tablet":"","ocean_menu_typo_transform_mobile":"","ocean_menu_typo_line_height":0,"ocean_menu_typo_line_height_tablet":0,"ocean_menu_typo_line_height_mobile":0,"ocean_menu_typo_line_height_unit":"","ocean_menu_typo_spacing":0,"ocean_menu_typo_spacing_tablet":0,"ocean_menu_typo_spacing_mobile":0,"ocean_menu_typo_spacing_unit":"","ocean_menu_link_color":"","ocean_menu_link_color_hover":"","ocean_menu_link_color_active":"","ocean_menu_link_background":"","ocean_menu_link_hover_background":"","ocean_menu_link_active_background":"","ocean_menu_social_links_bg":"","ocean_menu_social_hover_links_bg":"","ocean_menu_social_links_color":"","ocean_menu_social_hover_links_color":"","ocean_disable_title":"default","ocean_disable_heading":"default","ocean_post_title":"","ocean_post_subheading":"","ocean_post_title_style":"","ocean_post_title_background_color":"","ocean_post_title_background":0,"ocean_post_title_bg_image_position":"","ocean_post_title_bg_image_attachment":"","ocean_post_title_bg_image_repeat":"","ocean_post_title_bg_image_size":"","ocean_post_title_height":0,"ocean_post_title_bg_overlay":0.5,"ocean_post_title_bg_overlay_color":"","ocean_disable_breadcrumbs":"default","ocean_breadcrumbs_color":"","ocean_breadcrumbs_separator_color":"","ocean_breadcrumbs_links_color":"","ocean_breadcrumbs_links_hover_color":"","ocean_display_footer_widgets":"default","ocean_display_footer_bottom":"default","ocean_custom_footer_template":"0"},"product_brand":[],"product_cat":[9906,26],"product_tag":[],"class_list":{"0":"post-5540","1":"product","2":"type-product","3":"status-publish","4":"has-post-thumbnail","6":"product_cat-sznury-gabczaste","7":"product_cat-sznury-i-profile-gumowe","8":"pa_kod-produktu-sgep-10","9":"pa_kod-produktu-sgep-11","10":"pa_kod-produktu-sgep-12","11":"pa_kod-produktu-sgep-13","12":"pa_kod-produktu-sgep-14","13":"pa_kod-produktu-sgep-15","14":"pa_kod-produktu-sgep-16","15":"pa_kod-produktu-sgep-18","16":"pa_kod-produktu-sgep-2","17":"pa_kod-produktu-sgep-20","18":"pa_kod-produktu-sgep-22","19":"pa_kod-produktu-sgep-23","20":"pa_kod-produktu-sgep-25","21":"pa_kod-produktu-sgep-3","22":"pa_kod-produktu-sgep-30","23":"pa_kod-produktu-sgep-4","24":"pa_kod-produktu-sgep-5","25":"pa_kod-produktu-sgep-6","26":"pa_kod-produktu-sgep-7","27":"pa_kod-produktu-sgep-8","28":"pa_kod-produktu-sgep-9","30":"entry","31":"has-media","33":"first","34":"instock","35":"shipping-taxable","36":"purchasable","37":"product-type-variable","38":"has-product-nav","39":"col","40":"span_1_of_3","41":"owp-content-center","42":"owp-thumbs-layout-horizontal","43":"owp-btn-normal","44":"owp-tabs-layout-horizontal","45":"has-no-thumbnails"},"jetpack-related-posts":[{"id":5493,"url":"https:\/\/vibra-polymers.pl\/en\/product\/sznur-gumowy-epdm\/","url_meta":{"origin":5540,"position":0},"title":"Sznur Gumowy EPDM","author":"admin","date":"14\/02\/2022","format":false,"excerpt":"\u00a0 Kr\u00f3tki opis: Odporny na warunki atmosferyczne: ozon, \u015bwiat\u0142o s\u0142oneczne, wilgotno\u015b\u0107, UV, proces starzenia. \u00a0 Sprzedawane w metrach bie\u017c\u0105cych.","rel":"","context":"Similar post","block_context":{"text":"Similar post","link":""},"img":{"alt_text":"","src":"https:\/\/vibra-polymers.pl\/wp-content\/uploads\/2022\/02\/sznur-gumowy-nbr-epdm-1-scaled-1.jpg","width":350,"height":200,"srcset":"https:\/\/vibra-polymers.pl\/wp-content\/uploads\/2022\/02\/sznur-gumowy-nbr-epdm-1-scaled-1.jpg 1x, https:\/\/vibra-polymers.pl\/wp-content\/uploads\/2022\/02\/sznur-gumowy-nbr-epdm-1-scaled-1.jpg 1.5x, https:\/\/vibra-polymers.pl\/wp-content\/uploads\/2022\/02\/sznur-gumowy-nbr-epdm-1-scaled-1.jpg 2x, https:\/\/vibra-polymers.pl\/wp-content\/uploads\/2022\/02\/sznur-gumowy-nbr-epdm-1-scaled-1.jpg 3x, https:\/\/vibra-polymers.pl\/wp-content\/uploads\/2022\/02\/sznur-gumowy-nbr-epdm-1-scaled-1.jpg 4x"},"classes":[]},{"id":5001,"url":"https:\/\/vibra-polymers.pl\/en\/product\/oringi-epdm\/","url_meta":{"origin":5540,"position":1},"title":"O-ringi EPDM","author":"admin","date":"05\/11\/2021","format":false,"excerpt":"\u00a0 Kr\u00f3tki opis: O-ringi EPDM zyska\u0142y szerok\u0105 akceptacj\u0119 przemys\u0142u uszczelnie\u0144 dzi\u0119ki doskona\u0142ej odporno\u015bci na ozon i odporno\u015bci chemicznej. O-ringi EPDM\u00a0 s\u0105 cz\u0119sto stosowane do uszczelnienia uk\u0142ad\u00f3w hamulcowych. \u00a0 \u00a0","rel":"","context":"Similar post","block_context":{"text":"Similar post","link":""},"img":{"alt_text":"","src":"https:\/\/vibra-polymers.pl\/wp-content\/uploads\/2022\/03\/186530691_1171870679927347_7040501725056935753_n-removebg-preview.jpg","width":350,"height":200,"srcset":"https:\/\/vibra-polymers.pl\/wp-content\/uploads\/2022\/03\/186530691_1171870679927347_7040501725056935753_n-removebg-preview.jpg 1x, https:\/\/vibra-polymers.pl\/wp-content\/uploads\/2022\/03\/186530691_1171870679927347_7040501725056935753_n-removebg-preview.jpg 1.5x"},"classes":[]},{"id":5517,"url":"https:\/\/vibra-polymers.pl\/en\/product\/sznur-chloroprenowy-cr\/","url_meta":{"origin":5540,"position":2},"title":"Sznur Chloroprenowy CR (G\u0105bczasty)","author":"admin","date":"15\/02\/2022","format":false,"excerpt":"\u00a0 Kr\u00f3tki opis: Sznur Chloroprenowy CR ma zr\u00f3wnowa\u017con\u0105 kombinacj\u0119 w\u0142a\u015bciwo\u015bci, kt\u00f3re czyni\u0105 go najbardziej uniwersalnym elastomerem. \u00a0 Sprzedawane w metrach bie\u017c\u0105cych.","rel":"","context":"Similar post","block_context":{"text":"Similar post","link":""},"img":{"alt_text":"","src":"https:\/\/vibra-polymers.pl\/wp-content\/uploads\/2022\/02\/Sznur_NBR_ProPolimer.jpg","width":350,"height":200,"srcset":"https:\/\/vibra-polymers.pl\/wp-content\/uploads\/2022\/02\/Sznur_NBR_ProPolimer.jpg 1x, https:\/\/vibra-polymers.pl\/wp-content\/uploads\/2022\/02\/Sznur_NBR_ProPolimer.jpg 1.5x, https:\/\/vibra-polymers.pl\/wp-content\/uploads\/2022\/02\/Sznur_NBR_ProPolimer.jpg 2x, https:\/\/vibra-polymers.pl\/wp-content\/uploads\/2022\/02\/Sznur_NBR_ProPolimer.jpg 3x"},"classes":[]},{"id":5388,"url":"https:\/\/vibra-polymers.pl\/en\/product\/sznury-gumowe-nbr\/","url_meta":{"origin":5540,"position":3},"title":"Sznury Gumowe NBR","author":"admin","date":"14\/02\/2022","format":false,"excerpt":"\u00a0 Kr\u00f3tki opis: Sznury NBR s\u0105 powszechnie stosowane do kontaktu z olejami ropopochodnymi, mineralnymi oraz ro\u015blinnymi. Nadaj\u0105 si\u0119 tak\u017ce do kontaktu z w\u0119glowodorami aromatycznymi oraz z bardzo nisko st\u0119\u017conymi kwasami i zasadami. \u00a0 Sprzedawane w metrach bie\u017c\u0105cych.","rel":"","context":"Similar post","block_context":{"text":"Similar post","link":""},"img":{"alt_text":"","src":"","width":0,"height":0},"classes":[]},{"id":4486,"url":"https:\/\/vibra-polymers.pl\/en\/product\/oringi-viton-fkm-2\/","url_meta":{"origin":5540,"position":4},"title":"O-ringi Viton\u00ae FKM\/FPM","author":"admin","date":"03\/11\/2021","format":false,"excerpt":"Kr\u00f3tki opis: O-ringi wykonane z FKM charakteryzuje si\u0119 bardzo dobr\u0105 odporno\u015bci\u0105 chemiczn\u0105 oraz odporno\u015bci\u0105 na wysokie temperatury do 200\u00b0C. \u00a0 Przed Zam\u00f3wieniem Skontaktuj si\u0119 z nami po wi\u0119cej szczeg\u00f3\u0142\u00f3w.","rel":"","context":"Similar post","block_context":{"text":"Similar post","link":""},"img":{"alt_text":"","src":"https:\/\/vibra-polymers.pl\/wp-content\/uploads\/2021\/11\/R-2.png","width":350,"height":200},"classes":[]},{"id":802,"url":"https:\/\/vibra-polymers.pl\/en\/product\/sznur-sylikonowy-gabczasty\/","url_meta":{"origin":5540,"position":5},"title":"Sznur Silikonowy G\u0105bczasty","author":"admin","date":"11\/05\/2021","format":false,"excerpt":"Kr\u00f3tki opis: Zachowuje swoje w\u0142a\u015bciwo\u015bci w temperaturach -40 \u00b0 C do +200 \u00b0 C. Jest doskona\u0142ym izolatorem elektrycznym oraz jest oboj\u0119tny fizjologicznie. \u00a0 Sprzedawane w metrach bie\u017c\u0105cych. \u00a0","rel":"","context":"Similar post","block_context":{"text":"Similar post","link":""},"img":{"alt_text":"","src":"https:\/\/vibra-polymers.pl\/wp-content\/uploads\/2021\/05\/pdf36.jpg","width":350,"height":200,"srcset":"https:\/\/vibra-polymers.pl\/wp-content\/uploads\/2021\/05\/pdf36.jpg 1x, https:\/\/vibra-polymers.pl\/wp-content\/uploads\/2021\/05\/pdf36.jpg 1.5x"},"classes":[]}],"jetpack_sharing_enabled":true,"_links":{"self":[{"href":"https:\/\/vibra-polymers.pl\/en\/wp-json\/wp\/v2\/product\/5540","targetHints":{"allow":["GET"]}}],"collection":[{"href":"https:\/\/vibra-polymers.pl\/en\/wp-json\/wp\/v2\/product"}],"about":[{"href":"https:\/\/vibra-polymers.pl\/en\/wp-json\/wp\/v2\/types\/product"}],"version-history":[{"count":1,"href":"https:\/\/vibra-polymers.pl\/en\/wp-json\/wp\/v2\/product\/5540\/revisions"}],"predecessor-version":[{"id":7267,"href":"https:\/\/vibra-polymers.pl\/en\/wp-json\/wp\/v2\/product\/5540\/revisions\/7267"}],"wp:featuredmedia":[{"embeddable":true,"href":"https:\/\/vibra-polymers.pl\/en\/wp-json\/wp\/v2\/media\/5541"}],"wp:attachment":[{"href":"https:\/\/vibra-polymers.pl\/en\/wp-json\/wp\/v2\/media?parent=5540"}],"wp:term":[{"taxonomy":"product_brand","embeddable":true,"href":"https:\/\/vibra-polymers.pl\/en\/wp-json\/wp\/v2\/product_brand?post=5540"},{"taxonomy":"product_cat","embeddable":true,"href":"https:\/\/vibra-polymers.pl\/en\/wp-json\/wp\/v2\/product_cat?post=5540"},{"taxonomy":"product_tag","embeddable":true,"href":"https:\/\/vibra-polymers.pl\/en\/wp-json\/wp\/v2\/product_tag?post=5540"}],"curies":[{"name":"wp","href":"https:\/\/api.w.org\/{rel}","templated":true}]}}