{"id":5641,"date":"2022-02-15T14:48:35","date_gmt":"2022-02-15T14:48:35","guid":{"rendered":"https:\/\/vibra-polymers.pl\/?post_type=product&#038;p=5641"},"modified":"2022-05-30T08:51:38","modified_gmt":"2022-05-30T08:51:38","slug":"silikonowy-sznur-o-przekroju-kwadratowym-vmq","status":"publish","type":"product","link":"https:\/\/vibra-polymers.pl\/en\/product\/silikonowy-sznur-o-przekroju-kwadratowym-vmq\/","title":{"rendered":"Silikonowy Sznur o Przekroju Kwadratowym (VMQ)"},"content":{"rendered":"<h4>Szczeg\u00f3\u0142y:<\/h4>\n<p>Silikonowy Sznur o Przekroju Kwadratowym (VMQ) wykonany jest z okre\u015blon\u0105 tolerancj\u0105, sznury te maj\u0105 wiele zastosowa\u0144 uszczelniaj\u0105cych.<\/p>\n<p>&nbsp;<\/p>\n<h4>Cechy:<\/h4>\n<ul>\n<li>Doskona\u0142a elastyczno\u015b\u0107<\/li>\n<li>Dobry izolator elektryczny<\/li>\n<li>Doskona\u0142a odporno\u015b\u0107 na tlen, ozon, \u015bwiat\u0142o s\u0142oneczne<\/li>\n<li>Odporno\u015b\u0107\u00a0na atak biologiczny i\u00a0grzybiczy<\/li>\n<li>Odpowiednie do zastosowa\u0144 spo\u017cywczych FDA<\/li>\n<\/ul>\n<p>&nbsp;<\/p>\n<h4>Ograniczenia:<\/h4>\n<ul>\n<li>Nie zaleca si\u0119 do zastosowa\u0144 dynamicznych<\/li>\n<li>Wysoka przepuszczalno\u015b\u0107 gaz\u00f3w<\/li>\n<li>Nie odporny chemicznie.<\/li>\n<\/ul>\n<p>&nbsp;<\/p>\n<h4>Informacje dodatkowe:<\/h4>\n<table data-tablestyle=\"MsoTableGrid\" data-tablelook=\"1696\" aria-rowcount=\"11\">\n<tbody>\n<tr aria-rowindex=\"1\">\n<td data-celllook=\"0\"><b><span data-contrast=\"none\">Kolor<\/span><\/b><\/td>\n<td data-celllook=\"0\"><span data-ccp-props=\"{&quot;201341983&quot;:0,&quot;335559740&quot;:259}\">Bia\u0142y<\/span><\/td>\n<\/tr>\n<tr aria-rowindex=\"2\">\n<td data-celllook=\"0\"><b><span data-contrast=\"none\">Materia\u0142<\/span><\/b><\/td>\n<td data-celllook=\"0\"><span data-ccp-props=\"{&quot;201341983&quot;:0,&quot;335559740&quot;:259}\">\u00a0Silikon VMQ<br \/>\n<\/span><\/td>\n<\/tr>\n<tr aria-rowindex=\"3\">\n<td data-celllook=\"0\"><b><span data-contrast=\"none\">Twardo\u015b\u0107 (Shore A)<\/span><\/b><\/td>\n<td data-celllook=\"0\"><span data-ccp-props=\"{&quot;201341983&quot;:0,&quot;335559740&quot;:259}\">\u00a060<\/span><\/td>\n<\/tr>\n<tr aria-rowindex=\"4\">\n<td data-celllook=\"0\"><b><span data-contrast=\"none\">Temperatura Maksymalna (\u00b0C)<\/span><\/b><\/td>\n<td data-celllook=\"0\"><span data-ccp-props=\"{&quot;201341983&quot;:0,&quot;335559740&quot;:259}\">\u00a0230<\/span><\/td>\n<\/tr>\n<tr aria-rowindex=\"5\">\n<td data-celllook=\"0\"><b><span data-contrast=\"none\">Temperatura Minimalna (\u00b0C)<\/span><\/b><\/td>\n<td data-celllook=\"0\"><span data-ccp-props=\"{&quot;201341983&quot;:0,&quot;335559740&quot;:259}\">\u00a0-60<\/span><\/td>\n<\/tr>\n<tr aria-rowindex=\"6\">\n<td data-celllook=\"0\"><b><span data-contrast=\"none\">Wytrzyma\u0142o\u015b\u0107 Na Rozci\u0105ganie (MPa)<\/span><\/b><\/td>\n<td data-celllook=\"0\"><span data-ccp-props=\"{&quot;201341983&quot;:0,&quot;335559740&quot;:259}\">\u00a010.00<\/span><\/td>\n<\/tr>\n<tr aria-rowindex=\"7\">\n<td data-celllook=\"0\"><b><span data-contrast=\"none\">Wyd\u0142u\u017cenie Przy Zerwaniu (%)<\/span><\/b><\/td>\n<td data-celllook=\"0\"><span data-ccp-props=\"{&quot;201341983&quot;:0,&quot;335559740&quot;:259}\">\u00a0400<\/span><\/td>\n<\/tr>\n<tr aria-rowindex=\"8\">\n<td data-celllook=\"0\"><b><span data-contrast=\"none\">Absorpcja Wody (%)<\/span><\/b><\/td>\n<td data-celllook=\"0\"><span data-ccp-props=\"{&quot;201341983&quot;:0,&quot;335559740&quot;:259}\">\u00a0Nie<\/span><\/td>\n<\/tr>\n<tr aria-rowindex=\"9\">\n<td data-celllook=\"0\"><b><span data-contrast=\"none\">Odkszta\u0142cenia Trwa\u0142e Po Ucisku (%)<\/span><\/b><\/td>\n<td data-celllook=\"0\"><span data-ccp-props=\"{&quot;201341983&quot;:0,&quot;335559740&quot;:259}\">\u00a013<\/span><\/td>\n<\/tr>\n<tr aria-rowindex=\"10\">\n<td data-celllook=\"0\"><\/td>\n<td data-celllook=\"0\"><span data-ccp-props=\"{&quot;201341983&quot;:0,&quot;335559740&quot;:259}\">\u00a0<\/span><\/td>\n<\/tr>\n<tr aria-rowindex=\"11\">\n<td data-celllook=\"0\"><\/td>\n<td data-celllook=\"0\"><\/td>\n<\/tr>\n<\/tbody>\n<\/table>\n<p>&nbsp;<\/p>\n<p>&nbsp;<\/p>\n<p>Posiadamy r\u00f3wnie\u017c w ofercie Sznury Silikonowe (VMQ) o twardo\u015bci od 40 ShA do 80ShA w kolorze\u00a0transparentnym, czerwonym i czarnym.<\/p>\n<p>Opcjonalnie jeste\u015bmy w\u00a0stanie dostarczy\u0107 Sznury Silikonowe\u00a0zgodne z\u00a0standardami\u00a0<strong>FDA 177.2600 i s1935\/2004.<\/strong><\/p>","protected":false},"excerpt":{"rendered":"<p>&nbsp;<\/p>\n<h4>Kr\u00f3tki opis:<\/h4>\n<p>Zachowuje swoje w\u0142a\u015bciwo\u015bci w temperaturach -40 \u00b0 C do +200 \u00b0 C. Jest doskona\u0142ym izolatorem elektrycznym Posiada oboj\u0119tno\u015b\u0107 fizjologiczna oraz du\u017c\u0105 odporno\u015b\u0107 na warunki pogodowe oraz promieniowanie UV.<\/p>\n<p>&nbsp;<\/p>\n<p><strong>Sprzedawane w metrach bie\u017c\u0105cych.<\/strong><\/p>","protected":false},"featured_media":5642,"template":"","meta":{"ocean_post_layout":"","ocean_both_sidebars_style":"","ocean_both_sidebars_content_width":0,"ocean_both_sidebars_sidebars_width":0,"ocean_sidebar":"0","ocean_second_sidebar":"0","ocean_disable_margins":"enable","ocean_add_body_class":"","ocean_shortcode_before_top_bar":"","ocean_shortcode_after_top_bar":"","ocean_shortcode_before_header":"","ocean_shortcode_after_header":"","ocean_has_shortcode":"","ocean_shortcode_after_title":"","ocean_shortcode_before_footer_widgets":"","ocean_shortcode_after_footer_widgets":"","ocean_shortcode_before_footer_bottom":"","ocean_shortcode_after_footer_bottom":"","ocean_display_top_bar":"default","ocean_display_header":"default","ocean_header_style":"","ocean_center_header_left_menu":"0","ocean_custom_header_template":"0","ocean_custom_logo":0,"ocean_custom_retina_logo":0,"ocean_custom_logo_max_width":0,"ocean_custom_logo_tablet_max_width":0,"ocean_custom_logo_mobile_max_width":0,"ocean_custom_logo_max_height":0,"ocean_custom_logo_tablet_max_height":0,"ocean_custom_logo_mobile_max_height":0,"ocean_header_custom_menu":"0","ocean_menu_typo_font_family":"0","ocean_menu_typo_font_subset":"","ocean_menu_typo_font_size":0,"ocean_menu_typo_font_size_tablet":0,"ocean_menu_typo_font_size_mobile":0,"ocean_menu_typo_font_size_unit":"px","ocean_menu_typo_font_weight":"","ocean_menu_typo_font_weight_tablet":"","ocean_menu_typo_font_weight_mobile":"","ocean_menu_typo_transform":"","ocean_menu_typo_transform_tablet":"","ocean_menu_typo_transform_mobile":"","ocean_menu_typo_line_height":0,"ocean_menu_typo_line_height_tablet":0,"ocean_menu_typo_line_height_mobile":0,"ocean_menu_typo_line_height_unit":"","ocean_menu_typo_spacing":0,"ocean_menu_typo_spacing_tablet":0,"ocean_menu_typo_spacing_mobile":0,"ocean_menu_typo_spacing_unit":"","ocean_menu_link_color":"","ocean_menu_link_color_hover":"","ocean_menu_link_color_active":"","ocean_menu_link_background":"","ocean_menu_link_hover_background":"","ocean_menu_link_active_background":"","ocean_menu_social_links_bg":"","ocean_menu_social_hover_links_bg":"","ocean_menu_social_links_color":"","ocean_menu_social_hover_links_color":"","ocean_disable_title":"default","ocean_disable_heading":"default","ocean_post_title":"","ocean_post_subheading":"","ocean_post_title_style":"","ocean_post_title_background_color":"","ocean_post_title_background":0,"ocean_post_title_bg_image_position":"","ocean_post_title_bg_image_attachment":"","ocean_post_title_bg_image_repeat":"","ocean_post_title_bg_image_size":"","ocean_post_title_height":0,"ocean_post_title_bg_overlay":0.5,"ocean_post_title_bg_overlay_color":"","ocean_disable_breadcrumbs":"default","ocean_breadcrumbs_color":"","ocean_breadcrumbs_separator_color":"","ocean_breadcrumbs_links_color":"","ocean_breadcrumbs_links_hover_color":"","ocean_display_footer_widgets":"default","ocean_display_footer_bottom":"default","ocean_custom_footer_template":"0"},"product_brand":[],"product_cat":[26,132],"product_tag":[],"class_list":{"0":"post-5641","1":"product","2":"type-product","3":"status-publish","4":"has-post-thumbnail","6":"product_cat-sznury-i-profile-gumowe","7":"product_cat-sznury-silikonowe","8":"pa_kod-produktu-ssk-10","9":"pa_kod-produktu-ssk-12","10":"pa_kod-produktu-ssk-127","11":"pa_kod-produktu-ssk-15","12":"pa_kod-produktu-ssk-16","13":"pa_kod-produktu-ssk-191","14":"pa_kod-produktu-ssk-20","15":"pa_kod-produktu-ssk-3","16":"pa_kod-produktu-ssk-4","17":"pa_kod-produktu-ssk-5","18":"pa_kod-produktu-ssk-6","19":"pa_kod-produktu-ssk-7","20":"pa_kod-produktu-ssk-8","22":"entry","23":"has-media","25":"first","26":"instock","27":"shipping-taxable","28":"purchasable","29":"product-type-variable","30":"has-product-nav","31":"col","32":"span_1_of_3","33":"owp-content-center","34":"owp-thumbs-layout-horizontal","35":"owp-btn-normal","36":"owp-tabs-layout-horizontal","37":"has-no-thumbnails"},"jetpack-related-posts":[{"id":5562,"url":"https:\/\/vibra-polymers.pl\/en\/product\/sznur-sylikonowy-czerwony-vmq\/","url_meta":{"origin":5641,"position":0},"title":"Sznur Silikonowy Czerwony (VMQ)","author":"admin","date":"15\/02\/2022","format":false,"excerpt":"\u00a0 Kr\u00f3tki opis: Zachowuje swoje w\u0142a\u015bciwo\u015bci w temperaturach -40 \u00b0 C do +200 \u00b0 C. Jest doskona\u0142ym izolatorem elektrycznym Posiadaj\u0105 oboj\u0119tno\u015b\u0107 fizjologiczn\u0105 oraz du\u017c\u0105 odporno\u015b\u0107 na warunki pogodowe oraz promieniowanie UV. \u00a0 Sprzedawane w metrach bie\u017c\u0105cych.","rel":"","context":"Similar post","block_context":{"text":"Similar post","link":""},"img":{"alt_text":"","src":"https:\/\/vibra-polymers.pl\/wp-content\/uploads\/2022\/02\/273897862_653643785948663_4723186556756228939_n.jpg","width":350,"height":200,"srcset":"https:\/\/vibra-polymers.pl\/wp-content\/uploads\/2022\/02\/273897862_653643785948663_4723186556756228939_n.jpg 1x, https:\/\/vibra-polymers.pl\/wp-content\/uploads\/2022\/02\/273897862_653643785948663_4723186556756228939_n.jpg 1.5x, https:\/\/vibra-polymers.pl\/wp-content\/uploads\/2022\/02\/273897862_653643785948663_4723186556756228939_n.jpg 2x"},"classes":[]},{"id":5588,"url":"https:\/\/vibra-polymers.pl\/en\/product\/sznur-sylikonowy-bialy-vmq\/","url_meta":{"origin":5641,"position":1},"title":"Sznur Silikonowy Bia\u0142y (VMQ)","author":"admin","date":"15\/02\/2022","format":false,"excerpt":"\u00a0 Kr\u00f3tki opis: Zachowuje swoje w\u0142a\u015bciwo\u015bci w temperaturach -40 \u00b0 C do +200 \u00b0 C. Jest doskona\u0142ym izolatorem elektrycznym Posiadaj\u0105 oboj\u0119tno\u015b\u0107 fizjologiczn\u0105 oraz du\u017c\u0105 odporno\u015b\u0107 na warunki pogodowe oraz promieniowanie UV. \u00a0 Sprzedawane w metrach bie\u017c\u0105cych.","rel":"","context":"Similar post","block_context":{"text":"Similar post","link":""},"img":{"alt_text":"","src":"","width":0,"height":0},"classes":[]},{"id":5618,"url":"https:\/\/vibra-polymers.pl\/en\/product\/sznur-sylikonowy-transparentny-vmq\/","url_meta":{"origin":5641,"position":2},"title":"Sznur Silikonowy Transparentny (VMQ)","author":"admin","date":"15\/02\/2022","format":false,"excerpt":"Kr\u00f3tki opis: Zachowuje swoje w\u0142a\u015bciwo\u015bci w temperaturach -40 \u00b0 C do +200 \u00b0 C. Jest doskona\u0142ym izolatorem elektrycznym Posiadaj\u0105 oboj\u0119tno\u015b\u0107 fizjologiczn\u0105 oraz du\u017c\u0105 odporno\u015b\u0107 na warunki pogodowe oraz promieniowanie UV. \u00a0 Sprzedawane w metrach bie\u017c\u0105cych.","rel":"","context":"Similar post","block_context":{"text":"Similar post","link":""},"img":{"alt_text":"","src":"https:\/\/vibra-polymers.pl\/wp-content\/uploads\/2022\/02\/273904925_313255267530697_2312649427730125419_n.jpg","width":350,"height":200,"srcset":"https:\/\/vibra-polymers.pl\/wp-content\/uploads\/2022\/02\/273904925_313255267530697_2312649427730125419_n.jpg 1x, https:\/\/vibra-polymers.pl\/wp-content\/uploads\/2022\/02\/273904925_313255267530697_2312649427730125419_n.jpg 1.5x, https:\/\/vibra-polymers.pl\/wp-content\/uploads\/2022\/02\/273904925_313255267530697_2312649427730125419_n.jpg 2x"},"classes":[]},{"id":802,"url":"https:\/\/vibra-polymers.pl\/en\/product\/sznur-sylikonowy-gabczasty\/","url_meta":{"origin":5641,"position":3},"title":"Sznur Silikonowy G\u0105bczasty","author":"admin","date":"11\/05\/2021","format":false,"excerpt":"Kr\u00f3tki opis: Zachowuje swoje w\u0142a\u015bciwo\u015bci w temperaturach -40 \u00b0 C do +200 \u00b0 C. Jest doskona\u0142ym izolatorem elektrycznym oraz jest oboj\u0119tny fizjologicznie. \u00a0 Sprzedawane w metrach bie\u017c\u0105cych. \u00a0","rel":"","context":"Similar post","block_context":{"text":"Similar post","link":""},"img":{"alt_text":"","src":"https:\/\/vibra-polymers.pl\/wp-content\/uploads\/2021\/05\/pdf36.jpg","width":350,"height":200,"srcset":"https:\/\/vibra-polymers.pl\/wp-content\/uploads\/2021\/05\/pdf36.jpg 1x, https:\/\/vibra-polymers.pl\/wp-content\/uploads\/2021\/05\/pdf36.jpg 1.5x"},"classes":[]},{"id":4753,"url":"https:\/\/vibra-polymers.pl\/en\/product\/oringi-sylikonowe-vmq\/","url_meta":{"origin":5641,"position":4},"title":"O-ringi Silikonowe VMQ","author":"admin","date":"04\/11\/2021","format":false,"excerpt":"Kr\u00f3tki opis: O-ringi Silikonowe s\u0105 doskona\u0142ym uszczelnieniem dla wysokich temperatur w zastosowaniach statycznych. \u00a0 Przed zam\u00f3wieniem skontaktuj si\u0119 z nami po wi\u0119cej szczeg\u00f3\u0142\u00f3w.","rel":"","context":"Similar post","block_context":{"text":"Similar post","link":""},"img":{"alt_text":"","src":"https:\/\/vibra-polymers.pl\/wp-content\/uploads\/2021\/11\/R-3.jpg","width":350,"height":200,"srcset":"https:\/\/vibra-polymers.pl\/wp-content\/uploads\/2021\/11\/R-3.jpg 1x, https:\/\/vibra-polymers.pl\/wp-content\/uploads\/2021\/11\/R-3.jpg 1.5x, https:\/\/vibra-polymers.pl\/wp-content\/uploads\/2021\/11\/R-3.jpg 2x"},"classes":[]},{"id":8018,"url":"https:\/\/vibra-polymers.pl\/en\/product\/o-ringi-w-otulinie-fep-pfa\/","url_meta":{"origin":5641,"position":5},"title":"O-ringi w Otulinie FEP\/PFA","author":"admin","date":"21\/03\/2022","format":false,"excerpt":"Ten produkt na chwile obecn\u0105 nie jest dost\u0119pny w ofercie On-line.\u00a0 Skontaktuj si\u0119 z nami po wi\u0119cej szczeg\u00f3\u0142\u00f3w.","rel":"","context":"Similar post","block_context":{"text":"Similar post","link":""},"img":{"alt_text":"","src":"https:\/\/vibra-polymers.pl\/wp-content\/uploads\/2022\/03\/186530691_1171870679927347_7040501725056935753_n-removebg-preview.jpg","width":350,"height":200,"srcset":"https:\/\/vibra-polymers.pl\/wp-content\/uploads\/2022\/03\/186530691_1171870679927347_7040501725056935753_n-removebg-preview.jpg 1x, https:\/\/vibra-polymers.pl\/wp-content\/uploads\/2022\/03\/186530691_1171870679927347_7040501725056935753_n-removebg-preview.jpg 1.5x"},"classes":[]}],"jetpack_sharing_enabled":true,"_links":{"self":[{"href":"https:\/\/vibra-polymers.pl\/en\/wp-json\/wp\/v2\/product\/5641","targetHints":{"allow":["GET"]}}],"collection":[{"href":"https:\/\/vibra-polymers.pl\/en\/wp-json\/wp\/v2\/product"}],"about":[{"href":"https:\/\/vibra-polymers.pl\/en\/wp-json\/wp\/v2\/types\/product"}],"version-history":[{"count":1,"href":"https:\/\/vibra-polymers.pl\/en\/wp-json\/wp\/v2\/product\/5641\/revisions"}],"predecessor-version":[{"id":7272,"href":"https:\/\/vibra-polymers.pl\/en\/wp-json\/wp\/v2\/product\/5641\/revisions\/7272"}],"wp:featuredmedia":[{"embeddable":true,"href":"https:\/\/vibra-polymers.pl\/en\/wp-json\/wp\/v2\/media\/5642"}],"wp:attachment":[{"href":"https:\/\/vibra-polymers.pl\/en\/wp-json\/wp\/v2\/media?parent=5641"}],"wp:term":[{"taxonomy":"product_brand","embeddable":true,"href":"https:\/\/vibra-polymers.pl\/en\/wp-json\/wp\/v2\/product_brand?post=5641"},{"taxonomy":"product_cat","embeddable":true,"href":"https:\/\/vibra-polymers.pl\/en\/wp-json\/wp\/v2\/product_cat?post=5641"},{"taxonomy":"product_tag","embeddable":true,"href":"https:\/\/vibra-polymers.pl\/en\/wp-json\/wp\/v2\/product_tag?post=5641"}],"curies":[{"name":"wp","href":"https:\/\/api.w.org\/{rel}","templated":true}]}}