{"id":5680,"date":"2022-02-15T16:55:37","date_gmt":"2022-02-15T16:55:37","guid":{"rendered":"https:\/\/vibra-polymers.pl\/?post_type=product&#038;p=5680"},"modified":"2022-05-30T08:19:26","modified_gmt":"2022-05-30T08:19:26","slug":"plyta-gumowa-ogolnego-przeznaczenia-nr-sbr","status":"publish","type":"product","link":"https:\/\/vibra-polymers.pl\/en\/product\/plyta-gumowa-ogolnego-przeznaczenia-nr-sbr\/","title":{"rendered":"P\u0142yta Gumowa Og\u00f3lnego Przeznaczenia NR\/SBR"},"content":{"rendered":"<h4>Szczeg\u00f3\u0142y:<\/h4>\n<p>Jest bardzo ekonomiczny i powszechnie stosowany rodzaj P\u0142yty Gumowej.<\/p>\n<p>&nbsp;<\/p>\n<h4>Cechy:<\/h4>\n<ul>\n<li>Wzmocniona struktura jedn\u0105 przek\u0142adk\u0105 materia\u0142ow\u0105-\u00a0bawe\u0142nian\u0105<\/li>\n<li>Wykazuje dobr\u0105 odporno\u015b\u0107 na dzia\u0142anie czynnik\u00f3w atmosferycznych<\/li>\n<li>Do\u015b\u0107 odporna na \u015bcieranie<\/li>\n<\/ul>\n<p>&nbsp;<\/p>\n<h4>Ograniczenia:<\/h4>\n<ul>\n<li>Nie odporna na oleje i\u00a0smary mineralne<\/li>\n<\/ul>\n<p>&nbsp;<\/p>\n<h4>Informacje dodatkowe:<\/h4>\n<table style=\"height: 29px;\" width=\"341\" data-tablestyle=\"MsoTableGrid\" data-tablelook=\"1696\" aria-rowcount=\"11\">\n<tbody>\n<tr aria-rowindex=\"11\">\n<td data-celllook=\"0\"><b><span data-contrast=\"none\">Szeroko\u015b\u0107 Rolki (cm)\u00a0 \u00a0 \u00a0<\/span><\/b><\/td>\n<td data-celllook=\"0\"><span data-ccp-props=\"{&quot;201341983&quot;:0,&quot;335559740&quot;:259}\">\u00a0140<\/span><\/td>\n<\/tr>\n<\/tbody>\n<\/table>\n<table data-tablestyle=\"MsoTableGrid\" data-tablelook=\"1696\" aria-rowcount=\"11\">\n<tbody>\n<tr aria-rowindex=\"1\">\n<td data-celllook=\"0\"><b><span data-contrast=\"none\">Kolor<\/span><\/b><\/td>\n<td data-celllook=\"0\"><span data-ccp-props=\"{&quot;201341983&quot;:0,&quot;335559740&quot;:259}\">Czarny<\/span><\/td>\n<\/tr>\n<tr aria-rowindex=\"2\">\n<td data-celllook=\"0\"><b><span data-contrast=\"none\">Materia\u0142<\/span><\/b><\/td>\n<td data-celllook=\"0\"><span data-ccp-props=\"{&quot;201341983&quot;:0,&quot;335559740&quot;:259}\">NR\/SBR<\/span><\/td>\n<\/tr>\n<tr aria-rowindex=\"3\">\n<td data-celllook=\"0\"><b><span data-contrast=\"none\">Twardo\u015b\u0107 (Shore A)<\/span><\/b><\/td>\n<td data-celllook=\"0\"><span data-ccp-props=\"{&quot;201341983&quot;:0,&quot;335559740&quot;:259}\">\u00a070\u00a0<\/span><\/td>\n<\/tr>\n<tr aria-rowindex=\"4\">\n<td data-celllook=\"0\"><b><span data-contrast=\"none\">Temperatura Maksymalna (\u00b0C)<\/span><\/b><\/td>\n<td data-celllook=\"0\"><span data-ccp-props=\"{&quot;201341983&quot;:0,&quot;335559740&quot;:259}\">\u00a070<\/span><\/td>\n<\/tr>\n<tr aria-rowindex=\"5\">\n<td data-celllook=\"0\"><b><span data-contrast=\"none\">Temperatura Minimalna (\u00b0C)<\/span><\/b><\/td>\n<td data-celllook=\"0\"><span data-ccp-props=\"{&quot;201341983&quot;:0,&quot;335559740&quot;:259}\">\u00a0-10<\/span><\/td>\n<\/tr>\n<tr aria-rowindex=\"6\">\n<td data-celllook=\"0\"><b><span data-contrast=\"none\">Wytrzyma\u0142o\u015b\u0107 Na Rozci\u0105ganie (MPa)<\/span><\/b><\/td>\n<td data-celllook=\"0\"><span data-ccp-props=\"{&quot;201341983&quot;:0,&quot;335559740&quot;:259}\">\u00a04.00<\/span><\/td>\n<\/tr>\n<tr aria-rowindex=\"7\">\n<td data-celllook=\"0\"><b><span data-contrast=\"none\">Wyd\u0142u\u017cenie Przy Zerwaniu (%)<\/span><\/b><\/td>\n<td data-celllook=\"0\"><span data-ccp-props=\"{&quot;201341983&quot;:0,&quot;335559740&quot;:259}\">\u00a0350,00<\/span><\/td>\n<\/tr>\n<tr aria-rowindex=\"8\">\n<td data-celllook=\"0\"><b><span data-contrast=\"none\">\u015acieralno\u015b\u0107 (mm\u00b3) (DIN53516)<\/span><\/b><\/td>\n<td data-celllook=\"0\"><span data-ccp-props=\"{&quot;201341983&quot;:0,&quot;335559740&quot;:259}\">\u00a0N\/A<\/span><\/td>\n<\/tr>\n<tr aria-rowindex=\"9\">\n<td data-celllook=\"0\"><b><span data-contrast=\"none\">G\u0119sto\u015b\u0107 (g\/cm\u00b3)<\/span><\/b><\/td>\n<td data-celllook=\"0\"><span data-ccp-props=\"{&quot;201341983&quot;:0,&quot;335559740&quot;:259}\">\u00a01.50<\/span><\/td>\n<\/tr>\n<tr aria-rowindex=\"10\">\n<td data-celllook=\"0\"><b><span data-contrast=\"none\">Absorpcja Wody (%)<\/span><\/b><\/td>\n<td data-celllook=\"0\"><span data-ccp-props=\"{&quot;201341983&quot;:0,&quot;335559740&quot;:259}\">\u00a0N\/A<\/span><\/td>\n<\/tr>\n<tr aria-rowindex=\"11\">\n<td data-celllook=\"0\"><\/td>\n<td data-celllook=\"0\"><\/td>\n<\/tr>\n<\/tbody>\n<\/table>\n<p>&nbsp;<\/p>","protected":false},"excerpt":{"rendered":"<h4><strong>Rabat ilo\u015bciowy: 10+ \u2013 8% <\/strong><strong>\u00a0 \u00a0 \u00a0\u00a0<\/strong><\/h4>\n<h4 style=\"text-align: left;\"><strong>\u00a0 \u00a0 \u00a0 \u00a0 <\/strong><strong><span style=\"color: red;\">Rabat zostanie naliczony automatycznie w koszyku<\/span><\/strong><\/h4>\n<h4>Kr\u00f3tki opis:<\/h4>\n<p>Jest bardzo ekonomiczny i powszechnie stosowany rodzaj P\u0142yty Gumowej.<\/p>\n<p><strong>Sprzedawane w metrach bie\u017c\u0105cych.<\/strong><\/p>","protected":false},"featured_media":5657,"template":"","meta":{"ocean_post_layout":"","ocean_both_sidebars_style":"","ocean_both_sidebars_content_width":0,"ocean_both_sidebars_sidebars_width":0,"ocean_sidebar":"0","ocean_second_sidebar":"0","ocean_disable_margins":"enable","ocean_add_body_class":"","ocean_shortcode_before_top_bar":"","ocean_shortcode_after_top_bar":"","ocean_shortcode_before_header":"","ocean_shortcode_after_header":"","ocean_has_shortcode":"","ocean_shortcode_after_title":"","ocean_shortcode_before_footer_widgets":"","ocean_shortcode_after_footer_widgets":"","ocean_shortcode_before_footer_bottom":"","ocean_shortcode_after_footer_bottom":"","ocean_display_top_bar":"default","ocean_display_header":"default","ocean_header_style":"","ocean_center_header_left_menu":"0","ocean_custom_header_template":"0","ocean_custom_logo":0,"ocean_custom_retina_logo":0,"ocean_custom_logo_max_width":0,"ocean_custom_logo_tablet_max_width":0,"ocean_custom_logo_mobile_max_width":0,"ocean_custom_logo_max_height":0,"ocean_custom_logo_tablet_max_height":0,"ocean_custom_logo_mobile_max_height":0,"ocean_header_custom_menu":"0","ocean_menu_typo_font_family":"0","ocean_menu_typo_font_subset":"","ocean_menu_typo_font_size":0,"ocean_menu_typo_font_size_tablet":0,"ocean_menu_typo_font_size_mobile":0,"ocean_menu_typo_font_size_unit":"px","ocean_menu_typo_font_weight":"","ocean_menu_typo_font_weight_tablet":"","ocean_menu_typo_font_weight_mobile":"","ocean_menu_typo_transform":"","ocean_menu_typo_transform_tablet":"","ocean_menu_typo_transform_mobile":"","ocean_menu_typo_line_height":0,"ocean_menu_typo_line_height_tablet":0,"ocean_menu_typo_line_height_mobile":0,"ocean_menu_typo_line_height_unit":"","ocean_menu_typo_spacing":0,"ocean_menu_typo_spacing_tablet":0,"ocean_menu_typo_spacing_mobile":0,"ocean_menu_typo_spacing_unit":"","ocean_menu_link_color":"","ocean_menu_link_color_hover":"","ocean_menu_link_color_active":"","ocean_menu_link_background":"","ocean_menu_link_hover_background":"","ocean_menu_link_active_background":"","ocean_menu_social_links_bg":"","ocean_menu_social_hover_links_bg":"","ocean_menu_social_links_color":"","ocean_menu_social_hover_links_color":"","ocean_disable_title":"default","ocean_disable_heading":"default","ocean_post_title":"","ocean_post_subheading":"","ocean_post_title_style":"","ocean_post_title_background_color":"","ocean_post_title_background":0,"ocean_post_title_bg_image_position":"","ocean_post_title_bg_image_attachment":"","ocean_post_title_bg_image_repeat":"","ocean_post_title_bg_image_size":"","ocean_post_title_height":0,"ocean_post_title_bg_overlay":0.5,"ocean_post_title_bg_overlay_color":"","ocean_disable_breadcrumbs":"default","ocean_breadcrumbs_color":"","ocean_breadcrumbs_separator_color":"","ocean_breadcrumbs_links_color":"","ocean_breadcrumbs_links_hover_color":"","ocean_display_footer_widgets":"default","ocean_display_footer_bottom":"default","ocean_custom_footer_template":"0"},"product_brand":[],"product_cat":[27,142],"product_tag":[],"class_list":{"0":"post-5680","1":"product","2":"type-product","3":"status-publish","4":"has-post-thumbnail","6":"product_cat-arkusze-gumowe","7":"product_cat-nbr-epdm-neopren","8":"pa_kod-produktu-pgnr-sbr-1","9":"pa_kod-produktu-pgnr-sbr-15","10":"pa_kod-produktu-pgnr-sbr-15-1","11":"pa_kod-produktu-pgnr-sbr-18-1","12":"pa_kod-produktu-pgnr-sbr-10","13":"pa_kod-produktu-pgnr-sbr-10-1","14":"pa_kod-produktu-pgnr-sbr-12","15":"pa_kod-produktu-pgnr-sbr-12-1","16":"pa_kod-produktu-pgnr-sbr-15-2","17":"pa_kod-produktu-pgnr-sbr-2","18":"pa_kod-produktu-pgnr-sbr-2-1","19":"pa_kod-produktu-pgnr-sbr-20","20":"pa_kod-produktu-pgnr-sbr-25","21":"pa_kod-produktu-pgnr-sbr-3","22":"pa_kod-produktu-pgnr-sbr-3-1","23":"pa_kod-produktu-pgnr-sbr-4","24":"pa_kod-produktu-pgnr-sbr-4-1","25":"pa_kod-produktu-pgnr-sbr-5","26":"pa_kod-produktu-pgnr-sbr-5-1","27":"pa_kod-produktu-pgnr-sbr-6","28":"pa_kod-produktu-pgnr-sbr-6-1","29":"pa_kod-produktu-pgnr-sbr-8","30":"pa_kod-produktu-pgnr-sbr-8-1","32":"entry","33":"has-media","35":"first","36":"instock","37":"shipping-taxable","38":"purchasable","39":"product-type-variable","40":"has-product-nav","41":"col","42":"span_1_of_3","43":"owp-content-center","44":"owp-thumbs-layout-horizontal","45":"owp-btn-normal","46":"owp-tabs-layout-horizontal","47":"has-no-thumbnails"},"jetpack-related-posts":[{"id":6047,"url":"https:\/\/vibra-polymers.pl\/en\/product\/mata-basenowa-pvc\/","url_meta":{"origin":5680,"position":0},"title":"Mata Basenowa PVC","author":"admin","date":"23\/02\/2022","format":false,"excerpt":"Kr\u00f3tki Opis:\u00a0 mocna i elastyczna mata wykonana z PVC odporna na chlor, wod\u0119 morska, olejoodporna doskona\u0142y drena\u017c oraz w\u0142a\u015bciwo\u015bci antypo\u015blizgowe dzi\u0119ki zastosowaniu technologii Sanitised\u00ae charakteryzuje si\u0119 dzia\u0142aniem przeciwbakteryjnym oraz przeciwgrzybicznym niskie koszty utrzymania, \u0142atwa w instalacji, higieniczna odpowiednia do u\u017cytkowania wewn\u0105trz oraz na zewn\u0105trz pomieszczenia. Sprzedawane w metrach bie\u017c\u0105cych.","rel":"","context":"Similar post","block_context":{"text":"Similar post","link":""},"img":{"alt_text":"","src":"https:\/\/vibra-polymers.pl\/wp-content\/uploads\/2022\/02\/Mata-Basenowa.jpg","width":350,"height":200},"classes":[]},{"id":5656,"url":"https:\/\/vibra-polymers.pl\/en\/product\/plyta-gumowa-epdm\/","url_meta":{"origin":5680,"position":1},"title":"P\u0142yta Gumowa EPDM","author":"admin","date":"15\/02\/2022","format":false,"excerpt":"Rabat ilo\u015bciowy: 4+ \u2013 20% | 10+ \u2013 30% \u00a0 \u00a0 \u00a0\u00a0 \u00a0 \u00a0 \u00a0 \u00a0 Rabat zostanie naliczony automatycznie w koszyku. \u00a0 \u00a0 Kr\u00f3tki opis: P\u0142yty o doskona\u0142ej odporno\u015bci na starzenie oraz warunki atmosferyczne. Sprzedawane w metrach bie\u017c\u0105cych.","rel":"","context":"Similar post","block_context":{"text":"Similar post","link":""},"img":{"alt_text":"","src":"https:\/\/vibra-polymers.pl\/wp-content\/uploads\/2022\/02\/97d95e8e4def8d1c3e4e977ea533.jpg","width":350,"height":200,"srcset":"https:\/\/vibra-polymers.pl\/wp-content\/uploads\/2022\/02\/97d95e8e4def8d1c3e4e977ea533.jpg 1x, https:\/\/vibra-polymers.pl\/wp-content\/uploads\/2022\/02\/97d95e8e4def8d1c3e4e977ea533.jpg 1.5x, https:\/\/vibra-polymers.pl\/wp-content\/uploads\/2022\/02\/97d95e8e4def8d1c3e4e977ea533.jpg 2x"},"classes":[]},{"id":7237,"url":"https:\/\/vibra-polymers.pl\/en\/product\/plyta-gumowa-optima\/","url_meta":{"origin":5680,"position":2},"title":"P\u0142yta Gumowa- OPTIMA","author":"admin","date":"11\/03\/2022","format":false,"excerpt":"Kr\u00f3tki opis: P\u0142yta Gumowa o bardzo dobrych w\u0142a\u015bciwo\u015bciach mechanicznych i odporno\u015bci na \u015bcieranie. \u00a0 \u00a0 Ten produkt nie jest dost\u0119pny w ofercie On-line.\u00a0 Skontaktuj si\u0119 z nami po wi\u0119cej szczeg\u00f3\u0142\u00f3w.","rel":"","context":"Similar post","block_context":{"text":"Similar post","link":""},"img":{"alt_text":"","src":"","width":0,"height":0},"classes":[]},{"id":8016,"url":"https:\/\/vibra-polymers.pl\/en\/product\/o-ringi-ptfe\/","url_meta":{"origin":5680,"position":3},"title":"O-ringi PTFE","author":"admin","date":"21\/03\/2022","format":false,"excerpt":"Ten produkt na chwile obecn\u0105 nie jest dost\u0119pny w ofercie On-line.\u00a0 Skontaktuj si\u0119 z nami po wi\u0119cej szczeg\u00f3\u0142\u00f3w. \u00a0","rel":"","context":"Similar post","block_context":{"text":"Similar post","link":""},"img":{"alt_text":"","src":"https:\/\/vibra-polymers.pl\/wp-content\/uploads\/2022\/03\/186530691_1171870679927347_7040501725056935753_n-removebg-preview.jpg","width":350,"height":200,"srcset":"https:\/\/vibra-polymers.pl\/wp-content\/uploads\/2022\/03\/186530691_1171870679927347_7040501725056935753_n-removebg-preview.jpg 1x, https:\/\/vibra-polymers.pl\/wp-content\/uploads\/2022\/03\/186530691_1171870679927347_7040501725056935753_n-removebg-preview.jpg 1.5x"},"classes":[]},{"id":3751,"url":"https:\/\/vibra-polymers.pl\/en\/product\/wibroizolatory-paraboliczne-odbojniki-gumowe-typu-dp\/","url_meta":{"origin":5680,"position":4},"title":"Wibroizolatory Paraboliczne (Odbojniki Gumowe) Typu DP","author":"admin","date":"21\/10\/2021","format":false,"excerpt":"\u00a0 Posiadamy w ofercie dwa typy Wibroizolator\u00f3w Parabolicznych: Typ DP-A (Sruba \/ Guma) Typ DP-B Gwint Wewnetrzny \/ Guma) Kr\u00f3tki opis Paraboliczne Zderzaki przeznaczone s\u0105 do stopniowego wch\u0142aniania energii. S\u0105 bardzo odkszta\u0142calne, co pozwala na absorbowanie du\u017cych obci\u0105\u017ce\u0144 uderzeniowych.","rel":"","context":"Similar post","block_context":{"text":"Similar post","link":""},"img":{"alt_text":"","src":"https:\/\/vibra-polymers.pl\/wp-content\/uploads\/2021\/10\/221006481318.jpg","width":350,"height":200},"classes":[]},{"id":6152,"url":"https:\/\/vibra-polymers.pl\/en\/product\/mata-antyposlizgowa-pvc\/","url_meta":{"origin":5680,"position":5},"title":"Mata Antypo\u015blizgowa PVC","author":"admin","date":"24\/02\/2022","format":false,"excerpt":"Kr\u00f3tki\u00a0Opis: \u015awietne w\u0142a\u015bciwo\u015bci antypo\u015blizgowe Powierzchnia odporna na zarysowania Olejoodporne Bardzo \u0142atwe do utrzymania w czysto\u015bci Bardzo wytrzyma\u0142e Zgodne z dyrektyw\u0105 LZO\/VOC Produkt sprzedawany w metrach bie\u017c\u0105cych.","rel":"","context":"Similar post","block_context":{"text":"Similar post","link":""},"img":{"alt_text":"","src":"https:\/\/vibra-polymers.pl\/wp-content\/uploads\/2022\/02\/clipboard_1647524222122_edytowano.png","width":350,"height":200},"classes":[]}],"jetpack_sharing_enabled":true,"_links":{"self":[{"href":"https:\/\/vibra-polymers.pl\/en\/wp-json\/wp\/v2\/product\/5680","targetHints":{"allow":["GET"]}}],"collection":[{"href":"https:\/\/vibra-polymers.pl\/en\/wp-json\/wp\/v2\/product"}],"about":[{"href":"https:\/\/vibra-polymers.pl\/en\/wp-json\/wp\/v2\/types\/product"}],"version-history":[{"count":1,"href":"https:\/\/vibra-polymers.pl\/en\/wp-json\/wp\/v2\/product\/5680\/revisions"}],"predecessor-version":[{"id":7216,"href":"https:\/\/vibra-polymers.pl\/en\/wp-json\/wp\/v2\/product\/5680\/revisions\/7216"}],"wp:featuredmedia":[{"embeddable":true,"href":"https:\/\/vibra-polymers.pl\/en\/wp-json\/wp\/v2\/media\/5657"}],"wp:attachment":[{"href":"https:\/\/vibra-polymers.pl\/en\/wp-json\/wp\/v2\/media?parent=5680"}],"wp:term":[{"taxonomy":"product_brand","embeddable":true,"href":"https:\/\/vibra-polymers.pl\/en\/wp-json\/wp\/v2\/product_brand?post=5680"},{"taxonomy":"product_cat","embeddable":true,"href":"https:\/\/vibra-polymers.pl\/en\/wp-json\/wp\/v2\/product_cat?post=5680"},{"taxonomy":"product_tag","embeddable":true,"href":"https:\/\/vibra-polymers.pl\/en\/wp-json\/wp\/v2\/product_tag?post=5680"}],"curies":[{"name":"wp","href":"https:\/\/api.w.org\/{rel}","templated":true}]}}