{"id":5700,"date":"2022-02-15T17:56:41","date_gmt":"2022-02-15T17:56:41","guid":{"rendered":"https:\/\/vibra-polymers.pl\/?post_type=product&#038;p=5700"},"modified":"2022-05-30T08:20:49","modified_gmt":"2022-05-30T08:20:49","slug":"plyta-gumowa-z-kauczuku-chloroprenowego-cr","status":"publish","type":"product","link":"https:\/\/vibra-polymers.pl\/en\/product\/plyta-gumowa-z-kauczuku-chloroprenowego-cr\/","title":{"rendered":"P\u0142yta Gumowa z kauczuku Chloroprenowego CR"},"content":{"rendered":"<h4>Szczeg\u00f3\u0142y:<\/h4>\n<p>P\u0142yta o bardzo dobrej odporno\u015bci na starzenie oraz warunki atmosferyczne.<\/p>\n<p>&nbsp;<\/p>\n<h4>Informacje dodatkowe:<\/h4>\n<table style=\"height: 29px;\" width=\"341\" data-tablestyle=\"MsoTableGrid\" data-tablelook=\"1696\" aria-rowcount=\"11\">\n<tbody>\n<tr aria-rowindex=\"11\">\n<td data-celllook=\"0\"><b><span data-contrast=\"none\">Szeroko\u015b\u0107 Rolki (cm)\u00a0 \u00a0 \u00a0<\/span><\/b><\/td>\n<td data-celllook=\"0\"><span data-ccp-props=\"{&quot;201341983&quot;:0,&quot;335559740&quot;:259}\">\u00a0100<\/span><\/td>\n<\/tr>\n<\/tbody>\n<\/table>\n<table data-tablestyle=\"MsoTableGrid\" data-tablelook=\"1696\" aria-rowcount=\"11\">\n<tbody>\n<tr aria-rowindex=\"1\">\n<td data-celllook=\"0\"><b><span data-contrast=\"none\">Kolor<\/span><\/b><\/td>\n<td data-celllook=\"0\"><span data-ccp-props=\"{&quot;201341983&quot;:0,&quot;335559740&quot;:259}\">Czarny<\/span><\/td>\n<\/tr>\n<tr aria-rowindex=\"2\">\n<td data-celllook=\"0\"><b><span data-contrast=\"none\">Materia\u0142<\/span><\/b><\/td>\n<td data-celllook=\"0\"><span data-ccp-props=\"{&quot;201341983&quot;:0,&quot;335559740&quot;:259}\"> Chloropren (Neoprene\u00ae)<br \/>\n<\/span><\/td>\n<\/tr>\n<tr aria-rowindex=\"3\">\n<td data-celllook=\"0\"><b><span data-contrast=\"none\">Twardo\u015b\u0107 (Shore A)<\/span><\/b><\/td>\n<td data-celllook=\"0\"><span data-ccp-props=\"{&quot;201341983&quot;:0,&quot;335559740&quot;:259}\">\u00a065\u00a0<\/span><\/td>\n<\/tr>\n<tr aria-rowindex=\"4\">\n<td data-celllook=\"0\"><b><span data-contrast=\"none\">Temperatura Maksymalna (\u00b0C)<\/span><\/b><\/td>\n<td data-celllook=\"0\"><span data-ccp-props=\"{&quot;201341983&quot;:0,&quot;335559740&quot;:259}\">\u00a0110<\/span><\/td>\n<\/tr>\n<tr aria-rowindex=\"5\">\n<td data-celllook=\"0\"><b><span data-contrast=\"none\">Temperatura Minimalna (\u00b0C)<\/span><\/b><\/td>\n<td data-celllook=\"0\"><span data-ccp-props=\"{&quot;201341983&quot;:0,&quot;335559740&quot;:259}\">\u00a0-20<\/span><\/td>\n<\/tr>\n<tr aria-rowindex=\"6\">\n<td data-celllook=\"0\"><b><span data-contrast=\"none\">Wytrzyma\u0142o\u015b\u0107 Na Rozci\u0105ganie (MPa)<\/span><\/b><\/td>\n<td data-celllook=\"0\"><span data-ccp-props=\"{&quot;201341983&quot;:0,&quot;335559740&quot;:259}\">\u00a05.00<\/span><\/td>\n<\/tr>\n<tr aria-rowindex=\"7\">\n<td data-celllook=\"0\"><b><span data-contrast=\"none\">Wyd\u0142u\u017cenie Przy Zerwaniu (%)<\/span><\/b><\/td>\n<td data-celllook=\"0\"><span data-ccp-props=\"{&quot;201341983&quot;:0,&quot;335559740&quot;:259}\">\u00a0300,00<\/span><\/td>\n<\/tr>\n<tr aria-rowindex=\"8\">\n<td data-celllook=\"0\"><b><span data-contrast=\"none\">\u015acieralno\u015b\u0107 (mm\u00b3) (DIN53516)<\/span><\/b><\/td>\n<td data-celllook=\"0\"><span data-ccp-props=\"{&quot;201341983&quot;:0,&quot;335559740&quot;:259}\">\u00a0300.00<\/span><\/td>\n<\/tr>\n<tr aria-rowindex=\"9\">\n<td data-celllook=\"0\"><b><span data-contrast=\"none\">G\u0119sto\u015b\u0107 (g\/cm\u00b3)<\/span><\/b><\/td>\n<td data-celllook=\"0\"><span data-ccp-props=\"{&quot;201341983&quot;:0,&quot;335559740&quot;:259}\">\u00a01.50<\/span><\/td>\n<\/tr>\n<tr aria-rowindex=\"10\">\n<td data-celllook=\"0\"><b><span data-contrast=\"none\">Absorpcja Wody (%)<\/span><\/b><\/td>\n<td data-celllook=\"0\"><span data-ccp-props=\"{&quot;201341983&quot;:0,&quot;335559740&quot;:259}\">\u00a0N\/A<\/span><\/td>\n<\/tr>\n<tr aria-rowindex=\"11\">\n<td data-celllook=\"0\"><\/td>\n<td data-celllook=\"0\"><\/td>\n<\/tr>\n<\/tbody>\n<\/table>\n<p>&nbsp;<\/p>","protected":false},"excerpt":{"rendered":"<h4>Kr\u00f3tki opis:<\/h4>\n<p>P\u0142yta o bardzo dobrej odporno\u015bci na starzenie oraz warunki atmosferyczne.<\/p>\n<p>&nbsp;<\/p>\n<p><span style=\"color: #ff0000;\"><b>Ten produkt nie jest dost\u0119pny w ofercie On-line.<\/b>\u00a0<\/span><\/p>\n<p><span style=\"color: #ff0000;\"><b>Skontaktuj si\u0119 z nami po wi\u0119cej szczeg\u00f3\u0142\u00f3w.<\/b>\u00a0<\/span><\/p>","protected":false},"featured_media":5657,"template":"","meta":{"ocean_post_layout":"","ocean_both_sidebars_style":"","ocean_both_sidebars_content_width":0,"ocean_both_sidebars_sidebars_width":0,"ocean_sidebar":"0","ocean_second_sidebar":"0","ocean_disable_margins":"enable","ocean_add_body_class":"","ocean_shortcode_before_top_bar":"","ocean_shortcode_after_top_bar":"","ocean_shortcode_before_header":"","ocean_shortcode_after_header":"","ocean_has_shortcode":"","ocean_shortcode_after_title":"","ocean_shortcode_before_footer_widgets":"","ocean_shortcode_after_footer_widgets":"","ocean_shortcode_before_footer_bottom":"","ocean_shortcode_after_footer_bottom":"","ocean_display_top_bar":"default","ocean_display_header":"default","ocean_header_style":"","ocean_center_header_left_menu":"0","ocean_custom_header_template":"0","ocean_custom_logo":0,"ocean_custom_retina_logo":0,"ocean_custom_logo_max_width":0,"ocean_custom_logo_tablet_max_width":0,"ocean_custom_logo_mobile_max_width":0,"ocean_custom_logo_max_height":0,"ocean_custom_logo_tablet_max_height":0,"ocean_custom_logo_mobile_max_height":0,"ocean_header_custom_menu":"0","ocean_menu_typo_font_family":"0","ocean_menu_typo_font_subset":"","ocean_menu_typo_font_size":0,"ocean_menu_typo_font_size_tablet":0,"ocean_menu_typo_font_size_mobile":0,"ocean_menu_typo_font_size_unit":"px","ocean_menu_typo_font_weight":"","ocean_menu_typo_font_weight_tablet":"","ocean_menu_typo_font_weight_mobile":"","ocean_menu_typo_transform":"","ocean_menu_typo_transform_tablet":"","ocean_menu_typo_transform_mobile":"","ocean_menu_typo_line_height":0,"ocean_menu_typo_line_height_tablet":0,"ocean_menu_typo_line_height_mobile":0,"ocean_menu_typo_line_height_unit":"","ocean_menu_typo_spacing":0,"ocean_menu_typo_spacing_tablet":0,"ocean_menu_typo_spacing_mobile":0,"ocean_menu_typo_spacing_unit":"","ocean_menu_link_color":"","ocean_menu_link_color_hover":"","ocean_menu_link_color_active":"","ocean_menu_link_background":"","ocean_menu_link_hover_background":"","ocean_menu_link_active_background":"","ocean_menu_social_links_bg":"","ocean_menu_social_hover_links_bg":"","ocean_menu_social_links_color":"","ocean_menu_social_hover_links_color":"","ocean_disable_title":"default","ocean_disable_heading":"default","ocean_post_title":"","ocean_post_subheading":"","ocean_post_title_style":"","ocean_post_title_background_color":"","ocean_post_title_background":0,"ocean_post_title_bg_image_position":"","ocean_post_title_bg_image_attachment":"","ocean_post_title_bg_image_repeat":"","ocean_post_title_bg_image_size":"","ocean_post_title_height":0,"ocean_post_title_bg_overlay":0.5,"ocean_post_title_bg_overlay_color":"","ocean_disable_breadcrumbs":"default","ocean_breadcrumbs_color":"","ocean_breadcrumbs_separator_color":"","ocean_breadcrumbs_links_color":"","ocean_breadcrumbs_links_hover_color":"","ocean_display_footer_widgets":"default","ocean_display_footer_bottom":"default","ocean_custom_footer_template":"0"},"product_brand":[],"product_cat":[27,142],"product_tag":[],"class_list":{"0":"post-5700","1":"product","2":"type-product","3":"status-publish","4":"has-post-thumbnail","6":"product_cat-arkusze-gumowe","7":"product_cat-nbr-epdm-neopren","8":"pa_kod-produktu-pgcr-30","9":"pa_kod-produktu-pgcr-40","10":"pa_kod-produktu-pgcr-50","12":"entry","13":"has-media","15":"first","16":"onbackorder","17":"shipping-taxable","18":"purchasable","19":"product-type-variable","20":"has-product-nav","21":"col","22":"span_1_of_3","23":"owp-content-center","24":"owp-thumbs-layout-horizontal","25":"owp-btn-normal","26":"owp-tabs-layout-horizontal","27":"has-no-thumbnails"},"jetpack-related-posts":[{"id":5656,"url":"https:\/\/vibra-polymers.pl\/en\/product\/plyta-gumowa-epdm\/","url_meta":{"origin":5700,"position":0},"title":"P\u0142yta Gumowa EPDM","author":"admin","date":"15\/02\/2022","format":false,"excerpt":"Rabat ilo\u015bciowy: 4+ \u2013 20% | 10+ \u2013 30% \u00a0 \u00a0 \u00a0\u00a0 \u00a0 \u00a0 \u00a0 \u00a0 Rabat zostanie naliczony automatycznie w koszyku. \u00a0 \u00a0 Kr\u00f3tki opis: P\u0142yty o doskona\u0142ej odporno\u015bci na starzenie oraz warunki atmosferyczne. Sprzedawane w metrach bie\u017c\u0105cych.","rel":"","context":"Similar post","block_context":{"text":"Similar post","link":""},"img":{"alt_text":"","src":"https:\/\/vibra-polymers.pl\/wp-content\/uploads\/2022\/02\/97d95e8e4def8d1c3e4e977ea533.jpg","width":350,"height":200,"srcset":"https:\/\/vibra-polymers.pl\/wp-content\/uploads\/2022\/02\/97d95e8e4def8d1c3e4e977ea533.jpg 1x, https:\/\/vibra-polymers.pl\/wp-content\/uploads\/2022\/02\/97d95e8e4def8d1c3e4e977ea533.jpg 1.5x, https:\/\/vibra-polymers.pl\/wp-content\/uploads\/2022\/02\/97d95e8e4def8d1c3e4e977ea533.jpg 2x"},"classes":[]},{"id":5493,"url":"https:\/\/vibra-polymers.pl\/en\/product\/sznur-gumowy-epdm\/","url_meta":{"origin":5700,"position":1},"title":"Sznur Gumowy EPDM","author":"admin","date":"14\/02\/2022","format":false,"excerpt":"\u00a0 Kr\u00f3tki opis: Odporny na warunki atmosferyczne: ozon, \u015bwiat\u0142o s\u0142oneczne, wilgotno\u015b\u0107, UV, proces starzenia. \u00a0 Sprzedawane w metrach bie\u017c\u0105cych.","rel":"","context":"Similar post","block_context":{"text":"Similar post","link":""},"img":{"alt_text":"","src":"https:\/\/vibra-polymers.pl\/wp-content\/uploads\/2022\/02\/sznur-gumowy-nbr-epdm-1-scaled-1.jpg","width":350,"height":200,"srcset":"https:\/\/vibra-polymers.pl\/wp-content\/uploads\/2022\/02\/sznur-gumowy-nbr-epdm-1-scaled-1.jpg 1x, https:\/\/vibra-polymers.pl\/wp-content\/uploads\/2022\/02\/sznur-gumowy-nbr-epdm-1-scaled-1.jpg 1.5x, https:\/\/vibra-polymers.pl\/wp-content\/uploads\/2022\/02\/sznur-gumowy-nbr-epdm-1-scaled-1.jpg 2x, https:\/\/vibra-polymers.pl\/wp-content\/uploads\/2022\/02\/sznur-gumowy-nbr-epdm-1-scaled-1.jpg 3x, https:\/\/vibra-polymers.pl\/wp-content\/uploads\/2022\/02\/sznur-gumowy-nbr-epdm-1-scaled-1.jpg 4x"},"classes":[]},{"id":7237,"url":"https:\/\/vibra-polymers.pl\/en\/product\/plyta-gumowa-optima\/","url_meta":{"origin":5700,"position":2},"title":"P\u0142yta Gumowa- OPTIMA","author":"admin","date":"11\/03\/2022","format":false,"excerpt":"Kr\u00f3tki opis: P\u0142yta Gumowa o bardzo dobrych w\u0142a\u015bciwo\u015bciach mechanicznych i odporno\u015bci na \u015bcieranie. \u00a0 \u00a0 Ten produkt nie jest dost\u0119pny w ofercie On-line.\u00a0 Skontaktuj si\u0119 z nami po wi\u0119cej szczeg\u00f3\u0142\u00f3w.","rel":"","context":"Similar post","block_context":{"text":"Similar post","link":""},"img":{"alt_text":"","src":"","width":0,"height":0},"classes":[]},{"id":7233,"url":"https:\/\/vibra-polymers.pl\/en\/product\/plyta-gumowa-dzwiekoszczelna\/","url_meta":{"origin":5700,"position":3},"title":"P\u0142yta Gumowa D\u017awi\u0119koszczelna","author":"admin","date":"11\/03\/2022","format":false,"excerpt":"Kr\u00f3tki opis: D\u017awi\u0119koszczelna membrana o wysokiej g\u0119sto\u015bci na bazie polimer\u00f3w. \u00a0 \u00a0 Ten produkt nie jest dost\u0119pny w ofercie On-line.\u00a0 Skontaktuj si\u0119 z nami po wi\u0119cej szczeg\u00f3\u0142\u00f3w.","rel":"","context":"Similar post","block_context":{"text":"Similar post","link":""},"img":{"alt_text":"","src":"https:\/\/vibra-polymers.pl\/wp-content\/uploads\/2022\/03\/clipboard_1647521164514_edytowano.png","width":350,"height":200},"classes":[]},{"id":5517,"url":"https:\/\/vibra-polymers.pl\/en\/product\/sznur-chloroprenowy-cr\/","url_meta":{"origin":5700,"position":4},"title":"Sznur Chloroprenowy CR (G\u0105bczasty)","author":"admin","date":"15\/02\/2022","format":false,"excerpt":"\u00a0 Kr\u00f3tki opis: Sznur Chloroprenowy CR ma zr\u00f3wnowa\u017con\u0105 kombinacj\u0119 w\u0142a\u015bciwo\u015bci, kt\u00f3re czyni\u0105 go najbardziej uniwersalnym elastomerem. \u00a0 Sprzedawane w metrach bie\u017c\u0105cych.","rel":"","context":"Similar post","block_context":{"text":"Similar post","link":""},"img":{"alt_text":"","src":"https:\/\/vibra-polymers.pl\/wp-content\/uploads\/2022\/02\/Sznur_NBR_ProPolimer.jpg","width":350,"height":200,"srcset":"https:\/\/vibra-polymers.pl\/wp-content\/uploads\/2022\/02\/Sznur_NBR_ProPolimer.jpg 1x, https:\/\/vibra-polymers.pl\/wp-content\/uploads\/2022\/02\/Sznur_NBR_ProPolimer.jpg 1.5x, https:\/\/vibra-polymers.pl\/wp-content\/uploads\/2022\/02\/Sznur_NBR_ProPolimer.jpg 2x, https:\/\/vibra-polymers.pl\/wp-content\/uploads\/2022\/02\/Sznur_NBR_ProPolimer.jpg 3x"},"classes":[]},{"id":5001,"url":"https:\/\/vibra-polymers.pl\/en\/product\/oringi-epdm\/","url_meta":{"origin":5700,"position":5},"title":"O-ringi EPDM","author":"admin","date":"05\/11\/2021","format":false,"excerpt":"\u00a0 Kr\u00f3tki opis: O-ringi EPDM zyska\u0142y szerok\u0105 akceptacj\u0119 przemys\u0142u uszczelnie\u0144 dzi\u0119ki doskona\u0142ej odporno\u015bci na ozon i odporno\u015bci chemicznej. O-ringi EPDM\u00a0 s\u0105 cz\u0119sto stosowane do uszczelnienia uk\u0142ad\u00f3w hamulcowych. \u00a0 \u00a0","rel":"","context":"Similar post","block_context":{"text":"Similar post","link":""},"img":{"alt_text":"","src":"https:\/\/vibra-polymers.pl\/wp-content\/uploads\/2022\/03\/186530691_1171870679927347_7040501725056935753_n-removebg-preview.jpg","width":350,"height":200,"srcset":"https:\/\/vibra-polymers.pl\/wp-content\/uploads\/2022\/03\/186530691_1171870679927347_7040501725056935753_n-removebg-preview.jpg 1x, https:\/\/vibra-polymers.pl\/wp-content\/uploads\/2022\/03\/186530691_1171870679927347_7040501725056935753_n-removebg-preview.jpg 1.5x"},"classes":[]}],"jetpack_sharing_enabled":true,"_links":{"self":[{"href":"https:\/\/vibra-polymers.pl\/en\/wp-json\/wp\/v2\/product\/5700","targetHints":{"allow":["GET"]}}],"collection":[{"href":"https:\/\/vibra-polymers.pl\/en\/wp-json\/wp\/v2\/product"}],"about":[{"href":"https:\/\/vibra-polymers.pl\/en\/wp-json\/wp\/v2\/types\/product"}],"version-history":[{"count":1,"href":"https:\/\/vibra-polymers.pl\/en\/wp-json\/wp\/v2\/product\/5700\/revisions"}],"predecessor-version":[{"id":7217,"href":"https:\/\/vibra-polymers.pl\/en\/wp-json\/wp\/v2\/product\/5700\/revisions\/7217"}],"wp:featuredmedia":[{"embeddable":true,"href":"https:\/\/vibra-polymers.pl\/en\/wp-json\/wp\/v2\/media\/5657"}],"wp:attachment":[{"href":"https:\/\/vibra-polymers.pl\/en\/wp-json\/wp\/v2\/media?parent=5700"}],"wp:term":[{"taxonomy":"product_brand","embeddable":true,"href":"https:\/\/vibra-polymers.pl\/en\/wp-json\/wp\/v2\/product_brand?post=5700"},{"taxonomy":"product_cat","embeddable":true,"href":"https:\/\/vibra-polymers.pl\/en\/wp-json\/wp\/v2\/product_cat?post=5700"},{"taxonomy":"product_tag","embeddable":true,"href":"https:\/\/vibra-polymers.pl\/en\/wp-json\/wp\/v2\/product_tag?post=5700"}],"curies":[{"name":"wp","href":"https:\/\/api.w.org\/{rel}","templated":true}]}}