{"id":5704,"date":"2022-02-16T07:24:09","date_gmt":"2022-02-16T07:24:09","guid":{"rendered":"https:\/\/vibra-polymers.pl\/?post_type=product&#038;p=5704"},"modified":"2022-05-30T08:24:09","modified_gmt":"2022-05-30T08:24:09","slug":"plyta-gumowa-antystatyczna-i-ognioodporna-cr","status":"publish","type":"product","link":"https:\/\/vibra-polymers.pl\/en\/product\/plyta-gumowa-antystatyczna-i-ognioodporna-cr\/","title":{"rendered":"P\u0142yta Gumowa Antystatyczna i Ognioodporna CR"},"content":{"rendered":"<h4>Szczeg\u00f3\u0142y:<\/h4>\n<p>P\u0142yty Gumowe Antystatyczne i Ognioodporne CR zosta\u0142 opracowany pod k\u0105tem w\u0142a\u015bciwo\u015bci antystatycznych oraz ognioodpornych. Spe\u0142nia wymagania normy ISO 340, dzi\u0119ki czemu znajduje zastosowanie w laboratoriach, instytutach badawczych, oraz wsz\u0119dzie tam gdzie wymaga si\u0119 w\u0142a\u015bciwo\u015bci antystatycznych.<\/p>\n<p>&nbsp;<\/p>\n<h4>Informacje dodatkowe:<\/h4>\n<table data-tablestyle=\"MsoTableGrid\" data-tablelook=\"1696\" aria-rowcount=\"11\">\n<tbody>\n<tr aria-rowindex=\"1\">\n<td data-celllook=\"0\"><b><span data-contrast=\"none\">Kolor<\/span><\/b><\/td>\n<td data-celllook=\"0\"><span data-ccp-props=\"{&quot;201341983&quot;:0,&quot;335559740&quot;:259}\">Czarny<\/span><\/td>\n<\/tr>\n<tr aria-rowindex=\"2\">\n<td data-celllook=\"0\"><b><span data-contrast=\"none\">Materia\u0142<\/span><\/b><\/td>\n<td data-celllook=\"0\"><span data-ccp-props=\"{&quot;201341983&quot;:0,&quot;335559740&quot;:259}\"> Chloropren (Neoprene\u00ae)<\/span><\/td>\n<\/tr>\n<tr aria-rowindex=\"3\">\n<td data-celllook=\"0\"><b><span data-contrast=\"none\">Twardo\u015b\u0107 (Shore A)<\/span><\/b><\/td>\n<td data-celllook=\"0\"><span data-ccp-props=\"{&quot;201341983&quot;:0,&quot;335559740&quot;:259}\">\u00a060\u00a0<\/span><\/td>\n<\/tr>\n<tr aria-rowindex=\"4\">\n<td data-celllook=\"0\"><b><span data-contrast=\"none\">Temperatura Maksymalna (\u00b0C)<\/span><\/b><\/td>\n<td data-celllook=\"0\"><span data-ccp-props=\"{&quot;201341983&quot;:0,&quot;335559740&quot;:259}\">\u00a0120<\/span><\/td>\n<\/tr>\n<tr aria-rowindex=\"5\">\n<td data-celllook=\"0\"><b><span data-contrast=\"none\">Temperatura Minimalna (\u00b0C)<\/span><\/b><\/td>\n<td data-celllook=\"0\"><span data-ccp-props=\"{&quot;201341983&quot;:0,&quot;335559740&quot;:259}\">\u00a0-30<\/span><\/td>\n<\/tr>\n<tr aria-rowindex=\"6\">\n<td data-celllook=\"0\"><b><span data-contrast=\"none\">Wytrzyma\u0142o\u015b\u0107 Na Rozci\u0105ganie (MPa)<\/span><\/b><\/td>\n<td data-celllook=\"0\"><span data-ccp-props=\"{&quot;201341983&quot;:0,&quot;335559740&quot;:259}\">\u00a013.00<\/span><\/td>\n<\/tr>\n<tr aria-rowindex=\"7\">\n<td data-celllook=\"0\"><b><span data-contrast=\"none\">Wyd\u0142u\u017cenie Przy Zerwaniu (%)<\/span><\/b><\/td>\n<td data-celllook=\"0\"><span data-ccp-props=\"{&quot;201341983&quot;:0,&quot;335559740&quot;:259}\">\u00a0220,00<\/span><\/td>\n<\/tr>\n<tr aria-rowindex=\"8\">\n<td data-celllook=\"0\"><b><span data-contrast=\"none\">\u015acieralno\u015b\u0107 (mm\u00b3) (DIN53516)<\/span><\/b><\/td>\n<td data-celllook=\"0\"><span data-ccp-props=\"{&quot;201341983&quot;:0,&quot;335559740&quot;:259}\">\u00a0N\/A<\/span><\/td>\n<\/tr>\n<tr aria-rowindex=\"9\">\n<td data-celllook=\"0\"><b><span data-contrast=\"none\">G\u0119sto\u015b\u0107 (g\/cm\u00b3)<\/span><\/b><\/td>\n<td data-celllook=\"0\"><span data-ccp-props=\"{&quot;201341983&quot;:0,&quot;335559740&quot;:259}\">\u00a01.50<\/span><\/td>\n<\/tr>\n<tr aria-rowindex=\"10\">\n<td data-celllook=\"0\"><b><span data-contrast=\"none\">Absorpcja Wody (%)<\/span><\/b><\/td>\n<td data-celllook=\"0\"><span data-ccp-props=\"{&quot;201341983&quot;:0,&quot;335559740&quot;:259}\">\u00a0N\/A<\/span><\/td>\n<\/tr>\n<tr aria-rowindex=\"11\">\n<td data-celllook=\"0\"><b><span data-contrast=\"none\">Odporno\u015b\u0107 Na Rozerwanie (kN\/m)<\/span><\/b><\/td>\n<td data-celllook=\"0\"><span data-ccp-props=\"{&quot;201341983&quot;:0,&quot;335559740&quot;:259}\">\u00a0N\/A<\/span><\/td>\n<\/tr>\n<\/tbody>\n<\/table>","protected":false},"excerpt":{"rendered":"<h4>Kr\u00f3tki opis:<\/h4>\n<p>Antystatyczna i ognioodporna P\u0142yta gumowa z kauczuku butadienowego. Powierzchniowa rezystancja dla tej maty powierzchniowa wynosi 10\u2078 \u03a9<\/p>\n<h4>Szeroko\u015b\u0107 maty:<\/h4>\n<ul>\n<li>140cm<\/li>\n<\/ul>\n<p>&nbsp;<\/p>\n<p><span style=\"color: #ff0000;\"><b>Ten produkt nie jest dost\u0119pny ofercie On-line.<\/b>\u00a0<\/span><\/p>\n<p><span style=\"color: #ff0000;\">\u00a0<b>Skontaktuj si\u0119 z nami po wi\u0119cej szczeg\u00f3\u0142\u00f3w.<\/b>\u00a0<\/span><\/p>\n<p>&nbsp;<\/p>","protected":false},"featured_media":5657,"template":"","meta":{"ocean_post_layout":"","ocean_both_sidebars_style":"","ocean_both_sidebars_content_width":0,"ocean_both_sidebars_sidebars_width":0,"ocean_sidebar":"0","ocean_second_sidebar":"0","ocean_disable_margins":"enable","ocean_add_body_class":"","ocean_shortcode_before_top_bar":"","ocean_shortcode_after_top_bar":"","ocean_shortcode_before_header":"","ocean_shortcode_after_header":"","ocean_has_shortcode":"","ocean_shortcode_after_title":"","ocean_shortcode_before_footer_widgets":"","ocean_shortcode_after_footer_widgets":"","ocean_shortcode_before_footer_bottom":"","ocean_shortcode_after_footer_bottom":"","ocean_display_top_bar":"default","ocean_display_header":"default","ocean_header_style":"","ocean_center_header_left_menu":"0","ocean_custom_header_template":"0","ocean_custom_logo":0,"ocean_custom_retina_logo":0,"ocean_custom_logo_max_width":0,"ocean_custom_logo_tablet_max_width":0,"ocean_custom_logo_mobile_max_width":0,"ocean_custom_logo_max_height":0,"ocean_custom_logo_tablet_max_height":0,"ocean_custom_logo_mobile_max_height":0,"ocean_header_custom_menu":"0","ocean_menu_typo_font_family":"0","ocean_menu_typo_font_subset":"","ocean_menu_typo_font_size":0,"ocean_menu_typo_font_size_tablet":0,"ocean_menu_typo_font_size_mobile":0,"ocean_menu_typo_font_size_unit":"px","ocean_menu_typo_font_weight":"","ocean_menu_typo_font_weight_tablet":"","ocean_menu_typo_font_weight_mobile":"","ocean_menu_typo_transform":"","ocean_menu_typo_transform_tablet":"","ocean_menu_typo_transform_mobile":"","ocean_menu_typo_line_height":0,"ocean_menu_typo_line_height_tablet":0,"ocean_menu_typo_line_height_mobile":0,"ocean_menu_typo_line_height_unit":"","ocean_menu_typo_spacing":0,"ocean_menu_typo_spacing_tablet":0,"ocean_menu_typo_spacing_mobile":0,"ocean_menu_typo_spacing_unit":"","ocean_menu_link_color":"","ocean_menu_link_color_hover":"","ocean_menu_link_color_active":"","ocean_menu_link_background":"","ocean_menu_link_hover_background":"","ocean_menu_link_active_background":"","ocean_menu_social_links_bg":"","ocean_menu_social_hover_links_bg":"","ocean_menu_social_links_color":"","ocean_menu_social_hover_links_color":"","ocean_disable_title":"default","ocean_disable_heading":"default","ocean_post_title":"","ocean_post_subheading":"","ocean_post_title_style":"","ocean_post_title_background_color":"","ocean_post_title_background":0,"ocean_post_title_bg_image_position":"","ocean_post_title_bg_image_attachment":"","ocean_post_title_bg_image_repeat":"","ocean_post_title_bg_image_size":"","ocean_post_title_height":0,"ocean_post_title_bg_overlay":0.5,"ocean_post_title_bg_overlay_color":"","ocean_disable_breadcrumbs":"default","ocean_breadcrumbs_color":"","ocean_breadcrumbs_separator_color":"","ocean_breadcrumbs_links_color":"","ocean_breadcrumbs_links_hover_color":"","ocean_display_footer_widgets":"default","ocean_display_footer_bottom":"default","ocean_custom_footer_template":"0"},"product_brand":[],"product_cat":[27,147],"product_tag":[],"class_list":{"0":"post-5704","1":"product","2":"type-product","3":"status-publish","4":"has-post-thumbnail","6":"product_cat-arkusze-gumowe","7":"product_cat-techniczne-arkusze-gumowe","8":"pa_kod-produktu-pgcr-1","9":"pa_kod-produktu-pgcr-15","10":"pa_kod-produktu-pgcr-2","11":"pa_kod-produktu-pgcr-3","12":"pa_kod-produktu-pgcr-4","13":"pa_kod-produktu-pgcr-5","14":"pa_kod-produktu-pgcr-6","16":"entry","17":"has-media","19":"first","20":"onbackorder","21":"shipping-taxable","22":"purchasable","23":"product-type-variable","24":"has-product-nav","25":"col","26":"span_1_of_3","27":"owp-content-center","28":"owp-thumbs-layout-horizontal","29":"owp-btn-normal","30":"owp-tabs-layout-horizontal","31":"has-no-thumbnails"},"jetpack-related-posts":[{"id":7262,"url":"https:\/\/vibra-polymers.pl\/en\/product\/techniczna-plyta-gumowa-cr\/","url_meta":{"origin":5704,"position":0},"title":"Techniczna P\u0142yta Gumowa CR","author":"admin","date":"11\/03\/2022","format":false,"excerpt":"Kr\u00f3tki opis: P\u0142yta Gumowa CR jest ognioodporna i odpowiednia do kontaktu z mineralnymi, zwierz\u0119cymi i ro\u015blinnymi t\u0142uszczami. \u00a0 \u00a0 Ten produkt nie jest dost\u0119pny w ofercie On-line.\u00a0 Skontaktuj si\u0119 z nami po wi\u0119cej szczeg\u00f3\u0142\u00f3w.\u00a0","rel":"","context":"Similar post","block_context":{"text":"Similar post","link":""},"img":{"alt_text":"","src":"","width":0,"height":0},"classes":[]},{"id":5700,"url":"https:\/\/vibra-polymers.pl\/en\/product\/plyta-gumowa-z-kauczuku-chloroprenowego-cr\/","url_meta":{"origin":5704,"position":1},"title":"P\u0142yta Gumowa z kauczuku Chloroprenowego CR","author":"admin","date":"15\/02\/2022","format":false,"excerpt":"Kr\u00f3tki opis: P\u0142yta o bardzo dobrej odporno\u015bci na starzenie oraz warunki atmosferyczne. \u00a0 Ten produkt nie jest dost\u0119pny w ofercie On-line.\u00a0 Skontaktuj si\u0119 z nami po wi\u0119cej szczeg\u00f3\u0142\u00f3w.\u00a0","rel":"","context":"Similar post","block_context":{"text":"Similar post","link":""},"img":{"alt_text":"","src":"https:\/\/vibra-polymers.pl\/wp-content\/uploads\/2022\/02\/97d95e8e4def8d1c3e4e977ea533.jpg","width":350,"height":200,"srcset":"https:\/\/vibra-polymers.pl\/wp-content\/uploads\/2022\/02\/97d95e8e4def8d1c3e4e977ea533.jpg 1x, https:\/\/vibra-polymers.pl\/wp-content\/uploads\/2022\/02\/97d95e8e4def8d1c3e4e977ea533.jpg 1.5x, https:\/\/vibra-polymers.pl\/wp-content\/uploads\/2022\/02\/97d95e8e4def8d1c3e4e977ea533.jpg 2x"},"classes":[]},{"id":7226,"url":"https:\/\/vibra-polymers.pl\/en\/product\/plyta-gumowa-cr-o-niskiej-twardosci\/","url_meta":{"origin":5704,"position":2},"title":"P\u0142yta Gumowa Soft ( Chloropren\/Neopren )","author":"admin","date":"11\/03\/2022","format":false,"excerpt":"Kr\u00f3tki opis: P\u0142yty Gumowe CR o Niskiej Twardo\u015bci zosta\u0142y zaprojektowane do zastosowa\u0144 gdzie wymagana jest mi\u0119kka p\u0142yta gumowa, posiada wysok\u0105 g\u0119sto\u015b\u0107 i nadaje si\u0119 do wyg\u0142uszania pod\u0142\u00f3g drewnianych oraz lekkich \u015bcianek dzia\u0142owych gipsowo-kartonowych. \u00a0 Ten produkt nie jest dost\u0119pny w ofercie On-line.\u00a0 Skontaktuj si\u0119 z nami po wi\u0119cej szczeg\u00f3\u0142\u00f3w.\u00a0","rel":"","context":"Similar post","block_context":{"text":"Similar post","link":""},"img":{"alt_text":"","src":"https:\/\/vibra-polymers.pl\/wp-content\/uploads\/2022\/03\/97d95e8e4def8d1c3e4e977ea533-600x600_edytowano.jpg","width":350,"height":200,"srcset":"https:\/\/vibra-polymers.pl\/wp-content\/uploads\/2022\/03\/97d95e8e4def8d1c3e4e977ea533-600x600_edytowano.jpg 1x, https:\/\/vibra-polymers.pl\/wp-content\/uploads\/2022\/03\/97d95e8e4def8d1c3e4e977ea533-600x600_edytowano.jpg 1.5x"},"classes":[]},{"id":7233,"url":"https:\/\/vibra-polymers.pl\/en\/product\/plyta-gumowa-dzwiekoszczelna\/","url_meta":{"origin":5704,"position":3},"title":"P\u0142yta Gumowa D\u017awi\u0119koszczelna","author":"admin","date":"11\/03\/2022","format":false,"excerpt":"Kr\u00f3tki opis: D\u017awi\u0119koszczelna membrana o wysokiej g\u0119sto\u015bci na bazie polimer\u00f3w. \u00a0 \u00a0 Ten produkt nie jest dost\u0119pny w ofercie On-line.\u00a0 Skontaktuj si\u0119 z nami po wi\u0119cej szczeg\u00f3\u0142\u00f3w.","rel":"","context":"Similar post","block_context":{"text":"Similar post","link":""},"img":{"alt_text":"","src":"https:\/\/vibra-polymers.pl\/wp-content\/uploads\/2022\/03\/clipboard_1647521164514_edytowano.png","width":350,"height":200},"classes":[]},{"id":6203,"url":"https:\/\/vibra-polymers.pl\/en\/product\/mata-gumowa-trak\/","url_meta":{"origin":5704,"position":4},"title":"Mata Gumowa TRAK","author":"admin","date":"24\/02\/2022","format":false,"excerpt":"Kr\u00f3tki Opis:\u00a0 Trwa\u0142a Antypo\u015blizgowa Mata Gumowa TRACK jest wykonana z mieszanki kauczuku naturalnego (NR) oraz kauczuku butadienowo- styrenowego (SBR)\u00a0 Wyk\u0142adzina antypo\u015blizgowa ma w\u0142a\u015bciwo\u015bci izolacyjne. \u00a0 Sprzedawane w metrach bie\u017c\u0105cych. .","rel":"","context":"Similar post","block_context":{"text":"Similar post","link":""},"img":{"alt_text":"","src":"https:\/\/vibra-polymers.pl\/wp-content\/uploads\/2022\/02\/clipboard_1647522828877_edytowano.png","width":350,"height":200},"classes":[]},{"id":6209,"url":"https:\/\/vibra-polymers.pl\/en\/product\/mata-gumowa-grip-2\/","url_meta":{"origin":5704,"position":5},"title":"Mata Gumowa GRIP","author":"admin","date":"24\/02\/2022","format":false,"excerpt":"Kr\u00f3tki Opis:\u00a0 Trwa\u0142a Antypo\u015blizgowa Mata Gumowa GRIP jest wykonana z mieszanki kauczuku naturalnego (NR) oraz kauczuku butadienowo- styrenowego (SBR)\u00a0 Wyk\u0142adzina antypo\u015blizgowa ma w\u0142a\u015bciwo\u015bci izolacyjne. \u00a0 Sprzedawane w metrach bie\u017c\u0105cych. .","rel":"","context":"Similar post","block_context":{"text":"Similar post","link":""},"img":{"alt_text":"","src":"https:\/\/vibra-polymers.pl\/wp-content\/uploads\/2022\/02\/Mata-Gumowa-GRIP_edytowano-e1655891458669.jpg","width":350,"height":200},"classes":[]}],"jetpack_sharing_enabled":true,"_links":{"self":[{"href":"https:\/\/vibra-polymers.pl\/en\/wp-json\/wp\/v2\/product\/5704","targetHints":{"allow":["GET"]}}],"collection":[{"href":"https:\/\/vibra-polymers.pl\/en\/wp-json\/wp\/v2\/product"}],"about":[{"href":"https:\/\/vibra-polymers.pl\/en\/wp-json\/wp\/v2\/types\/product"}],"version-history":[{"count":1,"href":"https:\/\/vibra-polymers.pl\/en\/wp-json\/wp\/v2\/product\/5704\/revisions"}],"predecessor-version":[{"id":7214,"href":"https:\/\/vibra-polymers.pl\/en\/wp-json\/wp\/v2\/product\/5704\/revisions\/7214"}],"wp:featuredmedia":[{"embeddable":true,"href":"https:\/\/vibra-polymers.pl\/en\/wp-json\/wp\/v2\/media\/5657"}],"wp:attachment":[{"href":"https:\/\/vibra-polymers.pl\/en\/wp-json\/wp\/v2\/media?parent=5704"}],"wp:term":[{"taxonomy":"product_brand","embeddable":true,"href":"https:\/\/vibra-polymers.pl\/en\/wp-json\/wp\/v2\/product_brand?post=5704"},{"taxonomy":"product_cat","embeddable":true,"href":"https:\/\/vibra-polymers.pl\/en\/wp-json\/wp\/v2\/product_cat?post=5704"},{"taxonomy":"product_tag","embeddable":true,"href":"https:\/\/vibra-polymers.pl\/en\/wp-json\/wp\/v2\/product_tag?post=5704"}],"curies":[{"name":"wp","href":"https:\/\/api.w.org\/{rel}","templated":true}]}}