{"id":5738,"date":"2022-02-16T08:34:20","date_gmt":"2022-02-16T08:34:20","guid":{"rendered":"https:\/\/vibra-polymers.pl\/?post_type=product&#038;p=5738"},"modified":"2022-05-30T08:27:41","modified_gmt":"2022-05-30T08:27:41","slug":"plyta-gumowa-kenta","status":"publish","type":"product","link":"https:\/\/vibra-polymers.pl\/en\/product\/plyta-gumowa-kenta\/","title":{"rendered":"P\u0142yta Gumowa Kenta"},"content":{"rendered":"<h3><strong>Szczeg\u00f3\u0142y:<\/strong><\/h3>\n<p>P\u0142yta gumowa o bardzo niskiej twardo\u015bci.<\/p>\n<p>P\u0142yta Gumowa Kenta ma znacznie wy\u017csz\u0105 wytrzyma\u0142o\u015b\u0107 na rozci\u0105ganie oraz wytrzyma\u0142o\u015b\u0107 na zerwanie.<\/p>\n<p>Nale\u017cy unika\u0107 stosowania Ketna w kontakcie z kwasami, olejami i innymi substancjami chemicznymi.<\/p>\n<p>P\u0142yta Gumowa Tekna ma znacznie wy\u017csz\u0105 wytrzyma\u0142o\u015b\u0107 na rozci\u0105ganie i zrywanie od wszystkich p\u0142yt gumowych oferowanych przez nasz\u0105 firm\u0119.<\/p>\n<p>&nbsp;<\/p>\n<p><strong>Szeroko\u015b\u0107 Rolki &#8211; <\/strong>140cm<\/p>\n<p><strong>Zakres Temperatury Pracy &#8211; <\/strong>od -10 \u00b0C do +70 \u00b0C<\/p>\n<p><b>Materia\u0142 &#8211; <\/b>Guma Naturalna NR<\/p>\n<p><strong>Kolor &#8211; <\/strong>Be\u017cowy<\/p>\n<p><b>Twardo\u015b\u0107<\/b><strong> ShA &#8211;\u00a0 <\/strong>40ShA<\/p>\n<p><b>Wytrzyma\u0142o\u015b\u0107 na Rozci\u0105ganie (MPa) &#8211; <\/b>10<\/p>\n<p><b>Wyd\u0142u\u017canie<\/b><strong> Przy zerwaniu (%) &#8211; <\/strong>450<\/p>\n<p>&nbsp;<\/p>","protected":false},"excerpt":{"rendered":"<h2>Kr\u00f3tki opis<\/h2>\n<p>Mi\u0119kka P\u0142yta Gumowa charakteryzuj\u0105ca si\u0119 wysok\u0105 wytrzyma\u0142o\u015bci\u0105 na rozci\u0105ganie (niska twardo\u015b\u0107) o doskona\u0142ych w\u0142a\u015bciwo\u015bciach mechanicznych.<\/p>\n<p><strong>Produkt nie jest dost\u0119pny o ofercie On-line.<\/strong><\/p>\n<p><strong>Skontaktuj si\u0119 z nami po wi\u0119cej szczeg\u00f3\u0142\u00f3w.<\/strong><\/p>","protected":false},"featured_media":7942,"template":"","meta":{"ocean_post_layout":"","ocean_both_sidebars_style":"","ocean_both_sidebars_content_width":0,"ocean_both_sidebars_sidebars_width":0,"ocean_sidebar":"0","ocean_second_sidebar":"0","ocean_disable_margins":"enable","ocean_add_body_class":"","ocean_shortcode_before_top_bar":"","ocean_shortcode_after_top_bar":"","ocean_shortcode_before_header":"","ocean_shortcode_after_header":"","ocean_has_shortcode":"","ocean_shortcode_after_title":"","ocean_shortcode_before_footer_widgets":"","ocean_shortcode_after_footer_widgets":"","ocean_shortcode_before_footer_bottom":"","ocean_shortcode_after_footer_bottom":"","ocean_display_top_bar":"default","ocean_display_header":"default","ocean_header_style":"","ocean_center_header_left_menu":"0","ocean_custom_header_template":"0","ocean_custom_logo":0,"ocean_custom_retina_logo":0,"ocean_custom_logo_max_width":0,"ocean_custom_logo_tablet_max_width":0,"ocean_custom_logo_mobile_max_width":0,"ocean_custom_logo_max_height":0,"ocean_custom_logo_tablet_max_height":0,"ocean_custom_logo_mobile_max_height":0,"ocean_header_custom_menu":"0","ocean_menu_typo_font_family":"0","ocean_menu_typo_font_subset":"","ocean_menu_typo_font_size":0,"ocean_menu_typo_font_size_tablet":0,"ocean_menu_typo_font_size_mobile":0,"ocean_menu_typo_font_size_unit":"px","ocean_menu_typo_font_weight":"","ocean_menu_typo_font_weight_tablet":"","ocean_menu_typo_font_weight_mobile":"","ocean_menu_typo_transform":"","ocean_menu_typo_transform_tablet":"","ocean_menu_typo_transform_mobile":"","ocean_menu_typo_line_height":0,"ocean_menu_typo_line_height_tablet":0,"ocean_menu_typo_line_height_mobile":0,"ocean_menu_typo_line_height_unit":"","ocean_menu_typo_spacing":0,"ocean_menu_typo_spacing_tablet":0,"ocean_menu_typo_spacing_mobile":0,"ocean_menu_typo_spacing_unit":"","ocean_menu_link_color":"","ocean_menu_link_color_hover":"","ocean_menu_link_color_active":"","ocean_menu_link_background":"","ocean_menu_link_hover_background":"","ocean_menu_link_active_background":"","ocean_menu_social_links_bg":"","ocean_menu_social_hover_links_bg":"","ocean_menu_social_links_color":"","ocean_menu_social_hover_links_color":"","ocean_disable_title":"default","ocean_disable_heading":"default","ocean_post_title":"","ocean_post_subheading":"","ocean_post_title_style":"","ocean_post_title_background_color":"","ocean_post_title_background":0,"ocean_post_title_bg_image_position":"","ocean_post_title_bg_image_attachment":"","ocean_post_title_bg_image_repeat":"","ocean_post_title_bg_image_size":"","ocean_post_title_height":0,"ocean_post_title_bg_overlay":0.5,"ocean_post_title_bg_overlay_color":"","ocean_disable_breadcrumbs":"default","ocean_breadcrumbs_color":"","ocean_breadcrumbs_separator_color":"","ocean_breadcrumbs_links_color":"","ocean_breadcrumbs_links_hover_color":"","ocean_display_footer_widgets":"default","ocean_display_footer_bottom":"default","ocean_custom_footer_template":"0"},"product_brand":[],"product_cat":[27,147],"product_tag":[],"class_list":{"0":"post-5738","1":"product","2":"type-product","3":"status-publish","4":"has-post-thumbnail","6":"product_cat-arkusze-gumowe","7":"product_cat-techniczne-arkusze-gumowe","8":"pa_kod-produktu-pgt-15","9":"pa_kod-produktu-pgt-10","10":"pa_kod-produktu-pgt-12","11":"pa_kod-produktu-pgt-15-2","12":"pa_kod-produktu-pgt-25","13":"pa_kod-produktu-pgt-3","14":"pa_kod-produktu-pgt-4","15":"pa_kod-produktu-pgt-5","16":"pa_kod-produktu-pgt-6","17":"pa_kod-produktu-pgt-8","19":"entry","20":"has-media","22":"first","23":"instock","24":"shipping-taxable","25":"purchasable","26":"product-type-variable","27":"has-product-nav","28":"col","29":"span_1_of_3","30":"owp-content-center","31":"owp-thumbs-layout-horizontal","32":"owp-btn-normal","33":"owp-tabs-layout-horizontal","34":"has-no-thumbnails"},"jetpack-related-posts":[{"id":5712,"url":"https:\/\/vibra-polymers.pl\/en\/product\/plyta-gumowa-tekna\/","url_meta":{"origin":5738,"position":0},"title":"P\u0142yta Gumowa TEKNA","author":"admin","date":"16\/02\/2022","format":false,"excerpt":"Kr\u00f3tki opis: Mi\u0119kka P\u0142yta Gumowa charakteryzuj\u0105ca si\u0119 wysok\u0105 wytrzyma\u0142o\u015bci\u0105 na rozci\u0105ganie (niska twardo\u015b\u0107) o doskona\u0142ych w\u0142a\u015bciwo\u015bciach mechanicznych. Ten produkt nie jest dost\u0119pny w ofercie On-line.\u00a0 Skontaktuj si\u0119 z nami po wi\u0119cej szczeg\u00f3\u0142\u00f3w.\u00a0","rel":"","context":"Similar post","block_context":{"text":"Similar post","link":""},"img":{"alt_text":"","src":"","width":0,"height":0},"classes":[]},{"id":7237,"url":"https:\/\/vibra-polymers.pl\/en\/product\/plyta-gumowa-optima\/","url_meta":{"origin":5738,"position":1},"title":"P\u0142yta Gumowa- OPTIMA","author":"admin","date":"11\/03\/2022","format":false,"excerpt":"Kr\u00f3tki opis: P\u0142yta Gumowa o bardzo dobrych w\u0142a\u015bciwo\u015bciach mechanicznych i odporno\u015bci na \u015bcieranie. \u00a0 \u00a0 Ten produkt nie jest dost\u0119pny w ofercie On-line.\u00a0 Skontaktuj si\u0119 z nami po wi\u0119cej szczeg\u00f3\u0142\u00f3w.","rel":"","context":"Similar post","block_context":{"text":"Similar post","link":""},"img":{"alt_text":"","src":"","width":0,"height":0},"classes":[]},{"id":5700,"url":"https:\/\/vibra-polymers.pl\/en\/product\/plyta-gumowa-z-kauczuku-chloroprenowego-cr\/","url_meta":{"origin":5738,"position":2},"title":"P\u0142yta Gumowa z kauczuku Chloroprenowego CR","author":"admin","date":"15\/02\/2022","format":false,"excerpt":"Kr\u00f3tki opis: P\u0142yta o bardzo dobrej odporno\u015bci na starzenie oraz warunki atmosferyczne. \u00a0 Ten produkt nie jest dost\u0119pny w ofercie On-line.\u00a0 Skontaktuj si\u0119 z nami po wi\u0119cej szczeg\u00f3\u0142\u00f3w.\u00a0","rel":"","context":"Similar post","block_context":{"text":"Similar post","link":""},"img":{"alt_text":"","src":"https:\/\/vibra-polymers.pl\/wp-content\/uploads\/2022\/02\/97d95e8e4def8d1c3e4e977ea533.jpg","width":350,"height":200,"srcset":"https:\/\/vibra-polymers.pl\/wp-content\/uploads\/2022\/02\/97d95e8e4def8d1c3e4e977ea533.jpg 1x, https:\/\/vibra-polymers.pl\/wp-content\/uploads\/2022\/02\/97d95e8e4def8d1c3e4e977ea533.jpg 1.5x, https:\/\/vibra-polymers.pl\/wp-content\/uploads\/2022\/02\/97d95e8e4def8d1c3e4e977ea533.jpg 2x"},"classes":[]},{"id":5736,"url":"https:\/\/vibra-polymers.pl\/en\/product\/plyta-gumowa-butylowa\/","url_meta":{"origin":5738,"position":3},"title":"P\u0142yta Gumowa Butylowa","author":"admin","date":"16\/02\/2022","format":false,"excerpt":"Kr\u00f3tki opis: Nieprzepuszczalna p\u0142yta gumowa Ten produkt nie jest dost\u0119pny w ofercie On-line.\u00a0 Skontaktuj si\u0119 z nami po wi\u0119cej szczeg\u00f3\u0142\u00f3w.\u00a0","rel":"","context":"Similar post","block_context":{"text":"Similar post","link":""},"img":{"alt_text":"","src":"https:\/\/vibra-polymers.pl\/wp-content\/uploads\/2022\/02\/plyta-gumowa-epdm-grubosc-12-mm.jpg","width":350,"height":200,"srcset":"https:\/\/vibra-polymers.pl\/wp-content\/uploads\/2022\/02\/plyta-gumowa-epdm-grubosc-12-mm.jpg 1x, https:\/\/vibra-polymers.pl\/wp-content\/uploads\/2022\/02\/plyta-gumowa-epdm-grubosc-12-mm.jpg 1.5x, https:\/\/vibra-polymers.pl\/wp-content\/uploads\/2022\/02\/plyta-gumowa-epdm-grubosc-12-mm.jpg 2x"},"classes":[]},{"id":5669,"url":"https:\/\/vibra-polymers.pl\/en\/product\/plyta-gumowa-nbr\/","url_meta":{"origin":5738,"position":4},"title":"P\u0142yta Gumowa NBR","author":"admin","date":"15\/02\/2022","format":false,"excerpt":"Kr\u00f3tki opis: P\u0142yta Gumowa NBR jest doskonale odporna na ropopochodne p\u0142yny, oleje, rozpuszczalniki i smary. Posiada \u015bredni\u0105 odporno\u015b\u0107 na w\u0119glowodory aromatyczne. Ten produkt nie jest dost\u0119pny w ofercie On-line.\u00a0 Skontaktuj si\u0119 z nami po wi\u0119cej szczeg\u00f3\u0142\u00f3w.\u00a0","rel":"","context":"Similar post","block_context":{"text":"Similar post","link":""},"img":{"alt_text":"","src":"https:\/\/vibra-polymers.pl\/wp-content\/uploads\/2022\/02\/97d95e8e4def8d1c3e4e977ea533.jpg","width":350,"height":200,"srcset":"https:\/\/vibra-polymers.pl\/wp-content\/uploads\/2022\/02\/97d95e8e4def8d1c3e4e977ea533.jpg 1x, https:\/\/vibra-polymers.pl\/wp-content\/uploads\/2022\/02\/97d95e8e4def8d1c3e4e977ea533.jpg 1.5x, https:\/\/vibra-polymers.pl\/wp-content\/uploads\/2022\/02\/97d95e8e4def8d1c3e4e977ea533.jpg 2x"},"classes":[]},{"id":7262,"url":"https:\/\/vibra-polymers.pl\/en\/product\/techniczna-plyta-gumowa-cr\/","url_meta":{"origin":5738,"position":5},"title":"Techniczna P\u0142yta Gumowa CR","author":"admin","date":"11\/03\/2022","format":false,"excerpt":"Kr\u00f3tki opis: P\u0142yta Gumowa CR jest ognioodporna i odpowiednia do kontaktu z mineralnymi, zwierz\u0119cymi i ro\u015blinnymi t\u0142uszczami. \u00a0 \u00a0 Ten produkt nie jest dost\u0119pny w ofercie On-line.\u00a0 Skontaktuj si\u0119 z nami po wi\u0119cej szczeg\u00f3\u0142\u00f3w.\u00a0","rel":"","context":"Similar post","block_context":{"text":"Similar post","link":""},"img":{"alt_text":"","src":"","width":0,"height":0},"classes":[]}],"jetpack_sharing_enabled":true,"_links":{"self":[{"href":"https:\/\/vibra-polymers.pl\/en\/wp-json\/wp\/v2\/product\/5738","targetHints":{"allow":["GET"]}}],"collection":[{"href":"https:\/\/vibra-polymers.pl\/en\/wp-json\/wp\/v2\/product"}],"about":[{"href":"https:\/\/vibra-polymers.pl\/en\/wp-json\/wp\/v2\/types\/product"}],"version-history":[{"count":0,"href":"https:\/\/vibra-polymers.pl\/en\/wp-json\/wp\/v2\/product\/5738\/revisions"}],"wp:featuredmedia":[{"embeddable":true,"href":"https:\/\/vibra-polymers.pl\/en\/wp-json\/wp\/v2\/media\/7942"}],"wp:attachment":[{"href":"https:\/\/vibra-polymers.pl\/en\/wp-json\/wp\/v2\/media?parent=5738"}],"wp:term":[{"taxonomy":"product_brand","embeddable":true,"href":"https:\/\/vibra-polymers.pl\/en\/wp-json\/wp\/v2\/product_brand?post=5738"},{"taxonomy":"product_cat","embeddable":true,"href":"https:\/\/vibra-polymers.pl\/en\/wp-json\/wp\/v2\/product_cat?post=5738"},{"taxonomy":"product_tag","embeddable":true,"href":"https:\/\/vibra-polymers.pl\/en\/wp-json\/wp\/v2\/product_tag?post=5738"}],"curies":[{"name":"wp","href":"https:\/\/api.w.org\/{rel}","templated":true}]}}