{"id":6222,"date":"2022-02-25T10:42:13","date_gmt":"2022-02-25T10:42:13","guid":{"rendered":"https:\/\/vibra-polymers.pl\/?post_type=product&#038;p=6222"},"modified":"2022-11-10T10:36:33","modified_gmt":"2022-11-10T10:36:33","slug":"wibroizolatory-przyssawkowe-typu-pr-2","status":"publish","type":"product","link":"https:\/\/vibra-polymers.pl\/en\/product\/wibroizolatory-przyssawkowe-typu-pr-2\/","title":{"rendered":"Wibroizolatory Cylindryczne wkl\u0119s\u0142e"},"content":{"rendered":"<h4>Szczeg\u00f3\u0142y:<\/h4>\n<p>Wibroizolatory Cylindryczne wkl\u0119s\u0142e s\u0105\u00a0 przeznaczone do urz\u0105dze\u0144, kt\u00f3re maj\u0105 tendencj\u0119 do przemieszczania si\u0119 podczas pracy.<\/p>\n<p>Wkl\u0119s\u0142y kszta\u0142t zapewnia doskona\u0142\u0105 stabilno\u015b\u0107 i tarcie<\/p>\n<p>Wykonany jest z gumy NR ( kauczuk naturalny).<\/p>\n<p>Posiadamy w ofercie dwa typy Wibroizolator\u00f3w Cylindrycznych wkl\u0119s\u0142ych:<\/p>\n<ul>\n<li><strong>Typ PR-A<\/strong> &#8211; \u015aruba \/ Stopa Gumowa<\/li>\n<li><strong>Typ PR-B<\/strong> &#8211; Gwint Wewn\u0119trzny \/ Stopa<\/li>\n<\/ul>\n<p>&nbsp;<\/p>\n<p><strong>Zastosowanie:<\/strong><\/p>\n<ul>\n<li>stopki do urz\u0105dze\u0144 wolnostoj\u0105cych<\/li>\n<li>izolator paneli steruj\u0105cych<\/li>\n<li>przeno\u015bne generatory<\/li>\n<\/ul>\n<p>&nbsp;<\/p>\n<p><strong>Dost\u0119pne r\u00f3wnie\u017c w\u00a0wersji :<\/strong><\/p>\n<ul>\n<li>Materia\u0142: CR, NBR, EPDM itp.<\/li>\n<li>Stal:\u00a0A2, A4<\/li>\n<li>Twardo\u015b\u0107 ShA: 45, 60, 70<\/li>\n<\/ul>\n<div class=\"product-body\"><\/div>","protected":false},"excerpt":{"rendered":"<h4>Kr\u00f3tki opis:<\/h4>\n<p>Przeznaczony dla urz\u0105dze\u0144 kt\u00f3re maj\u0105 tendencj\u0119 do przemieszczania si\u0119 podczas pracy.<\/p>\n<p>Posiadamy w ofercie dwa typy Wibroizolator\u00f3w Przyssawkowych:<\/p>\n<ul>\n<li><strong>Typ PR-A<\/strong> &#8211; \u015aruba \/ Stopa Gumowa<\/li>\n<li><strong>Typ PR-B<\/strong> &#8211; Gwint Wewn\u0119trzny \/ Stopa Gumowa<\/li>\n<\/ul>","protected":false},"featured_media":3729,"template":"","meta":{"ocean_post_layout":"","ocean_both_sidebars_style":"","ocean_both_sidebars_content_width":0,"ocean_both_sidebars_sidebars_width":0,"ocean_sidebar":"0","ocean_second_sidebar":"0","ocean_disable_margins":"enable","ocean_add_body_class":"","ocean_shortcode_before_top_bar":"","ocean_shortcode_after_top_bar":"","ocean_shortcode_before_header":"","ocean_shortcode_after_header":"","ocean_has_shortcode":"","ocean_shortcode_after_title":"","ocean_shortcode_before_footer_widgets":"","ocean_shortcode_after_footer_widgets":"","ocean_shortcode_before_footer_bottom":"","ocean_shortcode_after_footer_bottom":"","ocean_display_top_bar":"default","ocean_display_header":"default","ocean_header_style":"","ocean_center_header_left_menu":"0","ocean_custom_header_template":"0","ocean_custom_logo":0,"ocean_custom_retina_logo":0,"ocean_custom_logo_max_width":0,"ocean_custom_logo_tablet_max_width":0,"ocean_custom_logo_mobile_max_width":0,"ocean_custom_logo_max_height":0,"ocean_custom_logo_tablet_max_height":0,"ocean_custom_logo_mobile_max_height":0,"ocean_header_custom_menu":"0","ocean_menu_typo_font_family":"0","ocean_menu_typo_font_subset":"","ocean_menu_typo_font_size":0,"ocean_menu_typo_font_size_tablet":0,"ocean_menu_typo_font_size_mobile":0,"ocean_menu_typo_font_size_unit":"px","ocean_menu_typo_font_weight":"","ocean_menu_typo_font_weight_tablet":"","ocean_menu_typo_font_weight_mobile":"","ocean_menu_typo_transform":"","ocean_menu_typo_transform_tablet":"","ocean_menu_typo_transform_mobile":"","ocean_menu_typo_line_height":0,"ocean_menu_typo_line_height_tablet":0,"ocean_menu_typo_line_height_mobile":0,"ocean_menu_typo_line_height_unit":"","ocean_menu_typo_spacing":0,"ocean_menu_typo_spacing_tablet":0,"ocean_menu_typo_spacing_mobile":0,"ocean_menu_typo_spacing_unit":"","ocean_menu_link_color":"","ocean_menu_link_color_hover":"","ocean_menu_link_color_active":"","ocean_menu_link_background":"","ocean_menu_link_hover_background":"","ocean_menu_link_active_background":"","ocean_menu_social_links_bg":"","ocean_menu_social_hover_links_bg":"","ocean_menu_social_links_color":"","ocean_menu_social_hover_links_color":"","ocean_disable_title":"default","ocean_disable_heading":"default","ocean_post_title":"","ocean_post_subheading":"","ocean_post_title_style":"","ocean_post_title_background_color":"","ocean_post_title_background":0,"ocean_post_title_bg_image_position":"","ocean_post_title_bg_image_attachment":"","ocean_post_title_bg_image_repeat":"","ocean_post_title_bg_image_size":"","ocean_post_title_height":0,"ocean_post_title_bg_overlay":0.5,"ocean_post_title_bg_overlay_color":"","ocean_disable_breadcrumbs":"default","ocean_breadcrumbs_color":"","ocean_breadcrumbs_separator_color":"","ocean_breadcrumbs_links_color":"","ocean_breadcrumbs_links_hover_color":"","ocean_display_footer_widgets":"default","ocean_display_footer_bottom":"default","ocean_custom_footer_template":"0"},"product_brand":[],"product_cat":[9144],"product_tag":[],"class_list":{"0":"post-6222","1":"product","2":"type-product","3":"status-publish","4":"has-post-thumbnail","6":"product_cat-wibroizolatory-przyssawkowe-typu-pr","7":"pa_kod-produktu-pr-a10050m16x41","8":"pa_kod-produktu-pr-a1514m4x10","9":"pa_kod-produktu-pr-a1514m4x10-epdm","10":"pa_kod-produktu-pr-a20235m6x18","11":"pa_kod-produktu-pr-a25185m6x18","12":"pa_kod-produktu-pr-a30285m8x20","13":"pa_kod-produktu-pr-a4028m8x23","14":"pa_kod-produktu-pr-a5025m10x28","15":"pa_kod-produktu-pr-a5028m10x28","16":"pa_kod-produktu-pr-a7043m10x27","17":"pa_kod-produktu-pr-a7537m12x37","18":"pa_kod-produktu-pr-b10050m16-16","19":"pa_kod-produktu-pr-b1514m4-4","20":"pa_kod-produktu-pr-b20235m6-6","21":"pa_kod-produktu-pr-b25185m6-6","22":"pa_kod-produktu-pr-b30285m8-8","23":"pa_kod-produktu-pr-b4028m8-8","24":"pa_kod-produktu-pr-b5028m10-10","25":"pa_kod-produktu-pr-b7043m10-10","26":"pa_kod-produktu-pr-b7537m12-12","28":"entry","29":"has-media","31":"first","32":"instock","33":"shipping-taxable","34":"purchasable","35":"product-type-variable","36":"has-product-nav","37":"col","38":"span_1_of_3","39":"owp-content-center","40":"owp-thumbs-layout-horizontal","41":"owp-btn-normal","42":"owp-tabs-layout-horizontal"},"jetpack-related-posts":[{"id":3728,"url":"https:\/\/vibra-polymers.pl\/en\/product\/wibroizolatory-przyssawkowe-typu-pr\/","url_meta":{"origin":6222,"position":0},"title":"Wibroizolatory Przyssawkowe Typu PR","author":"admin","date":"20\/10\/2021","format":false,"excerpt":"Rabat ilo\u015bciowy: 21+ \u2013 5%\u00a0| 50+ \u2013 10%\u00a0 Rabat zostanie naliczony automatycznie w koszyku Kr\u00f3tki opis: Przeznaczony dla urz\u0105dze\u0144 kt\u00f3re maj\u0105 tendencj\u0119 do przemieszczania si\u0119 podczas pracy. Posiadamy w ofercie dwa typy Wibroizolator\u00f3w Przyssawkowych: Typ PR-A - \u015aruba \/ Stopa Gumowa Typ PR-B - Gwint Wewn\u0119trzny \/ Stopa Gumowa","rel":"","context":"Similar post","block_context":{"text":"Similar post","link":""},"img":{"alt_text":"","src":"","width":0,"height":0},"classes":[]},{"id":3906,"url":"https:\/\/vibra-polymers.pl\/en\/product\/wibroizolatory-paraboliczne-sciete\/","url_meta":{"origin":6222,"position":1},"title":"Wibroizolatory Paraboliczne \u015aci\u0119te","author":"admin","date":"22\/10\/2021","format":false,"excerpt":"Rabat ilo\u015bciowy: 21+ \u2013 5%\u00a0| 50+ \u2013 10%\u00a0 Rabat zostanie naliczony automatycznie w koszyku Kr\u00f3tki opis: Posiadamy w ofercie dwa typy Wibroizolator\u00f3w\u00a0 Parabolicznych \u015aci\u0119tych: Typ PS-A (\u015aruba\/ Guma) Typ PS-B (Gwint Wewn\u0119trzny\/ Guma)","rel":"","context":"Similar post","block_context":{"text":"Similar post","link":""},"img":{"alt_text":"","src":"https:\/\/vibra-polymers.pl\/wp-content\/uploads\/2021\/10\/OIP-21.jpg","width":350,"height":200},"classes":[]},{"id":8779,"url":"https:\/\/vibra-polymers.pl\/en\/product\/wibroizolator-paraboliczny-typu-s\/","url_meta":{"origin":6222,"position":2},"title":"Wibroizolator paraboliczny typu KP","author":"admin","date":"24\/02\/2025","format":false,"excerpt":"Paraboliczne gumowe amortyzatory drga\u0144 zosta\u0142y zaprojektowane tak, aby mia\u0142y progresywn\u0105 charakterystyk\u0119 spr\u0119\u017cysto\u015bci, dzi\u0119ki czemu dla wi\u0119kszych ruch\u00f3w maj\u0105 szybszy czas reakcji. Zalety to: \u0142atwy monta\u017c, wysoka wydajno\u015b\u0107, p\u0142ynne t\u0142umienie ko\u0144cowe, przyst\u0119pna cena. Ocynkowane Stal nierdzewna -40 \u2013 +80\u00b0C RoHS","rel":"","context":"Similar post","block_context":{"text":"Similar post","link":""},"img":{"alt_text":"","src":"https:\/\/vibra-polymers.pl\/wp-content\/uploads\/2025\/02\/481663112_517328864423554_3677646878989410979_n.jpg","width":350,"height":200,"srcset":"https:\/\/vibra-polymers.pl\/wp-content\/uploads\/2025\/02\/481663112_517328864423554_3677646878989410979_n.jpg 1x, https:\/\/vibra-polymers.pl\/wp-content\/uploads\/2025\/02\/481663112_517328864423554_3677646878989410979_n.jpg 1.5x"},"classes":[]},{"id":3960,"url":"https:\/\/vibra-polymers.pl\/en\/product\/wibroizolatory-kuliste\/","url_meta":{"origin":6222,"position":3},"title":"Wibroizolatory Kuliste","author":"admin","date":"25\/10\/2021","format":false,"excerpt":"Opis: Posiadamy w ofercie dwa Typy Wibroizolator\u00f3w Kulistych: Typ K-A (\u015aruba \/ Guma) Typ K-B (Gwint Wewn\u0119trzny \/ Guma)","rel":"","context":"Similar post","block_context":{"text":"Similar post","link":""},"img":{"alt_text":"","src":"","width":0,"height":0},"classes":[]},{"id":3751,"url":"https:\/\/vibra-polymers.pl\/en\/product\/wibroizolatory-paraboliczne-odbojniki-gumowe-typu-dp\/","url_meta":{"origin":6222,"position":4},"title":"Wibroizolatory Paraboliczne (Odbojniki Gumowe) Typu DP","author":"admin","date":"21\/10\/2021","format":false,"excerpt":"\u00a0 Posiadamy w ofercie dwa typy Wibroizolator\u00f3w Parabolicznych: Typ DP-A (Sruba \/ Guma) Typ DP-B Gwint Wewnetrzny \/ Guma) Kr\u00f3tki opis Paraboliczne Zderzaki przeznaczone s\u0105 do stopniowego wch\u0142aniania energii. S\u0105 bardzo odkszta\u0142calne, co pozwala na absorbowanie du\u017cych obci\u0105\u017ce\u0144 uderzeniowych.","rel":"","context":"Similar post","block_context":{"text":"Similar post","link":""},"img":{"alt_text":"","src":"https:\/\/vibra-polymers.pl\/wp-content\/uploads\/2021\/10\/221006481318.jpg","width":350,"height":200},"classes":[]},{"id":3824,"url":"https:\/\/vibra-polymers.pl\/en\/product\/wibroizolatory-stozkowe-sciete-typu-ss\/","url_meta":{"origin":6222,"position":5},"title":"Wibroizolatory Sto\u017ckowe \u015aci\u0119te Typu SS","author":"admin","date":"21\/10\/2021","format":false,"excerpt":"Rabat ilo\u015bciowy: 21+ \u2013 5%\u00a0| 50+ \u2013 10%\u00a0 Rabat zostanie naliczony automatycznie w koszyku Kr\u00f3tki opis: Posiadamy w ofercie dwa rodzaje Wibroizolator\u00f3w Typu SS: SS-A (\u015aruba\/ Guma) SS-B (Gwint Wewn\u0119trzny\/ Guma)","rel":"","context":"Similar post","block_context":{"text":"Similar post","link":""},"img":{"alt_text":"","src":"","width":0,"height":0},"classes":[]}],"jetpack_sharing_enabled":true,"_links":{"self":[{"href":"https:\/\/vibra-polymers.pl\/en\/wp-json\/wp\/v2\/product\/6222","targetHints":{"allow":["GET"]}}],"collection":[{"href":"https:\/\/vibra-polymers.pl\/en\/wp-json\/wp\/v2\/product"}],"about":[{"href":"https:\/\/vibra-polymers.pl\/en\/wp-json\/wp\/v2\/types\/product"}],"version-history":[{"count":3,"href":"https:\/\/vibra-polymers.pl\/en\/wp-json\/wp\/v2\/product\/6222\/revisions"}],"predecessor-version":[{"id":8607,"href":"https:\/\/vibra-polymers.pl\/en\/wp-json\/wp\/v2\/product\/6222\/revisions\/8607"}],"wp:featuredmedia":[{"embeddable":true,"href":"https:\/\/vibra-polymers.pl\/en\/wp-json\/wp\/v2\/media\/3729"}],"wp:attachment":[{"href":"https:\/\/vibra-polymers.pl\/en\/wp-json\/wp\/v2\/media?parent=6222"}],"wp:term":[{"taxonomy":"product_brand","embeddable":true,"href":"https:\/\/vibra-polymers.pl\/en\/wp-json\/wp\/v2\/product_brand?post=6222"},{"taxonomy":"product_cat","embeddable":true,"href":"https:\/\/vibra-polymers.pl\/en\/wp-json\/wp\/v2\/product_cat?post=6222"},{"taxonomy":"product_tag","embeddable":true,"href":"https:\/\/vibra-polymers.pl\/en\/wp-json\/wp\/v2\/product_tag?post=6222"}],"curies":[{"name":"wp","href":"https:\/\/api.w.org\/{rel}","templated":true}]}}