{"id":6243,"date":"2022-02-26T08:57:23","date_gmt":"2022-02-26T08:57:23","guid":{"rendered":"https:\/\/vibra-polymers.pl\/?post_type=product&#038;p=6243"},"modified":"2022-05-24T14:22:38","modified_gmt":"2022-05-24T14:22:38","slug":"cylindryczne-typ-b-kopia","status":"publish","type":"product","link":"https:\/\/vibra-polymers.pl\/en\/product\/cylindryczne-typ-b-kopia\/","title":{"rendered":"Wibroizolatory Cylindryczne Typ B"},"content":{"rendered":"<h4>Szczeg\u00f3\u0142y:<\/h4>\n<p>Mog\u0105 by\u0107 stosowane przy obci\u0105\u017ceniach \u015bciskaj\u0105cych, \u015bcinaj\u0105cych lub w kombinacji obci\u0105\u017ce\u0144. Amortyzatory te posiadaj\u0105 szerokie spektrum zastosowania w r\u00f3\u017cnych bran\u017cach.<\/p>\n<p>Zakres wagowy od 1 kg do 2000 kg na sztuk\u0119.<\/p>\n<p>&nbsp;<\/p>\n<h4>Zastosowanie:<\/h4>\n<ul>\n<li>Silniki Elektryczne oraz\u00a0Spalinowe<\/li>\n<li>Silniki wysokopr\u0119\u017cne<\/li>\n<li>Zespo\u0142y pr\u0105dotw\u00f3rcze<\/li>\n<li>Generatory<\/li>\n<li>Kompresory<\/li>\n<li>Mocowania silnik\u00f3w<\/li>\n<li>Panele steruj\u0105ce<\/li>\n<\/ul>\n<p><strong>Spe\u0142niaj\u0105ce wymagania Normy dotycz\u0105cej ochrony przeciwpo\u017carowej: EN45545-2.<\/strong><\/p>\n<p>&nbsp;<\/p>\n<div class=\"product-body\">\n<h4>\u00a0Informacje dodatkowe:<\/h4>\n<table data-tablestyle=\"MsoTableGrid\" data-tablelook=\"1696\" aria-rowcount=\"11\">\n<tbody>\n<tr aria-rowindex=\"1\">\n<td data-celllook=\"0\"><b><span data-contrast=\"none\">Kolor<\/span><\/b><\/td>\n<td data-celllook=\"0\"><span data-ccp-props=\"{&quot;201341983&quot;:0,&quot;335559740&quot;:259}\">Czarny<\/span><\/td>\n<\/tr>\n<tr aria-rowindex=\"2\">\n<td data-celllook=\"0\"><b><span data-contrast=\"none\">Materia\u0142<\/span><\/b><\/td>\n<td data-celllook=\"0\"><span data-ccp-props=\"{&quot;201341983&quot;:0,&quot;335559740&quot;:259}\">\u00a0Kauczuk Neutralny NR<\/span><\/td>\n<\/tr>\n<tr aria-rowindex=\"3\">\n<td data-celllook=\"0\"><b><span data-contrast=\"none\">Twardo\u015b\u0107 (Shore A)<\/span><\/b><\/td>\n<td data-celllook=\"0\"><span data-ccp-props=\"{&quot;201341983&quot;:0,&quot;335559740&quot;:259}\">\u00a045 \/ 60<\/span><\/td>\n<\/tr>\n<tr aria-rowindex=\"4\">\n<td data-celllook=\"0\"><b><span data-contrast=\"none\">Temperatura Maksymalna (\u00b0C)<\/span><\/b><\/td>\n<td data-celllook=\"0\"><span data-ccp-props=\"{&quot;201341983&quot;:0,&quot;335559740&quot;:259}\">\u00a080<\/span><\/td>\n<\/tr>\n<tr aria-rowindex=\"5\">\n<td data-celllook=\"0\"><b><span data-contrast=\"none\">Temperatura Minimalna (\u00b0C)<\/span><\/b><\/td>\n<td data-celllook=\"0\"><span data-ccp-props=\"{&quot;201341983&quot;:0,&quot;335559740&quot;:259}\">\u00a0-40<\/span><\/td>\n<\/tr>\n<tr aria-rowindex=\"6\">\n<td data-celllook=\"0\"><b><span data-contrast=\"none\">Wytrzyma\u0142o\u015b\u0107 Na Rozci\u0105ganie (MPa)<\/span><\/b><\/td>\n<td data-celllook=\"0\"><span data-ccp-props=\"{&quot;201341983&quot;:0,&quot;335559740&quot;:259}\">\u00a0N\/A<\/span><\/td>\n<\/tr>\n<tr aria-rowindex=\"7\">\n<td data-celllook=\"0\"><b><span data-contrast=\"none\">Wyd\u0142u\u017cenie Przy Zerwaniu (%)<\/span><\/b><\/td>\n<td data-celllook=\"0\"><span data-ccp-props=\"{&quot;201341983&quot;:0,&quot;335559740&quot;:259}\">\u00a0N\/A<\/span><\/td>\n<\/tr>\n<tr aria-rowindex=\"8\">\n<td data-celllook=\"0\"><b><span data-contrast=\"none\">\u015acieralno\u015b\u0107 (mm\u00b3) (DIN53516)<\/span><\/b><\/td>\n<td data-celllook=\"0\"><span data-ccp-props=\"{&quot;201341983&quot;:0,&quot;335559740&quot;:259}\">\u00a0N\/A<\/span><\/td>\n<\/tr>\n<tr aria-rowindex=\"9\">\n<td data-celllook=\"0\"><b><span data-contrast=\"none\">G\u0119sto\u015b\u0107 (g\/cm\u00b3)<\/span><\/b><\/td>\n<td data-celllook=\"0\"><span data-ccp-props=\"{&quot;201341983&quot;:0,&quot;335559740&quot;:259}\">\u00a0N\/A<\/span><\/td>\n<\/tr>\n<tr aria-rowindex=\"10\">\n<td data-celllook=\"0\"><b><span data-contrast=\"none\">Absorpcja Wody (%)<\/span><\/b><\/td>\n<td data-celllook=\"0\"><span data-ccp-props=\"{&quot;201341983&quot;:0,&quot;335559740&quot;:259}\">\u00a0N\/A<\/span><\/td>\n<\/tr>\n<tr aria-rowindex=\"11\">\n<td data-celllook=\"0\"><b><span data-contrast=\"none\">Odporno\u015b\u0107 Na Rozerwanie (kN\/m)<\/span><\/b><\/td>\n<td data-celllook=\"0\"><span data-ccp-props=\"{&quot;201341983&quot;:0,&quot;335559740&quot;:259}\">\u00a0N\/A<\/span><\/td>\n<\/tr>\n<\/tbody>\n<\/table>\n<\/div>\n<p>&nbsp;<\/p>","protected":false},"excerpt":{"rendered":"<h4>Kr\u00f3tki opis:<\/h4>\n<p>Wibroizolatory Cylindryczne <strong>Typu B<\/strong> s\u0105 najbardziej ekonomicznym sposobem redukcji wibracji oraz ha\u0142asu.<\/p>","protected":false},"featured_media":8013,"template":"","meta":{"ocean_post_layout":"","ocean_both_sidebars_style":"","ocean_both_sidebars_content_width":0,"ocean_both_sidebars_sidebars_width":0,"ocean_sidebar":"0","ocean_second_sidebar":"0","ocean_disable_margins":"enable","ocean_add_body_class":"","ocean_shortcode_before_top_bar":"","ocean_shortcode_after_top_bar":"","ocean_shortcode_before_header":"","ocean_shortcode_after_header":"","ocean_has_shortcode":"","ocean_shortcode_after_title":"","ocean_shortcode_before_footer_widgets":"","ocean_shortcode_after_footer_widgets":"","ocean_shortcode_before_footer_bottom":"","ocean_shortcode_after_footer_bottom":"","ocean_display_top_bar":"default","ocean_display_header":"default","ocean_header_style":"","ocean_center_header_left_menu":"0","ocean_custom_header_template":"0","ocean_custom_logo":0,"ocean_custom_retina_logo":0,"ocean_custom_logo_max_width":0,"ocean_custom_logo_tablet_max_width":0,"ocean_custom_logo_mobile_max_width":0,"ocean_custom_logo_max_height":0,"ocean_custom_logo_tablet_max_height":0,"ocean_custom_logo_mobile_max_height":0,"ocean_header_custom_menu":"0","ocean_menu_typo_font_family":"0","ocean_menu_typo_font_subset":"","ocean_menu_typo_font_size":0,"ocean_menu_typo_font_size_tablet":0,"ocean_menu_typo_font_size_mobile":0,"ocean_menu_typo_font_size_unit":"px","ocean_menu_typo_font_weight":"","ocean_menu_typo_font_weight_tablet":"","ocean_menu_typo_font_weight_mobile":"","ocean_menu_typo_transform":"","ocean_menu_typo_transform_tablet":"","ocean_menu_typo_transform_mobile":"","ocean_menu_typo_line_height":0,"ocean_menu_typo_line_height_tablet":0,"ocean_menu_typo_line_height_mobile":0,"ocean_menu_typo_line_height_unit":"","ocean_menu_typo_spacing":0,"ocean_menu_typo_spacing_tablet":0,"ocean_menu_typo_spacing_mobile":0,"ocean_menu_typo_spacing_unit":"","ocean_menu_link_color":"","ocean_menu_link_color_hover":"","ocean_menu_link_color_active":"","ocean_menu_link_background":"","ocean_menu_link_hover_background":"","ocean_menu_link_active_background":"","ocean_menu_social_links_bg":"","ocean_menu_social_hover_links_bg":"","ocean_menu_social_links_color":"","ocean_menu_social_hover_links_color":"","ocean_disable_title":"default","ocean_disable_heading":"default","ocean_post_title":"","ocean_post_subheading":"","ocean_post_title_style":"","ocean_post_title_background_color":"","ocean_post_title_background":0,"ocean_post_title_bg_image_position":"","ocean_post_title_bg_image_attachment":"","ocean_post_title_bg_image_repeat":"","ocean_post_title_bg_image_size":"","ocean_post_title_height":0,"ocean_post_title_bg_overlay":0.5,"ocean_post_title_bg_overlay_color":"","ocean_disable_breadcrumbs":"default","ocean_breadcrumbs_color":"","ocean_breadcrumbs_separator_color":"","ocean_breadcrumbs_links_color":"","ocean_breadcrumbs_links_hover_color":"","ocean_display_footer_widgets":"default","ocean_display_footer_bottom":"default","ocean_custom_footer_template":"0"},"product_brand":[],"product_cat":[81],"product_tag":[],"class_list":{"0":"post-6243","1":"product","2":"type-product","3":"status-publish","4":"has-post-thumbnail","6":"product_cat-wibroizolatory-cylindryczne","7":"pa_kod-produktu-b15010016x41x16-357146","8":"pa_kod-produktu-b15010016x41x16-650170","9":"pa_kod-produktu-b15012016x41x16-225112","10":"pa_kod-produktu-b15012016x41x16-510155","11":"pa_kod-produktu-b15015016x41x16-20189","12":"pa_kod-produktu-b15015016x41x16-421135","13":"pa_kod-produktu-b1504516x41x16-1274360","14":"pa_kod-produktu-b1504516x41x16-656198","15":"pa_kod-produktu-b1505016x41x16-1175355","16":"pa_kod-produktu-b1505016x41x16-626194","17":"pa_kod-produktu-b1505516x41x16-1075355","18":"pa_kod-produktu-b1505516x41x16-591194","19":"pa_kod-produktu-b1506016x41x16-535190","20":"pa_kod-produktu-b1506016x41x16-960350","21":"pa_kod-produktu-b1507516x41x16-450186","22":"pa_kod-produktu-b1507516x41x16-810320","23":"pa_kod-produktu-b1647516x41x16-1167413","24":"pa_kod-produktu-b1647516x41x16-649201","26":"entry","27":"has-media","29":"first","30":"instock","31":"shipping-taxable","32":"purchasable","33":"product-type-variable","34":"has-product-nav","35":"col","36":"span_1_of_3","37":"owp-content-center","38":"owp-thumbs-layout-horizontal","39":"owp-btn-normal","40":"owp-tabs-layout-horizontal"},"jetpack-related-posts":[{"id":740,"url":"https:\/\/vibra-polymers.pl\/en\/product\/cylindryczne-typ-b-srednica-6mm\/","url_meta":{"origin":6243,"position":0},"title":"Wibroizolatory Cylindryczne Typu B","author":"admin","date":"11\/05\/2021","format":false,"excerpt":"Rabat ilo\u015bciowy: 21+ \u2013 5%\u00a0| 50+ \u2013 10%\u00a0 Rabat zostanie naliczony automatycznie w koszyku Kr\u00f3tki opis: Wibroizolatory Cylindryczne Typu B s\u0105 najbardziej ekonomicznym sposobem redukcji wibracji oraz ha\u0142asu.","rel":"","context":"Similar post","block_context":{"text":"Similar post","link":""},"img":{"alt_text":"","src":"https:\/\/vibra-polymers.pl\/wp-content\/uploads\/2021\/05\/462638062_884237553770775_7197293910017961286_n.jpg","width":350,"height":200,"srcset":"https:\/\/vibra-polymers.pl\/wp-content\/uploads\/2021\/05\/462638062_884237553770775_7197293910017961286_n.jpg 1x, https:\/\/vibra-polymers.pl\/wp-content\/uploads\/2021\/05\/462638062_884237553770775_7197293910017961286_n.jpg 1.5x, https:\/\/vibra-polymers.pl\/wp-content\/uploads\/2021\/05\/462638062_884237553770775_7197293910017961286_n.jpg 2x"},"classes":[]},{"id":6683,"url":"https:\/\/vibra-polymers.pl\/en\/product\/wibroizolatory-cylindryczne-odbojniki-typu-e-kopia\/","url_meta":{"origin":6243,"position":1},"title":"Wibroizolatory Cylindryczne (Odbojniki) Typu E","author":"admin","date":"02\/03\/2022","format":false,"excerpt":"Kr\u00f3tki opis: Wibroizolatory Cylindryczne\u00a0Typu E\u00a0s\u0105 najbardziej ekonomicznym sposobem redukcji wibracji oraz ha\u0142asu.","rel":"","context":"Similar post","block_context":{"text":"Similar post","link":""},"img":{"alt_text":"","src":"https:\/\/vibra-polymers.pl\/wp-content\/uploads\/2022\/03\/187641356_148333947271334_5755532385869822936_n-removebg-preview_edytowano.png","width":350,"height":200},"classes":[]},{"id":957,"url":"https:\/\/vibra-polymers.pl\/en\/product\/wibroizolatory-cylindryczne-typu-a\/","url_meta":{"origin":6243,"position":2},"title":"Wibroizolatory Cylindryczne Typu A","author":"admin","date":"10\/08\/2021","format":false,"excerpt":"\u00a0 Kr\u00f3tki opis: Wibroizolatory Cylindryczne\u00a0Typu A\u00a0s\u0105 najbardziej ekonomicznym sposobem redukcji wibracji oraz ha\u0142asu.","rel":"","context":"Similar post","block_context":{"text":"Similar post","link":""},"img":{"alt_text":"","src":"https:\/\/vibra-polymers.pl\/wp-content\/uploads\/2021\/08\/Projekt-bez-nazwy-e1731677822403.jpg","width":350,"height":200,"srcset":"https:\/\/vibra-polymers.pl\/wp-content\/uploads\/2021\/08\/Projekt-bez-nazwy-e1731677822403.jpg 1x, https:\/\/vibra-polymers.pl\/wp-content\/uploads\/2021\/08\/Projekt-bez-nazwy-e1731677822403.jpg 1.5x"},"classes":[]},{"id":2027,"url":"https:\/\/vibra-polymers.pl\/en\/product\/wibroizolatory-cylindryczne-typu-c\/","url_meta":{"origin":6243,"position":3},"title":"Wibroizolatory Cylindryczne Typu C","author":"admin","date":"07\/09\/2021","format":false,"excerpt":"\u00a0 Kr\u00f3tki opis: Wibroizolatory Cylindryczne\u00a0Typu C\u00a0s\u0105 najbardziej ekonomicznym sposobem redukcji wibracji oraz ha\u0142asu.","rel":"","context":"Similar post","block_context":{"text":"Similar post","link":""},"img":{"alt_text":"","src":"https:\/\/vibra-polymers.pl\/wp-content\/uploads\/2021\/09\/OIP.jpg","width":350,"height":200},"classes":[]},{"id":786,"url":"https:\/\/vibra-polymers.pl\/en\/product\/cylindryczne-typu-e-srednica-6mm\/","url_meta":{"origin":6243,"position":4},"title":"Cylindryczne Typu E \u015arednica 6mm","author":"admin","date":"11\/05\/2021","format":false,"excerpt":"Wibroizolatory Cylindryczne Typu E\u00a0s\u0105 najbardziej\u00a0ekonomicznym sposobem redukcji wibracji oraz\u00a0ha\u0142asu. Mog\u0105 by\u0107 stosowane przy\u00a0obci\u0105\u017ceniach \u015bciskaj\u0105cych, \u015bcinaj\u0105cych lub w\u00a0kombinacji obci\u0105\u017ce\u0144. Amortyzatory te posiadaj\u0105 szerokie spektrum zastosowania w\u00a0r\u00f3\u017cnych bran\u017cach. Przyk\u0142adowe zastosowanie: Silniki wysokopr\u0119\u017cne, Zespo\u0142y pr\u0105dotw\u00f3rcze oraz\u00a0wszelkiego rodzaju Maszyny i\u00a0Urz\u0105dzenia. Amortyzatory Typu E\u00a0mog\u0105 by\u0107 stosowane\u00a0jako Odbojniki lub te\u017c Stopy\u00a0do maszyn.\u00a0Zakres wagowy od 1 kg\u2026","rel":"","context":"Similar post","block_context":{"text":"Similar post","link":""},"img":{"alt_text":"","src":"","width":0,"height":0},"classes":[]},{"id":2427,"url":"https:\/\/vibra-polymers.pl\/en\/product\/wibroizolatoty-cylindryczne-typu-d\/","url_meta":{"origin":6243,"position":5},"title":"Wibroizolatoty Cylindryczne Typu D","author":"admin","date":"09\/09\/2021","format":false,"excerpt":"\u00a0 Kr\u00f3tki opis: Wibroizolatory Cylindryczne\u00a0Typu D\u00a0s\u0105 najbardziej ekonomicznym sposobem redukcji wibracji oraz ha\u0142asu.","rel":"","context":"Similar post","block_context":{"text":"Similar post","link":""},"img":{"alt_text":"","src":"https:\/\/vibra-polymers.pl\/wp-content\/uploads\/2021\/09\/OIP-3.jpg","width":350,"height":200},"classes":[]}],"jetpack_sharing_enabled":true,"_links":{"self":[{"href":"https:\/\/vibra-polymers.pl\/en\/wp-json\/wp\/v2\/product\/6243","targetHints":{"allow":["GET"]}}],"collection":[{"href":"https:\/\/vibra-polymers.pl\/en\/wp-json\/wp\/v2\/product"}],"about":[{"href":"https:\/\/vibra-polymers.pl\/en\/wp-json\/wp\/v2\/types\/product"}],"version-history":[{"count":1,"href":"https:\/\/vibra-polymers.pl\/en\/wp-json\/wp\/v2\/product\/6243\/revisions"}],"predecessor-version":[{"id":8384,"href":"https:\/\/vibra-polymers.pl\/en\/wp-json\/wp\/v2\/product\/6243\/revisions\/8384"}],"wp:featuredmedia":[{"embeddable":true,"href":"https:\/\/vibra-polymers.pl\/en\/wp-json\/wp\/v2\/media\/8013"}],"wp:attachment":[{"href":"https:\/\/vibra-polymers.pl\/en\/wp-json\/wp\/v2\/media?parent=6243"}],"wp:term":[{"taxonomy":"product_brand","embeddable":true,"href":"https:\/\/vibra-polymers.pl\/en\/wp-json\/wp\/v2\/product_brand?post=6243"},{"taxonomy":"product_cat","embeddable":true,"href":"https:\/\/vibra-polymers.pl\/en\/wp-json\/wp\/v2\/product_cat?post=6243"},{"taxonomy":"product_tag","embeddable":true,"href":"https:\/\/vibra-polymers.pl\/en\/wp-json\/wp\/v2\/product_tag?post=6243"}],"curies":[{"name":"wp","href":"https:\/\/api.w.org\/{rel}","templated":true}]}}