{"id":7218,"date":"2022-03-10T18:30:49","date_gmt":"2022-03-10T18:30:49","guid":{"rendered":"https:\/\/vibra-polymers.pl\/?post_type=product&#038;p=7218"},"modified":"2022-05-30T08:32:39","modified_gmt":"2022-05-30T08:32:39","slug":"lozyska-mostowe-bs-5400","status":"publish","type":"product","link":"https:\/\/vibra-polymers.pl\/en\/product\/lozyska-mostowe-bs-5400\/","title":{"rendered":"\u0141o\u017cyska Mostowe BS 5400"},"content":{"rendered":"<h4>Szczeg\u00f3\u0142y:<\/h4>\n<p>\u0141o\u017cyska Mostowe BS 5400 posiadaj\u0105 dobr\u0105 odporno\u015b\u0107 na warunki atmosferyczne i nadaj\u0105 si\u0119 do u\u017cycia nawet do 6 tygodni w temperaturze poni\u017cej zera przy okazjonalnych temperaturach -25 \u00ba C (do 3 dni). Testowane pod k\u0105tem normy BS5400.<\/p>\n<p>Produkt ten mo\u017ce by\u0107 przyci\u0119ty do wymaganej przez klienta wielko\u015bci.<\/p>\n<p>&nbsp;<\/p>\n<h4>Informacje dodatkowe:<\/h4>\n<table style=\"height: 29px;\" width=\"341\" data-tablestyle=\"MsoTableGrid\" data-tablelook=\"1696\" aria-rowcount=\"11\">\n<tbody>\n<tr aria-rowindex=\"11\">\n<td data-celllook=\"0\"><b><span data-contrast=\"none\">D\u0142ugo\u015b\u0107 Rolki (cm)\u00a0 \u00a0 \u00a0<\/span><\/b><\/td>\n<td data-celllook=\"0\"><span data-ccp-props=\"{&quot;201341983&quot;:0,&quot;335559740&quot;:259}\">\u00a0200<\/span><\/td>\n<\/tr>\n<\/tbody>\n<\/table>\n<table data-tablestyle=\"MsoTableGrid\" data-tablelook=\"1696\" aria-rowcount=\"11\">\n<tbody>\n<tr aria-rowindex=\"1\">\n<td data-celllook=\"0\"><b><span data-contrast=\"none\">Kolor<\/span><\/b><\/td>\n<td data-celllook=\"0\"><span data-ccp-props=\"{&quot;201341983&quot;:0,&quot;335559740&quot;:259}\">Czarny<\/span><\/td>\n<\/tr>\n<tr aria-rowindex=\"2\">\n<td data-celllook=\"0\"><b><span data-contrast=\"none\">Materia\u0142<\/span><\/b><\/td>\n<td data-celllook=\"0\"><span data-ccp-props=\"{&quot;201341983&quot;:0,&quot;335559740&quot;:259}\"> Guma Naturalna (NR)<br \/>\n<\/span><\/td>\n<\/tr>\n<tr aria-rowindex=\"3\">\n<td data-celllook=\"0\"><b><span data-contrast=\"none\">Twardo\u015b\u0107 (Shore A)<\/span><\/b><\/td>\n<td data-celllook=\"0\"><span data-ccp-props=\"{&quot;201341983&quot;:0,&quot;335559740&quot;:259}\">\u00a060\u00a0<\/span><\/td>\n<\/tr>\n<tr aria-rowindex=\"4\">\n<td data-celllook=\"0\"><b><span data-contrast=\"none\">Temperatura Maksymalna (\u00b0C)<\/span><\/b><\/td>\n<td data-celllook=\"0\"><span data-ccp-props=\"{&quot;201341983&quot;:0,&quot;335559740&quot;:259}\">\u00a070<\/span><\/td>\n<\/tr>\n<tr aria-rowindex=\"5\">\n<td data-celllook=\"0\"><b><span data-contrast=\"none\">Temperatura Minimalna (\u00b0C)<\/span><\/b><\/td>\n<td data-celllook=\"0\"><span data-ccp-props=\"{&quot;201341983&quot;:0,&quot;335559740&quot;:259}\">\u00a0-25<\/span><\/td>\n<\/tr>\n<tr aria-rowindex=\"6\">\n<td data-celllook=\"0\"><b><span data-contrast=\"none\">Wytrzyma\u0142o\u015b\u0107 Na Rozci\u0105ganie (MPa)<\/span><\/b><\/td>\n<td data-celllook=\"0\"><span data-ccp-props=\"{&quot;201341983&quot;:0,&quot;335559740&quot;:259}\">\u00a015.50<\/span><\/td>\n<\/tr>\n<tr aria-rowindex=\"7\">\n<td data-celllook=\"0\"><b><span data-contrast=\"none\">Wyd\u0142u\u017cenie Przy Zerwaniu (%)<\/span><\/b><\/td>\n<td data-celllook=\"0\"><span data-ccp-props=\"{&quot;201341983&quot;:0,&quot;335559740&quot;:259}\">\u00a0300,00<\/span><\/td>\n<\/tr>\n<tr aria-rowindex=\"8\">\n<td data-celllook=\"0\"><b><span data-contrast=\"none\">\u015acieralno\u015b\u0107 (mm\u00b3) (DIN53516)<\/span><\/b><\/td>\n<td data-celllook=\"0\"><span data-ccp-props=\"{&quot;201341983&quot;:0,&quot;335559740&quot;:259}\">\u00a0N\/A<\/span><\/td>\n<\/tr>\n<tr aria-rowindex=\"9\">\n<td data-celllook=\"0\"><b><span data-contrast=\"none\">G\u0119sto\u015b\u0107 (g\/cm\u00b3)<\/span><\/b><\/td>\n<td data-celllook=\"0\"><span data-ccp-props=\"{&quot;201341983&quot;:0,&quot;335559740&quot;:259}\">\u00a01.50<\/span><\/td>\n<\/tr>\n<tr aria-rowindex=\"10\">\n<td data-celllook=\"0\"><b><span data-contrast=\"none\">Absorpcja Wody (%)<\/span><\/b><\/td>\n<td data-celllook=\"0\"><span data-ccp-props=\"{&quot;201341983&quot;:0,&quot;335559740&quot;:259}\">\u00a0N\/A<\/span><\/td>\n<\/tr>\n<tr aria-rowindex=\"11\">\n<td data-celllook=\"0\"><\/td>\n<td data-celllook=\"0\"><\/td>\n<\/tr>\n<\/tbody>\n<\/table>","protected":false},"excerpt":{"rendered":"<h4>Kr\u00f3tki opis:<\/h4>\n<p>\u0141o\u017cyska Mostowe BS5400 spe\u0142niaj\u0105 i przewy\u017cszaj\u0105 wymogi wobec cz\u0119\u015bci 9 z normy BS 5400 dla materia\u0142\u00f3w stosowanych w produkcji i monta\u017cu \u0142o\u017cysk mostowych.<\/p>\n<p>&nbsp;<\/p>\n<p><span style=\"color: #ff0000;\"><b>Ten produkt nie jest dost\u0119pny w ofercie On-line.<\/b>\u00a0<\/span><\/p>\n<p><span style=\"color: #ff0000;\"><b>Skontaktuj si\u0119 z nami po wi\u0119cej szczeg\u00f3\u0142\u00f3w.<\/b>\u00a0<\/span><\/p>","protected":false},"featured_media":7959,"template":"","meta":{"ocean_post_layout":"","ocean_both_sidebars_style":"","ocean_both_sidebars_content_width":0,"ocean_both_sidebars_sidebars_width":0,"ocean_sidebar":"0","ocean_second_sidebar":"0","ocean_disable_margins":"enable","ocean_add_body_class":"","ocean_shortcode_before_top_bar":"","ocean_shortcode_after_top_bar":"","ocean_shortcode_before_header":"","ocean_shortcode_after_header":"","ocean_has_shortcode":"","ocean_shortcode_after_title":"","ocean_shortcode_before_footer_widgets":"","ocean_shortcode_after_footer_widgets":"","ocean_shortcode_before_footer_bottom":"","ocean_shortcode_after_footer_bottom":"","ocean_display_top_bar":"default","ocean_display_header":"default","ocean_header_style":"","ocean_center_header_left_menu":"0","ocean_custom_header_template":"0","ocean_custom_logo":0,"ocean_custom_retina_logo":0,"ocean_custom_logo_max_width":0,"ocean_custom_logo_tablet_max_width":0,"ocean_custom_logo_mobile_max_width":0,"ocean_custom_logo_max_height":0,"ocean_custom_logo_tablet_max_height":0,"ocean_custom_logo_mobile_max_height":0,"ocean_header_custom_menu":"0","ocean_menu_typo_font_family":"0","ocean_menu_typo_font_subset":"","ocean_menu_typo_font_size":0,"ocean_menu_typo_font_size_tablet":0,"ocean_menu_typo_font_size_mobile":0,"ocean_menu_typo_font_size_unit":"px","ocean_menu_typo_font_weight":"","ocean_menu_typo_font_weight_tablet":"","ocean_menu_typo_font_weight_mobile":"","ocean_menu_typo_transform":"","ocean_menu_typo_transform_tablet":"","ocean_menu_typo_transform_mobile":"","ocean_menu_typo_line_height":0,"ocean_menu_typo_line_height_tablet":0,"ocean_menu_typo_line_height_mobile":0,"ocean_menu_typo_line_height_unit":"","ocean_menu_typo_spacing":0,"ocean_menu_typo_spacing_tablet":0,"ocean_menu_typo_spacing_mobile":0,"ocean_menu_typo_spacing_unit":"","ocean_menu_link_color":"","ocean_menu_link_color_hover":"","ocean_menu_link_color_active":"","ocean_menu_link_background":"","ocean_menu_link_hover_background":"","ocean_menu_link_active_background":"","ocean_menu_social_links_bg":"","ocean_menu_social_hover_links_bg":"","ocean_menu_social_links_color":"","ocean_menu_social_hover_links_color":"","ocean_disable_title":"default","ocean_disable_heading":"default","ocean_post_title":"","ocean_post_subheading":"","ocean_post_title_style":"","ocean_post_title_background_color":"","ocean_post_title_background":0,"ocean_post_title_bg_image_position":"","ocean_post_title_bg_image_attachment":"","ocean_post_title_bg_image_repeat":"","ocean_post_title_bg_image_size":"","ocean_post_title_height":0,"ocean_post_title_bg_overlay":0.5,"ocean_post_title_bg_overlay_color":"","ocean_disable_breadcrumbs":"default","ocean_breadcrumbs_color":"","ocean_breadcrumbs_separator_color":"","ocean_breadcrumbs_links_color":"","ocean_breadcrumbs_links_hover_color":"","ocean_display_footer_widgets":"default","ocean_display_footer_bottom":"default","ocean_custom_footer_template":"0"},"product_brand":[],"product_cat":[27,147],"product_tag":[],"class_list":{"0":"post-7218","1":"product","2":"type-product","3":"status-publish","4":"has-post-thumbnail","6":"product_cat-arkusze-gumowe","7":"product_cat-techniczne-arkusze-gumowe","9":"entry","10":"has-media","12":"first","13":"onbackorder","14":"shipping-taxable","15":"purchasable","16":"product-type-variable","17":"has-product-nav","18":"col","19":"span_1_of_3","20":"owp-content-center","21":"owp-thumbs-layout-horizontal","22":"owp-btn-normal","23":"owp-tabs-layout-horizontal","24":"has-no-thumbnails"},"jetpack-related-posts":[{"id":6152,"url":"https:\/\/vibra-polymers.pl\/en\/product\/mata-antyposlizgowa-pvc\/","url_meta":{"origin":7218,"position":0},"title":"Mata Antypo\u015blizgowa PVC","author":"admin","date":"24\/02\/2022","format":false,"excerpt":"Kr\u00f3tki\u00a0Opis: \u015awietne w\u0142a\u015bciwo\u015bci antypo\u015blizgowe Powierzchnia odporna na zarysowania Olejoodporne Bardzo \u0142atwe do utrzymania w czysto\u015bci Bardzo wytrzyma\u0142e Zgodne z dyrektyw\u0105 LZO\/VOC Produkt sprzedawany w metrach bie\u017c\u0105cych.","rel":"","context":"Similar post","block_context":{"text":"Similar post","link":""},"img":{"alt_text":"","src":"https:\/\/vibra-polymers.pl\/wp-content\/uploads\/2022\/02\/clipboard_1647524222122_edytowano.png","width":350,"height":200},"classes":[]},{"id":5704,"url":"https:\/\/vibra-polymers.pl\/en\/product\/plyta-gumowa-antystatyczna-i-ognioodporna-cr\/","url_meta":{"origin":7218,"position":1},"title":"P\u0142yta Gumowa Antystatyczna i Ognioodporna CR","author":"admin","date":"16\/02\/2022","format":false,"excerpt":"Kr\u00f3tki opis: Antystatyczna i ognioodporna P\u0142yta gumowa z kauczuku butadienowego. Powierzchniowa rezystancja dla tej maty powierzchniowa wynosi 10\u2078 \u03a9 Szeroko\u015b\u0107 maty: 140cm \u00a0 Ten produkt nie jest dost\u0119pny ofercie On-line.\u00a0 \u00a0Skontaktuj si\u0119 z nami po wi\u0119cej szczeg\u00f3\u0142\u00f3w.\u00a0 \u00a0","rel":"","context":"Similar post","block_context":{"text":"Similar post","link":""},"img":{"alt_text":"","src":"https:\/\/vibra-polymers.pl\/wp-content\/uploads\/2022\/02\/97d95e8e4def8d1c3e4e977ea533.jpg","width":350,"height":200,"srcset":"https:\/\/vibra-polymers.pl\/wp-content\/uploads\/2022\/02\/97d95e8e4def8d1c3e4e977ea533.jpg 1x, https:\/\/vibra-polymers.pl\/wp-content\/uploads\/2022\/02\/97d95e8e4def8d1c3e4e977ea533.jpg 1.5x, https:\/\/vibra-polymers.pl\/wp-content\/uploads\/2022\/02\/97d95e8e4def8d1c3e4e977ea533.jpg 2x"},"classes":[]},{"id":5888,"url":"https:\/\/vibra-polymers.pl\/en\/product\/mata-antyposlizgowa-pvc-2\/","url_meta":{"origin":7218,"position":2},"title":"Mata Antypo\u015blizgowa PVC","author":"admin","date":"21\/02\/2022","format":false,"excerpt":"Kr\u00f3tki\u00a0Opis: \u015awietne w\u0142a\u015bciwo\u015bci antypo\u015blizgowe Powierzchnia odporna na zarysowania Olejoodporne Bardzo \u0142atwe do utrzymania w czysto\u015bci Bardzo wytrzyma\u0142e Zgodne z dyrektyw\u0105 LZO\/VOC Produkt sprzedawany w metrach bie\u017c\u0105cych.","rel":"","context":"Similar post","block_context":{"text":"Similar post","link":""},"img":{"alt_text":"","src":"","width":0,"height":0},"classes":[]},{"id":3719,"url":"https:\/\/vibra-polymers.pl\/en\/product\/wibroizolatory-walcowe\/","url_meta":{"origin":7218,"position":3},"title":"Wibroizolatory Walcowe","author":"admin","date":"20\/10\/2021","format":false,"excerpt":"Kr\u00f3tki opis: Wibroizolatory Typu WA s\u0105 przeznaczone dla urz\u0105dze\u0144 w kt\u00f3rych Wibroizolatory s\u0105 nara\u017cone na wysokie napr\u0119\u017cenia \u015bcinaj\u0105ce oraz na skr\u0119canie podczas pracy. Wibroizolatory Typu WA mog\u0105 by\u0107 mocowane za pomoc\u0105 naci\u0119\u0107 na cz\u0119\u015bci metalowej, aby uniemo\u017cliwi\u0107 obracanie si\u0119 wibroizolatora w czasie pracy. \u00a0 Skontaktuj si\u0119 z nami po wi\u0119cej\u2026","rel":"","context":"Similar post","block_context":{"text":"Similar post","link":""},"img":{"alt_text":"","src":"","width":0,"height":0},"classes":[]},{"id":6053,"url":"https:\/\/vibra-polymers.pl\/en\/product\/mata-basenowa-pvc-premium\/","url_meta":{"origin":7218,"position":4},"title":"Mata Basenowa PVC Premium","author":"admin","date":"23\/02\/2022","format":false,"excerpt":"Kr\u00f3tki Opis:\u00a0 mocna i elastyczna mata wykonana z PVC odporna na chlor, wod\u0119 morsk\u0105, olejoodporna doskona\u0142y drena\u017c i antypo\u015blizgowe w\u0142a\u015bciwo\u015bci klasyfikacja wed\u0142ug normy DIN 51097 (A+B+C) dzi\u0119ki zastosowaniu technologii Sanitised\u00ae dzia\u0142anie przeciwbakteryjne, przeciwgrzybiczne niskie koszty utrzymania, \u0142atwa w instalacji, higieniczna odpowiednia do u\u017cytkowania wewn\u0105trz oraz na zewn\u0105trz pomieszczenia idealna do\u2026","rel":"","context":"Similar post","block_context":{"text":"Similar post","link":""},"img":{"alt_text":"","src":"https:\/\/vibra-polymers.pl\/wp-content\/uploads\/2022\/02\/mata-basenowa-premium2-e1655892870816.jpg","width":350,"height":200},"classes":[]},{"id":3631,"url":"https:\/\/vibra-polymers.pl\/en\/product\/wibroizolatory-profilowane-typu-fa-sruba-sruba\/","url_meta":{"origin":7218,"position":5},"title":"Wibroizolatory Profilowane Typu FA (\u015aruba\/ \u015aruba)","author":"admin","date":"19\/10\/2021","format":false,"excerpt":"\u00a0 Kr\u00f3tki opis: Wibroizolatory Typu FA pozwalaj\u0105 uzyska\u0107 maksymaln\u0105 izolacj\u0119 drga\u0144 od urz\u0105dze\u0144 emituj\u0105cych wibracje.","rel":"","context":"Similar post","block_context":{"text":"Similar post","link":""},"img":{"alt_text":"Wibroizolator Profilowany PA","src":"https:\/\/www.propolimer.pl\/files\/917363596\/lib\/Wibroizolator_profilowany_PA.png","width":350,"height":200},"classes":[]}],"jetpack_sharing_enabled":true,"_links":{"self":[{"href":"https:\/\/vibra-polymers.pl\/en\/wp-json\/wp\/v2\/product\/7218","targetHints":{"allow":["GET"]}}],"collection":[{"href":"https:\/\/vibra-polymers.pl\/en\/wp-json\/wp\/v2\/product"}],"about":[{"href":"https:\/\/vibra-polymers.pl\/en\/wp-json\/wp\/v2\/types\/product"}],"version-history":[{"count":0,"href":"https:\/\/vibra-polymers.pl\/en\/wp-json\/wp\/v2\/product\/7218\/revisions"}],"wp:featuredmedia":[{"embeddable":true,"href":"https:\/\/vibra-polymers.pl\/en\/wp-json\/wp\/v2\/media\/7959"}],"wp:attachment":[{"href":"https:\/\/vibra-polymers.pl\/en\/wp-json\/wp\/v2\/media?parent=7218"}],"wp:term":[{"taxonomy":"product_brand","embeddable":true,"href":"https:\/\/vibra-polymers.pl\/en\/wp-json\/wp\/v2\/product_brand?post=7218"},{"taxonomy":"product_cat","embeddable":true,"href":"https:\/\/vibra-polymers.pl\/en\/wp-json\/wp\/v2\/product_cat?post=7218"},{"taxonomy":"product_tag","embeddable":true,"href":"https:\/\/vibra-polymers.pl\/en\/wp-json\/wp\/v2\/product_tag?post=7218"}],"curies":[{"name":"wp","href":"https:\/\/api.w.org\/{rel}","templated":true}]}}