{"id":7233,"date":"2022-03-11T12:46:37","date_gmt":"2022-03-11T12:46:37","guid":{"rendered":"https:\/\/vibra-polymers.pl\/?post_type=product&#038;p=7233"},"modified":"2022-05-30T08:36:23","modified_gmt":"2022-05-30T08:36:23","slug":"plyta-gumowa-dzwiekoszczelna","status":"publish","type":"product","link":"https:\/\/vibra-polymers.pl\/en\/product\/plyta-gumowa-dzwiekoszczelna\/","title":{"rendered":"P\u0142yta Gumowa D\u017awi\u0119koszczelna"},"content":{"rendered":"<h4>Szczeg\u00f3\u0142y:<\/h4>\n<p>D\u017awi\u0119koszczelna membrana o wysokiej g\u0119sto\u015bci na bazie polimer\u00f3w.<\/p>\n<p>&nbsp;<\/p>\n<h4>W\u0142a\u015bciwo\u015bci:<\/h4>\n<ul>\n<li>Samo gasn\u0105ca membrana d\u017awi\u0119koszczelna na bazie polimer\u00f3w.<\/li>\n<li>mo\u017ce by\u0107 stosowana samodzielnie lub w po\u0142\u0105czeniu z innymi d\u017awi\u0119koch\u0142onnymi piankami lub dywanami<\/li>\n<li>jest odporny na starzenie oraz gnicie.<\/li>\n<\/ul>\n<p>P\u0142yty te mo\u017cna wykorzysta\u0107 pomi\u0119dzy warstwami w \u015bcianach, sufitach z gipsu lub z karton- gipsu lub mog\u0105 by\u0107 wyk\u0142adane na powierzchni belek drewnianych. Mog\u0105 tez by\u0107 stosowane w wielu warstwach dla wi\u0119kszej zdolno\u015bci poch\u0142aniania d\u017awi\u0119ku.<\/p>\n<h4>Nie nadaje si\u0119 do pod\u0142\u00f3g betonowych nie izoluje przed wibracjami<\/h4>\n<p>&nbsp;<\/p>\n<h4>Informacje dodatkowe:<\/h4>\n<table data-tablestyle=\"MsoTableGrid\" data-tablelook=\"1696\" aria-rowcount=\"11\">\n<tbody>\n<tr aria-rowindex=\"1\">\n<td data-celllook=\"0\"><b><span data-contrast=\"none\">Kolor<\/span><\/b><\/td>\n<td data-celllook=\"0\"><span data-ccp-props=\"{&quot;201341983&quot;:0,&quot;335559740&quot;:259}\">Czarny<\/span><\/td>\n<\/tr>\n<tr aria-rowindex=\"2\">\n<td data-celllook=\"0\"><b><span data-contrast=\"none\">Materia\u0142<\/span><\/b><\/td>\n<td data-celllook=\"0\"><span data-ccp-props=\"{&quot;201341983&quot;:0,&quot;335559740&quot;:259}\">\u00a0NR\/SBR<br \/>\n<\/span><\/td>\n<\/tr>\n<tr aria-rowindex=\"3\">\n<td data-celllook=\"0\"><b><span data-contrast=\"none\">Twardo\u015b\u0107 (Shore A)<\/span><\/b><\/td>\n<td data-celllook=\"0\"><span data-ccp-props=\"{&quot;201341983&quot;:0,&quot;335559740&quot;:259}\">\u00a065<\/span><\/td>\n<\/tr>\n<tr aria-rowindex=\"4\">\n<td data-celllook=\"0\"><b><span data-contrast=\"none\">Temperatura Maksymalna (\u00b0C)<\/span><\/b><\/td>\n<td data-celllook=\"0\"><span data-ccp-props=\"{&quot;201341983&quot;:0,&quot;335559740&quot;:259}\">\u00a070<\/span><\/td>\n<\/tr>\n<tr aria-rowindex=\"5\">\n<td data-celllook=\"0\"><b><span data-contrast=\"none\">Temperatura Minimalna (\u00b0C)<\/span><\/b><\/td>\n<td data-celllook=\"0\"><span data-ccp-props=\"{&quot;201341983&quot;:0,&quot;335559740&quot;:259}\">\u00a0-10<\/span><\/td>\n<\/tr>\n<tr aria-rowindex=\"6\">\n<td data-celllook=\"0\"><b><span data-contrast=\"none\">Wytrzyma\u0142o\u015b\u0107 Na Rozci\u0105ganie (MPa)<\/span><\/b><\/td>\n<td data-celllook=\"0\"><span data-ccp-props=\"{&quot;201341983&quot;:0,&quot;335559740&quot;:259}\">\u00a02.50<\/span><\/td>\n<\/tr>\n<tr aria-rowindex=\"7\">\n<td data-celllook=\"0\"><b><span data-contrast=\"none\">Wyd\u0142u\u017cenie Przy Zerwaniu (%)<\/span><\/b><\/td>\n<td data-celllook=\"0\"><span data-ccp-props=\"{&quot;201341983&quot;:0,&quot;335559740&quot;:259}\">\u00a0150,00<\/span><\/td>\n<\/tr>\n<tr aria-rowindex=\"8\">\n<td data-celllook=\"0\"><b><span data-contrast=\"none\">\u015acieralno\u015b\u0107 (mm\u00b3) (DIN53516)<\/span><\/b><\/td>\n<td data-celllook=\"0\"><span data-ccp-props=\"{&quot;201341983&quot;:0,&quot;335559740&quot;:259}\">\u00a0N\/A<\/span><\/td>\n<\/tr>\n<tr aria-rowindex=\"9\">\n<td data-celllook=\"0\"><b><span data-contrast=\"none\">G\u0119sto\u015b\u0107 (g\/cm\u00b3)<\/span><\/b><\/td>\n<td data-celllook=\"0\"><span data-ccp-props=\"{&quot;201341983&quot;:0,&quot;335559740&quot;:259}\">\u00a02.00<\/span><\/td>\n<\/tr>\n<tr aria-rowindex=\"10\">\n<td data-celllook=\"0\"><b><span data-contrast=\"none\">Absorpcja Wody (%)<\/span><\/b><\/td>\n<td data-celllook=\"0\"><span data-ccp-props=\"{&quot;201341983&quot;:0,&quot;335559740&quot;:259}\">\u00a0N\/A<\/span><\/td>\n<\/tr>\n<tr aria-rowindex=\"11\">\n<td data-celllook=\"0\"><\/td>\n<td data-celllook=\"0\"><\/td>\n<\/tr>\n<\/tbody>\n<\/table>","protected":false},"excerpt":{"rendered":"<h4>Kr\u00f3tki opis:<\/h4>\n<p>D\u017awi\u0119koszczelna membrana o wysokiej g\u0119sto\u015bci na bazie polimer\u00f3w.<\/p>\n<p>&nbsp;<\/p>\n<p>&nbsp;<\/p>\n<p><span style=\"color: #ff0000;\"><b>Ten produkt nie jest dost\u0119pny w ofercie On-line.<\/b>\u00a0<\/span><\/p>\n<p><span style=\"color: #ff0000;\"><b>Skontaktuj si\u0119 z nami po wi\u0119cej szczeg\u00f3\u0142\u00f3w.<\/b><\/span><\/p>","protected":false},"featured_media":7957,"template":"","meta":{"ocean_post_layout":"","ocean_both_sidebars_style":"","ocean_both_sidebars_content_width":0,"ocean_both_sidebars_sidebars_width":0,"ocean_sidebar":"0","ocean_second_sidebar":"0","ocean_disable_margins":"enable","ocean_add_body_class":"","ocean_shortcode_before_top_bar":"","ocean_shortcode_after_top_bar":"","ocean_shortcode_before_header":"","ocean_shortcode_after_header":"","ocean_has_shortcode":"","ocean_shortcode_after_title":"","ocean_shortcode_before_footer_widgets":"","ocean_shortcode_after_footer_widgets":"","ocean_shortcode_before_footer_bottom":"","ocean_shortcode_after_footer_bottom":"","ocean_display_top_bar":"default","ocean_display_header":"default","ocean_header_style":"","ocean_center_header_left_menu":"0","ocean_custom_header_template":"0","ocean_custom_logo":0,"ocean_custom_retina_logo":0,"ocean_custom_logo_max_width":0,"ocean_custom_logo_tablet_max_width":0,"ocean_custom_logo_mobile_max_width":0,"ocean_custom_logo_max_height":0,"ocean_custom_logo_tablet_max_height":0,"ocean_custom_logo_mobile_max_height":0,"ocean_header_custom_menu":"0","ocean_menu_typo_font_family":"0","ocean_menu_typo_font_subset":"","ocean_menu_typo_font_size":0,"ocean_menu_typo_font_size_tablet":0,"ocean_menu_typo_font_size_mobile":0,"ocean_menu_typo_font_size_unit":"px","ocean_menu_typo_font_weight":"","ocean_menu_typo_font_weight_tablet":"","ocean_menu_typo_font_weight_mobile":"","ocean_menu_typo_transform":"","ocean_menu_typo_transform_tablet":"","ocean_menu_typo_transform_mobile":"","ocean_menu_typo_line_height":0,"ocean_menu_typo_line_height_tablet":0,"ocean_menu_typo_line_height_mobile":0,"ocean_menu_typo_line_height_unit":"","ocean_menu_typo_spacing":0,"ocean_menu_typo_spacing_tablet":0,"ocean_menu_typo_spacing_mobile":0,"ocean_menu_typo_spacing_unit":"","ocean_menu_link_color":"","ocean_menu_link_color_hover":"","ocean_menu_link_color_active":"","ocean_menu_link_background":"","ocean_menu_link_hover_background":"","ocean_menu_link_active_background":"","ocean_menu_social_links_bg":"","ocean_menu_social_hover_links_bg":"","ocean_menu_social_links_color":"","ocean_menu_social_hover_links_color":"","ocean_disable_title":"default","ocean_disable_heading":"default","ocean_post_title":"","ocean_post_subheading":"","ocean_post_title_style":"","ocean_post_title_background_color":"","ocean_post_title_background":0,"ocean_post_title_bg_image_position":"","ocean_post_title_bg_image_attachment":"","ocean_post_title_bg_image_repeat":"","ocean_post_title_bg_image_size":"","ocean_post_title_height":0,"ocean_post_title_bg_overlay":0.5,"ocean_post_title_bg_overlay_color":"","ocean_disable_breadcrumbs":"default","ocean_breadcrumbs_color":"","ocean_breadcrumbs_separator_color":"","ocean_breadcrumbs_links_color":"","ocean_breadcrumbs_links_hover_color":"","ocean_display_footer_widgets":"default","ocean_display_footer_bottom":"default","ocean_custom_footer_template":"0"},"product_brand":[],"product_cat":[27,147],"product_tag":[],"class_list":{"0":"post-7233","1":"product","2":"type-product","3":"status-publish","4":"has-post-thumbnail","6":"product_cat-arkusze-gumowe","7":"product_cat-techniczne-arkusze-gumowe","9":"entry","10":"has-media","12":"first","13":"onbackorder","14":"shipping-taxable","15":"purchasable","16":"product-type-variable","17":"has-product-nav","18":"col","19":"span_1_of_3","20":"owp-content-center","21":"owp-thumbs-layout-horizontal","22":"owp-btn-normal","23":"owp-tabs-layout-horizontal","24":"has-no-thumbnails"},"jetpack-related-posts":[{"id":8202,"url":"https:\/\/vibra-polymers.pl\/en\/product\/o-ringi-hnbr\/","url_meta":{"origin":7233,"position":0},"title":"O-ringi HNBR","author":"admin","date":"26\/04\/2022","format":false,"excerpt":"Kr\u00f3tki opis: O-ringi HNBR stosowane s\u0105 w warunkach wysokiej temperatury po\u0142\u0105czonej z wymaganiami wytrzyma\u0142o\u015bciowymi. D (mm) - \u015arednica wewn\u0119trzna d (mm) - Przekr\u00f3j \u00a0 \u00a0 Ten produkt na chwile obecn\u0105 nie jest dost\u0119pny w ofercie On-line.\u00a0 Skontaktuj si\u0119 z nami po wi\u0119cej szczeg\u00f3\u0142\u00f3w. \u00a0","rel":"","context":"Similar post","block_context":{"text":"Similar post","link":""},"img":{"alt_text":"","src":"https:\/\/vibra-polymers.pl\/wp-content\/uploads\/2022\/03\/186530691_1171870679927347_7040501725056935753_n-removebg-preview.jpg","width":350,"height":200,"srcset":"https:\/\/vibra-polymers.pl\/wp-content\/uploads\/2022\/03\/186530691_1171870679927347_7040501725056935753_n-removebg-preview.jpg 1x, https:\/\/vibra-polymers.pl\/wp-content\/uploads\/2022\/03\/186530691_1171870679927347_7040501725056935753_n-removebg-preview.jpg 1.5x"},"classes":[]},{"id":4486,"url":"https:\/\/vibra-polymers.pl\/en\/product\/oringi-viton-fkm-2\/","url_meta":{"origin":7233,"position":1},"title":"O-ringi Viton\u00ae FKM\/FPM","author":"admin","date":"03\/11\/2021","format":false,"excerpt":"Kr\u00f3tki opis: O-ringi wykonane z FKM charakteryzuje si\u0119 bardzo dobr\u0105 odporno\u015bci\u0105 chemiczn\u0105 oraz odporno\u015bci\u0105 na wysokie temperatury do 200\u00b0C. \u00a0 Przed Zam\u00f3wieniem Skontaktuj si\u0119 z nami po wi\u0119cej szczeg\u00f3\u0142\u00f3w.","rel":"","context":"Similar post","block_context":{"text":"Similar post","link":""},"img":{"alt_text":"","src":"https:\/\/vibra-polymers.pl\/wp-content\/uploads\/2021\/11\/R-2.png","width":350,"height":200},"classes":[]},{"id":8007,"url":"https:\/\/vibra-polymers.pl\/en\/product\/o-ringi-aflas\/","url_meta":{"origin":7233,"position":2},"title":"O-ringi Aflas\u00ae TFE\/P","author":"admin","date":"19\/03\/2022","format":false,"excerpt":"Kr\u00f3tki opis: O-ringi Aflas\u00ae s\u0105 kopolimerem tetrafluoroetylenu i propylenu charakteryzuj\u0105ce si\u0119 bardzo dobr\u0105 odporno\u015bci\u0105 chemiczn\u0105 ze wzgl\u0119du na szeroki zakres substancji chemicznych. \u00a0 \u00a0 Ten produkt na chwile obecn\u0105 nie jest dost\u0119pny w ofercie On-line.\u00a0 Skontaktuj si\u0119 z nami po wi\u0119cej szczeg\u00f3\u0142\u00f3w.","rel":"","context":"Similar post","block_context":{"text":"Similar post","link":""},"img":{"alt_text":"","src":"https:\/\/vibra-polymers.pl\/wp-content\/uploads\/2022\/03\/186530691_1171870679927347_7040501725056935753_n-removebg-preview.jpg","width":350,"height":200,"srcset":"https:\/\/vibra-polymers.pl\/wp-content\/uploads\/2022\/03\/186530691_1171870679927347_7040501725056935753_n-removebg-preview.jpg 1x, https:\/\/vibra-polymers.pl\/wp-content\/uploads\/2022\/03\/186530691_1171870679927347_7040501725056935753_n-removebg-preview.jpg 1.5x"},"classes":[]},{"id":4226,"url":"https:\/\/vibra-polymers.pl\/en\/product\/oringi-nbr\/","url_meta":{"origin":7233,"position":3},"title":"O-ringi Nitrylowe NBR","author":"admin","date":"02\/11\/2021","format":false,"excerpt":"Kr\u00f3tki opis: Nitryl jest najszerzej stosowanym elastomerem w bran\u017cy uszczelnie\u0144 i powszechnie stosowanym w produkcji O-ring\u00f3w. D (mm) - \u015arednica wewn\u0119trzna d (mm) - Przekr\u00f3j \u00a0 Standardowo O-ringi wykonane z NBR posiadaj\u0105 twardo\u015b\u0107 70 Shore ale dost\u0119pne s\u0105 r\u00f3wnie\u017c w twardo\u015bciach: 40, 50, 60, 80 i 90 ShA.","rel":"","context":"Similar post","block_context":{"text":"Similar post","link":""},"img":{"alt_text":"","src":"https:\/\/vibra-polymers.pl\/wp-content\/uploads\/2021\/11\/Oring-O-ring-Oringi-O-ringi-40x4-70-NBR-50-szt.jpg","width":350,"height":200,"srcset":"https:\/\/vibra-polymers.pl\/wp-content\/uploads\/2021\/11\/Oring-O-ring-Oringi-O-ringi-40x4-70-NBR-50-szt.jpg 1x, https:\/\/vibra-polymers.pl\/wp-content\/uploads\/2021\/11\/Oring-O-ring-Oringi-O-ringi-40x4-70-NBR-50-szt.jpg 1.5x, https:\/\/vibra-polymers.pl\/wp-content\/uploads\/2021\/11\/Oring-O-ring-Oringi-O-ringi-40x4-70-NBR-50-szt.jpg 2x"},"classes":[]},{"id":8008,"url":"https:\/\/vibra-polymers.pl\/en\/product\/o-ringi-ffkm-ffpm-kauczuk-perfluorowy\/","url_meta":{"origin":7233,"position":4},"title":"O-ringi FFKM\/FFPM","author":"admin","date":"21\/03\/2022","format":false,"excerpt":"\u00a0 Ten produkt na chwile obecn\u0105 nie jest dost\u0119pny w ofercie On-line.\u00a0 Skontaktuj si\u0119 z nami po wi\u0119cej szczeg\u00f3\u0142\u00f3w.","rel":"","context":"Similar post","block_context":{"text":"Similar post","link":""},"img":{"alt_text":"","src":"","width":0,"height":0},"classes":[]},{"id":8018,"url":"https:\/\/vibra-polymers.pl\/en\/product\/o-ringi-w-otulinie-fep-pfa\/","url_meta":{"origin":7233,"position":5},"title":"O-ringi w Otulinie FEP\/PFA","author":"admin","date":"21\/03\/2022","format":false,"excerpt":"Ten produkt na chwile obecn\u0105 nie jest dost\u0119pny w ofercie On-line.\u00a0 Skontaktuj si\u0119 z nami po wi\u0119cej szczeg\u00f3\u0142\u00f3w.","rel":"","context":"Similar post","block_context":{"text":"Similar post","link":""},"img":{"alt_text":"","src":"https:\/\/vibra-polymers.pl\/wp-content\/uploads\/2022\/03\/186530691_1171870679927347_7040501725056935753_n-removebg-preview.jpg","width":350,"height":200,"srcset":"https:\/\/vibra-polymers.pl\/wp-content\/uploads\/2022\/03\/186530691_1171870679927347_7040501725056935753_n-removebg-preview.jpg 1x, https:\/\/vibra-polymers.pl\/wp-content\/uploads\/2022\/03\/186530691_1171870679927347_7040501725056935753_n-removebg-preview.jpg 1.5x"},"classes":[]}],"jetpack_sharing_enabled":true,"_links":{"self":[{"href":"https:\/\/vibra-polymers.pl\/en\/wp-json\/wp\/v2\/product\/7233","targetHints":{"allow":["GET"]}}],"collection":[{"href":"https:\/\/vibra-polymers.pl\/en\/wp-json\/wp\/v2\/product"}],"about":[{"href":"https:\/\/vibra-polymers.pl\/en\/wp-json\/wp\/v2\/types\/product"}],"version-history":[{"count":0,"href":"https:\/\/vibra-polymers.pl\/en\/wp-json\/wp\/v2\/product\/7233\/revisions"}],"wp:featuredmedia":[{"embeddable":true,"href":"https:\/\/vibra-polymers.pl\/en\/wp-json\/wp\/v2\/media\/7957"}],"wp:attachment":[{"href":"https:\/\/vibra-polymers.pl\/en\/wp-json\/wp\/v2\/media?parent=7233"}],"wp:term":[{"taxonomy":"product_brand","embeddable":true,"href":"https:\/\/vibra-polymers.pl\/en\/wp-json\/wp\/v2\/product_brand?post=7233"},{"taxonomy":"product_cat","embeddable":true,"href":"https:\/\/vibra-polymers.pl\/en\/wp-json\/wp\/v2\/product_cat?post=7233"},{"taxonomy":"product_tag","embeddable":true,"href":"https:\/\/vibra-polymers.pl\/en\/wp-json\/wp\/v2\/product_tag?post=7233"}],"curies":[{"name":"wp","href":"https:\/\/api.w.org\/{rel}","templated":true}]}}