{"id":7252,"date":"2022-03-11T15:47:24","date_gmt":"2022-03-11T15:47:24","guid":{"rendered":"https:\/\/vibra-polymers.pl\/?post_type=product&#038;p=7252"},"modified":"2022-05-30T08:40:43","modified_gmt":"2022-05-30T08:40:43","slug":"plyty-gumowe-fkm-viton","status":"publish","type":"product","link":"https:\/\/vibra-polymers.pl\/en\/product\/plyty-gumowe-fkm-viton\/","title":{"rendered":"P\u0142yty Gumowe- FKM\/VITON\u00ae"},"content":{"rendered":"<h4>Szczeg\u00f3\u0142y:<\/h4>\n<p>P\u0142yty Gumowe FKM\/Viton\u00ae s\u0105 wyj\u0105tkowo stabilne i przewy\u017cszaj\u0105 swoimi w\u0142a\u015bciwo\u015bciami wszystkie P\u0142yty Gumowe oferowane przez nasz\u0105 firm\u0119 w og\u00f3lnej odporno\u015bci na kombinacje \u015bwiat\u0142a, ciep\u0142a, ozonu, rozpuszczalnik\u00f3w i chemikali\u00f3w agresywnych.<\/p>\n<p>&nbsp;<\/p>\n<h4>Informacje dodatkowe:<\/h4>\n<table data-tablestyle=\"MsoTableGrid\" data-tablelook=\"1696\" aria-rowcount=\"11\">\n<tbody>\n<tr aria-rowindex=\"1\">\n<td data-celllook=\"0\"><b><span data-contrast=\"none\">Kolor<\/span><\/b><\/td>\n<td data-celllook=\"0\"><span data-ccp-props=\"{&quot;201341983&quot;:0,&quot;335559740&quot;:259}\">Czarny<\/span><\/td>\n<\/tr>\n<tr aria-rowindex=\"2\">\n<td data-celllook=\"0\"><b><span data-contrast=\"none\">Materia\u0142<\/span><\/b><\/td>\n<td data-celllook=\"0\"><span data-ccp-props=\"{&quot;201341983&quot;:0,&quot;335559740&quot;:259}\">\u00a0FKM<br \/>\n<\/span><\/td>\n<\/tr>\n<tr aria-rowindex=\"3\">\n<td data-celllook=\"0\"><b><span data-contrast=\"none\">Twardo\u015b\u0107 (Shore A)<\/span><\/b><\/td>\n<td data-celllook=\"0\"><span data-ccp-props=\"{&quot;201341983&quot;:0,&quot;335559740&quot;:259}\">\u00a070<\/span><\/td>\n<\/tr>\n<tr aria-rowindex=\"4\">\n<td data-celllook=\"0\"><b><span data-contrast=\"none\">Temperatura Maksymalna (\u00b0C)<\/span><\/b><\/td>\n<td data-celllook=\"0\"><span data-ccp-props=\"{&quot;201341983&quot;:0,&quot;335559740&quot;:259}\">\u00a0200<\/span><\/td>\n<\/tr>\n<tr aria-rowindex=\"5\">\n<td data-celllook=\"0\"><b><span data-contrast=\"none\">Temperatura Minimalna (\u00b0C)<\/span><\/b><\/td>\n<td data-celllook=\"0\"><span data-ccp-props=\"{&quot;201341983&quot;:0,&quot;335559740&quot;:259}\">\u00a0-30<\/span><\/td>\n<\/tr>\n<tr aria-rowindex=\"6\">\n<td data-celllook=\"0\"><b><span data-contrast=\"none\">Wytrzyma\u0142o\u015b\u0107 Na Rozci\u0105ganie (MPa)<\/span><\/b><\/td>\n<td data-celllook=\"0\"><span data-ccp-props=\"{&quot;201341983&quot;:0,&quot;335559740&quot;:259}\">\u00a06.00<\/span><\/td>\n<\/tr>\n<tr aria-rowindex=\"7\">\n<td data-celllook=\"0\"><b><span data-contrast=\"none\">Wyd\u0142u\u017cenie Przy Zerwaniu (%)<\/span><\/b><\/td>\n<td data-celllook=\"0\"><span data-ccp-props=\"{&quot;201341983&quot;:0,&quot;335559740&quot;:259}\">\u00a0200,00<\/span><\/td>\n<\/tr>\n<tr aria-rowindex=\"8\">\n<td data-celllook=\"0\"><b><span data-contrast=\"none\">\u015acieralno\u015b\u0107 (mm\u00b3) (DIN53516)<\/span><\/b><\/td>\n<td data-celllook=\"0\"><span data-ccp-props=\"{&quot;201341983&quot;:0,&quot;335559740&quot;:259}\">\u00a0N\/A<\/span><\/td>\n<\/tr>\n<tr aria-rowindex=\"9\">\n<td data-celllook=\"0\"><b><span data-contrast=\"none\">G\u0119sto\u015b\u0107 (g\/cm\u00b3)<\/span><\/b><\/td>\n<td data-celllook=\"0\"><span data-ccp-props=\"{&quot;201341983&quot;:0,&quot;335559740&quot;:259}\">\u00a02.00<\/span><\/td>\n<\/tr>\n<tr aria-rowindex=\"10\">\n<td data-celllook=\"0\"><b><span data-contrast=\"none\">Absorpcja Wody (%)<\/span><\/b><\/td>\n<td data-celllook=\"0\"><span data-ccp-props=\"{&quot;201341983&quot;:0,&quot;335559740&quot;:259}\">\u00a0N\/A<\/span><\/td>\n<\/tr>\n<tr aria-rowindex=\"11\">\n<td data-celllook=\"0\"><\/td>\n<td data-celllook=\"0\"><\/td>\n<\/tr>\n<\/tbody>\n<\/table>","protected":false},"excerpt":{"rendered":"<h4>Kr\u00f3tki opis:<\/h4>\n<p>P\u0142yty Gumowe FKM\/Viton\u00ae s\u0105 wyj\u0105tkowo stabilne i przewy\u017cszaj\u0105 swoimi w\u0142a\u015bciwo\u015bciami wszystkie P\u0142yty Gumowe oferowane przez nasz\u0105 firm\u0119.<\/p>\n<h4><\/h4>\n<p>&nbsp;<\/p>\n<p><span style=\"color: #ff0000;\"><b>Ten produkt nie jest dost\u0119pny w ofercie On-line.<\/b>\u00a0<\/span><\/p>\n<p><span style=\"color: #ff0000;\"><b>Skontaktuj si\u0119 z nami po wi\u0119cej szczeg\u00f3\u0142\u00f3w.<\/b>\u00a0<\/span><\/p>","protected":false},"featured_media":7934,"template":"","meta":{"ocean_post_layout":"","ocean_both_sidebars_style":"","ocean_both_sidebars_content_width":0,"ocean_both_sidebars_sidebars_width":0,"ocean_sidebar":"0","ocean_second_sidebar":"0","ocean_disable_margins":"enable","ocean_add_body_class":"","ocean_shortcode_before_top_bar":"","ocean_shortcode_after_top_bar":"","ocean_shortcode_before_header":"","ocean_shortcode_after_header":"","ocean_has_shortcode":"","ocean_shortcode_after_title":"","ocean_shortcode_before_footer_widgets":"","ocean_shortcode_after_footer_widgets":"","ocean_shortcode_before_footer_bottom":"","ocean_shortcode_after_footer_bottom":"","ocean_display_top_bar":"default","ocean_display_header":"default","ocean_header_style":"","ocean_center_header_left_menu":"0","ocean_custom_header_template":"0","ocean_custom_logo":0,"ocean_custom_retina_logo":0,"ocean_custom_logo_max_width":0,"ocean_custom_logo_tablet_max_width":0,"ocean_custom_logo_mobile_max_width":0,"ocean_custom_logo_max_height":0,"ocean_custom_logo_tablet_max_height":0,"ocean_custom_logo_mobile_max_height":0,"ocean_header_custom_menu":"0","ocean_menu_typo_font_family":"0","ocean_menu_typo_font_subset":"","ocean_menu_typo_font_size":0,"ocean_menu_typo_font_size_tablet":0,"ocean_menu_typo_font_size_mobile":0,"ocean_menu_typo_font_size_unit":"px","ocean_menu_typo_font_weight":"","ocean_menu_typo_font_weight_tablet":"","ocean_menu_typo_font_weight_mobile":"","ocean_menu_typo_transform":"","ocean_menu_typo_transform_tablet":"","ocean_menu_typo_transform_mobile":"","ocean_menu_typo_line_height":0,"ocean_menu_typo_line_height_tablet":0,"ocean_menu_typo_line_height_mobile":0,"ocean_menu_typo_line_height_unit":"","ocean_menu_typo_spacing":0,"ocean_menu_typo_spacing_tablet":0,"ocean_menu_typo_spacing_mobile":0,"ocean_menu_typo_spacing_unit":"","ocean_menu_link_color":"","ocean_menu_link_color_hover":"","ocean_menu_link_color_active":"","ocean_menu_link_background":"","ocean_menu_link_hover_background":"","ocean_menu_link_active_background":"","ocean_menu_social_links_bg":"","ocean_menu_social_hover_links_bg":"","ocean_menu_social_links_color":"","ocean_menu_social_hover_links_color":"","ocean_disable_title":"default","ocean_disable_heading":"default","ocean_post_title":"","ocean_post_subheading":"","ocean_post_title_style":"","ocean_post_title_background_color":"","ocean_post_title_background":0,"ocean_post_title_bg_image_position":"","ocean_post_title_bg_image_attachment":"","ocean_post_title_bg_image_repeat":"","ocean_post_title_bg_image_size":"","ocean_post_title_height":0,"ocean_post_title_bg_overlay":0.5,"ocean_post_title_bg_overlay_color":"","ocean_disable_breadcrumbs":"default","ocean_breadcrumbs_color":"","ocean_breadcrumbs_separator_color":"","ocean_breadcrumbs_links_color":"","ocean_breadcrumbs_links_hover_color":"","ocean_display_footer_widgets":"default","ocean_display_footer_bottom":"default","ocean_custom_footer_template":"0"},"product_brand":[],"product_cat":[27,147],"product_tag":[],"class_list":{"0":"post-7252","1":"product","2":"type-product","3":"status-publish","4":"has-post-thumbnail","6":"product_cat-arkusze-gumowe","7":"product_cat-techniczne-arkusze-gumowe","9":"entry","10":"has-media","12":"first","13":"onbackorder","14":"shipping-taxable","15":"purchasable","16":"product-type-variable","17":"has-product-nav","18":"col","19":"span_1_of_3","20":"owp-content-center","21":"owp-thumbs-layout-horizontal","22":"owp-btn-normal","23":"owp-tabs-layout-horizontal","24":"has-no-thumbnails"},"jetpack-related-posts":[{"id":6005,"url":"https:\/\/vibra-polymers.pl\/en\/product\/bezpieczna-nawierzchnia-placow-zabaw\/","url_meta":{"origin":7252,"position":0},"title":"Bezpieczna Nawierzchnia Plac\u00f3w Zabaw","author":"admin","date":"23\/02\/2022","format":false,"excerpt":"Kr\u00f3tki Opis:\u00a0 Bezpieczna nawierzchnia plac\u00f3w zabaw, mata absorbuj\u0105ca uderzenia i wstrz\u0105sy","rel":"","context":"Similar post","block_context":{"text":"Similar post","link":""},"img":{"alt_text":"","src":"https:\/\/vibra-polymers.pl\/wp-content\/uploads\/2022\/02\/Bezpieczna_Nawierzchnia_Placow_Zabaw-removebg-preview_edytowano-e1649249220476.png","width":350,"height":200},"classes":[]},{"id":5656,"url":"https:\/\/vibra-polymers.pl\/en\/product\/plyta-gumowa-epdm\/","url_meta":{"origin":7252,"position":1},"title":"P\u0142yta Gumowa EPDM","author":"admin","date":"15\/02\/2022","format":false,"excerpt":"Rabat ilo\u015bciowy: 4+ \u2013 20% | 10+ \u2013 30% \u00a0 \u00a0 \u00a0\u00a0 \u00a0 \u00a0 \u00a0 \u00a0 Rabat zostanie naliczony automatycznie w koszyku. \u00a0 \u00a0 Kr\u00f3tki opis: P\u0142yty o doskona\u0142ej odporno\u015bci na starzenie oraz warunki atmosferyczne. Sprzedawane w metrach bie\u017c\u0105cych.","rel":"","context":"Similar post","block_context":{"text":"Similar post","link":""},"img":{"alt_text":"","src":"https:\/\/vibra-polymers.pl\/wp-content\/uploads\/2022\/02\/97d95e8e4def8d1c3e4e977ea533.jpg","width":350,"height":200,"srcset":"https:\/\/vibra-polymers.pl\/wp-content\/uploads\/2022\/02\/97d95e8e4def8d1c3e4e977ea533.jpg 1x, https:\/\/vibra-polymers.pl\/wp-content\/uploads\/2022\/02\/97d95e8e4def8d1c3e4e977ea533.jpg 1.5x, https:\/\/vibra-polymers.pl\/wp-content\/uploads\/2022\/02\/97d95e8e4def8d1c3e4e977ea533.jpg 2x"},"classes":[]},{"id":7226,"url":"https:\/\/vibra-polymers.pl\/en\/product\/plyta-gumowa-cr-o-niskiej-twardosci\/","url_meta":{"origin":7252,"position":2},"title":"P\u0142yta Gumowa Soft ( Chloropren\/Neopren )","author":"admin","date":"11\/03\/2022","format":false,"excerpt":"Kr\u00f3tki opis: P\u0142yty Gumowe CR o Niskiej Twardo\u015bci zosta\u0142y zaprojektowane do zastosowa\u0144 gdzie wymagana jest mi\u0119kka p\u0142yta gumowa, posiada wysok\u0105 g\u0119sto\u015b\u0107 i nadaje si\u0119 do wyg\u0142uszania pod\u0142\u00f3g drewnianych oraz lekkich \u015bcianek dzia\u0142owych gipsowo-kartonowych. \u00a0 Ten produkt nie jest dost\u0119pny w ofercie On-line.\u00a0 Skontaktuj si\u0119 z nami po wi\u0119cej szczeg\u00f3\u0142\u00f3w.\u00a0","rel":"","context":"Similar post","block_context":{"text":"Similar post","link":""},"img":{"alt_text":"","src":"https:\/\/vibra-polymers.pl\/wp-content\/uploads\/2022\/03\/97d95e8e4def8d1c3e4e977ea533-600x600_edytowano.jpg","width":350,"height":200,"srcset":"https:\/\/vibra-polymers.pl\/wp-content\/uploads\/2022\/03\/97d95e8e4def8d1c3e4e977ea533-600x600_edytowano.jpg 1x, https:\/\/vibra-polymers.pl\/wp-content\/uploads\/2022\/03\/97d95e8e4def8d1c3e4e977ea533-600x600_edytowano.jpg 1.5x"},"classes":[]},{"id":5680,"url":"https:\/\/vibra-polymers.pl\/en\/product\/plyta-gumowa-ogolnego-przeznaczenia-nr-sbr\/","url_meta":{"origin":7252,"position":3},"title":"P\u0142yta Gumowa Og\u00f3lnego Przeznaczenia NR\/SBR","author":"admin","date":"15\/02\/2022","format":false,"excerpt":"Rabat ilo\u015bciowy: 10+ \u2013 8% \u00a0 \u00a0 \u00a0\u00a0 \u00a0 \u00a0 \u00a0 \u00a0 Rabat zostanie naliczony automatycznie w koszyku Kr\u00f3tki opis: Jest bardzo ekonomiczny i powszechnie stosowany rodzaj P\u0142yty Gumowej. Sprzedawane w metrach bie\u017c\u0105cych.","rel":"","context":"Similar post","block_context":{"text":"Similar post","link":""},"img":{"alt_text":"","src":"https:\/\/vibra-polymers.pl\/wp-content\/uploads\/2022\/02\/97d95e8e4def8d1c3e4e977ea533.jpg","width":350,"height":200,"srcset":"https:\/\/vibra-polymers.pl\/wp-content\/uploads\/2022\/02\/97d95e8e4def8d1c3e4e977ea533.jpg 1x, https:\/\/vibra-polymers.pl\/wp-content\/uploads\/2022\/02\/97d95e8e4def8d1c3e4e977ea533.jpg 1.5x, https:\/\/vibra-polymers.pl\/wp-content\/uploads\/2022\/02\/97d95e8e4def8d1c3e4e977ea533.jpg 2x"},"classes":[]},{"id":7237,"url":"https:\/\/vibra-polymers.pl\/en\/product\/plyta-gumowa-optima\/","url_meta":{"origin":7252,"position":4},"title":"P\u0142yta Gumowa- OPTIMA","author":"admin","date":"11\/03\/2022","format":false,"excerpt":"Kr\u00f3tki opis: P\u0142yta Gumowa o bardzo dobrych w\u0142a\u015bciwo\u015bciach mechanicznych i odporno\u015bci na \u015bcieranie. \u00a0 \u00a0 Ten produkt nie jest dost\u0119pny w ofercie On-line.\u00a0 Skontaktuj si\u0119 z nami po wi\u0119cej szczeg\u00f3\u0142\u00f3w.","rel":"","context":"Similar post","block_context":{"text":"Similar post","link":""},"img":{"alt_text":"","src":"","width":0,"height":0},"classes":[]},{"id":5704,"url":"https:\/\/vibra-polymers.pl\/en\/product\/plyta-gumowa-antystatyczna-i-ognioodporna-cr\/","url_meta":{"origin":7252,"position":5},"title":"P\u0142yta Gumowa Antystatyczna i Ognioodporna CR","author":"admin","date":"16\/02\/2022","format":false,"excerpt":"Kr\u00f3tki opis: Antystatyczna i ognioodporna P\u0142yta gumowa z kauczuku butadienowego. Powierzchniowa rezystancja dla tej maty powierzchniowa wynosi 10\u2078 \u03a9 Szeroko\u015b\u0107 maty: 140cm \u00a0 Ten produkt nie jest dost\u0119pny ofercie On-line.\u00a0 \u00a0Skontaktuj si\u0119 z nami po wi\u0119cej szczeg\u00f3\u0142\u00f3w.\u00a0 \u00a0","rel":"","context":"Similar post","block_context":{"text":"Similar post","link":""},"img":{"alt_text":"","src":"https:\/\/vibra-polymers.pl\/wp-content\/uploads\/2022\/02\/97d95e8e4def8d1c3e4e977ea533.jpg","width":350,"height":200,"srcset":"https:\/\/vibra-polymers.pl\/wp-content\/uploads\/2022\/02\/97d95e8e4def8d1c3e4e977ea533.jpg 1x, https:\/\/vibra-polymers.pl\/wp-content\/uploads\/2022\/02\/97d95e8e4def8d1c3e4e977ea533.jpg 1.5x, https:\/\/vibra-polymers.pl\/wp-content\/uploads\/2022\/02\/97d95e8e4def8d1c3e4e977ea533.jpg 2x"},"classes":[]}],"jetpack_sharing_enabled":true,"_links":{"self":[{"href":"https:\/\/vibra-polymers.pl\/en\/wp-json\/wp\/v2\/product\/7252","targetHints":{"allow":["GET"]}}],"collection":[{"href":"https:\/\/vibra-polymers.pl\/en\/wp-json\/wp\/v2\/product"}],"about":[{"href":"https:\/\/vibra-polymers.pl\/en\/wp-json\/wp\/v2\/types\/product"}],"version-history":[{"count":0,"href":"https:\/\/vibra-polymers.pl\/en\/wp-json\/wp\/v2\/product\/7252\/revisions"}],"wp:featuredmedia":[{"embeddable":true,"href":"https:\/\/vibra-polymers.pl\/en\/wp-json\/wp\/v2\/media\/7934"}],"wp:attachment":[{"href":"https:\/\/vibra-polymers.pl\/en\/wp-json\/wp\/v2\/media?parent=7252"}],"wp:term":[{"taxonomy":"product_brand","embeddable":true,"href":"https:\/\/vibra-polymers.pl\/en\/wp-json\/wp\/v2\/product_brand?post=7252"},{"taxonomy":"product_cat","embeddable":true,"href":"https:\/\/vibra-polymers.pl\/en\/wp-json\/wp\/v2\/product_cat?post=7252"},{"taxonomy":"product_tag","embeddable":true,"href":"https:\/\/vibra-polymers.pl\/en\/wp-json\/wp\/v2\/product_tag?post=7252"}],"curies":[{"name":"wp","href":"https:\/\/api.w.org\/{rel}","templated":true}]}}