{"id":786,"date":"2021-05-11T10:12:44","date_gmt":"2021-05-11T10:12:44","guid":{"rendered":"https:\/\/vibra-polymers.pl\/?post_type=product&#038;p=786"},"modified":"2025-03-03T14:11:45","modified_gmt":"2025-03-03T14:11:45","slug":"cylindryczne-typu-e-srednica-6mm","status":"publish","type":"product","link":"https:\/\/vibra-polymers.pl\/en\/product\/cylindryczne-typu-e-srednica-6mm\/","title":{"rendered":"Cylindryczne Typu E \u015arednica 6mm"},"content":{"rendered":"<p>Wibroizolatory Cylindryczne Typu E\u00a0s\u0105 najbardziej\u00a0<strong>ekonomicznym sposobem redukcji wibracji oraz\u00a0ha\u0142asu<\/strong>. Mog\u0105 by\u0107 stosowane przy\u00a0<strong>obci\u0105\u017ceniach \u015bciskaj\u0105cych, \u015bcinaj\u0105cych lub w\u00a0kombinacji obci\u0105\u017ce\u0144<\/strong>. Amortyzatory te posiadaj\u0105 szerokie spektrum zastosowania w\u00a0r\u00f3\u017cnych bran\u017cach. Przyk\u0142adowe zastosowanie: Silniki wysokopr\u0119\u017cne, Zespo\u0142y pr\u0105dotw\u00f3rcze oraz\u00a0wszelkiego rodzaju Maszyny i\u00a0Urz\u0105dzenia. Amortyzatory Typu E\u00a0mog\u0105 by\u0107 stosowane\u00a0jako Odbojniki lub te\u017c Stopy\u00a0do maszyn.\u00a0<strong>Zakres wagowy od 1 kg do 2000 kg na sztuk\u0119.<\/strong><\/p>\n<p>&nbsp;<\/p>\n<h3>Cechy produktu:<\/h3>\n<ul>\n<li>Materia\u0142:\u00a0Kauczuk Naturalny NR<\/li>\n<li>Twardo\u015b\u0107 (Shore A):\u00a045 ShA oraz\u00a060 ShA<\/li>\n<li>Temperatura maksymalna (\u00b0C):\u00a080<\/li>\n<li>Temperatura minimalna (\u00b0C):\u00a0-40<\/li>\n<\/ul>\n<p>&nbsp;<\/p>\n<h3>Zastosowanie:<\/h3>\n<ul>\n<li>Silniki Elektryczne oraz\u00a0Spalinowe<\/li>\n<li>Generatory<\/li>\n<li>Kompresory<\/li>\n<li>Mocowania silnik\u00f3w<\/li>\n<\/ul>\n<p>&nbsp;<\/p>\n<p>Spe\u0142niaj\u0105ce\u00a0wymagania\u00a0Normy\u00a0dotycz\u0105cej\u00a0ochrony przeciwpo\u017carowej:\u00a0EN45545-2<\/p>\n<ul>\n<li>Kod produktu -E0607M3-45<\/li>\n<li>d1 (mm)- 6<\/li>\n<li>h (mm) \u2013 7<\/li>\n<li>d2 x l x t (mm) \u2013 M3x3<\/li>\n<li>max nacisk (kg) \u2013 1.6<\/li>\n<li>Cena brutto \u2013 1+-5.00zl,21+-4.75zl,51+-4.50zl<\/li>\n<li>Dost\u0119pno\u015b\u0107 \u2013 Wysy\u0142ka w 24h<\/li>\n<\/ul>","protected":false},"excerpt":{"rendered":"<p>Wibroizolatory Cylindryczne Typu E\u00a0s\u0105 najbardziej\u00a0<strong>ekonomicznym sposobem redukcji wibracji oraz\u00a0ha\u0142asu<\/strong>. Mog\u0105 by\u0107 stosowane przy\u00a0<strong>obci\u0105\u017ceniach \u015bciskaj\u0105cych, \u015bcinaj\u0105cych lub w\u00a0kombinacji obci\u0105\u017ce\u0144<\/strong>. Amortyzatory te posiadaj\u0105 szerokie spektrum zastosowania w\u00a0r\u00f3\u017cnych bran\u017cach. Przyk\u0142adowe zastosowanie: Silniki wysokopr\u0119\u017cne, Zespo\u0142y pr\u0105dotw\u00f3rcze oraz\u00a0wszelkiego rodzaju Maszyny i\u00a0Urz\u0105dzenia. Amortyzatory Typu E\u00a0mog\u0105 by\u0107 stosowane\u00a0jako Odbojniki lub te\u017c Stopy\u00a0do maszyn.\u00a0<strong>Zakres wagowy od 1 kg do 2000 kg na sztuk\u0119.<\/strong><\/p>","protected":false},"featured_media":0,"template":"","meta":{"ocean_post_layout":"","ocean_both_sidebars_style":"","ocean_both_sidebars_content_width":0,"ocean_both_sidebars_sidebars_width":0,"ocean_sidebar":"0","ocean_second_sidebar":"0","ocean_disable_margins":"enable","ocean_add_body_class":"","ocean_shortcode_before_top_bar":"","ocean_shortcode_after_top_bar":"","ocean_shortcode_before_header":"","ocean_shortcode_after_header":"","ocean_has_shortcode":"","ocean_shortcode_after_title":"","ocean_shortcode_before_footer_widgets":"","ocean_shortcode_after_footer_widgets":"","ocean_shortcode_before_footer_bottom":"","ocean_shortcode_after_footer_bottom":"","ocean_display_top_bar":"default","ocean_display_header":"default","ocean_header_style":"","ocean_center_header_left_menu":"0","ocean_custom_header_template":"0","ocean_custom_logo":0,"ocean_custom_retina_logo":0,"ocean_custom_logo_max_width":0,"ocean_custom_logo_tablet_max_width":0,"ocean_custom_logo_mobile_max_width":0,"ocean_custom_logo_max_height":0,"ocean_custom_logo_tablet_max_height":0,"ocean_custom_logo_mobile_max_height":0,"ocean_header_custom_menu":"0","ocean_menu_typo_font_family":"0","ocean_menu_typo_font_subset":"","ocean_menu_typo_font_size":0,"ocean_menu_typo_font_size_tablet":0,"ocean_menu_typo_font_size_mobile":0,"ocean_menu_typo_font_size_unit":"px","ocean_menu_typo_font_weight":"","ocean_menu_typo_font_weight_tablet":"","ocean_menu_typo_font_weight_mobile":"","ocean_menu_typo_transform":"","ocean_menu_typo_transform_tablet":"","ocean_menu_typo_transform_mobile":"","ocean_menu_typo_line_height":0,"ocean_menu_typo_line_height_tablet":0,"ocean_menu_typo_line_height_mobile":0,"ocean_menu_typo_line_height_unit":"","ocean_menu_typo_spacing":0,"ocean_menu_typo_spacing_tablet":0,"ocean_menu_typo_spacing_mobile":0,"ocean_menu_typo_spacing_unit":"","ocean_menu_link_color":"","ocean_menu_link_color_hover":"","ocean_menu_link_color_active":"","ocean_menu_link_background":"","ocean_menu_link_hover_background":"","ocean_menu_link_active_background":"","ocean_menu_social_links_bg":"","ocean_menu_social_hover_links_bg":"","ocean_menu_social_links_color":"","ocean_menu_social_hover_links_color":"","ocean_disable_title":"default","ocean_disable_heading":"default","ocean_post_title":"","ocean_post_subheading":"","ocean_post_title_style":"","ocean_post_title_background_color":"","ocean_post_title_background":0,"ocean_post_title_bg_image_position":"","ocean_post_title_bg_image_attachment":"","ocean_post_title_bg_image_repeat":"","ocean_post_title_bg_image_size":"","ocean_post_title_height":0,"ocean_post_title_bg_overlay":0.5,"ocean_post_title_bg_overlay_color":"","ocean_disable_breadcrumbs":"default","ocean_breadcrumbs_color":"","ocean_breadcrumbs_separator_color":"","ocean_breadcrumbs_links_color":"","ocean_breadcrumbs_links_hover_color":"","ocean_display_footer_widgets":"default","ocean_display_footer_bottom":"default","ocean_custom_footer_template":"0"},"product_brand":[],"product_cat":[16],"product_tag":[],"class_list":{"0":"post-786","1":"product","2":"type-product","3":"status-publish","5":"product_cat-wibroizolatory","7":"entry","9":"first","10":"instock","11":"shipping-taxable","12":"purchasable","13":"product-type-variable","14":"has-default-attributes","15":"has-product-nav","16":"col","17":"span_1_of_3","18":"owp-content-center","19":"owp-thumbs-layout-horizontal","20":"owp-btn-normal","21":"owp-tabs-layout-horizontal"},"jetpack-related-posts":[{"id":2427,"url":"https:\/\/vibra-polymers.pl\/en\/product\/wibroizolatoty-cylindryczne-typu-d\/","url_meta":{"origin":786,"position":0},"title":"Wibroizolatoty Cylindryczne Typu D","author":"admin","date":"09\/09\/2021","format":false,"excerpt":"\u00a0 Kr\u00f3tki opis: Wibroizolatory Cylindryczne\u00a0Typu D\u00a0s\u0105 najbardziej ekonomicznym sposobem redukcji wibracji oraz ha\u0142asu.","rel":"","context":"Similar post","block_context":{"text":"Similar post","link":""},"img":{"alt_text":"","src":"https:\/\/vibra-polymers.pl\/wp-content\/uploads\/2021\/09\/OIP-3.jpg","width":350,"height":200},"classes":[]},{"id":6683,"url":"https:\/\/vibra-polymers.pl\/en\/product\/wibroizolatory-cylindryczne-odbojniki-typu-e-kopia\/","url_meta":{"origin":786,"position":1},"title":"Wibroizolatory Cylindryczne (Odbojniki) Typu E","author":"admin","date":"02\/03\/2022","format":false,"excerpt":"Kr\u00f3tki opis: Wibroizolatory Cylindryczne\u00a0Typu E\u00a0s\u0105 najbardziej ekonomicznym sposobem redukcji wibracji oraz ha\u0142asu.","rel":"","context":"Similar post","block_context":{"text":"Similar post","link":""},"img":{"alt_text":"","src":"https:\/\/vibra-polymers.pl\/wp-content\/uploads\/2022\/03\/187641356_148333947271334_5755532385869822936_n-removebg-preview_edytowano.png","width":350,"height":200},"classes":[]},{"id":2027,"url":"https:\/\/vibra-polymers.pl\/en\/product\/wibroizolatory-cylindryczne-typu-c\/","url_meta":{"origin":786,"position":2},"title":"Wibroizolatory Cylindryczne Typu C","author":"admin","date":"07\/09\/2021","format":false,"excerpt":"\u00a0 Kr\u00f3tki opis: Wibroizolatory Cylindryczne\u00a0Typu C\u00a0s\u0105 najbardziej ekonomicznym sposobem redukcji wibracji oraz ha\u0142asu.","rel":"","context":"Similar post","block_context":{"text":"Similar post","link":""},"img":{"alt_text":"","src":"https:\/\/vibra-polymers.pl\/wp-content\/uploads\/2021\/09\/OIP.jpg","width":350,"height":200},"classes":[]},{"id":957,"url":"https:\/\/vibra-polymers.pl\/en\/product\/wibroizolatory-cylindryczne-typu-a\/","url_meta":{"origin":786,"position":3},"title":"Wibroizolatory Cylindryczne Typu A","author":"admin","date":"10\/08\/2021","format":false,"excerpt":"\u00a0 Kr\u00f3tki opis: Wibroizolatory Cylindryczne\u00a0Typu A\u00a0s\u0105 najbardziej ekonomicznym sposobem redukcji wibracji oraz ha\u0142asu.","rel":"","context":"Similar post","block_context":{"text":"Similar post","link":""},"img":{"alt_text":"","src":"https:\/\/vibra-polymers.pl\/wp-content\/uploads\/2021\/08\/Projekt-bez-nazwy-e1731677822403.jpg","width":350,"height":200,"srcset":"https:\/\/vibra-polymers.pl\/wp-content\/uploads\/2021\/08\/Projekt-bez-nazwy-e1731677822403.jpg 1x, https:\/\/vibra-polymers.pl\/wp-content\/uploads\/2021\/08\/Projekt-bez-nazwy-e1731677822403.jpg 1.5x"},"classes":[]},{"id":740,"url":"https:\/\/vibra-polymers.pl\/en\/product\/cylindryczne-typ-b-srednica-6mm\/","url_meta":{"origin":786,"position":4},"title":"Wibroizolatory Cylindryczne Typu B","author":"admin","date":"11\/05\/2021","format":false,"excerpt":"Rabat ilo\u015bciowy: 21+ \u2013 5%\u00a0| 50+ \u2013 10%\u00a0 Rabat zostanie naliczony automatycznie w koszyku Kr\u00f3tki opis: Wibroizolatory Cylindryczne Typu B s\u0105 najbardziej ekonomicznym sposobem redukcji wibracji oraz ha\u0142asu.","rel":"","context":"Similar post","block_context":{"text":"Similar post","link":""},"img":{"alt_text":"","src":"https:\/\/vibra-polymers.pl\/wp-content\/uploads\/2021\/05\/462638062_884237553770775_7197293910017961286_n.jpg","width":350,"height":200,"srcset":"https:\/\/vibra-polymers.pl\/wp-content\/uploads\/2021\/05\/462638062_884237553770775_7197293910017961286_n.jpg 1x, https:\/\/vibra-polymers.pl\/wp-content\/uploads\/2021\/05\/462638062_884237553770775_7197293910017961286_n.jpg 1.5x, https:\/\/vibra-polymers.pl\/wp-content\/uploads\/2021\/05\/462638062_884237553770775_7197293910017961286_n.jpg 2x"},"classes":[]},{"id":6243,"url":"https:\/\/vibra-polymers.pl\/en\/product\/cylindryczne-typ-b-kopia\/","url_meta":{"origin":786,"position":5},"title":"Wibroizolatory Cylindryczne Typ B","author":"admin","date":"26\/02\/2022","format":false,"excerpt":"Kr\u00f3tki opis: Wibroizolatory Cylindryczne Typu B s\u0105 najbardziej ekonomicznym sposobem redukcji wibracji oraz ha\u0142asu.","rel":"","context":"Similar post","block_context":{"text":"Similar post","link":""},"img":{"alt_text":"","src":"https:\/\/vibra-polymers.pl\/wp-content\/uploads\/2022\/02\/b_type_cylindrical_bobbin-removebg-preview_edytowano.png","width":350,"height":200},"classes":[]}],"jetpack_sharing_enabled":true,"_links":{"self":[{"href":"https:\/\/vibra-polymers.pl\/en\/wp-json\/wp\/v2\/product\/786","targetHints":{"allow":["GET"]}}],"collection":[{"href":"https:\/\/vibra-polymers.pl\/en\/wp-json\/wp\/v2\/product"}],"about":[{"href":"https:\/\/vibra-polymers.pl\/en\/wp-json\/wp\/v2\/types\/product"}],"version-history":[{"count":2,"href":"https:\/\/vibra-polymers.pl\/en\/wp-json\/wp\/v2\/product\/786\/revisions"}],"predecessor-version":[{"id":8881,"href":"https:\/\/vibra-polymers.pl\/en\/wp-json\/wp\/v2\/product\/786\/revisions\/8881"}],"wp:attachment":[{"href":"https:\/\/vibra-polymers.pl\/en\/wp-json\/wp\/v2\/media?parent=786"}],"wp:term":[{"taxonomy":"product_brand","embeddable":true,"href":"https:\/\/vibra-polymers.pl\/en\/wp-json\/wp\/v2\/product_brand?post=786"},{"taxonomy":"product_cat","embeddable":true,"href":"https:\/\/vibra-polymers.pl\/en\/wp-json\/wp\/v2\/product_cat?post=786"},{"taxonomy":"product_tag","embeddable":true,"href":"https:\/\/vibra-polymers.pl\/en\/wp-json\/wp\/v2\/product_tag?post=786"}],"curies":[{"name":"wp","href":"https:\/\/api.w.org\/{rel}","templated":true}]}}