{"id":802,"date":"2021-05-11T10:36:36","date_gmt":"2021-05-11T10:36:36","guid":{"rendered":"https:\/\/vibra-polymers.pl\/?post_type=product&#038;p=802"},"modified":"2022-05-30T09:19:12","modified_gmt":"2022-05-30T09:19:12","slug":"sznur-sylikonowy-gabczasty","status":"publish","type":"product","link":"https:\/\/vibra-polymers.pl\/en\/product\/sznur-sylikonowy-gabczasty\/","title":{"rendered":"Sznur Silikonowy G\u0105bczasty"},"content":{"rendered":"<h4>Szczeg\u00f3\u0142y:<\/h4>\n<p>Sznury silikonowe wykonane z silikonu g\u0105bczastego s\u0105 powszechnie stosowane w uszczelnieniach obud\u00f3w elektrycznych, opraw o\u015bwietleniowych zewn\u0119trznych itp. chroni\u0105c elementy przed wnikni\u0119ciem kurzu oraz wilgoci.<\/p>\n<p>Standardowym kolorem sznur\u00f3w silikonowych g\u0105bczastych jest kolor bia\u0142y,\u00a0ale r\u00f3wnie\u017c dost\u0119pne s\u0105 sznury w\u00a0kolorze czarnym. Mo\u017cemy r\u00f3wnie\u017c dostarczy\u0107\u00a0inne kolory na specjalne zam\u00f3wienie.<\/p>\n<p>Sznury silikonowe g\u0105bczaste dost\u0119pne s\u0105 w zwojach oraz w odcinkach d\u0142ugo\u015bci wed\u0142ug zam\u00f3wienia.<\/p>\n<p>&nbsp;<\/p>\n<h4>Cechy:<\/h4>\n<ul>\n<li>Doskona\u0142a elastyczno\u015b\u0107<\/li>\n<li>Dobry izolator elektryczny<\/li>\n<li>Doskona\u0142a odporno\u015b\u0107 na tlen, ozon, \u015bwiat\u0142o s\u0142oneczne<\/li>\n<li>Odporno\u015b\u0107 na atak biologiczny i grzybiczy<\/li>\n<\/ul>\n<p>&nbsp;<\/p>\n<h4>Ograniczenia:<\/h4>\n<ul>\n<li>Nie zaleca si\u0119 do zastosowa\u0144 dynamicznych<\/li>\n<li>Nie odporny chemicznie<\/li>\n<\/ul>\n<p>&nbsp;<\/p>\n<h4>Informacje dodatkowe:<\/h4>\n<table data-tablestyle=\"MsoTableGrid\" data-tablelook=\"1696\" aria-rowcount=\"11\">\n<tbody>\n<tr aria-rowindex=\"1\">\n<td data-celllook=\"0\"><b><span data-contrast=\"none\">Kolor<\/span><\/b><\/td>\n<td data-celllook=\"0\"><span data-ccp-props=\"{&quot;201341983&quot;:0,&quot;335559740&quot;:259}\">Bia\u0142y<\/span><\/td>\n<\/tr>\n<tr aria-rowindex=\"2\">\n<td data-celllook=\"0\"><b><span data-contrast=\"none\">Materia\u0142<\/span><\/b><\/td>\n<td data-celllook=\"0\"><span data-ccp-props=\"{&quot;201341983&quot;:0,&quot;335559740&quot;:259}\">\u00a0Silikon VMQ<br \/>\n<\/span><\/td>\n<\/tr>\n<tr aria-rowindex=\"3\">\n<td data-celllook=\"0\"><b><span data-contrast=\"none\">Twardo\u015b\u0107 (Shore A)<\/span><\/b><\/td>\n<td data-celllook=\"0\"><span data-ccp-props=\"{&quot;201341983&quot;:0,&quot;335559740&quot;:259}\">\u00a05<\/span><\/td>\n<\/tr>\n<tr aria-rowindex=\"4\">\n<td data-celllook=\"0\"><b><span data-contrast=\"none\">Temperatura Maksymalna (\u00b0C)<\/span><\/b><\/td>\n<td data-celllook=\"0\"><span data-ccp-props=\"{&quot;201341983&quot;:0,&quot;335559740&quot;:259}\">\u00a0200<\/span><\/td>\n<\/tr>\n<tr aria-rowindex=\"5\">\n<td data-celllook=\"0\"><b><span data-contrast=\"none\">Temperatura Minimalna (\u00b0C)<\/span><\/b><\/td>\n<td data-celllook=\"0\"><span data-ccp-props=\"{&quot;201341983&quot;:0,&quot;335559740&quot;:259}\">\u00a0-40<\/span><\/td>\n<\/tr>\n<tr aria-rowindex=\"6\">\n<td data-celllook=\"0\"><b><span data-contrast=\"none\">Wytrzyma\u0142o\u015b\u0107 Na Rozci\u0105ganie (MPa)<\/span><\/b><\/td>\n<td data-celllook=\"0\"><span data-ccp-props=\"{&quot;201341983&quot;:0,&quot;335559740&quot;:259}\">\u00a00.6<\/span><\/td>\n<\/tr>\n<tr aria-rowindex=\"7\">\n<td data-celllook=\"0\"><b><span data-contrast=\"none\">Wyd\u0142u\u017cenie Przy Zerwaniu (%)<\/span><\/b><\/td>\n<td data-celllook=\"0\"><span data-ccp-props=\"{&quot;201341983&quot;:0,&quot;335559740&quot;:259}\">\u00a0145<\/span><\/td>\n<\/tr>\n<tr aria-rowindex=\"8\">\n<td data-celllook=\"0\"><b><span data-contrast=\"none\">\u015acieralno\u015b\u0107 (mm\u00b3) (DIN53516)<\/span><\/b><\/td>\n<td data-celllook=\"0\"><span data-ccp-props=\"{&quot;201341983&quot;:0,&quot;335559740&quot;:259}\">\u00a0N\/A<\/span><\/td>\n<\/tr>\n<tr aria-rowindex=\"9\">\n<td data-celllook=\"0\"><b><span data-contrast=\"none\">G\u0119sto\u015b\u0107 (g\/cm\u00b3)<\/span><\/b><\/td>\n<td data-celllook=\"0\"><span data-ccp-props=\"{&quot;201341983&quot;:0,&quot;335559740&quot;:259}\">\u00a0N\/A<\/span><\/td>\n<\/tr>\n<tr aria-rowindex=\"10\">\n<td data-celllook=\"0\"><b><span data-contrast=\"none\">Absorpcja Wody (%)<\/span><\/b><\/td>\n<td data-celllook=\"0\"><span data-ccp-props=\"{&quot;201341983&quot;:0,&quot;335559740&quot;:259}\">\u00a0Nie<\/span><\/td>\n<\/tr>\n<tr aria-rowindex=\"11\">\n<td data-celllook=\"0\"><b><span data-contrast=\"none\">Odkszta\u0142canie Trwa\u0142e Po Ucisku (%)<\/span><\/b><\/td>\n<td data-celllook=\"0\">3.8<\/td>\n<\/tr>\n<\/tbody>\n<\/table>\n<p>&nbsp;<\/p>\n<p>&nbsp;<\/p>","protected":false},"excerpt":{"rendered":"<h4><\/h4>\n<h4>Kr\u00f3tki opis:<\/h4>\n<p>Zachowuje swoje w\u0142a\u015bciwo\u015bci w temperaturach -40 \u00b0 C do +200 \u00b0 C. Jest doskona\u0142ym izolatorem elektrycznym oraz jest oboj\u0119tny fizjologicznie.<\/p>\n<p>&nbsp;<\/p>\n<p><strong>Sprzedawane w metrach bie\u017c\u0105cych.<\/strong><\/p>\n<p>&nbsp;<\/p>","protected":false},"featured_media":804,"template":"","meta":{"ocean_post_layout":"","ocean_both_sidebars_style":"","ocean_both_sidebars_content_width":0,"ocean_both_sidebars_sidebars_width":0,"ocean_sidebar":"0","ocean_second_sidebar":"0","ocean_disable_margins":"enable","ocean_add_body_class":"","ocean_shortcode_before_top_bar":"","ocean_shortcode_after_top_bar":"","ocean_shortcode_before_header":"","ocean_shortcode_after_header":"","ocean_has_shortcode":"","ocean_shortcode_after_title":"","ocean_shortcode_before_footer_widgets":"","ocean_shortcode_after_footer_widgets":"","ocean_shortcode_before_footer_bottom":"","ocean_shortcode_after_footer_bottom":"","ocean_display_top_bar":"default","ocean_display_header":"default","ocean_header_style":"","ocean_center_header_left_menu":"0","ocean_custom_header_template":"0","ocean_custom_logo":0,"ocean_custom_retina_logo":0,"ocean_custom_logo_max_width":0,"ocean_custom_logo_tablet_max_width":0,"ocean_custom_logo_mobile_max_width":0,"ocean_custom_logo_max_height":0,"ocean_custom_logo_tablet_max_height":0,"ocean_custom_logo_mobile_max_height":0,"ocean_header_custom_menu":"0","ocean_menu_typo_font_family":"0","ocean_menu_typo_font_subset":"","ocean_menu_typo_font_size":0,"ocean_menu_typo_font_size_tablet":0,"ocean_menu_typo_font_size_mobile":0,"ocean_menu_typo_font_size_unit":"px","ocean_menu_typo_font_weight":"","ocean_menu_typo_font_weight_tablet":"","ocean_menu_typo_font_weight_mobile":"","ocean_menu_typo_transform":"","ocean_menu_typo_transform_tablet":"","ocean_menu_typo_transform_mobile":"","ocean_menu_typo_line_height":0,"ocean_menu_typo_line_height_tablet":0,"ocean_menu_typo_line_height_mobile":0,"ocean_menu_typo_line_height_unit":"","ocean_menu_typo_spacing":0,"ocean_menu_typo_spacing_tablet":0,"ocean_menu_typo_spacing_mobile":0,"ocean_menu_typo_spacing_unit":"","ocean_menu_link_color":"","ocean_menu_link_color_hover":"","ocean_menu_link_color_active":"","ocean_menu_link_background":"","ocean_menu_link_hover_background":"","ocean_menu_link_active_background":"","ocean_menu_social_links_bg":"","ocean_menu_social_hover_links_bg":"","ocean_menu_social_links_color":"","ocean_menu_social_hover_links_color":"","ocean_disable_title":"default","ocean_disable_heading":"default","ocean_post_title":"","ocean_post_subheading":"","ocean_post_title_style":"","ocean_post_title_background_color":"","ocean_post_title_background":0,"ocean_post_title_bg_image_position":"","ocean_post_title_bg_image_attachment":"","ocean_post_title_bg_image_repeat":"","ocean_post_title_bg_image_size":"","ocean_post_title_height":0,"ocean_post_title_bg_overlay":0.5,"ocean_post_title_bg_overlay_color":"","ocean_disable_breadcrumbs":"default","ocean_breadcrumbs_color":"","ocean_breadcrumbs_separator_color":"","ocean_breadcrumbs_links_color":"","ocean_breadcrumbs_links_hover_color":"","ocean_display_footer_widgets":"default","ocean_display_footer_bottom":"default","ocean_custom_footer_template":"0"},"product_brand":[],"product_cat":[9906,26],"product_tag":[],"class_list":{"0":"post-802","1":"product","2":"type-product","3":"status-publish","4":"has-post-thumbnail","6":"product_cat-sznury-gabczaste","7":"product_cat-sznury-i-profile-gumowe","8":"pa_kod-produktu-ssg-15","9":"pa_kod-produktu-ssg-10","10":"pa_kod-produktu-ssg-12","11":"pa_kod-produktu-ssg-14","12":"pa_kod-produktu-ssg-15-2","13":"pa_kod-produktu-ssg-18","14":"pa_kod-produktu-ssg-2","15":"pa_kod-produktu-ssg-25","16":"pa_kod-produktu-ssg-20","17":"pa_kod-produktu-ssg-25-2","18":"pa_kod-produktu-ssg-3","19":"pa_kod-produktu-ssg-35","20":"pa_kod-produktu-ssg-30","21":"pa_kod-produktu-ssg-4","22":"pa_kod-produktu-ssg-40","23":"pa_kod-produktu-ssg-5","24":"pa_kod-produktu-ssg-6","25":"pa_kod-produktu-ssg-7","26":"pa_kod-produktu-ssg-8","27":"pa_kod-produktu-ssg-9","29":"entry","30":"has-media","32":"first","33":"instock","34":"shipping-taxable","35":"purchasable","36":"product-type-variable","37":"has-product-nav","38":"col","39":"span_1_of_3","40":"owp-content-center","41":"owp-thumbs-layout-horizontal","42":"owp-btn-normal","43":"owp-tabs-layout-horizontal","44":"has-no-thumbnails"},"jetpack-related-posts":[{"id":5641,"url":"https:\/\/vibra-polymers.pl\/en\/product\/silikonowy-sznur-o-przekroju-kwadratowym-vmq\/","url_meta":{"origin":802,"position":0},"title":"Silikonowy Sznur o Przekroju Kwadratowym (VMQ)","author":"admin","date":"15\/02\/2022","format":false,"excerpt":"\u00a0 Kr\u00f3tki opis: Zachowuje swoje w\u0142a\u015bciwo\u015bci w temperaturach -40 \u00b0 C do +200 \u00b0 C. Jest doskona\u0142ym izolatorem elektrycznym Posiada oboj\u0119tno\u015b\u0107 fizjologiczna oraz du\u017c\u0105 odporno\u015b\u0107 na warunki pogodowe oraz promieniowanie UV. \u00a0 Sprzedawane w metrach bie\u017c\u0105cych.","rel":"","context":"Similar post","block_context":{"text":"Similar post","link":""},"img":{"alt_text":"","src":"https:\/\/vibra-polymers.pl\/wp-content\/uploads\/2022\/02\/sznur-silikonowy-kwadratowy-propolimer_1.jpg","width":350,"height":200},"classes":[]},{"id":5562,"url":"https:\/\/vibra-polymers.pl\/en\/product\/sznur-sylikonowy-czerwony-vmq\/","url_meta":{"origin":802,"position":1},"title":"Sznur Silikonowy Czerwony (VMQ)","author":"admin","date":"15\/02\/2022","format":false,"excerpt":"\u00a0 Kr\u00f3tki opis: Zachowuje swoje w\u0142a\u015bciwo\u015bci w temperaturach -40 \u00b0 C do +200 \u00b0 C. Jest doskona\u0142ym izolatorem elektrycznym Posiadaj\u0105 oboj\u0119tno\u015b\u0107 fizjologiczn\u0105 oraz du\u017c\u0105 odporno\u015b\u0107 na warunki pogodowe oraz promieniowanie UV. \u00a0 Sprzedawane w metrach bie\u017c\u0105cych.","rel":"","context":"Similar post","block_context":{"text":"Similar post","link":""},"img":{"alt_text":"","src":"https:\/\/vibra-polymers.pl\/wp-content\/uploads\/2022\/02\/273897862_653643785948663_4723186556756228939_n.jpg","width":350,"height":200,"srcset":"https:\/\/vibra-polymers.pl\/wp-content\/uploads\/2022\/02\/273897862_653643785948663_4723186556756228939_n.jpg 1x, https:\/\/vibra-polymers.pl\/wp-content\/uploads\/2022\/02\/273897862_653643785948663_4723186556756228939_n.jpg 1.5x, https:\/\/vibra-polymers.pl\/wp-content\/uploads\/2022\/02\/273897862_653643785948663_4723186556756228939_n.jpg 2x"},"classes":[]},{"id":5588,"url":"https:\/\/vibra-polymers.pl\/en\/product\/sznur-sylikonowy-bialy-vmq\/","url_meta":{"origin":802,"position":2},"title":"Sznur Silikonowy Bia\u0142y (VMQ)","author":"admin","date":"15\/02\/2022","format":false,"excerpt":"\u00a0 Kr\u00f3tki opis: Zachowuje swoje w\u0142a\u015bciwo\u015bci w temperaturach -40 \u00b0 C do +200 \u00b0 C. Jest doskona\u0142ym izolatorem elektrycznym Posiadaj\u0105 oboj\u0119tno\u015b\u0107 fizjologiczn\u0105 oraz du\u017c\u0105 odporno\u015b\u0107 na warunki pogodowe oraz promieniowanie UV. \u00a0 Sprzedawane w metrach bie\u017c\u0105cych.","rel":"","context":"Similar post","block_context":{"text":"Similar post","link":""},"img":{"alt_text":"","src":"","width":0,"height":0},"classes":[]},{"id":5618,"url":"https:\/\/vibra-polymers.pl\/en\/product\/sznur-sylikonowy-transparentny-vmq\/","url_meta":{"origin":802,"position":3},"title":"Sznur Silikonowy Transparentny (VMQ)","author":"admin","date":"15\/02\/2022","format":false,"excerpt":"Kr\u00f3tki opis: Zachowuje swoje w\u0142a\u015bciwo\u015bci w temperaturach -40 \u00b0 C do +200 \u00b0 C. Jest doskona\u0142ym izolatorem elektrycznym Posiadaj\u0105 oboj\u0119tno\u015b\u0107 fizjologiczn\u0105 oraz du\u017c\u0105 odporno\u015b\u0107 na warunki pogodowe oraz promieniowanie UV. \u00a0 Sprzedawane w metrach bie\u017c\u0105cych.","rel":"","context":"Similar post","block_context":{"text":"Similar post","link":""},"img":{"alt_text":"","src":"https:\/\/vibra-polymers.pl\/wp-content\/uploads\/2022\/02\/273904925_313255267530697_2312649427730125419_n.jpg","width":350,"height":200,"srcset":"https:\/\/vibra-polymers.pl\/wp-content\/uploads\/2022\/02\/273904925_313255267530697_2312649427730125419_n.jpg 1x, https:\/\/vibra-polymers.pl\/wp-content\/uploads\/2022\/02\/273904925_313255267530697_2312649427730125419_n.jpg 1.5x, https:\/\/vibra-polymers.pl\/wp-content\/uploads\/2022\/02\/273904925_313255267530697_2312649427730125419_n.jpg 2x"},"classes":[]},{"id":4753,"url":"https:\/\/vibra-polymers.pl\/en\/product\/oringi-sylikonowe-vmq\/","url_meta":{"origin":802,"position":4},"title":"O-ringi Silikonowe VMQ","author":"admin","date":"04\/11\/2021","format":false,"excerpt":"Kr\u00f3tki opis: O-ringi Silikonowe s\u0105 doskona\u0142ym uszczelnieniem dla wysokich temperatur w zastosowaniach statycznych. \u00a0 Przed zam\u00f3wieniem skontaktuj si\u0119 z nami po wi\u0119cej szczeg\u00f3\u0142\u00f3w.","rel":"","context":"Similar post","block_context":{"text":"Similar post","link":""},"img":{"alt_text":"","src":"https:\/\/vibra-polymers.pl\/wp-content\/uploads\/2021\/11\/R-3.jpg","width":350,"height":200,"srcset":"https:\/\/vibra-polymers.pl\/wp-content\/uploads\/2021\/11\/R-3.jpg 1x, https:\/\/vibra-polymers.pl\/wp-content\/uploads\/2021\/11\/R-3.jpg 1.5x, https:\/\/vibra-polymers.pl\/wp-content\/uploads\/2021\/11\/R-3.jpg 2x"},"classes":[]},{"id":4486,"url":"https:\/\/vibra-polymers.pl\/en\/product\/oringi-viton-fkm-2\/","url_meta":{"origin":802,"position":5},"title":"O-ringi Viton\u00ae FKM\/FPM","author":"admin","date":"03\/11\/2021","format":false,"excerpt":"Kr\u00f3tki opis: O-ringi wykonane z FKM charakteryzuje si\u0119 bardzo dobr\u0105 odporno\u015bci\u0105 chemiczn\u0105 oraz odporno\u015bci\u0105 na wysokie temperatury do 200\u00b0C. \u00a0 Przed Zam\u00f3wieniem Skontaktuj si\u0119 z nami po wi\u0119cej szczeg\u00f3\u0142\u00f3w.","rel":"","context":"Similar post","block_context":{"text":"Similar post","link":""},"img":{"alt_text":"","src":"https:\/\/vibra-polymers.pl\/wp-content\/uploads\/2021\/11\/R-2.png","width":350,"height":200},"classes":[]}],"jetpack_sharing_enabled":true,"_links":{"self":[{"href":"https:\/\/vibra-polymers.pl\/en\/wp-json\/wp\/v2\/product\/802","targetHints":{"allow":["GET"]}}],"collection":[{"href":"https:\/\/vibra-polymers.pl\/en\/wp-json\/wp\/v2\/product"}],"about":[{"href":"https:\/\/vibra-polymers.pl\/en\/wp-json\/wp\/v2\/types\/product"}],"version-history":[{"count":1,"href":"https:\/\/vibra-polymers.pl\/en\/wp-json\/wp\/v2\/product\/802\/revisions"}],"predecessor-version":[{"id":5441,"href":"https:\/\/vibra-polymers.pl\/en\/wp-json\/wp\/v2\/product\/802\/revisions\/5441"}],"wp:featuredmedia":[{"embeddable":true,"href":"https:\/\/vibra-polymers.pl\/en\/wp-json\/wp\/v2\/media\/804"}],"wp:attachment":[{"href":"https:\/\/vibra-polymers.pl\/en\/wp-json\/wp\/v2\/media?parent=802"}],"wp:term":[{"taxonomy":"product_brand","embeddable":true,"href":"https:\/\/vibra-polymers.pl\/en\/wp-json\/wp\/v2\/product_brand?post=802"},{"taxonomy":"product_cat","embeddable":true,"href":"https:\/\/vibra-polymers.pl\/en\/wp-json\/wp\/v2\/product_cat?post=802"},{"taxonomy":"product_tag","embeddable":true,"href":"https:\/\/vibra-polymers.pl\/en\/wp-json\/wp\/v2\/product_tag?post=802"}],"curies":[{"name":"wp","href":"https:\/\/api.w.org\/{rel}","templated":true}]}}