{"id":8870,"date":"2025-03-03T10:04:38","date_gmt":"2025-03-03T10:04:38","guid":{"rendered":"https:\/\/vibra-polymers.pl\/?post_type=product&#038;p=8870"},"modified":"2025-04-10T11:41:07","modified_gmt":"2025-04-10T11:41:07","slug":"wibroizolatory-daszkowe-typu-sro-2","status":"publish","type":"product","link":"https:\/\/vibra-polymers.pl\/en\/product\/wibroizolatory-daszkowe-typu-sro-2\/","title":{"rendered":"Wibroizolatory Daszkowe Typu- SRO"},"content":{"rendered":"<div data-elementor-type=\"product-post\" data-elementor-id=\"8870\" class=\"elementor elementor-8870\" data-elementor-post-type=\"product\">\n\t\t\t\t\t\t<section class=\"elementor-section elementor-top-section elementor-element elementor-element-a125248 elementor-section-boxed elementor-section-height-default elementor-section-height-default\" data-id=\"a125248\" data-element_type=\"section\" data-e-type=\"section\">\n\t\t\t\t\t\t<div class=\"elementor-container elementor-column-gap-default\">\n\t\t\t\t\t<div class=\"elementor-column elementor-col-100 elementor-top-column elementor-element elementor-element-4093f40\" data-id=\"4093f40\" data-element_type=\"column\" data-e-type=\"column\">\n\t\t\t<div class=\"elementor-widget-wrap elementor-element-populated\">\n\t\t\t\t\t\t<div class=\"elementor-element elementor-element-57295ac elementor-widget elementor-widget-text-editor\" data-id=\"57295ac\" data-element_type=\"widget\" data-e-type=\"widget\" data-widget_type=\"text-editor.default\">\n\t\t\t\t<div class=\"elementor-widget-container\">\n\t\t\t\t\t\t\t\t\t<h4>Produkty z Kodami:<\/h4><ol><li>SRO19066<\/li><li>SRO18086S<\/li><li>SRO220105<\/li><\/ol><p><strong>Posiadaj\u0105 kwadratowa podstaw\u0119.<\/strong><\/p><h4>\u00a0<\/h4><h5>Szczeg\u00f3\u0142y:<\/h5><p>Wibroizolatory Daszkowe Typu SRO zosta\u0142y opracowane z my\u015bl\u0105 o pionowych obci\u0105\u017ceniach, co pozwala na ich zastosowanie zar\u00f3wno przy \u015bciskaniu, jak i \u015bcinaniu. Te wibroizolatory gwarantuj\u0105 maksymaln\u0105 izolacj\u0119 urz\u0105dze\u0144 przed wibracjami.<\/p><div class=\"std\">\u00a0<\/div><h4>\u00a0Informacje dodatkowe:<\/h4><p>Daszkowaty kszta\u0142t metalowej cz\u0119\u015bci chroni elastomer przed olejem i zanieczyszczeniami paliwem. Wibroizolatory skuteczniej eliminuj\u0105 ha\u0142as w por\u00f3wnaniu do wibroizolator\u00f3w spr\u0119\u017cynowych. Gruba, metalowa podstawa gwarantuje stabilno\u015b\u0107 i bezpiecze\u0144stwo pracy. Wibroizolatory te charakteryzuj\u0105 si\u0119 nisk\u0105 wysoko\u015bci\u0105. Zakres obci\u0105\u017cenia, w zale\u017cno\u015bci od typu, wynosi od 40 kg do 5000 kg. Naturalna cz\u0119stotliwo\u015b\u0107 drga\u0144 to 8,5 Hz, a du\u017cy zakres obci\u0105\u017ce\u0144 wynosi od 10 kg do 4000 kg. Wykonane s\u0105 z gumy naturalnej (NR).<\/p><p><strong>Zastosowanie:<\/strong><\/p><ul><li>statyczne i ruchome zestawy generator\u00f3w<\/li><li>pompy, spr\u0119\u017carki, wentylatory promieniowe i dmuchawy<\/li><li>silniki okr\u0119towe i skrzynie bieg\u00f3w<\/li><li>elektroniczne panele sterowania<\/li><\/ul>\t\t\t\t\t\t\t\t<\/div>\n\t\t\t\t<\/div>\n\t\t\t\t\t<\/div>\n\t\t<\/div>\n\t\t\t\t\t<\/div>\n\t\t<\/section>\n\t\t\t\t<section class=\"elementor-section elementor-top-section elementor-element elementor-element-09d9f05 elementor-section-boxed elementor-section-height-default elementor-section-height-default\" data-id=\"09d9f05\" data-element_type=\"section\" data-e-type=\"section\">\n\t\t\t\t\t\t<div class=\"elementor-container elementor-column-gap-default\">\n\t\t\t\t\t<div class=\"elementor-column elementor-col-100 elementor-top-column elementor-element elementor-element-78ab4e4\" data-id=\"78ab4e4\" data-element_type=\"column\" data-e-type=\"column\">\n\t\t\t<div class=\"elementor-widget-wrap elementor-element-populated\">\n\t\t\t\t\t\t<div class=\"elementor-element elementor-element-20f7c53 elementor-widget elementor-widget-image\" data-id=\"20f7c53\" data-element_type=\"widget\" data-e-type=\"widget\" data-widget_type=\"image.default\">\n\t\t\t\t<div class=\"elementor-widget-container\">\n\t\t\t\t\t\t\t\t\t\t\t\t\t\t\t<img fetchpriority=\"high\" decoding=\"async\" width=\"1024\" height=\"351\" src=\"https:\/\/vibra-polymers.pl\/wp-content\/uploads\/2025\/02\/SRO1-1024x351.png\" class=\"attachment-large size-large wp-image-8860\" alt=\"\" srcset=\"https:\/\/vibra-polymers.pl\/wp-content\/uploads\/2025\/02\/SRO1-1024x351.png 1024w, https:\/\/vibra-polymers.pl\/wp-content\/uploads\/2025\/02\/SRO1-300x103.png 300w, https:\/\/vibra-polymers.pl\/wp-content\/uploads\/2025\/02\/SRO1-768x263.png 768w, https:\/\/vibra-polymers.pl\/wp-content\/uploads\/2025\/02\/SRO1-18x6.png 18w, https:\/\/vibra-polymers.pl\/wp-content\/uploads\/2025\/02\/SRO1-600x206.png 600w, https:\/\/vibra-polymers.pl\/wp-content\/uploads\/2025\/02\/SRO1-64x22.png 64w, https:\/\/vibra-polymers.pl\/wp-content\/uploads\/2025\/02\/SRO1.png 1093w\" sizes=\"(max-width: 1024px) 100vw, 1024px\" \/>\t\t\t\t\t\t\t\t\t\t\t\t\t\t\t<\/div>\n\t\t\t\t<\/div>\n\t\t\t\t\t<\/div>\n\t\t<\/div>\n\t\t\t\t\t<\/div>\n\t\t<\/section>\n\t\t\t\t<\/div>","protected":false},"excerpt":{"rendered":"<h4>Kr\u00f3tki opis:<\/h4>\n<p>Wibroizolatory Daszkowe Typu SRO zosta\u0142y stworzone z my\u015bl\u0105 o pionowych obci\u0105\u017ceniach, dzi\u0119ki czemu mog\u0105 by\u0107 stosowane zar\u00f3wno przy \u015bciskaniu, jak i \u015bcinaniu. Te wibroizolatory zapewniaj\u0105 optymaln\u0105 izolacj\u0119 wibracyjn\u0105 dla urz\u0105dze\u0144.<\/p>","protected":false},"featured_media":3607,"template":"","meta":{"ocean_post_layout":"","ocean_both_sidebars_style":"","ocean_both_sidebars_content_width":0,"ocean_both_sidebars_sidebars_width":0,"ocean_sidebar":"0","ocean_second_sidebar":"0","ocean_disable_margins":"enable","ocean_add_body_class":"","ocean_shortcode_before_top_bar":"","ocean_shortcode_after_top_bar":"","ocean_shortcode_before_header":"","ocean_shortcode_after_header":"","ocean_has_shortcode":"","ocean_shortcode_after_title":"","ocean_shortcode_before_footer_widgets":"","ocean_shortcode_after_footer_widgets":"","ocean_shortcode_before_footer_bottom":"","ocean_shortcode_after_footer_bottom":"","ocean_display_top_bar":"default","ocean_display_header":"default","ocean_header_style":"","ocean_center_header_left_menu":"0","ocean_custom_header_template":"0","ocean_custom_logo":0,"ocean_custom_retina_logo":0,"ocean_custom_logo_max_width":0,"ocean_custom_logo_tablet_max_width":0,"ocean_custom_logo_mobile_max_width":0,"ocean_custom_logo_max_height":0,"ocean_custom_logo_tablet_max_height":0,"ocean_custom_logo_mobile_max_height":0,"ocean_header_custom_menu":"0","ocean_menu_typo_font_family":"0","ocean_menu_typo_font_subset":"","ocean_menu_typo_font_size":0,"ocean_menu_typo_font_size_tablet":0,"ocean_menu_typo_font_size_mobile":0,"ocean_menu_typo_font_size_unit":"px","ocean_menu_typo_font_weight":"","ocean_menu_typo_font_weight_tablet":"","ocean_menu_typo_font_weight_mobile":"","ocean_menu_typo_transform":"","ocean_menu_typo_transform_tablet":"","ocean_menu_typo_transform_mobile":"","ocean_menu_typo_line_height":0,"ocean_menu_typo_line_height_tablet":0,"ocean_menu_typo_line_height_mobile":0,"ocean_menu_typo_line_height_unit":"","ocean_menu_typo_spacing":0,"ocean_menu_typo_spacing_tablet":0,"ocean_menu_typo_spacing_mobile":0,"ocean_menu_typo_spacing_unit":"","ocean_menu_link_color":"","ocean_menu_link_color_hover":"","ocean_menu_link_color_active":"","ocean_menu_link_background":"","ocean_menu_link_hover_background":"","ocean_menu_link_active_background":"","ocean_menu_social_links_bg":"","ocean_menu_social_hover_links_bg":"","ocean_menu_social_links_color":"","ocean_menu_social_hover_links_color":"","ocean_disable_title":"default","ocean_disable_heading":"default","ocean_post_title":"","ocean_post_subheading":"","ocean_post_title_style":"","ocean_post_title_background_color":"","ocean_post_title_background":0,"ocean_post_title_bg_image_position":"","ocean_post_title_bg_image_attachment":"","ocean_post_title_bg_image_repeat":"","ocean_post_title_bg_image_size":"","ocean_post_title_height":0,"ocean_post_title_bg_overlay":0.5,"ocean_post_title_bg_overlay_color":"","ocean_disable_breadcrumbs":"default","ocean_breadcrumbs_color":"","ocean_breadcrumbs_separator_color":"","ocean_breadcrumbs_links_color":"","ocean_breadcrumbs_links_hover_color":"","ocean_display_footer_widgets":"default","ocean_display_footer_bottom":"default","ocean_custom_footer_template":"0"},"product_brand":[],"product_cat":[16,82],"product_tag":[],"class_list":{"0":"post-8870","1":"product","2":"type-product","3":"status-publish","4":"has-post-thumbnail","6":"product_cat-wibroizolatory","7":"product_cat-wibroizolatory-daszkowe","9":"entry","10":"has-media","12":"first","13":"instock","14":"shipping-taxable","15":"product-type-simple","16":"has-product-nav","17":"col","18":"span_1_of_3","19":"owp-content-center","20":"owp-thumbs-layout-horizontal","21":"owp-btn-normal","22":"owp-tabs-layout-horizontal","23":"has-no-thumbnails"},"jetpack-related-posts":[{"id":786,"url":"https:\/\/vibra-polymers.pl\/en\/product\/cylindryczne-typu-e-srednica-6mm\/","url_meta":{"origin":8870,"position":0},"title":"Cylindryczne Typu E \u015arednica 6mm","author":"admin","date":"11\/05\/2021","format":false,"excerpt":"Wibroizolatory Cylindryczne Typu E\u00a0s\u0105 najbardziej\u00a0ekonomicznym sposobem redukcji wibracji oraz\u00a0ha\u0142asu. Mog\u0105 by\u0107 stosowane przy\u00a0obci\u0105\u017ceniach \u015bciskaj\u0105cych, \u015bcinaj\u0105cych lub w\u00a0kombinacji obci\u0105\u017ce\u0144. Amortyzatory te posiadaj\u0105 szerokie spektrum zastosowania w\u00a0r\u00f3\u017cnych bran\u017cach. Przyk\u0142adowe zastosowanie: Silniki wysokopr\u0119\u017cne, Zespo\u0142y pr\u0105dotw\u00f3rcze oraz\u00a0wszelkiego rodzaju Maszyny i\u00a0Urz\u0105dzenia. Amortyzatory Typu E\u00a0mog\u0105 by\u0107 stosowane\u00a0jako Odbojniki lub te\u017c Stopy\u00a0do maszyn.\u00a0Zakres wagowy od 1 kg\u2026","rel":"","context":"Similar post","block_context":{"text":"Similar post","link":""},"img":{"alt_text":"","src":"","width":0,"height":0},"classes":[]},{"id":957,"url":"https:\/\/vibra-polymers.pl\/en\/product\/wibroizolatory-cylindryczne-typu-a\/","url_meta":{"origin":8870,"position":1},"title":"Wibroizolatory Cylindryczne Typu A","author":"admin","date":"10\/08\/2021","format":false,"excerpt":"\u00a0 Kr\u00f3tki opis: Wibroizolatory Cylindryczne\u00a0Typu A\u00a0s\u0105 najbardziej ekonomicznym sposobem redukcji wibracji oraz ha\u0142asu.","rel":"","context":"Similar post","block_context":{"text":"Similar post","link":""},"img":{"alt_text":"","src":"https:\/\/vibra-polymers.pl\/wp-content\/uploads\/2021\/08\/Projekt-bez-nazwy-e1731677822403.jpg","width":350,"height":200,"srcset":"https:\/\/vibra-polymers.pl\/wp-content\/uploads\/2021\/08\/Projekt-bez-nazwy-e1731677822403.jpg 1x, https:\/\/vibra-polymers.pl\/wp-content\/uploads\/2021\/08\/Projekt-bez-nazwy-e1731677822403.jpg 1.5x"},"classes":[]},{"id":2027,"url":"https:\/\/vibra-polymers.pl\/en\/product\/wibroizolatory-cylindryczne-typu-c\/","url_meta":{"origin":8870,"position":2},"title":"Wibroizolatory Cylindryczne Typu C","author":"admin","date":"07\/09\/2021","format":false,"excerpt":"\u00a0 Kr\u00f3tki opis: Wibroizolatory Cylindryczne\u00a0Typu C\u00a0s\u0105 najbardziej ekonomicznym sposobem redukcji wibracji oraz ha\u0142asu.","rel":"","context":"Similar post","block_context":{"text":"Similar post","link":""},"img":{"alt_text":"","src":"https:\/\/vibra-polymers.pl\/wp-content\/uploads\/2021\/09\/OIP.jpg","width":350,"height":200},"classes":[]},{"id":6683,"url":"https:\/\/vibra-polymers.pl\/en\/product\/wibroizolatory-cylindryczne-odbojniki-typu-e-kopia\/","url_meta":{"origin":8870,"position":3},"title":"Wibroizolatory Cylindryczne (Odbojniki) Typu E","author":"admin","date":"02\/03\/2022","format":false,"excerpt":"Kr\u00f3tki opis: Wibroizolatory Cylindryczne\u00a0Typu E\u00a0s\u0105 najbardziej ekonomicznym sposobem redukcji wibracji oraz ha\u0142asu.","rel":"","context":"Similar post","block_context":{"text":"Similar post","link":""},"img":{"alt_text":"","src":"https:\/\/vibra-polymers.pl\/wp-content\/uploads\/2022\/03\/187641356_148333947271334_5755532385869822936_n-removebg-preview_edytowano.png","width":350,"height":200},"classes":[]},{"id":2427,"url":"https:\/\/vibra-polymers.pl\/en\/product\/wibroizolatoty-cylindryczne-typu-d\/","url_meta":{"origin":8870,"position":4},"title":"Wibroizolatoty Cylindryczne Typu D","author":"admin","date":"09\/09\/2021","format":false,"excerpt":"\u00a0 Kr\u00f3tki opis: Wibroizolatory Cylindryczne\u00a0Typu D\u00a0s\u0105 najbardziej ekonomicznym sposobem redukcji wibracji oraz ha\u0142asu.","rel":"","context":"Similar post","block_context":{"text":"Similar post","link":""},"img":{"alt_text":"","src":"https:\/\/vibra-polymers.pl\/wp-content\/uploads\/2021\/09\/OIP-3.jpg","width":350,"height":200},"classes":[]},{"id":740,"url":"https:\/\/vibra-polymers.pl\/en\/product\/cylindryczne-typ-b-srednica-6mm\/","url_meta":{"origin":8870,"position":5},"title":"Wibroizolatory Cylindryczne Typu B","author":"admin","date":"11\/05\/2021","format":false,"excerpt":"Rabat ilo\u015bciowy: 21+ \u2013 5%\u00a0| 50+ \u2013 10%\u00a0 Rabat zostanie naliczony automatycznie w koszyku Kr\u00f3tki opis: Wibroizolatory Cylindryczne Typu B s\u0105 najbardziej ekonomicznym sposobem redukcji wibracji oraz ha\u0142asu.","rel":"","context":"Similar post","block_context":{"text":"Similar post","link":""},"img":{"alt_text":"","src":"https:\/\/vibra-polymers.pl\/wp-content\/uploads\/2021\/05\/462638062_884237553770775_7197293910017961286_n.jpg","width":350,"height":200,"srcset":"https:\/\/vibra-polymers.pl\/wp-content\/uploads\/2021\/05\/462638062_884237553770775_7197293910017961286_n.jpg 1x, https:\/\/vibra-polymers.pl\/wp-content\/uploads\/2021\/05\/462638062_884237553770775_7197293910017961286_n.jpg 1.5x, https:\/\/vibra-polymers.pl\/wp-content\/uploads\/2021\/05\/462638062_884237553770775_7197293910017961286_n.jpg 2x"},"classes":[]}],"jetpack_sharing_enabled":true,"_links":{"self":[{"href":"https:\/\/vibra-polymers.pl\/en\/wp-json\/wp\/v2\/product\/8870","targetHints":{"allow":["GET"]}}],"collection":[{"href":"https:\/\/vibra-polymers.pl\/en\/wp-json\/wp\/v2\/product"}],"about":[{"href":"https:\/\/vibra-polymers.pl\/en\/wp-json\/wp\/v2\/types\/product"}],"version-history":[{"count":6,"href":"https:\/\/vibra-polymers.pl\/en\/wp-json\/wp\/v2\/product\/8870\/revisions"}],"predecessor-version":[{"id":8908,"href":"https:\/\/vibra-polymers.pl\/en\/wp-json\/wp\/v2\/product\/8870\/revisions\/8908"}],"wp:featuredmedia":[{"embeddable":true,"href":"https:\/\/vibra-polymers.pl\/en\/wp-json\/wp\/v2\/media\/3607"}],"wp:attachment":[{"href":"https:\/\/vibra-polymers.pl\/en\/wp-json\/wp\/v2\/media?parent=8870"}],"wp:term":[{"taxonomy":"product_brand","embeddable":true,"href":"https:\/\/vibra-polymers.pl\/en\/wp-json\/wp\/v2\/product_brand?post=8870"},{"taxonomy":"product_cat","embeddable":true,"href":"https:\/\/vibra-polymers.pl\/en\/wp-json\/wp\/v2\/product_cat?post=8870"},{"taxonomy":"product_tag","embeddable":true,"href":"https:\/\/vibra-polymers.pl\/en\/wp-json\/wp\/v2\/product_tag?post=8870"}],"curies":[{"name":"wp","href":"https:\/\/api.w.org\/{rel}","templated":true}]}}